{"id":4746,"date":"2024-03-25T16:00:46","date_gmt":"2024-03-26T02:00:46","guid":{"rendered":"https:\/\/academia-school.net\/raisons-du-choix\/le-seul-cours-dune-semaine-de-4-jours-a-hawai\/"},"modified":"2024-04-24T09:49:37","modified_gmt":"2024-04-24T19:49:37","slug":"le-seul-cours-dune-semaine-de-4-jours-a-hawai","status":"publish","type":"page","link":"https:\/\/www.academiaschool.edu\/fr\/raisons-du-choix\/le-seul-cours-dune-semaine-de-4-jours-a-hawai\/","title":{"rendered":"Le seul cours d&rsquo;une semaine de 4 jours \u00e0 Hawa\u00ef"},"content":{"rendered":"\n<section class=\"wp-block-jinr-blocks-fullwidth b--jinr-block b--jinr-fullwidth-container d--top-margin-xs-pc d--bottom-margin-xs-pc d--top-margin-xs-sp d--bottom-margin-xs-sp \"><section class=\"b--jinr-fullwidth d--fullwidth-parallax-off d--fullwidth-deco-bgimage\"><div class=\"a--jinr-fullwidth-image\"><div class=\"a--jinr-fullwidth-image-clip\"><img decoding=\"async\" src=\"https:\/\/www.academiaschool.edu\/wp-content\/uploads\/2024\/03\/\u30b9\u30af\u30ea\u30fc\u30f3\u30b7\u30e7\u30c3\u30c8-2024-03-26-\u5348\u5f8c8.21.16.webp\"\/><\/div><\/div><div class=\"a--jinr-fullwidth-overlay\" style=\"background-color:#222222;opacity:0.15\"><\/div><div class=\"d--fullwidth-100 d--fullwidth-pad40 d--fullwidth-pad0-sp t--main-width\" style=\"color:false\">\n<p class=\"has-text-align-center has-white-color has-text-color has-link-color wp-elements-4b57f2659a38e09b913a64013b2203d1\"><span class=\"jinr-d--font-size d--fontsize-36px\"><strong><strong>Le seul cours d&rsquo;une semaine de 4 jours \u00e0 Hawa\u00ef<\/strong><\/strong><\/span><\/p>\n<\/div><\/section><\/section>\n\n<h2 class=\"wp-block-heading jinr-heading d--bold\"><strong>Le seul cours d&rsquo;une semaine de 4 jours \u00e0 Hawa\u00ef<\/strong><\/h2>\n\n<p>Notre \u00e9cole propose un programme unique d&rsquo;enseignement de l&rsquo;anglais langue seconde (ESL) qui r\u00e9pond aux exigences du visa F1 avec une pr\u00e9sence seulement quatre jours par semaine.<\/p>\n\n<p>Les \u00e9tudiants peuvent effectuer 20 heures d&rsquo;\u00e9tudes par semaine en assistant aux cours pendant cinq heures chaque matin, du lundi au jeudi.<\/p>\n\n<p>Cet horaire permet \u00e0 tous les \u00e9tudiants titulaires d&rsquo;un visa F, y compris ceux qui ont des enfants, de suivre des cours quatre jours par semaine, \u00e0 partir des sessions du matin.<\/p>\n\n<p>Les destinations populaires comme le North Shore ont tendance \u00e0 \u00eatre tr\u00e8s fr\u00e9quent\u00e9es les week-ends, ce qui constitue \u00e9galement un avantage touristique important.<\/p>\n\n<p>En \u00e9tudiant intensivement du lundi au jeudi et en prenant leur vendredi, les \u00e9tudiants peuvent profiter d&rsquo;une vie \u00e9panouie \u00e0 Hawa\u00ef.<\/p>\n\n<figure class=\"wp-block-image size-large\"><img decoding=\"async\" src=\"https:\/\/www.academiaschool.edu\/wp-content\/uploads\/2024\/03\/&#x30B9;&#x30AF;&#x30EA;&#x30FC;&#x30F3;&#x30B7;&#x30E7;&#x30C3;&#x30C8;-2024-02-04-22.18.10-1024x315.png\" alt=\"&#x30AB;&#x30EA;&#x30AD;&#x30E5;&#x30E9;&#x30E0;&#x30B5;&#x30F3;&#x30D7;&#x30EB;\" class=\"wp-image-972\"\/><\/figure>\n\n<h3 class=\"wp-block-heading jinr-heading d--bold\"><strong>Cinq jours par semaine<\/strong><\/h3>\n\n<p>Nous offrons des possibilit\u00e9s d&rsquo;apprentissage le vendredi, ce qui permet \u00e0 ceux qui veulent \u00e9tudier l&rsquo;anglais tous les jours de la semaine de le faire \u00e0 un rythme de cinq jours par semaine.<\/p>\n\n<h3 class=\"wp-block-heading jinr-heading d--bold\"><strong>Horaires de d\u00e9but de cours flexibles<\/strong><\/h3>\n\n<p>Les titulaires d&rsquo;un visa F1 peuvent choisir entre trois heures de d\u00e9but de cours :<\/p>\n\n<ul class=\"jinr-list wp-block-list\">\n<li>7:40 AM<\/li>\n\n\n\n<li>8:45 AM<\/li>\n\n\n\n<li>10:00 AM<\/li>\n<\/ul>\n\n<p>Les \u00e9tudiants titulaires d&rsquo;autres visas ont cinq possibilit\u00e9s :<\/p>\n\n<ul class=\"jinr-list wp-block-list\">\n<li>7:40 AM<\/li>\n\n\n\n<li>8:45 AM<\/li>\n\n\n\n<li>10:00 AM<\/li>\n\n\n\n<li>11:05 AM<\/li>\n\n\n\n<li>12:30 HEURES<\/li>\n<\/ul>\n\n<h3 class=\"wp-block-heading jinr-heading d--bold\"><strong>Possibilit\u00e9 de prendre et de d\u00e9poser les enfants<\/strong><\/h3>\n\n<p>De nombreux \u00e9tudiants de l&rsquo;ALS sont des parents qui doivent aller chercher et d\u00e9poser leurs enfants. Notre programme de quatre jours en semaine offre trois options d&rsquo;horaire :<\/p>\n\n<ul class=\"jinr-list wp-block-list\">\n<li>7 H 40 &#8211; 12 H 10<\/li>\n\n\n\n<li>8 H 45 &#8211; 13 H 30<\/li>\n\n\n\n<li>10 H 00 &#8211; 14 H 40<\/li>\n<\/ul>\n\n<p>Veuillez choisir l&rsquo;horaire qui correspond le mieux \u00e0 vos besoins pour le transport de vos enfants. Si vous pr\u00e9voyez de r\u00e9cup\u00e9rer et de d\u00e9poser vos enfants en fonction de l&rsquo;horaire de votre \u00e9cole, veuillez \u00e9galement consulter la page ci-dessous.<\/p>\n<section class=\"b--jinr-block b--jinr-blogcard d--blogcard-hover-up d--blogcard-style1 d--blogcard-mysite t--round \"><div class=\"a--blogcard-label ef\">Related Page<\/div><a class=\"o--blogcard-link t--round\" href=\"https:\/\/www.academiaschool.edu\/reason\/drop-off-and-dive-in\/\"><div class=\"c--blogcard-image\"><img loading=\"lazy\" decoding=\"async\" class=\"a--blogcard-img-src\" width=\"128\" height=\"72\" src=\"https:\/\/www.academiaschool.edu\/wp-content\/uploads\/2025\/02\/\u540d\u79f0\u672a\u8a2d\u5b9a\u306e\u30c7\u30b6\u30a4\u30f3-7.png\" alt=\"Parent-Child Study Abroad Friendly Support\" \/><\/div><div class=\"a--blogcard-title d--bold\">Parent-Child Study Abroad Friendly Support<\/div><\/a><\/section>\n<p>Si vous avez des questions, n&rsquo;h\u00e9sitez pas \u00e0 consulter le bureau ALS.<\/p>\n<section class=\"b--jinr-block b--jinr-blogcard d--blogcard-hover-up d--blogcard-style1 d--blogcard-mysite t--round \"><div class=\"a--blogcard-label ef\">Related Page<\/div><a class=\"o--blogcard-link t--round\" href=\"https:\/\/www.academiaschool.edu\/reason\/\"><div class=\"c--blogcard-image\"><img loading=\"lazy\" decoding=\"async\" class=\"a--blogcard-img-src\" width=\"128\" height=\"72\" src=\"https:\/\/www.academiaschool.edu\/wp-content\/uploads\/2025\/02\/\u540d\u79f0\u672a\u8a2d\u5b9a\u306e\u30c7\u30b6\u30a4\u30f3-7.png\" alt=\"Reasons for Choosing\" \/><\/div><div class=\"a--blogcard-title d--bold\">Reasons for Choosing<\/div><\/a><\/section>","protected":false},"excerpt":{"rendered":"<p>Le seul cours d&rsquo;une semaine de 4 jours \u00e0 Hawa\u00ef Notre \u00e9cole propose un programme unique d&rsquo;enseignement de l&rsquo;anglais langue seconde (ESL) qui r\u00e9pond aux exigences du visa F1 avec une pr\u00e9sence seulement quatre jours par semaine. Les \u00e9tudiants peuvent effectuer 20 heures d&rsquo;\u00e9tudes par semaine en assistant aux cours pendant cinq heures chaque matin, [&hellip;]<\/p>\n","protected":false},"author":1,"featured_media":0,"parent":4730,"menu_order":0,"comment_status":"closed","ping_status":"closed","template":"","meta":{"_jinr_url_youtube":"","_jinr_pip_youtube":false,"_jinr_time_youtube":"","_jinr_thumb_youtube":"","_jinr_media_youtube":"","_jinr_category_edit":false,"_jinr_category":"","_jinr_title_display":false,"_jinr_snsbutton_display":false,"_jinr_ads_display":false,"_jinr_thumbnail_display":false,"_jinr_profile_display":false,"_jinr_representations_display":false,"_jinr_relatedpost_display":false,"_jinr_sidebar1col_display":false,"_jinr_sidebar2col_display":false,"_jinr_seotitle_display":"","_jinr_description_display":"","_jinr_keyword_display":"","_jinr_hastag_display":"","_jinr_canonical_display":"","_jinr_noindex_display":false,"_jinr_paidpost":false,"_jinr_paidpost_product_id":"","_jinr_headtag_article":"","footnotes":""},"class_list":["post-4746","page","type-page","status-publish","hentry"],"_links":{"self":[{"href":"https:\/\/www.academiaschool.edu\/fr\/wp-json\/wp\/v2\/pages\/4746","targetHints":{"allow":["GET"]}}],"collection":[{"href":"https:\/\/www.academiaschool.edu\/fr\/wp-json\/wp\/v2\/pages"}],"about":[{"href":"https:\/\/www.academiaschool.edu\/fr\/wp-json\/wp\/v2\/types\/page"}],"author":[{"embeddable":true,"href":"https:\/\/www.academiaschool.edu\/fr\/wp-json\/wp\/v2\/users\/1"}],"replies":[{"embeddable":true,"href":"https:\/\/www.academiaschool.edu\/fr\/wp-json\/wp\/v2\/comments?post=4746"}],"version-history":[{"count":3,"href":"https:\/\/www.academiaschool.edu\/fr\/wp-json\/wp\/v2\/pages\/4746\/revisions"}],"predecessor-version":[{"id":4749,"href":"https:\/\/www.academiaschool.edu\/fr\/wp-json\/wp\/v2\/pages\/4746\/revisions\/4749"}],"up":[{"embeddable":true,"href":"https:\/\/www.academiaschool.edu\/fr\/wp-json\/wp\/v2\/pages\/4730"}],"wp:attachment":[{"href":"https:\/\/www.academiaschool.edu\/fr\/wp-json\/wp\/v2\/media?parent=4746"}],"curies":[{"name":"wp","href":"https:\/\/api.w.org\/{rel}","templated":true}]}}