{"id":4738,"date":"2024-03-20T17:48:57","date_gmt":"2024-03-21T03:48:57","guid":{"rendered":"https:\/\/academia-school.net\/raisons-du-choix\/professeurs-experimentes\/"},"modified":"2024-04-24T09:47:57","modified_gmt":"2024-04-24T19:47:57","slug":"professeurs-experimentes","status":"publish","type":"page","link":"https:\/\/www.academiaschool.edu\/fr\/raisons-du-choix\/professeurs-experimentes\/","title":{"rendered":"Professeurs exp\u00e9riment\u00e9s"},"content":{"rendered":"\n<section class=\"wp-block-jinr-blocks-fullwidth b--jinr-block b--jinr-fullwidth-container d--top-margin-xs-pc d--bottom-margin-xs-pc d--top-margin-xs-sp d--bottom-margin-xs-sp \"><section class=\"b--jinr-fullwidth d--fullwidth-parallax-off d--fullwidth-deco-bgimage\"><div class=\"a--jinr-fullwidth-image\"><div class=\"a--jinr-fullwidth-image-clip\"><img decoding=\"async\" src=\"https:\/\/www.academiaschool.edu\/wp-content\/uploads\/2024\/03\/\u30b9\u30af\u30ea\u30fc\u30f3\u30b7\u30e7\u30c3\u30c8-2024-03-26-\u5348\u5f8c8.21.16.webp\"\/><\/div><\/div><div class=\"a--jinr-fullwidth-overlay\" style=\"background-color:#222222;opacity:0.15\"><\/div><div class=\"d--fullwidth-100 d--fullwidth-pad40 d--fullwidth-pad0-sp t--main-width\" style=\"color:false\">\n<p class=\"has-text-align-center has-white-color has-text-color has-link-color wp-elements-f5f28d7a67daee642fda6fb744eaa9db\"><span class=\"jinr-d--font-size d--fontsize-36px\"><strong><strong>Professeurs exp\u00e9riment\u00e9s<\/strong><\/strong><\/span><\/p>\n<\/div><\/section><\/section>\n\n<p>Nos professeurs aiment vraiment cette \u00e9cole et ses \u00e9l\u00e8ves, et ils enseignent chaque jour avec sinc\u00e9rit\u00e9 et enthousiasme. Nombre de nos enseignants travaillent avec nous depuis plus de dix ans, ce qui constitue l&rsquo;une de nos forces. Cette longue anciennet\u00e9 refl\u00e8te leur profonde exp\u00e9rience et leur engagement, ce qui nous permet de proposer des cours d&rsquo;anglais de grande qualit\u00e9. Nous vous pr\u00e9sentons ici quelques-uns de nos instructeurs d\u00e9vou\u00e9s.<\/p>\n\n<h2 class=\"wp-block-heading jinr-heading d--bold\"><strong>LARRY : Directeur des programmes linguistiques<\/strong><\/h2>\n\n<div class=\"wp-block-media-text is-stacked-on-mobile is-vertically-aligned-top\" style=\"grid-template-columns:24% auto\"><figure class=\"wp-block-media-text__media\"><img loading=\"lazy\" decoding=\"async\" width=\"155\" height=\"222\" src=\"https:\/\/www.academiaschool.edu\/wp-content\/uploads\/2024\/03\/Larry1-e1711352084764.jpg\" alt=\"\u30e9\u30ea\u30fc\u5148\u751f\" class=\"wp-image-411 size-full\"\/><\/figure><div class=\"wp-block-media-text__content\">\n<p>Pendant plusieurs ann\u00e9es, Larry Rhodes a \u00e9t\u00e9 reporter sur les affaires internationales pour la Shin&rsquo;etsu Broadcasting Company au Japon, o\u00f9 il a \u00e9galement anim\u00e9 sa propre s\u00e9rie t\u00e9l\u00e9vis\u00e9e. Il est venu \u00e0 Honolulu pour \u00e9tudier \u00e0 l&rsquo;universit\u00e9 d&rsquo;Hawa\u00ef \u00e0 Manoa, mais a pris un cong\u00e9 pour rejoindre le d\u00e9partement d&rsquo;\u00e9conomie de l&rsquo;universit\u00e9 Shinshu afin de mener des recherches sur l&#8217;emploi des jeunes dans le cadre d&rsquo;un doctorat en sciences politiques. Il y a \u00e9t\u00e9 re\u00e7u par Leurs Majest\u00e9s l&rsquo;Empereur et l&rsquo;Imp\u00e9ratrice du Japon pour discuter des r\u00e9sultats de ses recherches, qui ont \u00e9t\u00e9 publi\u00e9s par la suite. Il a notamment publi\u00e9 \u00ab\u00a0Homeroom Teachers in Japan\u00a0\u00bb, <em>National Forum : Phi Kappa Phi Journal,<\/em> hiver 1994, et \u00ab\u00a0From School to Work in Japan\u00a0\u00bb, <em>Compare,<\/em> octobre 1996. Plus r\u00e9cemment, il a publi\u00e9 des travaux sur l&rsquo;utilit\u00e9 du diagramme de phrases dans l&rsquo;enseignement de l&rsquo;anglais langue seconde dans le journal de Hawaii TESOL, <em>The Word<\/em>. Ayant \u00e9t\u00e9 compl\u00e8tement immerg\u00e9 dans la langue et la culture d&rsquo;un autre pays, Larry est sensible aux difficult\u00e9s que rencontrent les \u00e9tudiants lorsqu&rsquo;ils vivent aux \u00c9tats-Unis et apprennent l&rsquo;anglais. En tant que directeur des programmes de langues \u00e0 Academia, il s&rsquo;efforce de continuer \u00e0 d\u00e9velopper des cours qui r\u00e9pondent aux int\u00e9r\u00eats vari\u00e9s du corps \u00e9tudiant de l&rsquo;\u00e9cole.<\/p>\n<\/div><\/div>\n\n<h2 class=\"wp-block-heading jinr-heading d--bold\"><strong>KIMBERLY : Directrice adjointe des programmes linguistiques<\/strong><\/h2>\n\n<div class=\"wp-block-media-text is-stacked-on-mobile\" style=\"grid-template-columns:26% auto\"><figure class=\"wp-block-media-text__media\"><img loading=\"lazy\" decoding=\"async\" width=\"170\" height=\"227\" src=\"https:\/\/www.academiaschool.edu\/wp-content\/uploads\/2024\/03\/Kimberly1.jpg\" alt=\"Kimberly\" class=\"wp-image-410 size-full\"\/><\/figure><div class=\"wp-block-media-text__content\">\n<p><br\/>Kimberly L. est n\u00e9e \u00e0 Saginaw, Michigan. Elle est titulaire d&rsquo;un B.B.A. en marketing de la Western Michigan University. Travaillant \u00e0 l&rsquo;\u00e9cole depuis 1995, Kimberly est la plus ancienne employ\u00e9e de l&rsquo;Academia Language School. Avant d&rsquo;occuper son poste administratif actuel, Kimberly a enseign\u00e9 l&rsquo;anglais langue seconde pendant de nombreuses ann\u00e9es \u00e0 l&rsquo;\u00e9cole. Bien qu&rsquo;elle ne pr\u00e9tende pas ma\u00eetriser une langue en particulier, elle en conna\u00eet plusieurs. Elle s&rsquo;int\u00e9resse \u00e0 la lecture, \u00e0 la p\u00e2tisserie et \u00e0 l&rsquo;\u00e9ducation de ses deux fils.<\/p>\n<\/div><\/div>\n\n<h2 class=\"wp-block-heading jinr-heading d--bold\"><strong>SEAN : Instructeur<\/strong><\/h2>\n\n<div class=\"wp-block-media-text is-stacked-on-mobile\" style=\"grid-template-columns:27% auto\"><figure class=\"wp-block-media-text__media\"><img loading=\"lazy\" decoding=\"async\" width=\"170\" height=\"227\" src=\"https:\/\/www.academiaschool.edu\/wp-content\/uploads\/2024\/03\/Sean1.jpg\" alt=\"Sean\" class=\"wp-image-413 size-full\"\/><\/figure><div class=\"wp-block-media-text__content\">\n<p>Sean Flannagan est n\u00e9 et a grandi au Kansas. Il est titulaire d&rsquo;une licence en \u00e9tudes th\u00e9\u00e2trales et cin\u00e9matographiques de l&rsquo;universit\u00e9 du Kansas. Il est \u00e9galement titulaire d&rsquo;une certification internationale TEFL TESOL (ITT). \u00c9crivain talentueux, Sean a \u00e9t\u00e9 finaliste des Screenwriters&rsquo; Showcase Awards et demi-finaliste de l&rsquo;Annual Writers Network Screenplay and Fiction Competition. Sean a enseign\u00e9 l&rsquo;anglais pendant quatre ans au Japon avant de rejoindre l&rsquo;Academia Language School et a une connaissance pratique du japonais. Ses loisirs comprennent la randonn\u00e9e et le tennis.<\/p>\n<\/div><\/div>\n\n<h2 class=\"wp-block-heading jinr-heading d--bold\"><strong>CHRISTINE : Instructrice<\/strong><\/h2>\n\n<div class=\"wp-block-media-text is-stacked-on-mobile\" style=\"grid-template-columns:29% auto\"><figure class=\"wp-block-media-text__media\"><img loading=\"lazy\" decoding=\"async\" width=\"768\" height=\"1024\" src=\"https:\/\/www.academiaschool.edu\/wp-content\/uploads\/2024\/03\/Christine-Bio-e1530141205943-768x1024-1.jpg\" alt=\"\u30af\u30ea\u30b9\u30c6\u30a3\u30f3\" class=\"wp-image-415 size-full\" srcset=\"https:\/\/www.academiaschool.edu\/wp-content\/uploads\/2024\/03\/Christine-Bio-e1530141205943-768x1024-1.jpg 768w, https:\/\/www.academiaschool.edu\/wp-content\/uploads\/2024\/03\/Christine-Bio-e1530141205943-768x1024-1-225x300.jpg 225w\" sizes=\"auto, (max-width: 768px) 100vw, 768px\" \/><\/figure><div class=\"wp-block-media-text__content\">\n<p>Christine Mahelona est n\u00e9e \u00e0 Honolulu, Hawa\u00ef. Elle est titulaire d&rsquo;une licence et d&rsquo;une ma\u00eetrise en langue et litt\u00e9rature fran\u00e7aises de l&rsquo;universit\u00e9 d&rsquo;Hawa\u00ef \u00e0 Manoa. Elle a \u00e9galement obtenu le dipl\u00f4me au niveau sup\u00e9rieur en langue et litt\u00e9rature fran\u00e7aises de l&rsquo;Universit\u00e9 de Paris \u00e0 la Sorbonne et un certificat en TESOL du Trinity College de Londres. Elle a enseign\u00e9 l&rsquo;anglais langue seconde au Japon, en Espagne et en Pologne. Outre le fran\u00e7ais, elle a appris le finnois en vivant en Finlande pendant quelques ann\u00e9es. Avant de rejoindre Academia Language School, Christine a enseign\u00e9 le fran\u00e7ais, l&rsquo;anglais et l&rsquo;ESL \u00e0 Hawaii Pacific University pendant dix ans. Pendant son temps libre, Christine aime lire, \u00e9couter de la musique, nager, manger du chocolat et faire du b\u00e9n\u00e9volat pour son \u00e9glise et le programme Scoutreach des Boy Scouts of America.<\/p>\n<\/div><\/div>\n<section class=\"b--jinr-block b--jinr-blogcard d--blogcard-hover-up d--blogcard-style1 d--blogcard-mysite t--round \"><div class=\"a--blogcard-label ef\">Related Page<\/div><a class=\"o--blogcard-link t--round\" href=\"https:\/\/www.academiaschool.edu\/reason\/\"><div class=\"c--blogcard-image\"><img loading=\"lazy\" decoding=\"async\" class=\"a--blogcard-img-src\" width=\"128\" height=\"72\" src=\"https:\/\/www.academiaschool.edu\/wp-content\/uploads\/2025\/02\/\u540d\u79f0\u672a\u8a2d\u5b9a\u306e\u30c7\u30b6\u30a4\u30f3-7.png\" alt=\"Reasons for Choosing\" \/><\/div><div class=\"a--blogcard-title d--bold\">Reasons for Choosing<\/div><\/a><\/section>","protected":false},"excerpt":{"rendered":"<p>Nos professeurs aiment vraiment cette \u00e9cole et ses \u00e9l\u00e8ves, et ils enseignent chaque jour avec sinc\u00e9rit\u00e9 et enthousiasme. Nombre de nos enseignants travaillent avec nous depuis plus de dix ans, ce qui constitue l&rsquo;une de nos forces. Cette longue anciennet\u00e9 refl\u00e8te leur profonde exp\u00e9rience et leur engagement, ce qui nous permet de proposer des cours [&hellip;]<\/p>\n","protected":false},"author":1,"featured_media":0,"parent":4730,"menu_order":0,"comment_status":"closed","ping_status":"closed","template":"","meta":{"_jinr_url_youtube":"","_jinr_pip_youtube":false,"_jinr_time_youtube":"","_jinr_thumb_youtube":"","_jinr_media_youtube":"","_jinr_category_edit":false,"_jinr_category":"","_jinr_title_display":false,"_jinr_snsbutton_display":false,"_jinr_ads_display":false,"_jinr_thumbnail_display":false,"_jinr_profile_display":false,"_jinr_representations_display":false,"_jinr_relatedpost_display":false,"_jinr_sidebar1col_display":false,"_jinr_sidebar2col_display":false,"_jinr_seotitle_display":"","_jinr_description_display":"","_jinr_keyword_display":"","_jinr_hastag_display":"","_jinr_canonical_display":"","_jinr_noindex_display":false,"_jinr_paidpost":false,"_jinr_paidpost_product_id":"","_jinr_headtag_article":"","footnotes":""},"class_list":["post-4738","page","type-page","status-publish","hentry"],"_links":{"self":[{"href":"https:\/\/www.academiaschool.edu\/fr\/wp-json\/wp\/v2\/pages\/4738","targetHints":{"allow":["GET"]}}],"collection":[{"href":"https:\/\/www.academiaschool.edu\/fr\/wp-json\/wp\/v2\/pages"}],"about":[{"href":"https:\/\/www.academiaschool.edu\/fr\/wp-json\/wp\/v2\/types\/page"}],"author":[{"embeddable":true,"href":"https:\/\/www.academiaschool.edu\/fr\/wp-json\/wp\/v2\/users\/1"}],"replies":[{"embeddable":true,"href":"https:\/\/www.academiaschool.edu\/fr\/wp-json\/wp\/v2\/comments?post=4738"}],"version-history":[{"count":3,"href":"https:\/\/www.academiaschool.edu\/fr\/wp-json\/wp\/v2\/pages\/4738\/revisions"}],"predecessor-version":[{"id":4741,"href":"https:\/\/www.academiaschool.edu\/fr\/wp-json\/wp\/v2\/pages\/4738\/revisions\/4741"}],"up":[{"embeddable":true,"href":"https:\/\/www.academiaschool.edu\/fr\/wp-json\/wp\/v2\/pages\/4730"}],"wp:attachment":[{"href":"https:\/\/www.academiaschool.edu\/fr\/wp-json\/wp\/v2\/media?parent=4738"}],"curies":[{"name":"wp","href":"https:\/\/api.w.org\/{rel}","templated":true}]}}