{"id":4734,"date":"2024-03-24T15:54:15","date_gmt":"2024-03-25T01:54:15","guid":{"rendered":"https:\/\/academia-school.net\/raisons-du-choix\/passage-a-luniversite\/"},"modified":"2024-04-24T09:47:34","modified_gmt":"2024-04-24T19:47:34","slug":"passage-a-luniversite","status":"publish","type":"page","link":"https:\/\/www.academiaschool.edu\/fr\/raisons-du-choix\/passage-a-luniversite\/","title":{"rendered":"Passage \u00e0 l&rsquo;universit\u00e9"},"content":{"rendered":"\n<section class=\"wp-block-jinr-blocks-fullwidth b--jinr-block b--jinr-fullwidth-container d--top-margin-xs-pc d--bottom-margin-xs-pc d--top-margin-xs-sp d--bottom-margin-xs-sp \"><section class=\"b--jinr-fullwidth d--fullwidth-parallax-off d--fullwidth-deco-bgimage\"><div class=\"a--jinr-fullwidth-image\"><div class=\"a--jinr-fullwidth-image-clip\"><img decoding=\"async\" src=\"https:\/\/www.academiaschool.edu\/wp-content\/uploads\/2024\/03\/\u30b9\u30af\u30ea\u30fc\u30f3\u30b7\u30e7\u30c3\u30c8-2024-03-26-\u5348\u5f8c8.21.16.webp\"\/><\/div><\/div><div class=\"a--jinr-fullwidth-overlay\" style=\"background-color:#222222;opacity:0.15\"><\/div><div class=\"d--fullwidth-100 d--fullwidth-pad40 d--fullwidth-pad0-sp t--main-width\" style=\"color:false\">\n<p class=\"has-text-align-center has-white-color has-text-color has-link-color wp-elements-23ec3d98d9d1a94c8abfcc6105e6f307\"><span class=\"jinr-d--font-size d--fontsize-36px\"><strong><strong>Passage \u00e0 l&rsquo;universit\u00e9<\/strong><\/strong><\/span><\/p>\n<\/div><\/section><\/section>\n<div class=\"wp-block-image\">\n<figure class=\"aligncenter size-full\"><img loading=\"lazy\" decoding=\"async\" width=\"150\" height=\"150\" src=\"https:\/\/www.academiaschool.edu\/wp-content\/uploads\/2024\/03\/kapiolani-community-college.gif\" alt=\"\" class=\"wp-image-355\"\/><\/figure>\n<\/div>\n<section class=\"wp-block-jinr-blocks-simplebox b--jinr-block-container\"><div class=\"b--jinr-block b--jinr-box d--simple-box10  \"><div class=\"c--simple-box-inner\">\n<p class=\"has-text-align-center\"><strong>Kapiolani Community College &#8211; \u00c9cole de langues acad\u00e9mique<br\/>Programme de transition<\/strong><\/p>\n<\/div><\/div><\/section>\n\n<p>Nous sommes fiers de notre partenariat officiel de longue date avec le Kapi&rsquo;olani Community College, qui fait partie de l&rsquo;universit\u00e9 d&rsquo;Hawa\u00ef. Cette collaboration permet \u00e0 nos dipl\u00f4m\u00e9s non seulement d&rsquo;obtenir des cr\u00e9dits en vue de programmes dipl\u00f4mants au Kapi&rsquo;olani Community College, mais aussi de transf\u00e9rer des cr\u00e9dits vers d&rsquo;autres campus du syst\u00e8me de l&rsquo;universit\u00e9 d&rsquo;Hawa\u00ef et d&rsquo;autres universit\u00e9s \u00e0 travers les \u00c9tats-Unis.<\/p>\n\n<p>Lorsque nos \u00e9tudiants r\u00e9ussissent le cours Advanced Conversation II, ils peuvent directement passer \u00e0 des cours cr\u00e9dit\u00e9s au Kapi&rsquo;olani Community College sans avoir \u00e0 passer le TOEFL ou d&rsquo;autres tests d&rsquo;aptitude \u00e0 l&rsquo;anglais.<\/p>\n\n<p>Les \u00e9tudiants qui souhaitent passer \u00e0 l&rsquo;Universit\u00e9 d&rsquo;Hawa\u00ef au Kapi&rsquo;olani Community College peuvent soumettre leur demande d&rsquo;admission \u00e0 notre directeur, ainsi que demander la d\u00e9livrance de relev\u00e9s de notes et de documents explicatifs. Ces documents peuvent ensuite \u00eatre joints au dossier de candidature requis pour l&rsquo;admission au Kapi&rsquo;olani Community College.<\/p>\n\n<p>Lien connexe : <a href=\"https:\/\/www.kapiolani.hawaii.edu\/\" data-type=\"link\" data-id=\"https:\/\/www.kapiolani.hawaii.edu\/\">Kapi&rsquo;olani Community College<\/a><\/p>\n<section class=\"b--jinr-block b--jinr-blogcard d--blogcard-hover-up d--blogcard-style1 d--blogcard-mysite t--round \"><div class=\"a--blogcard-label ef\">Related Page<\/div><a class=\"o--blogcard-link t--round\" href=\"https:\/\/www.academiaschool.edu\/reason\/\"><div class=\"c--blogcard-image\"><img loading=\"lazy\" decoding=\"async\" class=\"a--blogcard-img-src\" width=\"128\" height=\"72\" src=\"https:\/\/www.academiaschool.edu\/wp-content\/uploads\/2025\/02\/\u540d\u79f0\u672a\u8a2d\u5b9a\u306e\u30c7\u30b6\u30a4\u30f3-7.png\" alt=\"Reasons for Choosing\" \/><\/div><div class=\"a--blogcard-title d--bold\">Reasons for Choosing<\/div><\/a><\/section>","protected":false},"excerpt":{"rendered":"<p>Nous sommes fiers de notre partenariat officiel de longue date avec le Kapi&rsquo;olani Community College, qui fait partie de l&rsquo;universit\u00e9 d&rsquo;Hawa\u00ef. Cette collaboration permet \u00e0 nos dipl\u00f4m\u00e9s non seulement d&rsquo;obtenir des cr\u00e9dits en vue de programmes dipl\u00f4mants au Kapi&rsquo;olani Community College, mais aussi de transf\u00e9rer des cr\u00e9dits vers d&rsquo;autres campus du syst\u00e8me de l&rsquo;universit\u00e9 d&rsquo;Hawa\u00ef [&hellip;]<\/p>\n","protected":false},"author":1,"featured_media":0,"parent":4730,"menu_order":0,"comment_status":"closed","ping_status":"closed","template":"","meta":{"_jinr_url_youtube":"","_jinr_pip_youtube":false,"_jinr_time_youtube":"","_jinr_thumb_youtube":"","_jinr_media_youtube":"","_jinr_category_edit":false,"_jinr_category":"","_jinr_title_display":false,"_jinr_snsbutton_display":false,"_jinr_ads_display":false,"_jinr_thumbnail_display":false,"_jinr_profile_display":false,"_jinr_representations_display":false,"_jinr_relatedpost_display":false,"_jinr_sidebar1col_display":false,"_jinr_sidebar2col_display":false,"_jinr_seotitle_display":"","_jinr_description_display":"","_jinr_keyword_display":"","_jinr_hastag_display":"","_jinr_canonical_display":"","_jinr_noindex_display":false,"_jinr_paidpost":false,"_jinr_paidpost_product_id":"","_jinr_headtag_article":"","footnotes":""},"class_list":["post-4734","page","type-page","status-publish","hentry"],"_links":{"self":[{"href":"https:\/\/www.academiaschool.edu\/fr\/wp-json\/wp\/v2\/pages\/4734","targetHints":{"allow":["GET"]}}],"collection":[{"href":"https:\/\/www.academiaschool.edu\/fr\/wp-json\/wp\/v2\/pages"}],"about":[{"href":"https:\/\/www.academiaschool.edu\/fr\/wp-json\/wp\/v2\/types\/page"}],"author":[{"embeddable":true,"href":"https:\/\/www.academiaschool.edu\/fr\/wp-json\/wp\/v2\/users\/1"}],"replies":[{"embeddable":true,"href":"https:\/\/www.academiaschool.edu\/fr\/wp-json\/wp\/v2\/comments?post=4734"}],"version-history":[{"count":3,"href":"https:\/\/www.academiaschool.edu\/fr\/wp-json\/wp\/v2\/pages\/4734\/revisions"}],"predecessor-version":[{"id":4737,"href":"https:\/\/www.academiaschool.edu\/fr\/wp-json\/wp\/v2\/pages\/4734\/revisions\/4737"}],"up":[{"embeddable":true,"href":"https:\/\/www.academiaschool.edu\/fr\/wp-json\/wp\/v2\/pages\/4730"}],"wp:attachment":[{"href":"https:\/\/www.academiaschool.edu\/fr\/wp-json\/wp\/v2\/media?parent=4734"}],"curies":[{"name":"wp","href":"https:\/\/api.w.org\/{rel}","templated":true}]}}