{"id":4730,"date":"2024-03-14T12:39:36","date_gmt":"2024-03-14T22:39:36","guid":{"rendered":"https:\/\/academia-school.net\/raisons-du-choix\/"},"modified":"2024-05-13T18:25:15","modified_gmt":"2024-05-14T04:25:15","slug":"raisons-du-choix","status":"publish","type":"page","link":"https:\/\/www.academiaschool.edu\/fr\/raisons-du-choix\/","title":{"rendered":"Raisons du choix"},"content":{"rendered":"\n<section class=\"wp-block-jinr-blocks-fullwidth b--jinr-block b--jinr-fullwidth-container d--top-margin-xs-pc d--bottom-margin-xs-pc d--top-margin-xs-sp d--bottom-margin-xs-sp \"><section class=\"b--jinr-fullwidth d--fullwidth-parallax-off d--fullwidth-deco-bgimage\"><div class=\"a--jinr-fullwidth-image\"><div class=\"a--jinr-fullwidth-image-clip\"><img decoding=\"async\" src=\"https:\/\/www.academiaschool.edu\/wp-content\/uploads\/2024\/03\/\u30b9\u30af\u30ea\u30fc\u30f3\u30b7\u30e7\u30c3\u30c8-2024-03-26-\u5348\u5f8c8.21.16.webp\"\/><\/div><\/div><div class=\"a--jinr-fullwidth-overlay\" style=\"background-color:#222222;opacity:0.15\"><\/div><div class=\"d--fullwidth-100 d--fullwidth-pad40 d--fullwidth-pad0-sp t--main-width\" style=\"color:false\">\n<p class=\"has-text-align-center has-white-color has-text-color has-link-color wp-elements-22b08fd42fdf8f929bcaa31570e692c9\"><span class=\"jinr-d--font-size d--fontsize-36px\"><strong>Raisons du choix<\/strong><\/span><\/p>\n<\/div><\/section><\/section>\n\n\n\n<h2 class=\"wp-block-heading jinr-heading d--bold\">8 raisons d&rsquo;\u00eatre choisi<\/h2>\n\n\n\n<div class=\"wp-block-columns js--scr-animation is-layout-flex wp-container-core-columns-is-layout-9d6595d7 wp-block-columns-is-layout-flex\">\n<div class=\"wp-block-column is-layout-flow wp-block-column-is-layout-flow\"><div class=\"wp-block-image\">\n<figure class=\"aligncenter size-full is-resized\"><img loading=\"lazy\" decoding=\"async\" width=\"156\" height=\"156\" src=\"https:\/\/www.academiaschool.edu\/wp-content\/uploads\/2024\/03\/academia_icon_money.png\" alt=\"\u30a2\u30ab\u30c7\u30df\u30a2\u306f\u4f4e\u4fa1\u683c\" class=\"wp-image-1014\" style=\"width:156px;height:auto\" srcset=\"https:\/\/www.academiaschool.edu\/wp-content\/uploads\/2024\/03\/academia_icon_money.png 156w, https:\/\/www.academiaschool.edu\/wp-content\/uploads\/2024\/03\/academia_icon_money-150x150.png 150w\" sizes=\"auto, (max-width: 156px) 100vw, 156px\" \/><\/figure>\n<\/div>\n\n\n<section class=\"wp-block-jinr-blocks-designtitle b--jinr-block b--jinr-h2rich d--h2rich-left d--h2rich-style1 d--titledesign-weight-thin d--h2rich-none js--scr-animation\" style=\"border-color:false\"><div class=\"c--h2rich-contents\"><span class=\"a--h2rich-subcopy ef\" style=\"color:#004c80\">Raison 1<\/span><h2 class=\"a--h2rich-maincopy d--bold ef\" style=\"color:false\"><a href=\"https:\/\/www.academiaschool.edu\/fr\/raisons-du-choix\/faible-cout-commitment-and-secrets\/\">Des frais de scolarit\u00e9 peu \u00e9lev\u00e9s<\/a><\/h2><\/div><\/section>\n<\/div>\n\n\n\n<div class=\"wp-block-column is-layout-flow wp-block-column-is-layout-flow\"><div class=\"wp-block-image\">\n<figure class=\"aligncenter size-full\"><img loading=\"lazy\" decoding=\"async\" width=\"156\" height=\"156\" src=\"https:\/\/www.academiaschool.edu\/wp-content\/uploads\/2024\/03\/academia_icon_time.png\" alt=\"4day\" class=\"wp-image-1017\" srcset=\"https:\/\/www.academiaschool.edu\/wp-content\/uploads\/2024\/03\/academia_icon_time.png 156w, https:\/\/www.academiaschool.edu\/wp-content\/uploads\/2024\/03\/academia_icon_time-150x150.png 150w\" sizes=\"auto, (max-width: 156px) 100vw, 156px\" \/><\/figure>\n<\/div>\n\n\n<section class=\"wp-block-jinr-blocks-designtitle b--jinr-block b--jinr-h2rich d--h2rich-left d--h2rich-style1 d--titledesign-weight-thin d--h2rich-none js--scr-animation\" style=\"border-color:false\"><div class=\"c--h2rich-contents\"><span class=\"a--h2rich-subcopy ef\" style=\"color:#004c80\">Raison 2<\/span><h2 class=\"a--h2rich-maincopy d--bold ef\" style=\"color:false\"><a href=\"https:\/\/www.academiaschool.edu\/fr\/raisons-du-choix\/le-seul-cours-dune-semaine-de-4-jours-a-hawai\/\">un programme hebdomadaire de 4 jours<\/a><\/h2><\/div><\/section>\n<\/div>\n\n\n\n<div class=\"wp-block-column is-layout-flow wp-block-column-is-layout-flow\"><div class=\"wp-block-image\">\n<figure class=\"aligncenter size-full\"><img loading=\"lazy\" decoding=\"async\" width=\"156\" height=\"156\" src=\"https:\/\/www.academiaschool.edu\/wp-content\/uploads\/2024\/03\/academia_icon_owl.png\" alt=\"Study Abroad\" class=\"wp-image-1015\" srcset=\"https:\/\/www.academiaschool.edu\/wp-content\/uploads\/2024\/03\/academia_icon_owl.png 156w, https:\/\/www.academiaschool.edu\/wp-content\/uploads\/2024\/03\/academia_icon_owl-150x150.png 150w\" sizes=\"auto, (max-width: 156px) 100vw, 156px\" \/><\/figure>\n<\/div>\n\n\n<section class=\"wp-block-jinr-blocks-designtitle b--jinr-block b--jinr-h2rich d--h2rich-left d--h2rich-style1 d--titledesign-weight-thin d--h2rich-none js--scr-animation\" style=\"border-color:false\"><div class=\"c--h2rich-contents\"><span class=\"a--h2rich-subcopy ef\" style=\"color:#004c80\">Raison 3<\/span><h2 class=\"a--h2rich-maincopy d--bold ef\" style=\"color:false\"><a href=\"https:\/\/www.academiaschool.edu\/fr\/raisons-du-choix\/soutien-amical-aux-parents-et-aux-enfants-qui-etudient-a-letranger\/\">Soutien aux \u00e9tudes \u00e0 l&rsquo;\u00e9tranger des parents et des enfants<\/a><\/h2><\/div><\/section>\n<\/div>\n<\/div>\n\n\n\n<div class=\"wp-block-columns js--scr-animation is-layout-flex wp-container-core-columns-is-layout-9d6595d7 wp-block-columns-is-layout-flex\">\n<div class=\"wp-block-column is-layout-flow wp-block-column-is-layout-flow\"><div class=\"wp-block-image\">\n<figure class=\"aligncenter size-full is-resized\"><img loading=\"lazy\" decoding=\"async\" width=\"156\" height=\"156\" src=\"https:\/\/www.academiaschool.edu\/wp-content\/uploads\/2024\/03\/academia_icon_location1.png\" alt=\"\" class=\"wp-image-1013\" style=\"width:156px;height:auto\" srcset=\"https:\/\/www.academiaschool.edu\/wp-content\/uploads\/2024\/03\/academia_icon_location1.png 156w, https:\/\/www.academiaschool.edu\/wp-content\/uploads\/2024\/03\/academia_icon_location1-150x150.png 150w\" sizes=\"auto, (max-width: 156px) 100vw, 156px\" \/><\/figure>\n<\/div>\n\n\n<section class=\"wp-block-jinr-blocks-designtitle b--jinr-block b--jinr-h2rich d--h2rich-left d--h2rich-style1 d--titledesign-weight-thin d--h2rich-none js--scr-animation\" style=\"border-color:false\"><div class=\"c--h2rich-contents\"><span class=\"a--h2rich-subcopy ef\" style=\"color:#004c80\"><strong>Raison <\/strong>4<\/span><h2 class=\"a--h2rich-maincopy d--bold ef\" style=\"color:false\"><a href=\"https:\/\/www.academiaschool.edu\/fr\/raisons-du-choix\/emplacement-et-installations-de-premier-choix\/\">Situation privil\u00e9gi\u00e9e<\/a><\/h2><\/div><\/section>\n<\/div>\n\n\n\n<div class=\"wp-block-column is-layout-flow wp-block-column-is-layout-flow\"><div class=\"wp-block-image\">\n<figure class=\"aligncenter size-full\"><img loading=\"lazy\" decoding=\"async\" width=\"156\" height=\"156\" src=\"https:\/\/www.academiaschool.edu\/wp-content\/uploads\/2024\/03\/academia_icon_books.png\" alt=\"\" class=\"wp-image-1008\" srcset=\"https:\/\/www.academiaschool.edu\/wp-content\/uploads\/2024\/03\/academia_icon_books.png 156w, https:\/\/www.academiaschool.edu\/wp-content\/uploads\/2024\/03\/academia_icon_books-150x150.png 150w\" sizes=\"auto, (max-width: 156px) 100vw, 156px\" \/><\/figure>\n<\/div>\n\n\n<section class=\"wp-block-jinr-blocks-designtitle b--jinr-block b--jinr-h2rich d--h2rich-left d--h2rich-style1 d--titledesign-weight-thin d--h2rich-none js--scr-animation\" style=\"border-color:false\"><div class=\"c--h2rich-contents\"><span class=\"a--h2rich-subcopy ef\" style=\"color:#004c80\"><strong>Motif <\/strong>5<\/span><h2 class=\"a--h2rich-maincopy d--bold ef\" style=\"color:false\"><a href=\"https:\/\/www.academiaschool.edu\/fr\/raisons-du-choix\/professeurs-experimentes\/\">Professeurs exp\u00e9riment\u00e9s<\/a><\/h2><\/div><\/section>\n<\/div>\n\n\n\n<div class=\"wp-block-column is-layout-flow wp-block-column-is-layout-flow\"><div class=\"wp-block-image\">\n<figure class=\"aligncenter size-full\"><img loading=\"lazy\" decoding=\"async\" width=\"156\" height=\"156\" src=\"https:\/\/www.academiaschool.edu\/wp-content\/uploads\/2024\/03\/academia_icon_watersports.png\" alt=\"\" class=\"wp-image-1018\" srcset=\"https:\/\/www.academiaschool.edu\/wp-content\/uploads\/2024\/03\/academia_icon_watersports.png 156w, https:\/\/www.academiaschool.edu\/wp-content\/uploads\/2024\/03\/academia_icon_watersports-150x150.png 150w\" sizes=\"auto, (max-width: 156px) 100vw, 156px\" \/><\/figure>\n<\/div>\n\n\n<section class=\"wp-block-jinr-blocks-designtitle b--jinr-block b--jinr-h2rich d--h2rich-left d--h2rich-style1 d--titledesign-weight-thin d--h2rich-none js--scr-animation\" style=\"border-color:false\"><div class=\"c--h2rich-contents\"><span class=\"a--h2rich-subcopy ef\" style=\"color:#004c80\">Motif 6<\/span><h2 class=\"a--h2rich-maincopy d--bold ef\" style=\"color:false\"><a href=\"https:\/\/www.academiaschool.edu\/fr\/raisons-du-choix\/amusant-aloha-student-life\/\">Une vie \u00e9tudiante ALS \u00e9panouie<\/a><\/h2><\/div><\/section>\n<\/div>\n<\/div>\n\n\n\n<div class=\"wp-block-columns js--scr-animation is-layout-flex wp-container-core-columns-is-layout-9d6595d7 wp-block-columns-is-layout-flex\">\n<div class=\"wp-block-column is-layout-flow wp-block-column-is-layout-flow\"><div class=\"wp-block-image\">\n<figure class=\"aligncenter size-full is-resized\"><img loading=\"lazy\" decoding=\"async\" width=\"156\" height=\"156\" src=\"https:\/\/www.academiaschool.edu\/wp-content\/uploads\/2024\/03\/academia_icon_addclasses.png\" alt=\"\" class=\"wp-image-1007\" style=\"width:156px;height:auto\" srcset=\"https:\/\/www.academiaschool.edu\/wp-content\/uploads\/2024\/03\/academia_icon_addclasses.png 156w, https:\/\/www.academiaschool.edu\/wp-content\/uploads\/2024\/03\/academia_icon_addclasses-150x150.png 150w\" sizes=\"auto, (max-width: 156px) 100vw, 156px\" \/><\/figure>\n<\/div>\n\n\n<section class=\"wp-block-jinr-blocks-designtitle b--jinr-block b--jinr-h2rich d--h2rich-left d--h2rich-style1 d--titledesign-weight-thin d--h2rich-none js--scr-animation\" style=\"border-color:false\"><div class=\"c--h2rich-contents\"><span class=\"a--h2rich-subcopy ef\" style=\"color:#004c80\"><strong>Raison <\/strong>7<\/span><h2 class=\"a--h2rich-maincopy d--bold ef\" style=\"color:false\"><a href=\"https:\/\/www.academiaschool.edu\/fr\/raisons-du-choix\/passage-a-luniversite\/\">Passage \u00e0 l&rsquo;universit\u00e9<\/a><\/h2><\/div><\/section>\n<\/div>\n\n\n\n<div class=\"wp-block-column is-layout-flow wp-block-column-is-layout-flow\"><div class=\"wp-block-image\">\n<figure class=\"aligncenter size-full is-resized\"><img loading=\"lazy\" decoding=\"async\" width=\"156\" height=\"156\" src=\"https:\/\/www.academiaschool.edu\/wp-content\/uploads\/2024\/03\/academia_icon_classroom.png\" alt=\"\" class=\"wp-image-1009\" style=\"width:156px;height:auto\" srcset=\"https:\/\/www.academiaschool.edu\/wp-content\/uploads\/2024\/03\/academia_icon_classroom.png 156w, https:\/\/www.academiaschool.edu\/wp-content\/uploads\/2024\/03\/academia_icon_classroom-150x150.png 150w\" sizes=\"auto, (max-width: 156px) 100vw, 156px\" \/><\/figure>\n<\/div>\n\n\n<section class=\"wp-block-jinr-blocks-designtitle b--jinr-block b--jinr-h2rich d--h2rich-left d--h2rich-style1 d--titledesign-weight-thin d--h2rich-none js--scr-animation\" style=\"border-color:false\"><div class=\"c--h2rich-contents\"><span class=\"a--h2rich-subcopy ef\" style=\"color:#004c80\"><strong>Raison <\/strong>8<\/span><h2 class=\"a--h2rich-maincopy d--bold ef\" style=\"color:false\"><a href=\"https:\/\/www.academiaschool.edu\/fr\/raisons-du-choix\/temoignages\/\">Grande satisfaction des dipl\u00f4m\u00e9s<\/a><\/h2><\/div><\/section>\n<\/div>\n<\/div>\n\n\n<section class=\"b--jinr-block b--jinr-blogcard d--blogcard-hover-up d--blogcard-style1 d--blogcard-mysite t--round \"><div class=\"a--blogcard-label ef\">Related Page<\/div><a class=\"o--blogcard-link t--round\" href=\"https:\/\/www.academiaschool.edu\/fr\/honoraires\/\"><div class=\"c--blogcard-image\"><img loading=\"lazy\" decoding=\"async\" class=\"a--blogcard-img-src\" width=\"128\" height=\"72\" src=\"https:\/\/www.academiaschool.edu\/wp-content\/uploads\/2025\/02\/\u540d\u79f0\u672a\u8a2d\u5b9a\u306e\u30c7\u30b6\u30a4\u30f3-7.png\" alt=\"Honoraires\" \/><\/div><div class=\"a--blogcard-title d--bold\">Honoraires<\/div><\/a><\/section>","protected":false},"excerpt":{"rendered":"<p>8 raisons d&rsquo;\u00eatre choisi<\/p>\n","protected":false},"author":1,"featured_media":0,"parent":0,"menu_order":0,"comment_status":"closed","ping_status":"closed","template":"","meta":{"_jinr_url_youtube":"","_jinr_pip_youtube":false,"_jinr_time_youtube":"","_jinr_thumb_youtube":"","_jinr_media_youtube":"","_jinr_category_edit":false,"_jinr_category":"","_jinr_title_display":false,"_jinr_snsbutton_display":false,"_jinr_ads_display":false,"_jinr_thumbnail_display":false,"_jinr_profile_display":false,"_jinr_representations_display":false,"_jinr_relatedpost_display":false,"_jinr_sidebar1col_display":false,"_jinr_sidebar2col_display":false,"_jinr_seotitle_display":"","_jinr_description_display":"","_jinr_keyword_display":"","_jinr_hastag_display":"","_jinr_canonical_display":"","_jinr_noindex_display":false,"_jinr_paidpost":false,"_jinr_paidpost_product_id":"","_jinr_headtag_article":"","footnotes":""},"class_list":["post-4730","page","type-page","status-publish","hentry"],"_links":{"self":[{"href":"https:\/\/www.academiaschool.edu\/fr\/wp-json\/wp\/v2\/pages\/4730","targetHints":{"allow":["GET"]}}],"collection":[{"href":"https:\/\/www.academiaschool.edu\/fr\/wp-json\/wp\/v2\/pages"}],"about":[{"href":"https:\/\/www.academiaschool.edu\/fr\/wp-json\/wp\/v2\/types\/page"}],"author":[{"embeddable":true,"href":"https:\/\/www.academiaschool.edu\/fr\/wp-json\/wp\/v2\/users\/1"}],"replies":[{"embeddable":true,"href":"https:\/\/www.academiaschool.edu\/fr\/wp-json\/wp\/v2\/comments?post=4730"}],"version-history":[{"count":4,"href":"https:\/\/www.academiaschool.edu\/fr\/wp-json\/wp\/v2\/pages\/4730\/revisions"}],"predecessor-version":[{"id":6229,"href":"https:\/\/www.academiaschool.edu\/fr\/wp-json\/wp\/v2\/pages\/4730\/revisions\/6229"}],"wp:attachment":[{"href":"https:\/\/www.academiaschool.edu\/fr\/wp-json\/wp\/v2\/media?parent=4730"}],"curies":[{"name":"wp","href":"https:\/\/api.w.org\/{rel}","templated":true}]}}