{"id":4726,"date":"2024-03-24T08:06:46","date_gmt":"2024-03-24T18:06:46","guid":{"rendered":"https:\/\/academia-school.net\/apercu-du-programme\/preparation-au-toeic-et-au-toefl\/"},"modified":"2024-04-24T09:46:44","modified_gmt":"2024-04-24T19:46:44","slug":"preparation-au-toeic-et-au-toefl","status":"publish","type":"page","link":"https:\/\/www.academiaschool.edu\/fr\/apercu-du-programme\/preparation-au-toeic-et-au-toefl\/","title":{"rendered":"Pr\u00e9paration au TOEIC et au TOEFL"},"content":{"rendered":"\n<section class=\"wp-block-jinr-blocks-fullwidth b--jinr-block b--jinr-fullwidth-container d--top-margin-xs-pc d--bottom-margin-xs-pc d--top-margin-xs-sp d--bottom-margin-xs-sp \"><section class=\"b--jinr-fullwidth d--fullwidth-parallax-off d--fullwidth-deco-bgimage\"><div class=\"a--jinr-fullwidth-image\"><div class=\"a--jinr-fullwidth-image-clip\"><img decoding=\"async\" src=\"https:\/\/www.academiaschool.edu\/wp-content\/uploads\/2024\/03\/leo_visions-fMyaQWQrwwU-unsplash.webp\"\/><\/div><\/div><div class=\"a--jinr-fullwidth-overlay\" style=\"background-color:#f5f5f5;opacity:0\"><\/div><div class=\"d--fullwidth-100 d--fullwidth-pad40 d--fullwidth-pad0-sp t--main-width\" style=\"color:false\">\n<p class=\"has-text-align-center has-white-color has-text-color has-link-color wp-elements-8741ea95f24e5b289f8b8ac3a1246b45\"><span class=\"jinr-d--font-size d--fontsize-36px\"><strong><strong>Pr\u00e9paration au TOEIC et au TOEFL  <\/strong><\/strong><\/span><\/p>\n<\/div><\/section><\/section>\n\n<h2 class=\"wp-block-heading jinr-heading d--bold\"><strong>Pr\u00e9paration au TOEIC et au TOEFL (Pr\u00e9paration aux tests)<\/strong><\/h2>\n\n<h3 class=\"wp-block-heading jinr-heading d--bold\"><strong>Classe de pr\u00e9paration au TOEIC<\/strong><\/h3>\n\n<p>La classe de pr\u00e9paration au TOEIC est propos\u00e9e comme option \u00e0 chaque niveau. Ces cours sont ax\u00e9s sur l&rsquo;apprentissage de strat\u00e9gies de passation de tests, l&rsquo;am\u00e9lioration de la compr\u00e9hension de la lecture et des comp\u00e9tences d&rsquo;\u00e9coute, l&rsquo;examen d&rsquo;exemples de questions et la passation de tests pratiques.<\/p>\n\n<p>En plus des cours de pr\u00e9paration au TOEIC, les \u00e9tudiants peuvent \u00e9galement s&rsquo;inscrire \u00e0 d&rsquo;autres cours tels que les cours de comp\u00e9tences int\u00e9gr\u00e9es ou les cours d&rsquo;anglais complet qui compl\u00e8tent les objectifs des cours de TOEIC et am\u00e9liorent les comp\u00e9tences de lecture et d&rsquo;\u00e9coute.<\/p>\n\n<p>En tant qu&rsquo;unique centre officiel de test TOEIC \u00e0 Hawa\u00ef, notre \u00e9cole offre aux \u00e9tudiants la possibilit\u00e9 de pr\u00e9parer et de passer le test dans un cadre familier.<\/p>\n\n<h3 class=\"wp-block-heading jinr-heading d--bold\"><strong>Cours de pr\u00e9paration au TOEFL<\/strong><\/h3>\n\n<p>La classe de pr\u00e9paration au TOEFL est \u00e9galement propos\u00e9e comme option \u00e0 chaque niveau. Dans ces classes, les \u00e9tudiants apprennent les strat\u00e9gies d&rsquo;examen et d\u00e9veloppent leurs comp\u00e9tences en mati\u00e8re d&rsquo;expression orale, d&rsquo;\u00e9coute, de lecture et d&rsquo;\u00e9criture gr\u00e2ce \u00e0 des classes de pr\u00e9paration au TOEFL soigneusement con\u00e7ues et g\u00e9r\u00e9es par des professionnels.<\/p>\n\n<p>Tout au long du semestre, les \u00e9tudiants ont de multiples occasions de passer des tests de pratique, ce qui leur permet de suivre leurs progr\u00e8s au fur et \u00e0 mesure de l&rsquo;avancement du cours. En outre, notre \u00e9cole propose des cours de comp\u00e9tences int\u00e9gr\u00e9es et d&rsquo;anglais complet qui compl\u00e8tent les objectifs des cours de TOEFL et offrent des possibilit\u00e9s suppl\u00e9mentaires d&rsquo;am\u00e9liorer les comp\u00e9tences en lecture, en \u00e9criture, en \u00e9coute et en expression orale.<\/p>\n<section class=\"b--jinr-block b--jinr-blogcard d--blogcard-hover-up d--blogcard-style1 d--blogcard-mysite t--round \"><div class=\"a--blogcard-label ef\">Related Page<\/div><a class=\"o--blogcard-link t--round\" href=\"https:\/\/www.academiaschool.edu\/programs\/\"><div class=\"c--blogcard-image\"><img loading=\"lazy\" decoding=\"async\" class=\"a--blogcard-img-src\" width=\"128\" height=\"72\" src=\"https:\/\/www.academiaschool.edu\/wp-content\/uploads\/2025\/02\/\u540d\u79f0\u672a\u8a2d\u5b9a\u306e\u30c7\u30b6\u30a4\u30f3-7.png\" alt=\"Overview of the Program\" \/><\/div><div class=\"a--blogcard-title d--bold\">Overview of the Program<\/div><\/a><\/section>","protected":false},"excerpt":{"rendered":"<p>Pr\u00e9paration au TOEIC et au TOEFL (Pr\u00e9paration aux tests) Classe de pr\u00e9paration au TOEIC La classe de pr\u00e9paration au TOEIC est propos\u00e9e comme option \u00e0 chaque niveau. Ces cours sont ax\u00e9s sur l&rsquo;apprentissage de strat\u00e9gies de passation de tests, l&rsquo;am\u00e9lioration de la compr\u00e9hension de la lecture et des comp\u00e9tences d&rsquo;\u00e9coute, l&rsquo;examen d&rsquo;exemples de questions et [&hellip;]<\/p>\n","protected":false},"author":1,"featured_media":0,"parent":4597,"menu_order":0,"comment_status":"closed","ping_status":"closed","template":"","meta":{"_jinr_url_youtube":"","_jinr_pip_youtube":false,"_jinr_time_youtube":"","_jinr_thumb_youtube":"","_jinr_media_youtube":"","_jinr_category_edit":false,"_jinr_category":"","_jinr_title_display":false,"_jinr_snsbutton_display":false,"_jinr_ads_display":false,"_jinr_thumbnail_display":false,"_jinr_profile_display":false,"_jinr_representations_display":false,"_jinr_relatedpost_display":false,"_jinr_sidebar1col_display":false,"_jinr_sidebar2col_display":false,"_jinr_seotitle_display":"","_jinr_description_display":"","_jinr_keyword_display":"","_jinr_hastag_display":"","_jinr_canonical_display":"","_jinr_noindex_display":false,"_jinr_paidpost":false,"_jinr_paidpost_product_id":"","_jinr_headtag_article":"","footnotes":""},"class_list":["post-4726","page","type-page","status-publish","hentry"],"_links":{"self":[{"href":"https:\/\/www.academiaschool.edu\/fr\/wp-json\/wp\/v2\/pages\/4726","targetHints":{"allow":["GET"]}}],"collection":[{"href":"https:\/\/www.academiaschool.edu\/fr\/wp-json\/wp\/v2\/pages"}],"about":[{"href":"https:\/\/www.academiaschool.edu\/fr\/wp-json\/wp\/v2\/types\/page"}],"author":[{"embeddable":true,"href":"https:\/\/www.academiaschool.edu\/fr\/wp-json\/wp\/v2\/users\/1"}],"replies":[{"embeddable":true,"href":"https:\/\/www.academiaschool.edu\/fr\/wp-json\/wp\/v2\/comments?post=4726"}],"version-history":[{"count":3,"href":"https:\/\/www.academiaschool.edu\/fr\/wp-json\/wp\/v2\/pages\/4726\/revisions"}],"predecessor-version":[{"id":4729,"href":"https:\/\/www.academiaschool.edu\/fr\/wp-json\/wp\/v2\/pages\/4726\/revisions\/4729"}],"up":[{"embeddable":true,"href":"https:\/\/www.academiaschool.edu\/fr\/wp-json\/wp\/v2\/pages\/4597"}],"wp:attachment":[{"href":"https:\/\/www.academiaschool.edu\/fr\/wp-json\/wp\/v2\/media?parent=4726"}],"curies":[{"name":"wp","href":"https:\/\/api.w.org\/{rel}","templated":true}]}}