{"id":4722,"date":"2024-03-21T12:21:44","date_gmt":"2024-03-21T22:21:44","guid":{"rendered":"https:\/\/academia-school.net\/apercu-du-programme\/lecons-particulieres\/"},"modified":"2024-04-24T09:46:32","modified_gmt":"2024-04-24T19:46:32","slug":"lecons-particulieres","status":"publish","type":"page","link":"https:\/\/www.academiaschool.edu\/fr\/apercu-du-programme\/lecons-particulieres\/","title":{"rendered":"Le\u00e7ons particuli\u00e8res"},"content":{"rendered":"\n<section class=\"wp-block-jinr-blocks-fullwidth b--jinr-block b--jinr-fullwidth-container d--top-margin-xs-pc d--bottom-margin-xs-pc d--top-margin-xs-sp d--bottom-margin-xs-sp \"><section class=\"b--jinr-fullwidth d--fullwidth-parallax-off d--fullwidth-deco-bgimage\"><div class=\"a--jinr-fullwidth-image\"><div class=\"a--jinr-fullwidth-image-clip\"><img decoding=\"async\" src=\"https:\/\/www.academiaschool.edu\/wp-content\/uploads\/2024\/03\/leo_visions-fMyaQWQrwwU-unsplash.webp\"\/><\/div><\/div><div class=\"a--jinr-fullwidth-overlay\" style=\"background-color:#f5f5f5;opacity:0\"><\/div><div class=\"d--fullwidth-100 d--fullwidth-pad40 d--fullwidth-pad0-sp t--main-width\" style=\"color:false\">\n<p class=\"has-text-align-center has-white-color has-text-color has-link-color wp-elements-47ed7cd76a02baa2b4b05e6a23f98931\"><span class=\"jinr-d--font-size d--fontsize-36px\"><strong><strong>Le\u00e7ons particuli\u00e8res<\/strong><\/strong><\/span><\/p>\n<\/div><\/section><\/section>\n\n<h2 class=\"wp-block-heading jinr-heading d--bold\"><strong>Types de cours particuliers<\/strong><\/h2>\n\n<p>Pour les personnes ayant des besoins particuliers ou souhaitant augmenter leur temps de conversation en anglais, nous proposons des cours priv\u00e9s.<\/p>\n\n<p>Notre \u00e9cole propose non seulement des cours d&rsquo;anglais priv\u00e9s pour les particuliers, mais aussi des cours semi-priv\u00e9s et des cours priv\u00e9s en groupe.<\/p>\n\n<h2 class=\"wp-block-heading jinr-heading d--bold\"><strong>Tarifs des le\u00e7ons priv\u00e9es<\/strong><\/h2>\n\n<figure class=\"wp-block-table is-style-stripes\"><table><tbody><tr><td class=\"has-text-align-center\" data-align=\"center\"><strong>Cours<\/strong><\/td><td><strong>Taux<\/strong><\/td><\/tr><tr><td class=\"has-text-align-center\" data-align=\"center\">Le\u00e7on priv\u00e9e (forfait de 20 heures)<\/td><td>70 $ de l&rsquo;heure<\/td><\/tr><tr><td class=\"has-text-align-center\" data-align=\"center\">Le\u00e7on priv\u00e9e (forfait de 10 heures)<\/td><td>75 $ de l&rsquo;heure<\/td><\/tr><tr><td class=\"has-text-align-center\" data-align=\"center\">Le\u00e7on semi-priv\u00e9e (2-4 personnes)<\/td><td>45 $ par heure et par personne<\/td><\/tr><tr><td class=\"has-text-align-center\" data-align=\"center\">Le\u00e7on priv\u00e9e en groupe (5 personnes ou plus)<\/td><td>45 $ par heure et par personne<\/td><\/tr><\/tbody><\/table><\/figure>\n\n<p>Au d\u00e9part, il faut acheter un minimum de 20 heures de cours et les \u00e9tudiants doivent terminer leurs cours dans les 6 mois qui suivent la premi\u00e8re le\u00e7on. Des cours priv\u00e9s, semi-priv\u00e9s et collectifs peuvent \u00eatre organis\u00e9s pour les adultes et les enfants.<\/p>\n\n<p>Si vous \u00eates int\u00e9ress\u00e9, veuillez contacter <a>support@academiaschool.edu<\/a>.<\/p>\n<section class=\"b--jinr-block b--jinr-blogcard d--blogcard-hover-up d--blogcard-style1 d--blogcard-mysite t--round \"><div class=\"a--blogcard-label ef\">Related Page<\/div><a class=\"o--blogcard-link t--round\" href=\"https:\/\/www.academiaschool.edu\/programs\/\"><div class=\"c--blogcard-image\"><img loading=\"lazy\" decoding=\"async\" class=\"a--blogcard-img-src\" width=\"128\" height=\"72\" src=\"https:\/\/www.academiaschool.edu\/wp-content\/uploads\/2025\/02\/\u540d\u79f0\u672a\u8a2d\u5b9a\u306e\u30c7\u30b6\u30a4\u30f3-7.png\" alt=\"Overview of the Program\" \/><\/div><div class=\"a--blogcard-title d--bold\">Overview of the Program<\/div><\/a><\/section>","protected":false},"excerpt":{"rendered":"<p>Types de cours particuliers Pour les personnes ayant des besoins particuliers ou souhaitant augmenter leur temps de conversation en anglais, nous proposons des cours priv\u00e9s. Notre \u00e9cole propose non seulement des cours d&rsquo;anglais priv\u00e9s pour les particuliers, mais aussi des cours semi-priv\u00e9s et des cours priv\u00e9s en groupe. Tarifs des le\u00e7ons priv\u00e9es Cours Taux Le\u00e7on [&hellip;]<\/p>\n","protected":false},"author":1,"featured_media":0,"parent":4597,"menu_order":0,"comment_status":"closed","ping_status":"closed","template":"","meta":{"_jinr_url_youtube":"","_jinr_pip_youtube":false,"_jinr_time_youtube":"","_jinr_thumb_youtube":"","_jinr_media_youtube":"","_jinr_category_edit":false,"_jinr_category":"","_jinr_title_display":false,"_jinr_snsbutton_display":false,"_jinr_ads_display":false,"_jinr_thumbnail_display":false,"_jinr_profile_display":false,"_jinr_representations_display":false,"_jinr_relatedpost_display":false,"_jinr_sidebar1col_display":false,"_jinr_sidebar2col_display":false,"_jinr_seotitle_display":"","_jinr_description_display":"","_jinr_keyword_display":"","_jinr_hastag_display":"","_jinr_canonical_display":"","_jinr_noindex_display":false,"_jinr_paidpost":false,"_jinr_paidpost_product_id":"","_jinr_headtag_article":"","footnotes":""},"class_list":["post-4722","page","type-page","status-publish","hentry"],"_links":{"self":[{"href":"https:\/\/www.academiaschool.edu\/fr\/wp-json\/wp\/v2\/pages\/4722","targetHints":{"allow":["GET"]}}],"collection":[{"href":"https:\/\/www.academiaschool.edu\/fr\/wp-json\/wp\/v2\/pages"}],"about":[{"href":"https:\/\/www.academiaschool.edu\/fr\/wp-json\/wp\/v2\/types\/page"}],"author":[{"embeddable":true,"href":"https:\/\/www.academiaschool.edu\/fr\/wp-json\/wp\/v2\/users\/1"}],"replies":[{"embeddable":true,"href":"https:\/\/www.academiaschool.edu\/fr\/wp-json\/wp\/v2\/comments?post=4722"}],"version-history":[{"count":3,"href":"https:\/\/www.academiaschool.edu\/fr\/wp-json\/wp\/v2\/pages\/4722\/revisions"}],"predecessor-version":[{"id":4725,"href":"https:\/\/www.academiaschool.edu\/fr\/wp-json\/wp\/v2\/pages\/4722\/revisions\/4725"}],"up":[{"embeddable":true,"href":"https:\/\/www.academiaschool.edu\/fr\/wp-json\/wp\/v2\/pages\/4597"}],"wp:attachment":[{"href":"https:\/\/www.academiaschool.edu\/fr\/wp-json\/wp\/v2\/media?parent=4722"}],"curies":[{"name":"wp","href":"https:\/\/api.w.org\/{rel}","templated":true}]}}