{"id":4718,"date":"2024-03-25T12:35:53","date_gmt":"2024-03-25T22:35:53","guid":{"rendered":"https:\/\/academia-school.net\/apercu-du-programme\/niveau-intermediaire\/details-et-resultats-dapprentissage-des-niveaux-i-ii-et-iii-de-la-conversation-intermediaire\/"},"modified":"2024-04-24T09:46:21","modified_gmt":"2024-04-24T19:46:21","slug":"details-et-resultats-dapprentissage-des-niveaux-i-ii-et-iii-de-la-conversation-intermediaire","status":"publish","type":"page","link":"https:\/\/www.academiaschool.edu\/fr\/apercu-du-programme\/niveau-intermediaire\/details-et-resultats-dapprentissage-des-niveaux-i-ii-et-iii-de-la-conversation-intermediaire\/","title":{"rendered":"D\u00e9tails et r\u00e9sultats d&rsquo;apprentissage des niveaux I, II et III de la conversation interm\u00e9diaire"},"content":{"rendered":"\n<h2 class=\"wp-block-heading jinr-heading d--bold\"><strong>Conversation interm\u00e9diaire I<\/strong><\/h2>\n\n<p>A l&rsquo;issue de ce cours, les \u00e9l\u00e8ves seront capables de communiquer de mani\u00e8re efficace, compl\u00e8te, fluide, claire et pr\u00e9cise en utilisant une grammaire et un vocabulaire appropri\u00e9s sur l&rsquo;alimentation saine, la description de la personnalit\u00e9 des gens, l&rsquo;expression de leur point de vue sur l&rsquo;art, la vie avec les ordinateurs et l&rsquo;expression de leurs opinions sur l&rsquo;\u00e9thique et les valeurs.<\/p>\n\n<h2 class=\"wp-block-heading jinr-heading d--bold\"><strong>Conversation interm\u00e9diaire II<\/strong><\/h2>\n\n<p>Les \u00e9tudiants qui terminent ce cours avec succ\u00e8s seront capables de communiquer de mani\u00e8re efficace, compl\u00e8te, fluide, claire et pr\u00e9cise en utilisant la grammaire et le vocabulaire appropri\u00e9s pour faire la conversation, discuter de questions de sant\u00e9, accomplir des t\u00e2ches, lire pour le plaisir et discuter de catastrophes naturelles.<\/p>\n\n<h2 class=\"wp-block-heading jinr-heading d--bold\"><strong>Conversation interm\u00e9diaire III<\/strong><\/h2>\n\n<p>\u00c0 l&rsquo;issue de ce cours, les \u00e9l\u00e8ves seront capables de communiquer de mani\u00e8re efficace, compl\u00e8te, fluide, claire et pr\u00e9cise, en utilisant une grammaire et un vocabulaire appropri\u00e9s, sur l&rsquo;organisation de la vie, les vacances, les inventions et les d\u00e9couvertes, les d\u00e9bats sur des questions controvers\u00e9es et l&rsquo;observation de la beaut\u00e9 du monde.<\/p>\n\n<p><em>D\u00e9finitions :<\/em><\/p>\n\n<ul class=\"jinr-list wp-block-list\">\n<li><strong>Appropri\u00e9 :<\/strong> R\u00e9ponse raisonnable<\/li>\n\n\n\n<li><strong>Complet :<\/strong> R\u00e9ponse utilisant un vocabulaire vari\u00e9 pour fournir des d\u00e9tails appropri\u00e9s.<\/li>\n\n\n\n<li><strong>Fluide :<\/strong> R\u00e9ponse fluide et ininterrompue.<\/li>\n\n\n\n<li><strong>Clair :<\/strong> clair et facilement compr\u00e9hensible par des locuteurs natifs<\/li>\n\n\n\n<li><strong>Pr\u00e9cision :<\/strong> Grammaire correcte avec utilisation appropri\u00e9e d&rsquo;expressions famili\u00e8res.<\/li>\n<\/ul>\n\n<h2 class=\"wp-block-heading jinr-heading d--bold\"><strong>Obtenir le niveau 2 de l&rsquo;ILR en comp\u00e9tence conversationnelle<\/strong><\/h2>\n\n<p>Les \u00e9tudiants qui atteignent les r\u00e9sultats d&rsquo;apprentissage \u00e0 chaque niveau s&rsquo;expriment principalement dans une conversation en \u00e9coutant et en parlant (et, dans une certaine mesure, en lisant et en \u00e9crivant), atteignant ainsi le niveau 2 de l&rsquo;ILR (appel\u00e9 Limited Working Proficiency). Le programme d&rsquo;\u00e9tudes met l&rsquo;accent sur l&rsquo;int\u00e9gration du mat\u00e9riel d&rsquo;apprentissage des langues.<\/p>\n\n<p>Les \u00e9tudiants qui atteignent ce niveau sont cens\u00e9s pouvoir r\u00e9pondre avec une grande pr\u00e9cision (au moins 75 %) \u00e0 des questions de test confirmant qu&rsquo;ils ont acquis les connaissances et les comp\u00e9tences d\u00e9crites dans chaque classe.<\/p>\n<section class=\"b--jinr-block b--jinr-blogcard d--blogcard-hover-up d--blogcard-style1 d--blogcard-mysite t--round \"><div class=\"a--blogcard-label ef\">Related Page<\/div><a class=\"o--blogcard-link t--round\" href=\"https:\/\/www.academiaschool.edu\/programs\/intermediate\/\"><div class=\"c--blogcard-image\"><img loading=\"lazy\" decoding=\"async\" class=\"a--blogcard-img-src\" width=\"128\" height=\"72\" src=\"https:\/\/www.academiaschool.edu\/wp-content\/uploads\/2025\/02\/\u540d\u79f0\u672a\u8a2d\u5b9a\u306e\u30c7\u30b6\u30a4\u30f3-7.png\" alt=\"Intermediate Level\" \/><\/div><div class=\"a--blogcard-title d--bold\">Intermediate Level<\/div><\/a><\/section>","protected":false},"excerpt":{"rendered":"<p>Conversation interm\u00e9diaire I A l&rsquo;issue de ce cours, les \u00e9l\u00e8ves seront capables de communiquer de mani\u00e8re efficace, compl\u00e8te, fluide, claire et pr\u00e9cise en utilisant une grammaire et un vocabulaire appropri\u00e9s sur l&rsquo;alimentation saine, la description de la personnalit\u00e9 des gens, l&rsquo;expression de leur point de vue sur l&rsquo;art, la vie avec les ordinateurs et l&rsquo;expression [&hellip;]<\/p>\n","protected":false},"author":1,"featured_media":0,"parent":4708,"menu_order":0,"comment_status":"closed","ping_status":"closed","template":"","meta":{"_jinr_url_youtube":"","_jinr_pip_youtube":false,"_jinr_time_youtube":"","_jinr_thumb_youtube":"","_jinr_media_youtube":"","_jinr_category_edit":false,"_jinr_category":"","_jinr_title_display":false,"_jinr_snsbutton_display":false,"_jinr_ads_display":false,"_jinr_thumbnail_display":false,"_jinr_profile_display":false,"_jinr_representations_display":false,"_jinr_relatedpost_display":false,"_jinr_sidebar1col_display":false,"_jinr_sidebar2col_display":false,"_jinr_seotitle_display":"","_jinr_description_display":"","_jinr_keyword_display":"","_jinr_hastag_display":"","_jinr_canonical_display":"","_jinr_noindex_display":false,"_jinr_paidpost":false,"_jinr_paidpost_product_id":"","_jinr_headtag_article":"","footnotes":""},"class_list":["post-4718","page","type-page","status-publish","hentry"],"_links":{"self":[{"href":"https:\/\/www.academiaschool.edu\/fr\/wp-json\/wp\/v2\/pages\/4718","targetHints":{"allow":["GET"]}}],"collection":[{"href":"https:\/\/www.academiaschool.edu\/fr\/wp-json\/wp\/v2\/pages"}],"about":[{"href":"https:\/\/www.academiaschool.edu\/fr\/wp-json\/wp\/v2\/types\/page"}],"author":[{"embeddable":true,"href":"https:\/\/www.academiaschool.edu\/fr\/wp-json\/wp\/v2\/users\/1"}],"replies":[{"embeddable":true,"href":"https:\/\/www.academiaschool.edu\/fr\/wp-json\/wp\/v2\/comments?post=4718"}],"version-history":[{"count":3,"href":"https:\/\/www.academiaschool.edu\/fr\/wp-json\/wp\/v2\/pages\/4718\/revisions"}],"predecessor-version":[{"id":4721,"href":"https:\/\/www.academiaschool.edu\/fr\/wp-json\/wp\/v2\/pages\/4718\/revisions\/4721"}],"up":[{"embeddable":true,"href":"https:\/\/www.academiaschool.edu\/fr\/wp-json\/wp\/v2\/pages\/4708"}],"wp:attachment":[{"href":"https:\/\/www.academiaschool.edu\/fr\/wp-json\/wp\/v2\/media?parent=4718"}],"curies":[{"name":"wp","href":"https:\/\/api.w.org\/{rel}","templated":true}]}}