{"id":4708,"date":"2024-03-21T12:16:10","date_gmt":"2024-03-21T22:16:10","guid":{"rendered":"https:\/\/academia-school.net\/apercu-du-programme\/niveau-intermediaire\/"},"modified":"2024-04-24T09:40:59","modified_gmt":"2024-04-24T19:40:59","slug":"niveau-intermediaire","status":"publish","type":"page","link":"https:\/\/www.academiaschool.edu\/fr\/apercu-du-programme\/niveau-intermediaire\/","title":{"rendered":"Niveau interm\u00e9diaire"},"content":{"rendered":"\n<section class=\"wp-block-jinr-blocks-fullwidth b--jinr-block b--jinr-fullwidth-container d--top-margin-xs-pc d--bottom-margin-xs-pc d--top-margin-xs-sp d--bottom-margin-xs-sp \"><section class=\"b--jinr-fullwidth d--fullwidth-parallax-off d--fullwidth-deco-bgimage\"><div class=\"a--jinr-fullwidth-image\"><div class=\"a--jinr-fullwidth-image-clip\"><img decoding=\"async\" src=\"https:\/\/www.academiaschool.edu\/wp-content\/uploads\/2024\/03\/leo_visions-fMyaQWQrwwU-unsplash.webp\"\/><\/div><\/div><div class=\"a--jinr-fullwidth-overlay\" style=\"background-color:#f5f5f5;opacity:0\"><\/div><div class=\"d--fullwidth-100 d--fullwidth-pad40 d--fullwidth-pad0-sp t--main-width\" style=\"color:false\">\n<p class=\"has-text-align-center has-white-color has-text-color has-link-color wp-elements-c1a3e466a7e49c80c4f583c262215982\"><span class=\"jinr-d--font-size d--fontsize-36px\"><strong><strong>Niveau interm\u00e9diaire<\/strong><\/strong><\/span><\/p>\n<\/div><\/section><\/section>\n\n<h2 class=\"wp-block-heading jinr-heading d--bold\"><strong>Aper\u00e7u du programme d&rsquo;\u00e9tudes du niveau interm\u00e9diaire<\/strong><\/h2>\n\n<section class=\"wp-block-jinr-blocks-simplebox b--jinr-block-container\"><div class=\"b--jinr-block b--jinr-box d--simple-box10  \"><div class=\"c--simple-box-inner\">\n<p class=\"has-text-align-center\"><strong><span class=\"jinr-d--font-size d--fontsize-18px\"><strong>Nom du programme : <span class=\"jinr-d--text-color d--user-color1 d--bold\">Programme d&rsquo;anglais pour la communication<\/span><\/strong><\/span><\/strong><\/p>\n<\/div><\/div><\/section>\n\n<p><span class=\"jinr-d--text-color d--user-color2 d--bold\"><strong>Objectif du programme :<\/strong> <\/span>Le programme d&rsquo;\u00e9tudes du niveau interm\u00e9diaire vise \u00e0 permettre une communication souple en anglais dans diverses situations de la vie quotidienne. L&rsquo;objectif de ce cours est de d\u00e9velopper la confiance des \u00e9tudiants dans la communication dans divers sc\u00e9narios de la vie et du travail.<\/p>\n\n<p>Plus pr\u00e9cis\u00e9ment, le programme am\u00e9liore la compr\u00e9hension des expressions idiomatiques et des termes n\u00e9cessaires \u00e0 la conversation en anglais, et enseigne comment les utiliser dans la vie de tous les jours et sur le lieu de travail. L&rsquo;objectif est que les \u00e9tudiants soient capables d&rsquo;utiliser correctement des expressions pratiques dans des contextes pratiques.<\/p>\n\n<p><span class=\"jinr-d--text-color d--user-color2 d--bold\"><strong>Objectifs apr\u00e8s l&rsquo;ach\u00e8vement du cours :<\/strong> <\/span>A l&rsquo;issue de ce cours, les \u00e9tudiants sont cens\u00e9s pouvoir communiquer avec assurance dans diverses situations, y compris les conversations quotidiennes, le lieu de travail et les interactions sociales.<\/p>\n\n<h2 class=\"wp-block-heading jinr-heading d--bold\"><strong>Cours obligatoires et facultatifs au niveau interm\u00e9diaire<\/strong><\/h2>\n\n<p><strong><span class=\"jinr-d--text-color d--user-color2 d--bold\">Cours obligatoires :<\/span><\/strong><\/p>\n\n<ul class=\"jinr-list wp-block-list\">\n<li>Grammaire interm\u00e9diaire I, II, III<\/li>\n\n\n\n<li>Conversation interm\u00e9diaire I, II, III<\/li>\n<\/ul>\n\n<p><strong>\n  <span class=\"jinr-d--text-color d--user-color2 d--bold\">Cours \u00e0 option :<\/span>\n<\/strong>Les cours au choix au niveau interm\u00e9diaire peuvent \u00eatre choisis parmi les mati\u00e8res suivantes :<\/p>\n\n<ul class=\"jinr-list wp-block-list\">\n<li>Prononciation<\/li>\n\n\n\n<li>Vocabulaire<\/li>\n\n\n\n<li>Lecture\/\u00e9criture<\/li>\n\n\n\n<li>\u00c9couter\/parler<\/li>\n<\/ul>\n\n<p>De nombreux autres cours facultatifs sont \u00e9galement disponibles chaque semestre.<\/p>\n<section class=\"b--jinr-block b--jinr-blogcard d--blogcard-hover-up d--blogcard-style1 d--blogcard-mysite t--round \"><div class=\"a--blogcard-label ef\">Related Page<\/div><a class=\"o--blogcard-link t--round\" href=\"https:\/\/www.academiaschool.edu\/programs\/intermediate\/intermediate-level-conversation\/\"><div class=\"c--blogcard-image\"><img loading=\"lazy\" decoding=\"async\" class=\"a--blogcard-img-src\" width=\"128\" height=\"72\" src=\"https:\/\/www.academiaschool.edu\/wp-content\/uploads\/2025\/02\/\u540d\u79f0\u672a\u8a2d\u5b9a\u306e\u30c7\u30b6\u30a4\u30f3-7.png\" alt=\"Details and Learning Outcomes of Intermediate Conversation Levels I, II, &amp; III\" \/><\/div><div class=\"a--blogcard-title d--bold\">Details and Learning Outcomes of Intermediate Conversation Levels I, II, &amp; III<\/div><\/a><\/section><section class=\"b--jinr-block b--jinr-blogcard d--blogcard-hover-up d--blogcard-style1 d--blogcard-mysite t--round \"><div class=\"a--blogcard-label ef\">Related Page<\/div><a class=\"o--blogcard-link t--round\" href=\"https:\/\/www.academiaschool.edu\/programs\/intermediate\/intermediate-level-grammar\/\"><div class=\"c--blogcard-image\"><img loading=\"lazy\" decoding=\"async\" class=\"a--blogcard-img-src\" width=\"128\" height=\"72\" src=\"https:\/\/www.academiaschool.edu\/wp-content\/uploads\/2025\/02\/\u540d\u79f0\u672a\u8a2d\u5b9a\u306e\u30c7\u30b6\u30a4\u30f3-7.png\" alt=\"Details and Learning Outcomes for Intermediate Grammar Levels I, II, &amp; III\" \/><\/div><div class=\"a--blogcard-title d--bold\">Details and Learning Outcomes for Intermediate Grammar Levels I, II, &amp; III<\/div><\/a><\/section>\n<h2 class=\"wp-block-heading jinr-heading d--bold\"><strong>Consid\u00e9rations pour les cours de niveau interm\u00e9diaire<\/strong><\/h2>\n\n<p>Les \u00e9tudiants qui terminent les cours de grammaire et de conversation interm\u00e9diaires ont atteint le niveau 2 de l&rsquo;ILR (Limited Working Proficiency).  <\/p>\n\n<p><span class=\"jinr-d--text-color d--user-color2 d--bold\">Les caract\u00e9ristiques des \u00e9tudiants au niveau 2 de l&rsquo;ILR sont les suivantes :<\/span><\/p>\n\n<ul class=\"jinr-list wp-block-list\">\n<li>Capable de r\u00e9pondre aux exigences des interactions sociales quotidiennes<\/li>\n\n\n\n<li>Peut faire face \u00e0 la plupart des situations sociales avec confiance mais pas facilement, y compris les conversations informelles sur les pr\u00e9sentations, l&rsquo;actualit\u00e9, le travail, la famille et les informations autobiographiques.<\/li>\n\n\n\n<li>Ils sont capables de faire face \u00e0 des exigences professionnelles limit\u00e9es, bien qu&rsquo;ils puissent avoir besoin d&rsquo;aide en cas de complexit\u00e9 ou de difficult\u00e9, et peuvent comprendre les points essentiels de la plupart des conversations sur des sujets non techniques (c&rsquo;est-\u00e0-dire des sujets qui ne n\u00e9cessitent pas de connaissances sp\u00e9cialis\u00e9es), m\u00eame s&rsquo;ils utilisent parfois des expressions quelque peu indirectes.<\/li>\n\n\n\n<li>ont souvent un accent reconnaissable mais tr\u00e8s impr\u00e9cis<\/li>\n\n\n\n<li>G\u00e9n\u00e9ralement capable d&rsquo;utiliser les structures de base de mani\u00e8re assez pr\u00e9cise, mais ne ma\u00eetrisant pas la grammaire de mani\u00e8re approfondie ou s\u00fbre.<\/li>\n<\/ul>\n<section class=\"b--jinr-block b--jinr-blogcard d--blogcard-hover-up d--blogcard-style1 d--blogcard-mysite t--round \"><div class=\"a--blogcard-label ef\">Related Page<\/div><a class=\"o--blogcard-link t--round\" href=\"https:\/\/www.academiaschool.edu\/programs\/\"><div class=\"c--blogcard-image\"><img loading=\"lazy\" decoding=\"async\" class=\"a--blogcard-img-src\" width=\"128\" height=\"72\" src=\"https:\/\/www.academiaschool.edu\/wp-content\/uploads\/2025\/02\/\u540d\u79f0\u672a\u8a2d\u5b9a\u306e\u30c7\u30b6\u30a4\u30f3-7.png\" alt=\"Overview of the Program\" \/><\/div><div class=\"a--blogcard-title d--bold\">Overview of the Program<\/div><\/a><\/section>","protected":false},"excerpt":{"rendered":"<p>Aper\u00e7u du programme d&rsquo;\u00e9tudes du niveau interm\u00e9diaire Objectif du programme : Le programme d&rsquo;\u00e9tudes du niveau interm\u00e9diaire vise \u00e0 permettre une communication souple en anglais dans diverses situations de la vie quotidienne. L&rsquo;objectif de ce cours est de d\u00e9velopper la confiance des \u00e9tudiants dans la communication dans divers sc\u00e9narios de la vie et du travail. [&hellip;]<\/p>\n","protected":false},"author":1,"featured_media":0,"parent":4597,"menu_order":0,"comment_status":"closed","ping_status":"closed","template":"","meta":{"_jinr_url_youtube":"","_jinr_pip_youtube":false,"_jinr_time_youtube":"","_jinr_thumb_youtube":"","_jinr_media_youtube":"","_jinr_category_edit":false,"_jinr_category":"","_jinr_title_display":false,"_jinr_snsbutton_display":false,"_jinr_ads_display":false,"_jinr_thumbnail_display":false,"_jinr_profile_display":false,"_jinr_representations_display":false,"_jinr_relatedpost_display":false,"_jinr_sidebar1col_display":false,"_jinr_sidebar2col_display":false,"_jinr_seotitle_display":"","_jinr_description_display":"","_jinr_keyword_display":"","_jinr_hastag_display":"","_jinr_canonical_display":"","_jinr_noindex_display":false,"_jinr_paidpost":false,"_jinr_paidpost_product_id":"","_jinr_headtag_article":"","footnotes":""},"class_list":["post-4708","page","type-page","status-publish","hentry"],"_links":{"self":[{"href":"https:\/\/www.academiaschool.edu\/fr\/wp-json\/wp\/v2\/pages\/4708","targetHints":{"allow":["GET"]}}],"collection":[{"href":"https:\/\/www.academiaschool.edu\/fr\/wp-json\/wp\/v2\/pages"}],"about":[{"href":"https:\/\/www.academiaschool.edu\/fr\/wp-json\/wp\/v2\/types\/page"}],"author":[{"embeddable":true,"href":"https:\/\/www.academiaschool.edu\/fr\/wp-json\/wp\/v2\/users\/1"}],"replies":[{"embeddable":true,"href":"https:\/\/www.academiaschool.edu\/fr\/wp-json\/wp\/v2\/comments?post=4708"}],"version-history":[{"count":3,"href":"https:\/\/www.academiaschool.edu\/fr\/wp-json\/wp\/v2\/pages\/4708\/revisions"}],"predecessor-version":[{"id":4711,"href":"https:\/\/www.academiaschool.edu\/fr\/wp-json\/wp\/v2\/pages\/4708\/revisions\/4711"}],"up":[{"embeddable":true,"href":"https:\/\/www.academiaschool.edu\/fr\/wp-json\/wp\/v2\/pages\/4597"}],"wp:attachment":[{"href":"https:\/\/www.academiaschool.edu\/fr\/wp-json\/wp\/v2\/media?parent=4708"}],"curies":[{"name":"wp","href":"https:\/\/api.w.org\/{rel}","templated":true}]}}