{"id":4704,"date":"2024-03-21T12:20:47","date_gmt":"2024-03-21T22:20:47","guid":{"rendered":"https:\/\/academia-school.net\/apercu-du-programme\/anglais-des-affaires\/"},"modified":"2024-04-24T09:45:47","modified_gmt":"2024-04-24T19:45:47","slug":"anglais-des-affaires","status":"publish","type":"page","link":"https:\/\/www.academiaschool.edu\/fr\/apercu-du-programme\/anglais-des-affaires\/","title":{"rendered":"Anglais des affaires"},"content":{"rendered":"\n<section class=\"wp-block-jinr-blocks-fullwidth b--jinr-block b--jinr-fullwidth-container d--top-margin-xs-pc d--bottom-margin-xs-pc d--top-margin-xs-sp d--bottom-margin-xs-sp \"><section class=\"b--jinr-fullwidth d--fullwidth-parallax-off d--fullwidth-deco-bgimage\"><div class=\"a--jinr-fullwidth-image\"><div class=\"a--jinr-fullwidth-image-clip\"><img decoding=\"async\" src=\"https:\/\/www.academiaschool.edu\/wp-content\/uploads\/2024\/03\/leo_visions-fMyaQWQrwwU-unsplash.webp\"\/><\/div><\/div><div class=\"a--jinr-fullwidth-overlay\" style=\"background-color:#f5f5f5;opacity:0\"><\/div><div class=\"d--fullwidth-100 d--fullwidth-pad40 d--fullwidth-pad0-sp t--main-width\" style=\"color:false\">\n<p class=\"has-text-align-center has-white-color has-text-color has-link-color wp-elements-87c451a0064084b99bce811f1ce57a1f\"><span class=\"jinr-d--font-size d--fontsize-36px\"><strong><strong>Anglais des affaires<\/strong><\/strong><\/span><\/p>\n<\/div><\/section><\/section>\n\n<h2 class=\"wp-block-heading jinr-heading d--bold\"><strong>Aper\u00e7u de l&rsquo;anglais des affaires<\/strong><\/h2>\n\n<p>Dans notre \u00e9cole, nous proposons les cours suivants comme cours \u00e0 option \u00e0 tous les niveaux (d\u00e9butant, interm\u00e9diaire, avanc\u00e9) pour les \u00e9tudiants qui souhaitent acqu\u00e9rir des comp\u00e9tences linguistiques utiles dans les environnements de travail anglophones.<\/p>\n\n<p>Veuillez noter que les cours facultatifs propos\u00e9s varient d&rsquo;un semestre \u00e0 l&rsquo;autre ; contactez-nous pour plus de d\u00e9tails.<\/p>\n\n<h3 class=\"wp-block-heading jinr-heading d--bold\"><strong>Anglais des affaires (anglais complet)<\/strong><\/h3>\n\n<p>Ce cours vise \u00e0 am\u00e9liorer les comp\u00e9tences en mati\u00e8re de lecture, d&rsquo;\u00e9criture, d&rsquo;\u00e9coute et d&rsquo;expression orale dans le monde des affaires. Les \u00e9tudiants am\u00e9liorent leur capacit\u00e9 \u00e0 communiquer efficacement en anglais dans divers contextes professionnels et d\u00e9veloppent les comp\u00e9tences de communication n\u00e9cessaires \u00e0 la r\u00e9ussite professionnelle.<\/p>\n\n<p>Plus pr\u00e9cis\u00e9ment, les \u00e9tudiants apprendront le vocabulaire et les expressions n\u00e9cessaires \u00e0 la communication dans diverses situations professionnelles. L&rsquo;apprentissage se fait par l&rsquo;analyse d&rsquo;\u00e9tudes de cas, des pr\u00e9sentations, des n\u00e9gociations et des conversations \u00e0 distance avec d&rsquo;autres personnes par le biais de chats t\u00e9l\u00e9phoniques et vid\u00e9o et de conf\u00e9rences t\u00e9l\u00e9phoniques.<\/p>\n\n<p>A l&rsquo;issue de ce cours, les \u00e9tudiants seront capables de communiquer avec plus d&rsquo;aisance et d&rsquo;assurance sur des sujets couramment abord\u00e9s dans le monde des affaires et d&rsquo;interagir efficacement dans de nombreuses situations sociales.<\/p>\n\n<h3 class=\"wp-block-heading jinr-heading d--bold\"><strong>L&rsquo;argot des affaires (anglais compr\u00e9hensif)<\/strong><\/h3>\n\n<p>Comme le cours d&rsquo;anglais des affaires, ce cours se concentre sur le d\u00e9veloppement des comp\u00e9tences de lecture, d&rsquo;\u00e9criture, d&rsquo;\u00e9coute et d&rsquo;expression orale applicables au monde des affaires, mais alors que le cours d&rsquo;anglais des affaires se concentre sur l&rsquo;anglais formel, le cours d&rsquo;argot des affaires am\u00e9liore la capacit\u00e9 \u00e0 communiquer dans un langage professionnel d\u00e9contract\u00e9 couramment utilis\u00e9 dans les environnements de travail quotidiens.<\/p>\n\n<p>Dans le cours d&rsquo;argot des affaires, les \u00e9tudiants apprennent le vocabulaire et les expressions n\u00e9cessaires pour communiquer avec leurs coll\u00e8gues et leurs pairs. \u00c0 l&rsquo;issue de ce cours, les \u00e9tudiants seront capables de communiquer de mani\u00e8re informelle et de refl\u00e9ter des pens\u00e9es et des id\u00e9es directes et fond\u00e9es, commun\u00e9ment exprim\u00e9es par leurs pairs et leurs proches collaborateurs.<\/p>\n\n<h3 class=\"wp-block-heading jinr-heading d--bold\"><strong>Cours de pr\u00e9paration au test TOEIC<\/strong><\/h3>\n\n<p>Le TOEIC (Test of English for International Communication) est un test sp\u00e9cialement con\u00e7u pour mesurer les comp\u00e9tences en anglais de tous les jours des personnes travaillant dans des environnements internationaux. Ce test est souvent exig\u00e9 par les entreprises qui ont besoin de communiquer avec des anglophones et est parfois utilis\u00e9 comme qualification pour l&rsquo;admission dans les universit\u00e9s et les \u00e9coles professionnelles \u00e0 la place du score au TOEFL.<\/p>\n\n<p>Les \u00e9tudiants de la classe de pr\u00e9paration au TOEIC apprennent des strat\u00e9gies pour obtenir les meilleurs r\u00e9sultats possibles aux sections de lecture et d&rsquo;\u00e9coute du test TOEIC.<\/p>\n\n<p>Plus pr\u00e9cis\u00e9ment, les \u00e9tudiants acquerront des comp\u00e9tences pour :<\/p>\n\n<ul class=\"jinr-list wp-block-list\">\n<li>Lire rapidement et avec pr\u00e9cision des textes et identifier les faits essentiels et les informations importantes.<\/li>\n\n\n\n<li>Distinguer les id\u00e9es principales des autres faits et d\u00e9tails significatifs.<\/li>\n\n\n\n<li>Comprendre le vocabulaire dans son contexte et d\u00e9terminer les pronoms de r\u00e9f\u00e9rence.<\/li>\n\n\n\n<li>Identifier diverses relations entre les id\u00e9es (par exemple, contraste, cause et effet, accord et d\u00e9saccord, \u00e9tapes d&rsquo;un processus).<\/li>\n\n\n\n<li>Suivre le d\u00e9veloppement des id\u00e9es tout au long d&rsquo;un texte.<\/li>\n<\/ul>\n\n<p>Notre \u00e9cole \u00e9tant le seul centre officiel de test TOEIC \u00e0 Hawa\u00ef, les \u00e9tudiants peuvent se pr\u00e9parer et passer le test dans un cadre familier.<\/p>\n\n<h3 class=\"wp-block-heading jinr-heading d--bold\"><strong>Programme d&rsquo;exp\u00e9rience pratique<\/strong><\/h3>\n\n<p>Les \u00e9tudiants du programme d&rsquo;exp\u00e9rience pratique d\u00e9veloppent des comp\u00e9tences de lecture, d&rsquo;\u00e9criture, d&rsquo;\u00e9coute et d&rsquo;expression orale lors d&rsquo;un stage sur un lieu de travail anglophone. Les \u00e9tudiants travaillent 10 heures par semaine sur le lieu de travail et se r\u00e9unissent une fois par semaine en classe avec leurs camarades et les instructeurs pour partager activement leurs exp\u00e9riences de travail sur les lieux de travail am\u00e9ricains.<\/p>\n\n<p>Plus pr\u00e9cis\u00e9ment, les \u00e9tudiants apprendront<\/p>\n\n<ol class=\"jinr-list wp-block-list\">\n<li>Comment r\u00e9diger un CV.<\/li>\n\n\n\n<li>Comportement appropri\u00e9 lors des entretiens.<\/li>\n\n\n\n<li>Comment appliquer ces connaissances pour obtenir un emploi.<\/li>\n\n\n\n<li>Comment utiliser et d\u00e9velopper les comp\u00e9tences en mati\u00e8re de lecture, d&rsquo;\u00e9criture, d&rsquo;\u00e9coute et d&rsquo;expression orale par le biais d&rsquo;exp\u00e9riences r\u00e9elles sur le lieu de travail.<\/li>\n<\/ol>\n\n<p>En g\u00e9n\u00e9ral, les \u00e9tudiants trouvent des postes non r\u00e9mun\u00e9r\u00e9s dans les domaines qui les int\u00e9ressent. Par le pass\u00e9, des stages ont \u00e9t\u00e9 organis\u00e9s dans diverses sp\u00e9cialit\u00e9s, notamment les soins de sant\u00e9, les soins aux personnes \u00e2g\u00e9es et le bien-\u00eatre des animaux.<\/p>\n<section class=\"b--jinr-block b--jinr-blogcard d--blogcard-hover-up d--blogcard-style1 d--blogcard-mysite t--round \"><div class=\"a--blogcard-label ef\">Related Page<\/div><a class=\"o--blogcard-link t--round\" href=\"https:\/\/www.academiaschool.edu\/programs\/\"><div class=\"c--blogcard-image\"><img loading=\"lazy\" decoding=\"async\" class=\"a--blogcard-img-src\" width=\"128\" height=\"72\" src=\"https:\/\/www.academiaschool.edu\/wp-content\/uploads\/2025\/02\/\u540d\u79f0\u672a\u8a2d\u5b9a\u306e\u30c7\u30b6\u30a4\u30f3-7.png\" alt=\"Overview of the Program\" \/><\/div><div class=\"a--blogcard-title d--bold\">Overview of the Program<\/div><\/a><\/section>","protected":false},"excerpt":{"rendered":"<p>Aper\u00e7u de l&rsquo;anglais des affaires Dans notre \u00e9cole, nous proposons les cours suivants comme cours \u00e0 option \u00e0 tous les niveaux (d\u00e9butant, interm\u00e9diaire, avanc\u00e9) pour les \u00e9tudiants qui souhaitent acqu\u00e9rir des comp\u00e9tences linguistiques utiles dans les environnements de travail anglophones. Veuillez noter que les cours facultatifs propos\u00e9s varient d&rsquo;un semestre \u00e0 l&rsquo;autre ; contactez-nous pour [&hellip;]<\/p>\n","protected":false},"author":1,"featured_media":0,"parent":4597,"menu_order":0,"comment_status":"closed","ping_status":"closed","template":"","meta":{"_jinr_url_youtube":"","_jinr_pip_youtube":false,"_jinr_time_youtube":"","_jinr_thumb_youtube":"","_jinr_media_youtube":"","_jinr_category_edit":false,"_jinr_category":"","_jinr_title_display":false,"_jinr_snsbutton_display":false,"_jinr_ads_display":false,"_jinr_thumbnail_display":false,"_jinr_profile_display":false,"_jinr_representations_display":false,"_jinr_relatedpost_display":false,"_jinr_sidebar1col_display":false,"_jinr_sidebar2col_display":false,"_jinr_seotitle_display":"","_jinr_description_display":"","_jinr_keyword_display":"","_jinr_hastag_display":"","_jinr_canonical_display":"","_jinr_noindex_display":false,"_jinr_paidpost":false,"_jinr_paidpost_product_id":"","_jinr_headtag_article":"","footnotes":""},"class_list":["post-4704","page","type-page","status-publish","hentry"],"_links":{"self":[{"href":"https:\/\/www.academiaschool.edu\/fr\/wp-json\/wp\/v2\/pages\/4704","targetHints":{"allow":["GET"]}}],"collection":[{"href":"https:\/\/www.academiaschool.edu\/fr\/wp-json\/wp\/v2\/pages"}],"about":[{"href":"https:\/\/www.academiaschool.edu\/fr\/wp-json\/wp\/v2\/types\/page"}],"author":[{"embeddable":true,"href":"https:\/\/www.academiaschool.edu\/fr\/wp-json\/wp\/v2\/users\/1"}],"replies":[{"embeddable":true,"href":"https:\/\/www.academiaschool.edu\/fr\/wp-json\/wp\/v2\/comments?post=4704"}],"version-history":[{"count":5,"href":"https:\/\/www.academiaschool.edu\/fr\/wp-json\/wp\/v2\/pages\/4704\/revisions"}],"predecessor-version":[{"id":4713,"href":"https:\/\/www.academiaschool.edu\/fr\/wp-json\/wp\/v2\/pages\/4704\/revisions\/4713"}],"up":[{"embeddable":true,"href":"https:\/\/www.academiaschool.edu\/fr\/wp-json\/wp\/v2\/pages\/4597"}],"wp:attachment":[{"href":"https:\/\/www.academiaschool.edu\/fr\/wp-json\/wp\/v2\/media?parent=4704"}],"curies":[{"name":"wp","href":"https:\/\/api.w.org\/{rel}","templated":true}]}}