{"id":4696,"date":"2024-03-25T10:47:11","date_gmt":"2024-03-25T20:47:11","guid":{"rendered":"https:\/\/academia-school.net\/apercu-du-programme\/niveau-debutant\/details-et-resultats-dapprentissage-des-niveaux-i-ii-et-iii-de-la-conversation-pour-debutants\/"},"modified":"2024-04-24T09:25:53","modified_gmt":"2024-04-24T19:25:53","slug":"details-et-resultats-dapprentissage-des-niveaux-i-ii-et-iii-de-la-conversation-pour-debutants","status":"publish","type":"page","link":"https:\/\/www.academiaschool.edu\/fr\/apercu-du-programme\/niveau-debutant\/details-et-resultats-dapprentissage-des-niveaux-i-ii-et-iii-de-la-conversation-pour-debutants\/","title":{"rendered":"D\u00e9tails et r\u00e9sultats d&rsquo;apprentissage des niveaux I, II et III de la conversation pour d\u00e9butants"},"content":{"rendered":"\n<h2 class=\"wp-block-heading jinr-heading d--bold\"><strong>Conversation d\u00e9butante I<\/strong><\/h2>\n\n<p>A l&rsquo;issue de ce cours, l&rsquo;\u00e9l\u00e8ve sera capable de communiquer de mani\u00e8re appropri\u00e9e, compl\u00e8te, fluide, claire et pr\u00e9cise en utilisant une grammaire et un vocabulaire ad\u00e9quats pour faire des rencontres, sortir, parler de sa famille, aller au restaurant et utiliser la technologie.<\/p>\n\n<h2 class=\"wp-block-heading jinr-heading d--bold\"><strong>Conversation d\u00e9butant II<\/strong><\/h2>\n\n<p>Les \u00e9l\u00e8ves qui terminent ce cours avec succ\u00e8s seront capables de communiquer de mani\u00e8re appropri\u00e9e, compl\u00e8te, fluide, claire et pr\u00e9cise en utilisant une grammaire et un vocabulaire appropri\u00e9s sur des sujets tels que le maintien de la sant\u00e9, la planification des vacances, l&rsquo;achat de v\u00eatements, l&rsquo;utilisation des moyens de transport et les achats rentables.<\/p>\n\n<h2 class=\"wp-block-heading jinr-heading d--bold\"><strong>Conversation d\u00e9butant III<\/strong><\/h2>\n\n<p>La r\u00e9ussite de ce cours permettra aux \u00e9tudiants de communiquer de mani\u00e8re appropri\u00e9e, compl\u00e8te, fluide, claire et pr\u00e9cise en utilisant la grammaire et le vocabulaire appropri\u00e9s pour saluer les gens et faire la conversation, discuter de films et de divertissements, s\u00e9journer dans des h\u00f4tels, conduire des voitures et discuter de l&rsquo;entretien personnel et de l&rsquo;apparence.<\/p>\n\n<p><em>D\u00e9finitions :<\/em><\/p>\n\n<ul class=\"jinr-list wp-block-list\">\n<li><strong>Appropri\u00e9 :<\/strong> R\u00e9ponse raisonnable<\/li>\n\n\n\n<li><strong>Complet :<\/strong> R\u00e9ponse utilisant un vocabulaire vari\u00e9 pour fournir des d\u00e9tails appropri\u00e9s.<\/li>\n\n\n\n<li><strong>Fluide :<\/strong> R\u00e9ponse fluide et ininterrompue.<\/li>\n\n\n\n<li><strong>Clair :<\/strong> clair et facilement compr\u00e9hensible par des locuteurs natifs<\/li>\n\n\n\n<li><strong>Pr\u00e9cision :<\/strong> Grammaire correcte avec utilisation appropri\u00e9e d&rsquo;expressions famili\u00e8res.<\/li>\n<\/ul>\n\n<h3 class=\"wp-block-heading jinr-heading d--bold\"><strong>Atteindre le niveau 1 de l&rsquo;ILR en comp\u00e9tence conversationnelle<\/strong><\/h3>\n\n<p>Les \u00e9l\u00e8ves qui atteignent les r\u00e9sultats d&rsquo;apprentissage \u00e0 chaque niveau s&rsquo;expriment principalement dans une conversation en \u00e9coutant et en parlant (et, dans une certaine mesure, en lisant et en \u00e9crivant), atteignant ainsi le niveau 1 de l&rsquo;ILR (comp\u00e9tence dite d\u00e9butante). Le programme d&rsquo;\u00e9tudes met l&rsquo;accent sur l&rsquo;int\u00e9gration du mat\u00e9riel d&rsquo;apprentissage des langues.<\/p>\n\n<p>Les \u00e9tudiants qui atteignent ce niveau sont cens\u00e9s pouvoir r\u00e9pondre avec une grande pr\u00e9cision (au moins 75 %) \u00e0 des questions de test confirmant qu&rsquo;ils ont acquis les connaissances et les comp\u00e9tences d\u00e9crites dans chaque classe.<\/p>\n<section class=\"b--jinr-block b--jinr-blogcard d--blogcard-hover-up d--blogcard-style1 d--blogcard-mysite t--round \"><div class=\"a--blogcard-label ef\">Related Page<\/div><a class=\"o--blogcard-link t--round\" href=\"https:\/\/www.academiaschool.edu\/programs\/beginner\/\"><div class=\"c--blogcard-image\"><img loading=\"lazy\" decoding=\"async\" class=\"a--blogcard-img-src\" width=\"128\" height=\"72\" src=\"https:\/\/www.academiaschool.edu\/wp-content\/uploads\/2025\/02\/\u540d\u79f0\u672a\u8a2d\u5b9a\u306e\u30c7\u30b6\u30a4\u30f3-7.png\" alt=\"Beginner Level\" \/><\/div><div class=\"a--blogcard-title d--bold\">Beginner Level<\/div><\/a><\/section>","protected":false},"excerpt":{"rendered":"<p>Conversation d\u00e9butante I A l&rsquo;issue de ce cours, l&rsquo;\u00e9l\u00e8ve sera capable de communiquer de mani\u00e8re appropri\u00e9e, compl\u00e8te, fluide, claire et pr\u00e9cise en utilisant une grammaire et un vocabulaire ad\u00e9quats pour faire des rencontres, sortir, parler de sa famille, aller au restaurant et utiliser la technologie. Conversation d\u00e9butant II Les \u00e9l\u00e8ves qui terminent ce cours avec [&hellip;]<\/p>\n","protected":false},"author":1,"featured_media":0,"parent":4688,"menu_order":0,"comment_status":"closed","ping_status":"closed","template":"","meta":{"_jinr_url_youtube":"","_jinr_pip_youtube":false,"_jinr_time_youtube":"","_jinr_thumb_youtube":"","_jinr_media_youtube":"","_jinr_category_edit":false,"_jinr_category":"","_jinr_title_display":false,"_jinr_snsbutton_display":false,"_jinr_ads_display":false,"_jinr_thumbnail_display":false,"_jinr_profile_display":false,"_jinr_representations_display":false,"_jinr_relatedpost_display":false,"_jinr_sidebar1col_display":false,"_jinr_sidebar2col_display":false,"_jinr_seotitle_display":"","_jinr_description_display":"","_jinr_keyword_display":"","_jinr_hastag_display":"","_jinr_canonical_display":"","_jinr_noindex_display":false,"_jinr_paidpost":false,"_jinr_paidpost_product_id":"","_jinr_headtag_article":"","footnotes":""},"class_list":["post-4696","page","type-page","status-publish","hentry"],"_links":{"self":[{"href":"https:\/\/www.academiaschool.edu\/fr\/wp-json\/wp\/v2\/pages\/4696","targetHints":{"allow":["GET"]}}],"collection":[{"href":"https:\/\/www.academiaschool.edu\/fr\/wp-json\/wp\/v2\/pages"}],"about":[{"href":"https:\/\/www.academiaschool.edu\/fr\/wp-json\/wp\/v2\/types\/page"}],"author":[{"embeddable":true,"href":"https:\/\/www.academiaschool.edu\/fr\/wp-json\/wp\/v2\/users\/1"}],"replies":[{"embeddable":true,"href":"https:\/\/www.academiaschool.edu\/fr\/wp-json\/wp\/v2\/comments?post=4696"}],"version-history":[{"count":3,"href":"https:\/\/www.academiaschool.edu\/fr\/wp-json\/wp\/v2\/pages\/4696\/revisions"}],"predecessor-version":[{"id":4699,"href":"https:\/\/www.academiaschool.edu\/fr\/wp-json\/wp\/v2\/pages\/4696\/revisions\/4699"}],"up":[{"embeddable":true,"href":"https:\/\/www.academiaschool.edu\/fr\/wp-json\/wp\/v2\/pages\/4688"}],"wp:attachment":[{"href":"https:\/\/www.academiaschool.edu\/fr\/wp-json\/wp\/v2\/media?parent=4696"}],"curies":[{"name":"wp","href":"https:\/\/api.w.org\/{rel}","templated":true}]}}