{"id":4692,"date":"2024-03-25T10:41:40","date_gmt":"2024-03-25T20:41:40","guid":{"rendered":"https:\/\/academia-school.net\/apercu-du-programme\/niveau-debutant\/vue-densemble-detaillee-et-objectifs-a-atteindre-pour-le-niveau-debutant-en-grammaire-i-ii-iii\/"},"modified":"2024-04-24T09:25:41","modified_gmt":"2024-04-24T19:25:41","slug":"vue-densemble-detaillee-et-objectifs-a-atteindre-pour-le-niveau-debutant-en-grammaire-i-ii-iii","status":"publish","type":"page","link":"https:\/\/www.academiaschool.edu\/fr\/apercu-du-programme\/niveau-debutant\/vue-densemble-detaillee-et-objectifs-a-atteindre-pour-le-niveau-debutant-en-grammaire-i-ii-iii\/","title":{"rendered":"Vue d&rsquo;ensemble d\u00e9taill\u00e9e et objectifs \u00e0 atteindre pour le niveau d\u00e9butant en grammaire I, II, III"},"content":{"rendered":"\n<p>Vous trouverez ici une explication d\u00e9taill\u00e9e de la grammaire pour d\u00e9butants pour le niveau 1 de l&rsquo;ILR (Elementary Proficiency).<\/p>\n\n<h2 class=\"wp-block-heading jinr-heading d--bold\"><strong>Grammaire d\u00e9butante I<\/strong><\/h2>\n\n<p>A l&rsquo;issue de ce cours, les \u00e9tudiants seront capables de poser et de r\u00e9pondre \u00e0 des questions simples au pr\u00e9sent en utilisant des phrases compos\u00e9es d&rsquo;un seul membre de phrase. Ils d\u00e9montreront une compr\u00e9hension pr\u00e9cise de l&rsquo;utilisation correcte du pr\u00e9sent simple et du pr\u00e9sent continu. En outre, les \u00e9l\u00e8ves seront capables d&rsquo;orthographier correctement les noms d&rsquo;usage courant au pluriel.<\/p>\n\n<p><strong>Objectifs de r\u00e9ussite pour la grammaire d\u00e9butante I :<\/strong><\/p>\n\n<ul class=\"jinr-list wp-block-list\">\n<li>Formuler des questions simples au pr\u00e9sent et y r\u00e9pondre.<\/li>\n\n\n\n<li>Comprendre et appliquer les r\u00e8gles du pr\u00e9sent continu.<\/li>\n\n\n\n<li>Utiliser et orthographier correctement les formes singuli\u00e8res et plurielles des noms communs.<\/li>\n<\/ul>\n\n<h2 class=\"wp-block-heading jinr-heading d--bold\"><strong>Grammaire d\u00e9butante II<\/strong><\/h2>\n\n<p>A l&rsquo;issue de ce cours, les \u00e9tudiants seront capables d&rsquo;utiliser des noms et des pronoms r\u00e9guliers et irr\u00e9guliers, au singulier et au pluriel, au nominatif et \u00e0 l&rsquo;objectif, ainsi que des adjectifs. Ils feront la distinction entre les noms d\u00e9nombrables et ind\u00e9nombrables et utiliseront les articles et les participes de mani\u00e8re appropri\u00e9e. Ils peuvent exprimer des \u00e9v\u00e9nements pass\u00e9s en utilisant les adverbes et les temps de verbe corrects pour les verbes r\u00e9guliers et irr\u00e9guliers. Enfin, les \u00e9l\u00e8ves seront capables d&rsquo;utiliser le mot \u00ab\u00a0will\u00a0\u00bb pour parler d&rsquo;\u00e9v\u00e9nements futurs.<\/p>\n\n<p><strong>Objectifs de r\u00e9ussite pour la grammaire d\u00e9butante II :<\/strong><\/p>\n\n<ul class=\"jinr-list wp-block-list\">\n<li>Utilisez les noms et les pronoms dans les cas grammaticaux corrects.<\/li>\n\n\n\n<li>Diff\u00e9rencier et utiliser les noms d\u00e9nombrables et ind\u00e9nombrables avec les articles appropri\u00e9s.<\/li>\n\n\n\n<li>Exprimer des activit\u00e9s pass\u00e9es en utilisant des temps de verbe corrects.<\/li>\n\n\n\n<li>Discutez de vos intentions futures en utilisant le mot \u00ab\u00a0will\u00a0\u00bb.<\/li>\n<\/ul>\n\n<h2 class=\"wp-block-heading jinr-heading d--bold\"><strong>Grammaire d\u00e9butante III<\/strong><\/h2>\n\n<p>Les \u00e9tudiants qui terminent ce cours seront capables d&rsquo;utiliser les verbes modaux de mani\u00e8re appropri\u00e9e, y compris \u00ab\u00a0peut\u00a0\u00bb, \u00ab\u00a0pourrait\u00a0\u00bb, \u00ab\u00a0peut\u00a0\u00bb, \u00ab\u00a0savoir comment\u00a0\u00bb, \u00ab\u00a0pourrait\u00a0\u00bb, \u00ab\u00a0\u00eatre capable de\u00a0\u00bb, \u00ab\u00a0devrait\u00a0\u00bb, \u00ab\u00a0doit\u00a0\u00bb et \u00ab\u00a0doit\u00a0\u00bb. Ils peuvent poser des questions polies en utilisant \u00ab\u00a0puis-je\u00a0\u00bb, \u00ab\u00a0pourrais-je\u00a0\u00bb, \u00ab\u00a0puis-je\u00a0\u00bb, et faire des suggestions en utilisant \u00ab\u00a0allons\u00a0\u00bb. Ils sont capables d&rsquo;utiliser des expressions courantes de quantit\u00e9 et peuvent faire des comparaisons en utilisant \u00ab\u00a0pareil \u00e0\u00a0\u00bb, \u00ab\u00a0similaire \u00e0\u00a0\u00bb, \u00ab\u00a0diff\u00e9rent de\u00a0\u00bb, \u00ab\u00a0comme\u00a0\u00bb, \u00ab\u00a0semblable\u00a0\u00bb, ainsi que des formes comparatives et superlatives d&rsquo;adjectifs et d&rsquo;adverbes.<\/p>\n\n<p><strong>Objectifs de r\u00e9ussite en grammaire pour d\u00e9butants III :<\/strong><\/p>\n\n<ul class=\"jinr-list wp-block-list\">\n<li>Utiliser \u00e0 bon escient les verbes modaux pour exprimer la capacit\u00e9, la permission, l&rsquo;obligation et le conseil.<\/li>\n\n\n\n<li>Faites des demandes et des suggestions polies.<\/li>\n\n\n\n<li>Utiliser des expressions quantitatives et effectuer des comparaisons en utilisant les structures grammaticales appropri\u00e9es.<\/li>\n<\/ul>\n\n<h2 class=\"wp-block-heading jinr-heading d--bold\"><strong>Obtention du niveau 1 de l&rsquo;ILR en grammaire :<\/strong><\/h2>\n\n<p>Les \u00e9l\u00e8ves qui atteignent les r\u00e9sultats d&rsquo;apprentissage \u00e0 chaque niveau sont consid\u00e9r\u00e9s comme ayant acquis le niveau 1 de l&rsquo;ILR (comp\u00e9tence \u00e9l\u00e9mentaire) en grammaire, principalement en lecture et en \u00e9criture et, dans une certaine mesure, en compr\u00e9hension et en expression orale. Le programme d&rsquo;\u00e9tudes utilise des comp\u00e9tences int\u00e9gr\u00e9es et du mat\u00e9riel d&rsquo;apprentissage de la langue.<\/p>\n\n<p>Les \u00e9tudiants de ce niveau sont cens\u00e9s r\u00e9pondre avec une grande pr\u00e9cision (au moins 75 % de r\u00e9ponses correctes) aux questions de l&rsquo;examen portant sur les connaissances et les comp\u00e9tences d\u00e9crites dans chaque classe.<\/p>\n<section class=\"b--jinr-block b--jinr-blogcard d--blogcard-hover-up d--blogcard-style1 d--blogcard-mysite t--round \"><div class=\"a--blogcard-label ef\">Related Page<\/div><a class=\"o--blogcard-link t--round\" href=\"https:\/\/www.academiaschool.edu\/programs\/beginner\/\"><div class=\"c--blogcard-image\"><img loading=\"lazy\" decoding=\"async\" class=\"a--blogcard-img-src\" width=\"128\" height=\"72\" src=\"https:\/\/www.academiaschool.edu\/wp-content\/uploads\/2025\/02\/\u540d\u79f0\u672a\u8a2d\u5b9a\u306e\u30c7\u30b6\u30a4\u30f3-7.png\" alt=\"Beginner Level\" \/><\/div><div class=\"a--blogcard-title d--bold\">Beginner Level<\/div><\/a><\/section>","protected":false},"excerpt":{"rendered":"<p>Vous trouverez ici une explication d\u00e9taill\u00e9e de la grammaire pour d\u00e9butants pour le niveau 1 de l&rsquo;ILR (Elementary Proficiency). Grammaire d\u00e9butante I A l&rsquo;issue de ce cours, les \u00e9tudiants seront capables de poser et de r\u00e9pondre \u00e0 des questions simples au pr\u00e9sent en utilisant des phrases compos\u00e9es d&rsquo;un seul membre de phrase. Ils d\u00e9montreront une [&hellip;]<\/p>\n","protected":false},"author":1,"featured_media":0,"parent":4688,"menu_order":0,"comment_status":"closed","ping_status":"closed","template":"","meta":{"_jinr_url_youtube":"","_jinr_pip_youtube":false,"_jinr_time_youtube":"","_jinr_thumb_youtube":"","_jinr_media_youtube":"","_jinr_category_edit":false,"_jinr_category":"","_jinr_title_display":false,"_jinr_snsbutton_display":false,"_jinr_ads_display":false,"_jinr_thumbnail_display":false,"_jinr_profile_display":false,"_jinr_representations_display":false,"_jinr_relatedpost_display":false,"_jinr_sidebar1col_display":false,"_jinr_sidebar2col_display":false,"_jinr_seotitle_display":"","_jinr_description_display":"","_jinr_keyword_display":"","_jinr_hastag_display":"","_jinr_canonical_display":"","_jinr_noindex_display":false,"_jinr_paidpost":false,"_jinr_paidpost_product_id":"","_jinr_headtag_article":"","footnotes":""},"class_list":["post-4692","page","type-page","status-publish","hentry"],"_links":{"self":[{"href":"https:\/\/www.academiaschool.edu\/fr\/wp-json\/wp\/v2\/pages\/4692","targetHints":{"allow":["GET"]}}],"collection":[{"href":"https:\/\/www.academiaschool.edu\/fr\/wp-json\/wp\/v2\/pages"}],"about":[{"href":"https:\/\/www.academiaschool.edu\/fr\/wp-json\/wp\/v2\/types\/page"}],"author":[{"embeddable":true,"href":"https:\/\/www.academiaschool.edu\/fr\/wp-json\/wp\/v2\/users\/1"}],"replies":[{"embeddable":true,"href":"https:\/\/www.academiaschool.edu\/fr\/wp-json\/wp\/v2\/comments?post=4692"}],"version-history":[{"count":3,"href":"https:\/\/www.academiaschool.edu\/fr\/wp-json\/wp\/v2\/pages\/4692\/revisions"}],"predecessor-version":[{"id":4695,"href":"https:\/\/www.academiaschool.edu\/fr\/wp-json\/wp\/v2\/pages\/4692\/revisions\/4695"}],"up":[{"embeddable":true,"href":"https:\/\/www.academiaschool.edu\/fr\/wp-json\/wp\/v2\/pages\/4688"}],"wp:attachment":[{"href":"https:\/\/www.academiaschool.edu\/fr\/wp-json\/wp\/v2\/media?parent=4692"}],"curies":[{"name":"wp","href":"https:\/\/api.w.org\/{rel}","templated":true}]}}