{"id":4688,"date":"2024-03-20T18:09:59","date_gmt":"2024-03-21T04:09:59","guid":{"rendered":"https:\/\/academia-school.net\/apercu-du-programme\/niveau-debutant\/"},"modified":"2024-04-24T09:25:27","modified_gmt":"2024-04-24T19:25:27","slug":"niveau-debutant","status":"publish","type":"page","link":"https:\/\/www.academiaschool.edu\/fr\/apercu-du-programme\/niveau-debutant\/","title":{"rendered":"Niveau d\u00e9butant"},"content":{"rendered":"\n<section class=\"wp-block-jinr-blocks-fullwidth b--jinr-block b--jinr-fullwidth-container d--top-margin-xs-pc d--bottom-margin-xs-pc d--top-margin-xs-sp d--bottom-margin-xs-sp \"><section class=\"b--jinr-fullwidth d--fullwidth-parallax-off d--fullwidth-deco-bgimage\"><div class=\"a--jinr-fullwidth-image\"><div class=\"a--jinr-fullwidth-image-clip\"><img decoding=\"async\" src=\"https:\/\/www.academiaschool.edu\/wp-content\/uploads\/2024\/03\/leo_visions-fMyaQWQrwwU-unsplash.webp\"\/><\/div><\/div><div class=\"a--jinr-fullwidth-overlay\" style=\"background-color:#f5f5f5;opacity:0\"><\/div><div class=\"d--fullwidth-100 d--fullwidth-pad40 d--fullwidth-pad0-sp t--main-width\" style=\"color:false\">\n<p class=\"has-text-align-center has-white-color has-text-color has-link-color wp-elements-f55385c473f5da6b40ff093f1d3f5aac\"><span class=\"jinr-d--font-size d--fontsize-36px\"><strong><strong>Niveau d\u00e9butant<\/strong><\/strong><\/span><\/p>\n<\/div><\/section><\/section>\n\n<h2 class=\"wp-block-heading jinr-heading d--bold\"><strong>Aper\u00e7u du programme du niveau d\u00e9butant<\/strong><\/h2>\n\n<section class=\"wp-block-jinr-blocks-simplebox b--jinr-block-container\"><div class=\"b--jinr-block b--jinr-box d--simple-box10  \"><div class=\"c--simple-box-inner\">\n<p class=\"has-text-align-center\"><strong><span class=\"jinr-d--font-size d--fontsize-18px\"><strong>Nom du programme :<\/strong> <span class=\"jinr-d--text-color d--user-color1 d--bold\">Programme d&rsquo;anglais de base<\/span><\/span><\/strong><\/p>\n<\/div><\/div><\/section>\n\n<p><strong>\n  <span class=\"jinr-d--text-color d--user-color2 d--bold\">Objectif du programme :<\/span>\n<\/strong> Le programme d&rsquo;\u00e9tudes du niveau d\u00e9butant est con\u00e7u pour d\u00e9velopper les comp\u00e9tences de communication n\u00e9cessaires \u00e0 la vie quotidienne en anglais. Le programme vise \u00e0 aider les \u00e9tudiants \u00e0 d\u00e9velopper des capacit\u00e9s de conversation sur des sujets quotidiens. Cela inclut des cours sp\u00e9cialis\u00e9s sur la prononciation de l&rsquo;anglais, que beaucoup d&rsquo;\u00e9tudiants trouvent difficile, ce qui permet d&rsquo;aborder les aspects fondamentaux.<\/p>\n\n<p><strong>\n  <span class=\"jinr-d--text-color d--user-color2 d--bold\">Objectifs apr\u00e8s l&rsquo;ach\u00e8vement du programme :<\/span>\n<\/strong> A l&rsquo;issue du programme, les \u00e9tudiants ont pour objectif d&rsquo;engager des conversations informelles sur la vie quotidienne, le travail, la famille et les t\u00e2ches g\u00e9n\u00e9rales de la vie courante.<\/p>\n\n<h2 class=\"wp-block-heading jinr-heading d--bold\"><strong>Cours obligatoires et facultatifs au niveau d\u00e9butant<\/strong><\/h2>\n\n<p><strong><span class=\"jinr-d--text-color d--user-color2 d--bold\">Cours obligatoires :<\/span><\/strong><\/p>\n\n<ul class=\"jinr-list wp-block-list\">\n<li>Grammaire pour d\u00e9butants I, II, III<\/li>\n\n\n\n<li>Conversation d\u00e9butant I, II, III<\/li>\n<\/ul>\n\n<p><span class=\"jinr-d--text-color d--user-color2 d--bold\"><strong>Cours \u00e0 option :<\/strong> <\/span>Les \u00e9tudiants du niveau d\u00e9butant peuvent choisir parmi les mati\u00e8res suivantes :<\/p>\n\n<ul class=\"jinr-list wp-block-list\">\n<li>Prononciation<\/li>\n\n\n\n<li>Vocabulaire<\/li>\n\n\n\n<li>Lecture\/\u00e9criture<\/li>\n\n\n\n<li>\u00c9couter\/parler<\/li>\n<\/ul>\n\n<p>Chaque semestre propose \u00e9galement une vari\u00e9t\u00e9 de cours \u00e0 option.<\/p>\n<section class=\"b--jinr-block b--jinr-blogcard d--blogcard-hover-up d--blogcard-style1 d--blogcard-mysite t--round \"><div class=\"a--blogcard-label ef\">Related Page<\/div><a class=\"o--blogcard-link t--round\" href=\"https:\/\/www.academiaschool.edu\/programs\/beginner\/beginner-level-grammar\/\"><div class=\"c--blogcard-image\"><img loading=\"lazy\" decoding=\"async\" class=\"a--blogcard-img-src\" width=\"128\" height=\"72\" src=\"https:\/\/www.academiaschool.edu\/wp-content\/uploads\/2025\/02\/\u540d\u79f0\u672a\u8a2d\u5b9a\u306e\u30c7\u30b6\u30a4\u30f3-7.png\" alt=\"Detailed Overview and Achievement Goals for Beginner Level Grammar I, II, III\" \/><\/div><div class=\"a--blogcard-title d--bold\">Detailed Overview and Achievement Goals for Beginner Level Grammar I, II, III<\/div><\/a><\/section><section class=\"b--jinr-block b--jinr-blogcard d--blogcard-hover-up d--blogcard-style1 d--blogcard-mysite t--round \"><div class=\"a--blogcard-label ef\">Related Page<\/div><a class=\"o--blogcard-link t--round\" href=\"https:\/\/www.academiaschool.edu\/programs\/beginner\/beginner-level-conversation\/\"><div class=\"c--blogcard-image\"><img loading=\"lazy\" decoding=\"async\" class=\"a--blogcard-img-src\" width=\"128\" height=\"72\" src=\"https:\/\/www.academiaschool.edu\/wp-content\/uploads\/2025\/02\/\u540d\u79f0\u672a\u8a2d\u5b9a\u306e\u30c7\u30b6\u30a4\u30f3-7.png\" alt=\"Details and Learning Outcomes of Beginner Conversation Levels I, II, &amp; III\" \/><\/div><div class=\"a--blogcard-title d--bold\">Details and Learning Outcomes of Beginner Conversation Levels I, II, &amp; III<\/div><\/a><\/section>\n<h2 class=\"wp-block-heading jinr-heading d--bold\"><strong>Conditions et notes de cours pour le niveau d\u00e9butant<\/strong><\/h2>\n\n<ul class=\"jinr-list wp-block-list\">\n<li>Un minimum de 240 heures (c&rsquo;est-\u00e0-dire 20 heures par semaine sur une p\u00e9riode de 12 semaines) de cours facultatifs de niveau d\u00e9butant est requis.<\/li>\n\n\n\n<li>Les \u00e9tudiants plac\u00e9s au d\u00e9but du programme d&rsquo;anglais de base peuvent satisfaire aux exigences du programme dans un d\u00e9lai minimum d&rsquo;un an.<\/li>\n\n\n\n<li>Les \u00e9tudiants peuvent suivre plus de 240 heures de cours facultatifs dans le cadre du programme, mais toutes les exigences du programme doivent \u00eatre satisfaites en deux ans.<\/li>\n\n\n\n<li>Si un \u00e9tudiant termine un cours de niveau II ou III, il ne peut pas revenir \u00e0 un cours de niveau inf\u00e9rieur.<\/li>\n\n\n\n<li>L&rsquo;obtention du niveau III n&rsquo;implique pas n\u00e9cessairement le passage \u00e0 un niveau sup\u00e9rieur.<\/li>\n<\/ul>\n\n<h2 class=\"wp-block-heading jinr-heading d--bold\"><strong>Objectifs de r\u00e9alisation pour le niveau d\u00e9butant<\/strong><\/h2>\n\n<p>Les \u00e9tudiants qui suivent les cours de grammaire et de conversation pour d\u00e9butants ont pour objectif d&rsquo;atteindre le niveau 1 (comp\u00e9tence \u00e9l\u00e9mentaire) selon l&rsquo;\u00e9chelle de l&rsquo;Interagency Language Roundtable (ILR).<\/p>\n\n<p><strong><span class=\"jinr-d--text-color d--user-color2 d--bold\">Les caract\u00e9ristiques des \u00e9l\u00e8ves au niveau 1 de l&rsquo;ILR sont les suivantes :<\/span><\/strong><\/p>\n\n<ul class=\"jinr-list wp-block-list\">\n<li>Capacit\u00e9 \u00e0 r\u00e9pondre aux besoins de base et aux exigences minimales de courtoisie n\u00e9cessaires pour les voyages.<\/li>\n\n\n\n<li>Capacit\u00e9 \u00e0 poser des questions et \u00e0 r\u00e9pondre \u00e0 des questions sur des sujets familiers dans une gamme limit\u00e9e d&rsquo;exp\u00e9riences linguistiques.<\/li>\n\n\n\n<li>Capacit\u00e9 \u00e0 comprendre des questions et des d\u00e9clarations simples en ralentissant le d\u00e9bit, en r\u00e9p\u00e9tant ou en reformulant.<\/li>\n\n\n\n<li>Malgr\u00e9 de fr\u00e9quentes erreurs de prononciation et de grammaire, poss\u00e8de un vocabulaire suffisant pour exprimer les besoins de base.<\/li>\n\n\n\n<li>Peut \u00eatre compris par des locuteurs natifs habitu\u00e9s \u00e0 traiter avec des non-natifs qui tentent de parler la langue.<\/li>\n\n\n\n<li>Capable de demander des repas, un abri ou un logement, de demander et de donner des indications simples, de faire des achats, etc.<\/li>\n<\/ul>\n<section class=\"b--jinr-block b--jinr-blogcard d--blogcard-hover-up d--blogcard-style1 d--blogcard-mysite t--round \"><div class=\"a--blogcard-label ef\">Related Page<\/div><a class=\"o--blogcard-link t--round\" href=\"https:\/\/www.academiaschool.edu\/programs\/\"><div class=\"c--blogcard-image\"><img loading=\"lazy\" decoding=\"async\" class=\"a--blogcard-img-src\" width=\"128\" height=\"72\" src=\"https:\/\/www.academiaschool.edu\/wp-content\/uploads\/2025\/02\/\u540d\u79f0\u672a\u8a2d\u5b9a\u306e\u30c7\u30b6\u30a4\u30f3-7.png\" alt=\"Overview of the Program\" \/><\/div><div class=\"a--blogcard-title d--bold\">Overview of the Program<\/div><\/a><\/section>","protected":false},"excerpt":{"rendered":"<p>Aper\u00e7u du programme du niveau d\u00e9butant Objectif du programme : Le programme d&rsquo;\u00e9tudes du niveau d\u00e9butant est con\u00e7u pour d\u00e9velopper les comp\u00e9tences de communication n\u00e9cessaires \u00e0 la vie quotidienne en anglais. Le programme vise \u00e0 aider les \u00e9tudiants \u00e0 d\u00e9velopper des capacit\u00e9s de conversation sur des sujets quotidiens. Cela inclut des cours sp\u00e9cialis\u00e9s sur la [&hellip;]<\/p>\n","protected":false},"author":1,"featured_media":0,"parent":4597,"menu_order":0,"comment_status":"closed","ping_status":"closed","template":"","meta":{"_jinr_url_youtube":"","_jinr_pip_youtube":false,"_jinr_time_youtube":"","_jinr_thumb_youtube":"","_jinr_media_youtube":"","_jinr_category_edit":false,"_jinr_category":"","_jinr_title_display":false,"_jinr_snsbutton_display":false,"_jinr_ads_display":false,"_jinr_thumbnail_display":false,"_jinr_profile_display":false,"_jinr_representations_display":false,"_jinr_relatedpost_display":false,"_jinr_sidebar1col_display":false,"_jinr_sidebar2col_display":false,"_jinr_seotitle_display":"","_jinr_description_display":"","_jinr_keyword_display":"","_jinr_hastag_display":"","_jinr_canonical_display":"","_jinr_noindex_display":false,"_jinr_paidpost":false,"_jinr_paidpost_product_id":"","_jinr_headtag_article":"","footnotes":""},"class_list":["post-4688","page","type-page","status-publish","hentry"],"_links":{"self":[{"href":"https:\/\/www.academiaschool.edu\/fr\/wp-json\/wp\/v2\/pages\/4688","targetHints":{"allow":["GET"]}}],"collection":[{"href":"https:\/\/www.academiaschool.edu\/fr\/wp-json\/wp\/v2\/pages"}],"about":[{"href":"https:\/\/www.academiaschool.edu\/fr\/wp-json\/wp\/v2\/types\/page"}],"author":[{"embeddable":true,"href":"https:\/\/www.academiaschool.edu\/fr\/wp-json\/wp\/v2\/users\/1"}],"replies":[{"embeddable":true,"href":"https:\/\/www.academiaschool.edu\/fr\/wp-json\/wp\/v2\/comments?post=4688"}],"version-history":[{"count":3,"href":"https:\/\/www.academiaschool.edu\/fr\/wp-json\/wp\/v2\/pages\/4688\/revisions"}],"predecessor-version":[{"id":4691,"href":"https:\/\/www.academiaschool.edu\/fr\/wp-json\/wp\/v2\/pages\/4688\/revisions\/4691"}],"up":[{"embeddable":true,"href":"https:\/\/www.academiaschool.edu\/fr\/wp-json\/wp\/v2\/pages\/4597"}],"wp:attachment":[{"href":"https:\/\/www.academiaschool.edu\/fr\/wp-json\/wp\/v2\/media?parent=4688"}],"curies":[{"name":"wp","href":"https:\/\/api.w.org\/{rel}","templated":true}]}}