{"id":4684,"date":"2024-03-25T14:32:38","date_gmt":"2024-03-26T00:32:38","guid":{"rendered":"https:\/\/academia-school.net\/apercu-du-programme\/niveau-avance\/details-et-resultats-dapprentissage-des-niveaux-i-ii-et-iii-de-la-conversation-avancee\/"},"modified":"2024-04-24T09:25:16","modified_gmt":"2024-04-24T19:25:16","slug":"details-et-resultats-dapprentissage-des-niveaux-i-ii-et-iii-de-la-conversation-avancee","status":"publish","type":"page","link":"https:\/\/www.academiaschool.edu\/fr\/apercu-du-programme\/niveau-avance\/details-et-resultats-dapprentissage-des-niveaux-i-ii-et-iii-de-la-conversation-avancee\/","title":{"rendered":"D\u00e9tails et r\u00e9sultats d&rsquo;apprentissage des niveaux I, II et III de la conversation avanc\u00e9e"},"content":{"rendered":"\n<h2 class=\"wp-block-heading jinr-heading d--bold\"><strong>Conversation avanc\u00e9e I<\/strong><\/h2>\n\n<p>A l&rsquo;issue de ce cours, les \u00e9tudiants seront capables de communiquer de mani\u00e8re appropri\u00e9e, compl\u00e8te, fluide, claire et pr\u00e9cise en utilisant une grammaire et un vocabulaire ad\u00e9quats pour d\u00e9couvrir de nouvelles perspectives, exprimer l&rsquo;humeur de la musique, discuter de questions financi\u00e8res, d&rsquo;apparences esth\u00e9tiques et exprimer des opinions sur la communaut\u00e9.<\/p>\n\n<h2 class=\"wp-block-heading jinr-heading d--bold\"><strong>Conversation avanc\u00e9e II<\/strong><\/h2>\n\n<p>Les \u00e9tudiants qui auront r\u00e9ussi ce cours seront capables de communiquer de mani\u00e8re appropri\u00e9e, compl\u00e8te, fluide, claire et pr\u00e9cise en utilisant une grammaire et un vocabulaire ad\u00e9quats sur des sujets tels que les animaux, la publicit\u00e9 et les consommateurs, les tendances familiales, les myst\u00e8res historiques et le temps libre.<\/p>\n\n<h2 class=\"wp-block-heading jinr-heading d--bold\"><strong>Conversation avanc\u00e9e III<\/strong><\/h2>\n\n<p>\u00c0 l&rsquo;issue de ce cours, les \u00e9tudiants seront capables de communiquer de mani\u00e8re appropri\u00e9e, compl\u00e8te, fluide, claire et pr\u00e9cise en utilisant une grammaire et un vocabulaire ad\u00e9quats pour d\u00e9couvrir de nouvelles perspectives, exprimer l&rsquo;humeur de la musique, discuter de questions financi\u00e8res, d&rsquo;apparences esth\u00e9tiques, exprimer des points de vue sur la communaut\u00e9, les voyages, l&rsquo;intelligence humaine, l&rsquo;humour, la forme des soci\u00e9t\u00e9s futures et la nature de notre monde interconnect\u00e9.<\/p>\n\n<p><em>D\u00e9finitions :<\/em><\/p>\n\n<ul class=\"jinr-list wp-block-list\">\n<li><strong>Appropri\u00e9 :<\/strong> R\u00e9ponse raisonnable<\/li>\n\n\n\n<li><strong>Complet :<\/strong> R\u00e9ponse utilisant un vocabulaire vari\u00e9 pour fournir des d\u00e9tails appropri\u00e9s<\/li>\n\n\n\n<li><strong>Fluide :<\/strong> R\u00e9ponse fluide et ininterrompue.<\/li>\n\n\n\n<li><strong>Compr\u00e9hensible :<\/strong> Clair et facilement compr\u00e9hensible par des locuteurs natifs<\/li>\n\n\n\n<li><strong>Pr\u00e9cision :<\/strong> Grammaticalement correct et utilisant correctement les expressions famili\u00e8res.<\/li>\n<\/ul>\n<section class=\"b--jinr-block b--jinr-blogcard d--blogcard-hover-up d--blogcard-style1 d--blogcard-mysite t--round \"><div class=\"a--blogcard-label ef\">Related Page<\/div><a class=\"o--blogcard-link t--round\" href=\"https:\/\/www.academiaschool.edu\/programs\/advance\/\"><div class=\"c--blogcard-image\"><img loading=\"lazy\" decoding=\"async\" class=\"a--blogcard-img-src\" width=\"128\" height=\"72\" src=\"https:\/\/www.academiaschool.edu\/wp-content\/uploads\/2025\/02\/\u540d\u79f0\u672a\u8a2d\u5b9a\u306e\u30c7\u30b6\u30a4\u30f3-7.png\" alt=\"Advanced Level\" \/><\/div><div class=\"a--blogcard-title d--bold\">Advanced Level<\/div><\/a><\/section>","protected":false},"excerpt":{"rendered":"<p>Conversation avanc\u00e9e I A l&rsquo;issue de ce cours, les \u00e9tudiants seront capables de communiquer de mani\u00e8re appropri\u00e9e, compl\u00e8te, fluide, claire et pr\u00e9cise en utilisant une grammaire et un vocabulaire ad\u00e9quats pour d\u00e9couvrir de nouvelles perspectives, exprimer l&rsquo;humeur de la musique, discuter de questions financi\u00e8res, d&rsquo;apparences esth\u00e9tiques et exprimer des opinions sur la communaut\u00e9. Conversation avanc\u00e9e [&hellip;]<\/p>\n","protected":false},"author":1,"featured_media":0,"parent":4676,"menu_order":0,"comment_status":"closed","ping_status":"closed","template":"","meta":{"_jinr_url_youtube":"","_jinr_pip_youtube":false,"_jinr_time_youtube":"","_jinr_thumb_youtube":"","_jinr_media_youtube":"","_jinr_category_edit":false,"_jinr_category":"","_jinr_title_display":false,"_jinr_snsbutton_display":false,"_jinr_ads_display":false,"_jinr_thumbnail_display":false,"_jinr_profile_display":false,"_jinr_representations_display":false,"_jinr_relatedpost_display":false,"_jinr_sidebar1col_display":false,"_jinr_sidebar2col_display":false,"_jinr_seotitle_display":"","_jinr_description_display":"","_jinr_keyword_display":"","_jinr_hastag_display":"","_jinr_canonical_display":"","_jinr_noindex_display":false,"_jinr_paidpost":false,"_jinr_paidpost_product_id":"","_jinr_headtag_article":"","footnotes":""},"class_list":["post-4684","page","type-page","status-publish","hentry"],"_links":{"self":[{"href":"https:\/\/www.academiaschool.edu\/fr\/wp-json\/wp\/v2\/pages\/4684","targetHints":{"allow":["GET"]}}],"collection":[{"href":"https:\/\/www.academiaschool.edu\/fr\/wp-json\/wp\/v2\/pages"}],"about":[{"href":"https:\/\/www.academiaschool.edu\/fr\/wp-json\/wp\/v2\/types\/page"}],"author":[{"embeddable":true,"href":"https:\/\/www.academiaschool.edu\/fr\/wp-json\/wp\/v2\/users\/1"}],"replies":[{"embeddable":true,"href":"https:\/\/www.academiaschool.edu\/fr\/wp-json\/wp\/v2\/comments?post=4684"}],"version-history":[{"count":3,"href":"https:\/\/www.academiaschool.edu\/fr\/wp-json\/wp\/v2\/pages\/4684\/revisions"}],"predecessor-version":[{"id":4687,"href":"https:\/\/www.academiaschool.edu\/fr\/wp-json\/wp\/v2\/pages\/4684\/revisions\/4687"}],"up":[{"embeddable":true,"href":"https:\/\/www.academiaschool.edu\/fr\/wp-json\/wp\/v2\/pages\/4676"}],"wp:attachment":[{"href":"https:\/\/www.academiaschool.edu\/fr\/wp-json\/wp\/v2\/media?parent=4684"}],"curies":[{"name":"wp","href":"https:\/\/api.w.org\/{rel}","templated":true}]}}