{"id":4680,"date":"2024-03-25T14:22:26","date_gmt":"2024-03-26T00:22:26","guid":{"rendered":"https:\/\/academia-school.net\/apercu-du-programme\/niveau-avance\/details-et-resultats-dapprentissage-pour-la-grammaire-avancee-niveaux-i-ii-et-iii\/"},"modified":"2024-04-24T09:25:03","modified_gmt":"2024-04-24T19:25:03","slug":"details-et-resultats-dapprentissage-pour-la-grammaire-avancee-niveaux-i-ii-et-iii","status":"publish","type":"page","link":"https:\/\/www.academiaschool.edu\/fr\/apercu-du-programme\/niveau-avance\/details-et-resultats-dapprentissage-pour-la-grammaire-avancee-niveaux-i-ii-et-iii\/","title":{"rendered":"D\u00e9tails et r\u00e9sultats d&rsquo;apprentissage pour la grammaire avanc\u00e9e niveaux I, II et III"},"content":{"rendered":"\n<p>L&rsquo;obtention du niveau 3 de l&rsquo;ILR (General Professional Proficiency) est facilit\u00e9e par les cours de grammaire avanc\u00e9e et de conversation suivants, dans le cadre du programme d&rsquo;anglais \u00e0 des fins appliqu\u00e9es.<\/p>\n\n<h2 class=\"wp-block-heading jinr-heading d--bold\"><strong>Grammaire avanc\u00e9e I<\/strong><\/h2>\n\n<p>A l&rsquo;issue de ce cours, les \u00e9tudiants comprendront et seront capables d&rsquo;utiliser :<\/p>\n\n<ul class=\"jinr-list wp-block-list\">\n<li>Les temps de verbe comprennent le pr\u00e9sent simple, le pass\u00e9 simple, le futur simple, le pr\u00e9sent continu, le pass\u00e9 continu, le futur continu, le pr\u00e9sent parfait, le pass\u00e9 parfait, le futur parfait, le pr\u00e9sent parfait continu, le pass\u00e9 parfait continu et le futur parfait continu.<\/li>\n\n\n\n<li>Accord sujet-verbe<\/li>\n\n\n\n<li>Noms d\u00e9nombrables et ind\u00e9nombrables<\/li>\n\n\n\n<li>Articles<\/li>\n\n\n\n<li>Quantificateurs avec des noms d\u00e9nombrables et ind\u00e9nombrables<\/li>\n\n\n\n<li>Pronoms personnels et accord avec d&rsquo;autres noms et pronoms<\/li>\n\n\n\n<li>Pronoms r\u00e9fl\u00e9chis<\/li>\n\n\n\n<li>Pronoms impersonnels<\/li>\n\n\n\n<li>Diff\u00e9rentes formes de \u00ab\u00a0l&rsquo;autre\u00a0\u00bb<\/li>\n<\/ul>\n\n<h2 class=\"wp-block-heading jinr-heading d--bold\"><strong>Grammaire avanc\u00e9e II<\/strong><\/h2>\n\n<p>A l&rsquo;issue de ce cours, les \u00e9tudiants comprendront et seront capables d&rsquo;utiliser :<\/p>\n\n<ul class=\"jinr-list wp-block-list\">\n<li>Verbes modaux pour exprimer la n\u00e9cessit\u00e9, l&rsquo;absence de n\u00e9cessit\u00e9, l&rsquo;interdiction, le souhait, l&rsquo;obligation et l&rsquo;intention non satisfaite<\/li>\n\n\n\n<li>Degr\u00e9s de certitude dans le pr\u00e9sent, le pass\u00e9 et l&rsquo;avenir<\/li>\n\n\n\n<li>Capacit\u00e9<\/li>\n\n\n\n<li>Pr\u00e9f\u00e9rences<\/li>\n\n\n\n<li>Voix passive<\/li>\n\n\n\n<li>Adjectifs participatifs<\/li>\n\n\n\n<li>Clauses nominales<\/li>\n\n\n\n<li>Discours cit\u00e9 et indirect<\/li>\n\n\n\n<li>Utiliser des clauses adjectives et les r\u00e9duire \u00e0 des phrases adjectives<\/li>\n\n\n\n<li>Ponctuation des adjectifs<\/li>\n\n\n\n<li>G\u00e9rondif et infinitif apr\u00e8s un verbe<\/li>\n<\/ul>\n\n<h2 class=\"wp-block-heading jinr-heading d--bold\"><strong>Grammaire avanc\u00e9e III<\/strong><\/h2>\n\n<p>A l&rsquo;issue de ce cours, les \u00e9tudiants comprendront et seront capables d&rsquo;utiliser :<\/p>\n\n<ul class=\"jinr-list wp-block-list\">\n<li>Infinitif de but<\/li>\n\n\n\n<li>Infinitif apr\u00e8s un adjectif<\/li>\n\n\n\n<li>Infinitif avec \u00ab\u00a0trop\u00a0\u00bb et \u00ab\u00a0assez\u00a0\u00bb<\/li>\n\n\n\n<li>Formes passives de l&rsquo;infinitif et du g\u00e9rondif<\/li>\n\n\n\n<li>G\u00e9rondif ou infinitif passif apr\u00e8s \u00ab\u00a0besoin\u00a0\u00bb<\/li>\n\n\n\n<li>Formes simples et progressives des verbes qui suivent les verbes de perception<\/li>\n\n\n\n<li>Verbes causatifs<\/li>\n\n\n\n<li>Structures parall\u00e8les lors de l&rsquo;utilisation de conjonctions de coordination<\/li>\n\n\n\n<li>Conjonctions corr\u00e9latives<\/li>\n\n\n\n<li>S\u00e9parer\/connecter des clauses ind\u00e9pendantes par des points\/comma<\/li>\n\n\n\n<li>Conditionnels utilisant \u00ab\u00a0si\u00a0\u00bb, \u00ab\u00a0que\u00a0\u00bb, \u00ab\u00a0m\u00eame si\u00a0\u00bb, \u00ab\u00a0au cas o\u00f9\u00a0\u00bb, \u00ab\u00a0\u00e0 moins que\u00a0\u00bb, \u00ab\u00a0seulement si\u00a0\u00bb<\/li>\n\n\n\n<li>Modifier les locutions adverbiales \u00ab\u00a0sur\u00a0\u00bb + -ing<\/li>\n\n\n\n<li>Distinguer les phrases pr\u00e9positionnelles, les conjonctions, les phrases de transition et les clauses adverbiales exprimant la cause et l&rsquo;effet, le contraste et la condition.<\/li>\n\n\n\n<li>Utiliser \u00ab\u00a0si\u00a0\u00bb, \u00ab\u00a0souhait\u00a0\u00bb, \u00ab\u00a0voudrait\u00a0\u00bb pour exprimer des conditions et des souhaits irr\u00e9els dans le pr\u00e9sent, le pass\u00e9 et le futur.<\/li>\n<\/ul>\n<section class=\"b--jinr-block b--jinr-blogcard d--blogcard-hover-up d--blogcard-style1 d--blogcard-mysite t--round \"><div class=\"a--blogcard-label ef\">Related Page<\/div><a class=\"o--blogcard-link t--round\" href=\"https:\/\/www.academiaschool.edu\/programs\/advance\/\"><div class=\"c--blogcard-image\"><img loading=\"lazy\" decoding=\"async\" class=\"a--blogcard-img-src\" width=\"128\" height=\"72\" src=\"https:\/\/www.academiaschool.edu\/wp-content\/uploads\/2025\/02\/\u540d\u79f0\u672a\u8a2d\u5b9a\u306e\u30c7\u30b6\u30a4\u30f3-7.png\" alt=\"Advanced Level\" \/><\/div><div class=\"a--blogcard-title d--bold\">Advanced Level<\/div><\/a><\/section>","protected":false},"excerpt":{"rendered":"<p>L&rsquo;obtention du niveau 3 de l&rsquo;ILR (General Professional Proficiency) est facilit\u00e9e par les cours de grammaire avanc\u00e9e et de conversation suivants, dans le cadre du programme d&rsquo;anglais \u00e0 des fins appliqu\u00e9es. Grammaire avanc\u00e9e I A l&rsquo;issue de ce cours, les \u00e9tudiants comprendront et seront capables d&rsquo;utiliser : Grammaire avanc\u00e9e II A l&rsquo;issue de ce cours, [&hellip;]<\/p>\n","protected":false},"author":1,"featured_media":0,"parent":4676,"menu_order":0,"comment_status":"closed","ping_status":"closed","template":"","meta":{"_jinr_url_youtube":"","_jinr_pip_youtube":false,"_jinr_time_youtube":"","_jinr_thumb_youtube":"","_jinr_media_youtube":"","_jinr_category_edit":false,"_jinr_category":"","_jinr_title_display":false,"_jinr_snsbutton_display":false,"_jinr_ads_display":false,"_jinr_thumbnail_display":false,"_jinr_profile_display":false,"_jinr_representations_display":false,"_jinr_relatedpost_display":false,"_jinr_sidebar1col_display":false,"_jinr_sidebar2col_display":false,"_jinr_seotitle_display":"","_jinr_description_display":"","_jinr_keyword_display":"","_jinr_hastag_display":"","_jinr_canonical_display":"","_jinr_noindex_display":false,"_jinr_paidpost":false,"_jinr_paidpost_product_id":"","_jinr_headtag_article":"","footnotes":""},"class_list":["post-4680","page","type-page","status-publish","hentry"],"_links":{"self":[{"href":"https:\/\/www.academiaschool.edu\/fr\/wp-json\/wp\/v2\/pages\/4680","targetHints":{"allow":["GET"]}}],"collection":[{"href":"https:\/\/www.academiaschool.edu\/fr\/wp-json\/wp\/v2\/pages"}],"about":[{"href":"https:\/\/www.academiaschool.edu\/fr\/wp-json\/wp\/v2\/types\/page"}],"author":[{"embeddable":true,"href":"https:\/\/www.academiaschool.edu\/fr\/wp-json\/wp\/v2\/users\/1"}],"replies":[{"embeddable":true,"href":"https:\/\/www.academiaschool.edu\/fr\/wp-json\/wp\/v2\/comments?post=4680"}],"version-history":[{"count":3,"href":"https:\/\/www.academiaschool.edu\/fr\/wp-json\/wp\/v2\/pages\/4680\/revisions"}],"predecessor-version":[{"id":4683,"href":"https:\/\/www.academiaschool.edu\/fr\/wp-json\/wp\/v2\/pages\/4680\/revisions\/4683"}],"up":[{"embeddable":true,"href":"https:\/\/www.academiaschool.edu\/fr\/wp-json\/wp\/v2\/pages\/4676"}],"wp:attachment":[{"href":"https:\/\/www.academiaschool.edu\/fr\/wp-json\/wp\/v2\/media?parent=4680"}],"curies":[{"name":"wp","href":"https:\/\/api.w.org\/{rel}","templated":true}]}}