{"id":4676,"date":"2024-03-21T12:17:29","date_gmt":"2024-03-21T22:17:29","guid":{"rendered":"https:\/\/academia-school.net\/apercu-du-programme\/niveau-avance\/"},"modified":"2024-04-24T09:24:47","modified_gmt":"2024-04-24T19:24:47","slug":"niveau-avance","status":"publish","type":"page","link":"https:\/\/www.academiaschool.edu\/fr\/apercu-du-programme\/niveau-avance\/","title":{"rendered":"Niveau avanc\u00e9"},"content":{"rendered":"\n<section class=\"wp-block-jinr-blocks-fullwidth b--jinr-block b--jinr-fullwidth-container d--top-margin-xs-pc d--bottom-margin-xs-pc d--top-margin-xs-sp d--bottom-margin-xs-sp \"><section class=\"b--jinr-fullwidth d--fullwidth-parallax-off d--fullwidth-deco-bgimage\"><div class=\"a--jinr-fullwidth-image\"><div class=\"a--jinr-fullwidth-image-clip\"><img decoding=\"async\" src=\"https:\/\/www.academiaschool.edu\/wp-content\/uploads\/2024\/03\/leo_visions-fMyaQWQrwwU-unsplash.webp\"\/><\/div><\/div><div class=\"a--jinr-fullwidth-overlay\" style=\"background-color:#f5f5f5;opacity:0\"><\/div><div class=\"d--fullwidth-100 d--fullwidth-pad40 d--fullwidth-pad0-sp t--main-width\" style=\"color:false\">\n<p class=\"has-text-align-center has-white-color has-text-color has-link-color wp-elements-1a1015cc2a6bd3e5675a0274cb5588f2\"><span class=\"jinr-d--font-size d--fontsize-36px\"><strong><strong>Niveau avanc\u00e9<\/strong><\/strong><\/span><\/p>\n<\/div><\/section><\/section>\n\n<h2 class=\"wp-block-heading jinr-heading d--bold\"><strong>Aper\u00e7u du programme d&rsquo;\u00e9tudes du niveau avanc\u00e9<\/strong><\/h2>\n\n<section class=\"wp-block-jinr-blocks-simplebox b--jinr-block-container\"><div class=\"b--jinr-block b--jinr-box d--simple-box10  \"><div class=\"c--simple-box-inner\">\n<p class=\"has-text-align-center\"><strong><span class=\"jinr-d--font-size d--fontsize-18px\"><strong>Nom du programme : <span class=\"jinr-d--text-color d--user-color1 d--bold\">Programme d&rsquo;anglais appliqu\u00e9<\/span><\/strong><\/span><\/strong><\/p>\n<\/div><\/div><\/section>\n\n<p>Le programme du niveau avanc\u00e9 est con\u00e7u pour d\u00e9velopper la capacit\u00e9 \u00e0 communiquer avec souplesse en anglais dans tous les aspects de la vie quotidienne et sur divers sujets sp\u00e9cialis\u00e9s. Ce programme vise \u00e0 doter les \u00e9tudiants des comp\u00e9tences en anglais n\u00e9cessaires \u00e0 l&rsquo;acquisition d&rsquo;un contenu acad\u00e9mique ou professionnel.<\/p>\n\n<p>Les \u00e9tudiants qui terminent ce programme doivent \u00eatre capables de communiquer efficacement avec suffisamment d&rsquo;aisance, de pr\u00e9cision grammaticale et de vocabulaire sur des sujets pratiques, sociaux et professionnels.<\/p>\n\n<h2 class=\"wp-block-heading jinr-heading d--bold\"><strong>Cours obligatoires et facultatifs au niveau avanc\u00e9<\/strong><\/h2>\n\n<p>Les cours requis au niveau avanc\u00e9 sont les suivants<\/p>\n\n<ul class=\"jinr-list wp-block-list\">\n<li>Grammaire avanc\u00e9e I, II, III<\/li>\n\n\n\n<li>Conversation avanc\u00e9e I, II, III<\/li>\n<\/ul>\n\n<p>Les cours \u00e0 option au niveau avanc\u00e9 peuvent \u00eatre choisis parmi les mati\u00e8res suivantes :<\/p>\n\n<ul class=\"jinr-list wp-block-list\">\n<li>Prononciation<\/li>\n\n\n\n<li>Vocabulaire<\/li>\n\n\n\n<li>Lecture\/\u00e9criture<\/li>\n\n\n\n<li>\u00c9couter\/parler<\/li>\n\n\n\n<li>Pr\u00e9paration aux tests TOEIC et TOEFL<\/li>\n<\/ul>\n\n<p>En outre, de nombreux autres cours facultatifs sont propos\u00e9s chaque semestre.<\/p>\n<section class=\"b--jinr-block b--jinr-blogcard d--blogcard-hover-up d--blogcard-style1 d--blogcard-mysite t--round \"><div class=\"a--blogcard-label ef\">Related Page<\/div><a class=\"o--blogcard-link t--round\" href=\"https:\/\/www.academiaschool.edu\/programs\/advance\/advanced-level-grammar\/\"><div class=\"c--blogcard-image\"><img loading=\"lazy\" decoding=\"async\" class=\"a--blogcard-img-src\" width=\"128\" height=\"72\" src=\"https:\/\/www.academiaschool.edu\/wp-content\/uploads\/2025\/02\/\u540d\u79f0\u672a\u8a2d\u5b9a\u306e\u30c7\u30b6\u30a4\u30f3-7.png\" alt=\"Details and Learning Outcomes for Advanced Grammar Levels I, II, &amp; III\" \/><\/div><div class=\"a--blogcard-title d--bold\">Details and Learning Outcomes for Advanced Grammar Levels I, II, &amp; III<\/div><\/a><\/section><section class=\"b--jinr-block b--jinr-blogcard d--blogcard-hover-up d--blogcard-style1 d--blogcard-mysite t--round \"><div class=\"a--blogcard-label ef\">Related Page<\/div><a class=\"o--blogcard-link t--round\" href=\"https:\/\/www.academiaschool.edu\/programs\/advance\/advanced-level-conversation\/\"><div class=\"c--blogcard-image\"><img loading=\"lazy\" decoding=\"async\" class=\"a--blogcard-img-src\" width=\"128\" height=\"72\" src=\"https:\/\/www.academiaschool.edu\/wp-content\/uploads\/2025\/02\/\u540d\u79f0\u672a\u8a2d\u5b9a\u306e\u30c7\u30b6\u30a4\u30f3-7.png\" alt=\"Details and Learning Outcomes of Advanced Conversation Levels I, II, &amp; III\" \/><\/div><div class=\"a--blogcard-title d--bold\">Details and Learning Outcomes of Advanced Conversation Levels I, II, &amp; III<\/div><\/a><\/section>\n<h2 class=\"wp-block-heading jinr-heading d--bold\"><strong>Consid\u00e9rations pour les cours de niveau avanc\u00e9<\/strong><\/h2>\n\n<ul class=\"jinr-list wp-block-list\">\n<li>Un minimum de 240 heures (c&rsquo;est-\u00e0-dire 20 heures par semaine sur une p\u00e9riode de 12 semaines) de cours facultatifs de niveau avanc\u00e9 est requis.<\/li>\n\n\n\n<li>  Les exigences de ce programme peuvent \u00eatre satisfaites en un an au minimum. Les \u00e9tudiants peuvent suivre plus de 240 heures de cours au choix dans le cadre du programme, mais ils doivent satisfaire \u00e0 toutes les exigences du programme en l&rsquo;espace de deux ans.  <\/li>\n\n\n\n<li>Si vous terminez d&rsquo;abord une classe de niveau sup\u00e9rieur comme II ou III, vous ne pouvez pas revenir \u00e0 un niveau inf\u00e9rieur.  <\/li>\n\n\n\n<li>Le fait de terminer le niveau III ne signifie pas n\u00e9cessairement que vous devez passer \u00e0 un niveau sup\u00e9rieur.<\/li>\n<\/ul>\n\n<h2 class=\"wp-block-heading jinr-heading d--bold\"><strong>Objectifs de r\u00e9ussite au niveau avanc\u00e9<\/strong><\/h2>\n\n<p>Les \u00e9tudiants qui terminent le cours de grammaire avanc\u00e9e et de conversation obtiennent le niveau 3 de l&rsquo;ILR (General Professional Proficiency). Les caract\u00e9ristiques des \u00e9tudiants au niveau 3 de l&rsquo;ILR sont les suivantes :<\/p>\n\n<ul class=\"jinr-list wp-block-list\">\n<li>Vous pouvez parler avec une pr\u00e9cision structurelle et un vocabulaire suffisants pour participer efficacement \u00e0 la plupart des conversations formelles et informelles sur des sujets pratiques, sociaux et professionnels.<\/li>\n\n\n\n<li>Vous pouvez discuter de vos int\u00e9r\u00eats sp\u00e9cifiques et de vos domaines d&rsquo;expertise avec une relative facilit\u00e9.<\/li>\n\n\n\n<li>Comprend g\u00e9n\u00e9ralement tr\u00e8s bien le rythme normal de la parole.<\/li>\n\n\n\n<li>Poss\u00e8de un large vocabulaire g\u00e9n\u00e9ral, de sorte qu&rsquo;il n&rsquo;est presque jamais n\u00e9cessaire de chercher des mots.<\/li>\n\n\n\n<li>Vous pouvez comprendre facilement malgr\u00e9 un accent \u00e9tranger \u00e9vident.<\/li>\n\n\n\n<li>Ma\u00eetrise bien la grammaire, les erreurs entravant rarement la compr\u00e9hension ou g\u00eanant les locuteurs natifs.<\/li>\n<\/ul>\n<section class=\"b--jinr-block b--jinr-blogcard d--blogcard-hover-up d--blogcard-style1 d--blogcard-mysite t--round \"><div class=\"a--blogcard-label ef\">Related Page<\/div><a class=\"o--blogcard-link t--round\" href=\"https:\/\/www.academiaschool.edu\/programs\/\"><div class=\"c--blogcard-image\"><img loading=\"lazy\" decoding=\"async\" class=\"a--blogcard-img-src\" width=\"128\" height=\"72\" src=\"https:\/\/www.academiaschool.edu\/wp-content\/uploads\/2025\/02\/\u540d\u79f0\u672a\u8a2d\u5b9a\u306e\u30c7\u30b6\u30a4\u30f3-7.png\" alt=\"Overview of the Program\" \/><\/div><div class=\"a--blogcard-title d--bold\">Overview of the Program<\/div><\/a><\/section>","protected":false},"excerpt":{"rendered":"<p>Aper\u00e7u du programme d&rsquo;\u00e9tudes du niveau avanc\u00e9 Le programme du niveau avanc\u00e9 est con\u00e7u pour d\u00e9velopper la capacit\u00e9 \u00e0 communiquer avec souplesse en anglais dans tous les aspects de la vie quotidienne et sur divers sujets sp\u00e9cialis\u00e9s. Ce programme vise \u00e0 doter les \u00e9tudiants des comp\u00e9tences en anglais n\u00e9cessaires \u00e0 l&rsquo;acquisition d&rsquo;un contenu acad\u00e9mique ou [&hellip;]<\/p>\n","protected":false},"author":1,"featured_media":0,"parent":4597,"menu_order":0,"comment_status":"closed","ping_status":"closed","template":"","meta":{"_jinr_url_youtube":"","_jinr_pip_youtube":false,"_jinr_time_youtube":"","_jinr_thumb_youtube":"","_jinr_media_youtube":"","_jinr_category_edit":false,"_jinr_category":"","_jinr_title_display":false,"_jinr_snsbutton_display":false,"_jinr_ads_display":false,"_jinr_thumbnail_display":false,"_jinr_profile_display":false,"_jinr_representations_display":false,"_jinr_relatedpost_display":false,"_jinr_sidebar1col_display":false,"_jinr_sidebar2col_display":false,"_jinr_seotitle_display":"","_jinr_description_display":"","_jinr_keyword_display":"","_jinr_hastag_display":"","_jinr_canonical_display":"","_jinr_noindex_display":false,"_jinr_paidpost":false,"_jinr_paidpost_product_id":"","_jinr_headtag_article":"","footnotes":""},"class_list":["post-4676","page","type-page","status-publish","hentry"],"_links":{"self":[{"href":"https:\/\/www.academiaschool.edu\/fr\/wp-json\/wp\/v2\/pages\/4676","targetHints":{"allow":["GET"]}}],"collection":[{"href":"https:\/\/www.academiaschool.edu\/fr\/wp-json\/wp\/v2\/pages"}],"about":[{"href":"https:\/\/www.academiaschool.edu\/fr\/wp-json\/wp\/v2\/types\/page"}],"author":[{"embeddable":true,"href":"https:\/\/www.academiaschool.edu\/fr\/wp-json\/wp\/v2\/users\/1"}],"replies":[{"embeddable":true,"href":"https:\/\/www.academiaschool.edu\/fr\/wp-json\/wp\/v2\/comments?post=4676"}],"version-history":[{"count":3,"href":"https:\/\/www.academiaschool.edu\/fr\/wp-json\/wp\/v2\/pages\/4676\/revisions"}],"predecessor-version":[{"id":4679,"href":"https:\/\/www.academiaschool.edu\/fr\/wp-json\/wp\/v2\/pages\/4676\/revisions\/4679"}],"up":[{"embeddable":true,"href":"https:\/\/www.academiaschool.edu\/fr\/wp-json\/wp\/v2\/pages\/4597"}],"wp:attachment":[{"href":"https:\/\/www.academiaschool.edu\/fr\/wp-json\/wp\/v2\/media?parent=4676"}],"curies":[{"name":"wp","href":"https:\/\/api.w.org\/{rel}","templated":true}]}}