{"id":4672,"date":"2024-03-21T12:48:43","date_gmt":"2024-03-21T22:48:43","guid":{"rendered":"https:\/\/academia-school.net\/pour-les-etudiants-actuels\/vacances\/"},"modified":"2024-04-24T09:24:21","modified_gmt":"2024-04-24T19:24:21","slug":"vacances","status":"publish","type":"page","link":"https:\/\/www.academiaschool.edu\/fr\/pour-les-etudiants-actuels\/vacances\/","title":{"rendered":"Vacances"},"content":{"rendered":"\n<section class=\"wp-block-jinr-blocks-fullwidth b--jinr-block b--jinr-fullwidth-container d--top-margin-xs-pc d--bottom-margin-xs-pc d--top-margin-xs-sp d--bottom-margin-xs-sp \"><section class=\"b--jinr-fullwidth d--fullwidth-parallax-off d--fullwidth-deco-bgimage\"><div class=\"a--jinr-fullwidth-image\"><div class=\"a--jinr-fullwidth-image-clip\"><img decoding=\"async\" src=\"https:\/\/www.academiaschool.edu\/wp-content\/uploads\/2024\/03\/\u30b9\u30af\u30ea\u30fc\u30f3\u30b7\u30e7\u30c3\u30c8-2024-03-26-\u5348\u5f8c8.22.12.webp\"\/><\/div><\/div><div class=\"a--jinr-fullwidth-overlay\" style=\"background-color:rgba(255,255,255,0);opacity:0.25\"><\/div><div class=\"d--fullwidth-100 d--fullwidth-pad40 d--fullwidth-pad0-sp t--main-width\" style=\"color:false\">\n<p class=\"has-text-align-center has-white-color has-text-color has-link-color wp-elements-7ee849badeac4789d582b62f8088587e\"><span class=\"jinr-d--font-size d--fontsize-36px\"><strong><strong>Vacances<\/strong><\/strong><\/span><\/p>\n<\/div><\/section><\/section>\n\n<h2 class=\"wp-block-heading jinr-heading d--bold\"><strong>Types de vacances<\/strong><\/h2>\n\n<p>Il existe deux types de vacances :<\/p>\n\n<figure class=\"wp-block-table\"><table><tbody><tr><td class=\"has-text-align-center\" data-align=\"center\">Type<\/td><td>D\u00e9tails<\/td><td>Prolongation de la date de fin de l&rsquo;\u00e9tude<\/td><td>Trait\u00e9e comme une absence<\/td><\/tr><tr><td class=\"has-text-align-center\" data-align=\"center\">Vacances prolong\u00e9es<\/td><td>2 semaines apr\u00e8s 3 mois d&rsquo;\u00e9tude<br\/>1 mois (4 semaines) apr\u00e8s 6 mois d&rsquo;\u00e9tudes si vous ne prenez pas les 2 semaines de vacances<\/td><td>Prolonger<\/td><td>Non<\/td><\/tr><tr><td class=\"has-text-align-center\" data-align=\"center\">Vacances non prolong\u00e9es<\/td><td>Cong\u00e9 outre-mer, cong\u00e9 de maladie (y compris le cong\u00e9 de maternit\u00e9)<\/td><td>Pas d&rsquo;extension<\/td><td>Non<\/td><\/tr><\/tbody><\/table><\/figure>\n\n<p>La demande de cong\u00e9 ne compte pas comme une absence, mais elle ne compte pas non plus comme une pr\u00e9sence. Pour l&rsquo;essentiel, ces jours ne sont pas comptabilis\u00e9s comme des jours de pr\u00e9sence n\u00e9cessaires.<\/p>\n<section class=\"b--jinr-block b--jinr-blogcard d--blogcard-hover-up d--blogcard-style1 d--blogcard-mysite t--round \"><div class=\"a--blogcard-label ef\">Related Page<\/div><a class=\"o--blogcard-link t--round\" href=\"https:\/\/www.academiaschool.edu\/attendance-rate-and-forced-expulsion\/\"><div class=\"c--blogcard-image\"><img loading=\"lazy\" decoding=\"async\" class=\"a--blogcard-img-src\" width=\"128\" height=\"72\" src=\"https:\/\/www.academiaschool.edu\/wp-content\/uploads\/2025\/02\/\u540d\u79f0\u672a\u8a2d\u5b9a\u306e\u30c7\u30b6\u30a4\u30f3-7.png\" alt=\"Vacances\" \/><\/div><div class=\"a--blogcard-title d--bold\">Vacances<\/div><\/a><\/section>\n<h3 class=\"wp-block-heading jinr-heading d--bold\">Vacances prolong\u00e9es<\/h3>\n\n<ul class=\"jinr-list wp-block-list\">\n<li>Prolongation de vacances : Les semaines de cong\u00e9 prolongent la date de fin de l&rsquo;\u00e9tude.<\/li>\n\n\n\n<li>Les vacances peuvent \u00eatre obtenues en \u00e9tudiant pendant 3 ou 6 mois.<\/li>\n\n\n\n<li>La p\u00e9riode de vacances est de 2 semaines apr\u00e8s 3 mois d&rsquo;\u00e9tudes ou de 1 mois (4 semaines) apr\u00e8s 6 mois d&rsquo;\u00e9tudes.<\/li>\n\n\n\n<li>Un cong\u00e9 d&rsquo;un mois (4 semaines) apr\u00e8s 6 mois peut \u00eatre pris si un cong\u00e9 de 2 semaines apr\u00e8s 3 mois n&rsquo;a pas \u00e9t\u00e9 pris.<\/li>\n\n\n\n<li>Le d\u00e9part en vacances ne doit pas n\u00e9cessairement avoir lieu un lundi.<\/li>\n\n\n\n<li>Un cong\u00e9 de 2 semaines peut \u00eatre repris 3 mois apr\u00e8s le cong\u00e9 pr\u00e9c\u00e9dent.<\/li>\n\n\n\n<li>Un cong\u00e9 d&rsquo;un mois (4 semaines) peut \u00eatre repris 6 mois apr\u00e8s le cong\u00e9 pr\u00e9c\u00e9dent.<\/li>\n\n\n\n<li>Si les vacances s&rsquo;\u00e9tendent sur plusieurs semestres, une journ\u00e9e de conseil en ligne et l&rsquo;inscription aux cours du semestre suivant (en ligne) sont n\u00e9cessaires.<\/li>\n\n\n\n<li>Un cong\u00e9 de 4 semaines peut \u00eatre divis\u00e9 en 1 semaine et 3 semaines ou en deux p\u00e9riodes de 2 semaines, mais pas en quatre semaines distinctes.<\/li>\n\n\n\n<li>Un cong\u00e9 de deux semaines peut \u00eatre divis\u00e9 en deux p\u00e9riodes d&rsquo;une semaine.<\/li>\n\n\n\n<li>En cas de fractionnement des vacances, les vacances restantes doivent \u00eatre utilis\u00e9es dans les 4 semaines suivant la fin de la premi\u00e8re moiti\u00e9 des vacances. S&rsquo;il n&rsquo;est pas utilis\u00e9, il est perdu.<\/li>\n\n\n\n<li>Les demandes de vacances fractionn\u00e9es sont faites en une seule fois.<\/li>\n<\/ul>\n\n<h3 class=\"wp-block-heading jinr-heading d--bold\">Vacances non prolong\u00e9es<\/h3>\n\n<ul class=\"jinr-list wp-block-list\">\n<li>La date de fin n&rsquo;est pas prolong\u00e9e (les jours de cours pay\u00e9s sont consomm\u00e9s pendant la pause).<\/li>\n\n\n\n<li>Cong\u00e9 \u00e0 l&rsquo;\u00e9tranger : Cong\u00e9 impliquant un voyage en dehors des \u00c9tats-Unis pour des raisons personnelles, par exemple pour rendre visite \u00e0 sa famille dans son pays d&rsquo;origine.<\/li>\n\n\n\n<li>Cong\u00e9 de maladie : Repos autoris\u00e9 pour la p\u00e9riode indiqu\u00e9e par un m\u00e9decin am\u00e9ricain en cas de maladie ou d&rsquo;accouchement.<\/li>\n\n\n\n<li>Il n&rsquo;est pas recommand\u00e9 de prendre plus d&rsquo;un mois et demi de cong\u00e9, quelle qu&rsquo;en soit la raison.<\/li>\n\n\n\n<li>\u00c0 la fin des vacances, vous devez retourner \u00e0 l&rsquo;\u00e9cole le jour suivant.<\/li>\n\n\n\n<li>Si les vacances s&rsquo;\u00e9tendent sur plusieurs semestres, une journ\u00e9e de conseil en ligne et l&rsquo;inscription aux cours du semestre suivant (en ligne) sont n\u00e9cessaires.<\/li>\n<\/ul>\n\n<h4 class=\"wp-block-heading jinr-heading d--bold\">Cong\u00e9 outre-mer<\/h4>\n\n<ul class=\"jinr-list wp-block-list\">\n<li>Les r\u00e9servations de billets d&rsquo;avion doivent \u00eatre soumises pour prendre un cong\u00e9 outre-mer.<\/li>\n\n\n\n<li>Si des changements sont souhait\u00e9s apr\u00e8s la demande de cong\u00e9 outre-mer mais avant le d\u00e9part du pays, il est possible de le faire si les informations relatives \u00e0 la r\u00e9servation de l&rsquo;avion sont soumises en m\u00eame temps. Toutefois, en cas d&rsquo;urgence, la date de retour peut \u00eatre modifi\u00e9e apr\u00e8s le d\u00e9part du pays.<\/li>\n<\/ul>\n\n<h4 class=\"wp-block-heading jinr-heading d--bold\">Cong\u00e9 de maladie<\/h4>\n\n<ul class=\"jinr-list wp-block-list\">\n<li>La pr\u00e9sentation d&rsquo;un diagnostic d&rsquo;un m\u00e9decin am\u00e9ricain est requise.  <\/li>\n\n\n\n<li>Les diagnostics de dentistes ou de chiropracteurs ne sont pas accept\u00e9s (seuls les m\u00e9decins sont valables).<\/li>\n\n\n\n<li>Le certificat m\u00e9dical doit \u00eatre pr\u00e9sent\u00e9 dans la semaine qui suit le retour \u00e0 l&rsquo;\u00e9cole apr\u00e8s une maladie.<\/li>\n<\/ul>\n\n<h2 class=\"wp-block-heading jinr-heading d--bold\"><strong>Comment faire une demande de vacances<\/strong><\/h2>\n\n<p>Il y a deux fa\u00e7ons de demander des vacances :<\/p>\n\n<ul class=\"jinr-list wp-block-list\">\n<li>En remplissant le formulaire de demande de vacances en ligne.<\/li>\n\n\n\n<li>En remplissant le formulaire de demande de cong\u00e9 (papier).<\/li>\n<\/ul>\n\n<p>Notez que les demandes r\u00e9troactives ne sont pas autoris\u00e9es.<\/p>\n\n<h3 class=\"wp-block-heading jinr-heading d--bold\">Formulaire de demande de vacances en ligne<\/h3>\n\n<p>Veuillez utiliser le formulaire ci-dessous pour poser votre candidature.<\/p>\n<section class='b--jinr-block b--jinr-button   js--scr-animation block_555c4bc2-e2fa-4cab-8705-9b2a225d07de'>\n\t\t\t\t\t<div class=\"o--button-inner d--button-type4 d--button-outline d--button-outline-hover-halftransparent  d--button-center\"><span class=\"a--button-hover\"><a href=\"https:\/\/form.jotform.com\/240046302435040\" target=\"_blank\" rel=\"noopener\"><span>Online Vacation Request Form<\/span><\/a><\/span><\/div>\n\t\t\t\t<\/section>\n<h3 class=\"wp-block-heading jinr-heading d--bold\"><strong>Formulaire de demande de cong\u00e9 (papier)<\/strong><\/h3>\n\n<p>Veuillez remplir le formulaire \u00e0 la r\u00e9ception.<\/p>\n<section class=\"b--jinr-block b--jinr-blogcard d--blogcard-hover-up d--blogcard-style1 d--blogcard-mysite t--round \"><div class=\"a--blogcard-label ef\">\u3042\u308f\u305b\u3066\u8aad\u307f\u305f\u3044<\/div><a class=\"o--blogcard-link t--round\" href=\"https:\/\/www.academiaschool.edu\/current-student\/\"><div class=\"c--blogcard-image\"><img loading=\"lazy\" decoding=\"async\" class=\"a--blogcard-img-src\" width=\"128\" height=\"72\" src=\"https:\/\/www.academiaschool.edu\/wp-content\/uploads\/2025\/02\/\u540d\u79f0\u672a\u8a2d\u5b9a\u306e\u30c7\u30b6\u30a4\u30f3-7.png\" alt=\"For Current Students\" \/><\/div><div class=\"a--blogcard-title d--bold\">For Current Students<\/div><\/a><\/section>","protected":false},"excerpt":{"rendered":"<p>Types de vacances Il existe deux types de vacances : Type D\u00e9tails Prolongation de la date de fin de l&rsquo;\u00e9tude Trait\u00e9e comme une absence Vacances prolong\u00e9es 2 semaines apr\u00e8s 3 mois d&rsquo;\u00e9tude1 mois (4 semaines) apr\u00e8s 6 mois d&rsquo;\u00e9tudes si vous ne prenez pas les 2 semaines de vacances Prolonger Non Vacances non prolong\u00e9es Cong\u00e9 [&hellip;]<\/p>\n","protected":false},"author":1,"featured_media":0,"parent":4656,"menu_order":0,"comment_status":"closed","ping_status":"closed","template":"","meta":{"_jinr_url_youtube":"","_jinr_pip_youtube":false,"_jinr_time_youtube":"","_jinr_thumb_youtube":"","_jinr_media_youtube":"","_jinr_category_edit":false,"_jinr_category":"","_jinr_title_display":false,"_jinr_snsbutton_display":false,"_jinr_ads_display":false,"_jinr_thumbnail_display":false,"_jinr_profile_display":false,"_jinr_representations_display":false,"_jinr_relatedpost_display":false,"_jinr_sidebar1col_display":false,"_jinr_sidebar2col_display":false,"_jinr_seotitle_display":"","_jinr_description_display":"","_jinr_keyword_display":"","_jinr_hastag_display":"","_jinr_canonical_display":"","_jinr_noindex_display":false,"_jinr_paidpost":false,"_jinr_paidpost_product_id":"","_jinr_headtag_article":"","footnotes":""},"class_list":["post-4672","page","type-page","status-publish","hentry"],"_links":{"self":[{"href":"https:\/\/www.academiaschool.edu\/fr\/wp-json\/wp\/v2\/pages\/4672","targetHints":{"allow":["GET"]}}],"collection":[{"href":"https:\/\/www.academiaschool.edu\/fr\/wp-json\/wp\/v2\/pages"}],"about":[{"href":"https:\/\/www.academiaschool.edu\/fr\/wp-json\/wp\/v2\/types\/page"}],"author":[{"embeddable":true,"href":"https:\/\/www.academiaschool.edu\/fr\/wp-json\/wp\/v2\/users\/1"}],"replies":[{"embeddable":true,"href":"https:\/\/www.academiaschool.edu\/fr\/wp-json\/wp\/v2\/comments?post=4672"}],"version-history":[{"count":3,"href":"https:\/\/www.academiaschool.edu\/fr\/wp-json\/wp\/v2\/pages\/4672\/revisions"}],"predecessor-version":[{"id":4675,"href":"https:\/\/www.academiaschool.edu\/fr\/wp-json\/wp\/v2\/pages\/4672\/revisions\/4675"}],"up":[{"embeddable":true,"href":"https:\/\/www.academiaschool.edu\/fr\/wp-json\/wp\/v2\/pages\/4656"}],"wp:attachment":[{"href":"https:\/\/www.academiaschool.edu\/fr\/wp-json\/wp\/v2\/media?parent=4672"}],"curies":[{"name":"wp","href":"https:\/\/api.w.org\/{rel}","templated":true}]}}