{"id":4660,"date":"2024-03-27T13:50:13","date_gmt":"2024-03-27T23:50:13","guid":{"rendered":"https:\/\/academia-school.net\/pour-les-etudiants-actuels\/assiduite-et-expulsion-obligatoire\/"},"modified":"2024-04-24T09:23:41","modified_gmt":"2024-04-24T19:23:41","slug":"assiduite-et-expulsion-obligatoire","status":"publish","type":"page","link":"https:\/\/www.academiaschool.edu\/fr\/pour-les-etudiants-actuels\/assiduite-et-expulsion-obligatoire\/","title":{"rendered":"Assiduit\u00e9 et expulsion obligatoire"},"content":{"rendered":"\n<section class=\"wp-block-jinr-blocks-fullwidth b--jinr-block b--jinr-fullwidth-container d--top-margin-xs-pc d--bottom-margin-xs-pc d--top-margin-xs-sp d--bottom-margin-xs-sp \"><section class=\"b--jinr-fullwidth d--fullwidth-parallax-off d--fullwidth-deco-bgimage\"><div class=\"a--jinr-fullwidth-image\"><div class=\"a--jinr-fullwidth-image-clip\"><img decoding=\"async\" src=\"https:\/\/www.academiaschool.edu\/wp-content\/uploads\/2024\/03\/\u30b9\u30af\u30ea\u30fc\u30f3\u30b7\u30e7\u30c3\u30c8-2024-03-26-\u5348\u5f8c8.22.12.webp\"\/><\/div><\/div><div class=\"a--jinr-fullwidth-overlay\" style=\"background-color:rgba(255,255,255,0);opacity:0.25\"><\/div><div class=\"d--fullwidth-100 d--fullwidth-pad40 d--fullwidth-pad0-sp t--main-width\" style=\"color:false\">\n<p class=\"has-text-align-center has-white-color has-text-color has-link-color wp-elements-e44f6a99182244f102069e79507170a2\"><span class=\"jinr-d--font-size d--fontsize-36px\"><strong><strong>Assiduit\u00e9 et expulsion obligatoire<\/strong><\/strong><\/span><\/p>\n<\/div><\/section><\/section>\n\n<h2 class=\"wp-block-heading jinr-heading d--bold\"><strong>\u00c0 propos du taux de fr\u00e9quentation<\/strong><\/h2>\n\n<p>Veuillez vous r\u00e9f\u00e9rer aux informations suivantes concernant les types de vacances.<\/p>\n<section class=\"b--jinr-block b--jinr-blogcard d--blogcard-hover-up d--blogcard-style1 d--blogcard-mysite t--round \"><div class=\"a--blogcard-label ef\">Related Page<\/div><a class=\"o--blogcard-link t--round\" href=\"https:\/\/www.academiaschool.edu\/current-student\/vacation\/\"><div class=\"c--blogcard-image\"><img loading=\"lazy\" decoding=\"async\" class=\"a--blogcard-img-src\" width=\"128\" height=\"72\" src=\"https:\/\/www.academiaschool.edu\/wp-content\/uploads\/2025\/02\/\u540d\u79f0\u672a\u8a2d\u5b9a\u306e\u30c7\u30b6\u30a4\u30f3-7.png\" alt=\"Vacation &amp; Leave\" \/><\/div><div class=\"a--blogcard-title d--bold\">Vacation &amp; Leave<\/div><\/a><\/section>\n<p>La demande de cong\u00e9 ne compte pas comme une \u00ab\u00a0absence\u00a0\u00bb mais ne compte pas non plus comme une \u00ab\u00a0pr\u00e9sence\u00a0\u00bb. Pour l&rsquo;essentiel, ces jours ne sont pas comptabilis\u00e9s comme des jours de pr\u00e9sence obligatoire.<\/p>\n\n<h3 class=\"wp-block-heading jinr-heading d--bold\"><strong>Exemple pour une p\u00e9riode de 40 jours avec 8 jours de cong\u00e9<\/strong><\/h3>\n\n<figure class=\"wp-block-table is-style-regular\"><table><tbody><tr><td>Type d&rsquo;absence<\/td><td>Jours de pr\u00e9sence possibles<\/td><td>Jours de pr\u00e9sence<\/td><td>Taux de fr\u00e9quentation<\/td><\/tr><tr><td>Absence non excus\u00e9e<\/td><td>40 jours<\/td><td>32 jours<\/td><td>80%<\/td><\/tr><tr><td>Vacances prolong\u00e9es<\/td><td>32 jours (8 jours non compt\u00e9s sur 40 jours)<\/td><td>32 jours<\/td><td>100%<\/td><\/tr><tr><td>Vacances non prolong\u00e9es<\/td><td>32 jours (8 jours non compt\u00e9s sur 40 jours)<\/td><td>32 jours<\/td><td>100%<\/td><\/tr><\/tbody><\/table><figcaption class=\"wp-element-caption\">Si aucune demande n&rsquo;est faite, les jours sont compt\u00e9s parmi les jours de pr\u00e9sence possibles.<\/figcaption><\/figure>\n\n<h3 class=\"wp-block-heading jinr-heading d--bold\"><strong>Exemple pour une p\u00e9riode de 40 jours avec 8 jours de cong\u00e9 et 8 autres jours d&rsquo;absence non excus\u00e9e<\/strong><\/h3>\n\n<figure class=\"wp-block-table\"><table><tbody><tr><td>Type d&rsquo;absence<\/td><td>Jours de pr\u00e9sence possibles<\/td><td>Jours de pr\u00e9sence<\/td><td>Taux de fr\u00e9quentation<\/td><\/tr><tr><td>Absence non excus\u00e9e<\/td><td>40 jours<\/td><td>24 jours<\/td><td>60%<\/td><\/tr><tr><td>Vacances prolong\u00e9es<\/td><td>32 jours (8 jours non compt\u00e9s sur 40 jours)<\/td><td>24 jours<\/td><td>75%<\/td><\/tr><tr><td>Vacances non prolong\u00e9es<\/td><td>32 jours (8 jours non compt\u00e9s sur 40 jours)<\/td><td>24 jours<\/td><td>75%<\/td><\/tr><\/tbody><\/table><figcaption class=\"wp-element-caption\">Le fait de prendre des vacances r\u00e9duit le nombre de jours de pr\u00e9sence possibles (d\u00e9nominateur du taux de pr\u00e9sence), de sorte que les absences ult\u00e9rieures ont un impact plus important sur le taux de pr\u00e9sence.<\/figcaption><\/figure>\n\n<h2 class=\"wp-block-heading jinr-heading d--bold\"><strong>R\u00e8gles d&rsquo;expulsion obligatoire<\/strong><\/h2>\n\n<p>Les facteurs conduisant \u00e0 l&rsquo;expulsion obligatoire sont les suivants :<\/p>\n\n<p><strong>Facteurs li\u00e9s \u00e0 l&rsquo;assiduit\u00e9<\/strong><\/p>\n\n<p>Notez que si vous \u00eates expuls\u00e9, vous devez quitter le pays ou changer d&rsquo;\u00e9tablissement scolaire et obtenir un nouvel I-20 dans les 15 jours.<\/p>\n\n<h3 class=\"wp-block-heading jinr-heading d--bold\">Facteurs li\u00e9s \u00e0 l&rsquo;assiduit\u00e9<\/h3>\n\n<figure class=\"wp-block-table\"><table><tbody><tr><td>R\u00e8gle des 80 % d&rsquo;assiduit\u00e9<\/td><td>Si votre taux d&rsquo;assiduit\u00e9 est inf\u00e9rieur \u00e0 80 % pendant deux semestres cons\u00e9cutifs, vous serez exclu \u00e0 la fin du semestre.<\/td><\/tr><tr><td>R\u00e8gle des 60 % d&rsquo;assiduit\u00e9<\/td><td>Si votre taux d&rsquo;assiduit\u00e9 est inf\u00e9rieur \u00e0 60 %, vous serez exclu \u00e0 la fin du semestre.<\/td><\/tr><\/tbody><\/table><\/figure>\n\n<p>Si vous recevez un \u00ab\u00a0F\u00a0\u00bb, l&rsquo;\u00e9cole vous envoie un avertissement et si vous recevez des \u00ab\u00a0F\u00a0\u00bb pendant deux semestres cons\u00e9cutifs, vous serez expuls\u00e9.<\/p>\n<section class=\"b--jinr-block b--jinr-blogcard d--blogcard-hover-up d--blogcard-style1 d--blogcard-mysite t--round \"><div class=\"a--blogcard-label ef\">Related Page<\/div><a class=\"o--blogcard-link t--round\" href=\"https:\/\/www.academiaschool.edu\/current-student\/\"><div class=\"c--blogcard-image\"><img loading=\"lazy\" decoding=\"async\" class=\"a--blogcard-img-src\" width=\"128\" height=\"72\" src=\"https:\/\/www.academiaschool.edu\/wp-content\/uploads\/2025\/02\/\u540d\u79f0\u672a\u8a2d\u5b9a\u306e\u30c7\u30b6\u30a4\u30f3-7.png\" alt=\"For Current Students\" \/><\/div><div class=\"a--blogcard-title d--bold\">For Current Students<\/div><\/a><\/section>","protected":false},"excerpt":{"rendered":"<p>\u00c0 propos du taux de fr\u00e9quentation Veuillez vous r\u00e9f\u00e9rer aux informations suivantes concernant les types de vacances. La demande de cong\u00e9 ne compte pas comme une \u00ab\u00a0absence\u00a0\u00bb mais ne compte pas non plus comme une \u00ab\u00a0pr\u00e9sence\u00a0\u00bb. Pour l&rsquo;essentiel, ces jours ne sont pas comptabilis\u00e9s comme des jours de pr\u00e9sence obligatoire. Exemple pour une p\u00e9riode de [&hellip;]<\/p>\n","protected":false},"author":1,"featured_media":0,"parent":4656,"menu_order":0,"comment_status":"closed","ping_status":"closed","template":"","meta":{"_jinr_url_youtube":"","_jinr_pip_youtube":false,"_jinr_time_youtube":"","_jinr_thumb_youtube":"","_jinr_media_youtube":"","_jinr_category_edit":false,"_jinr_category":"","_jinr_title_display":false,"_jinr_snsbutton_display":false,"_jinr_ads_display":false,"_jinr_thumbnail_display":false,"_jinr_profile_display":false,"_jinr_representations_display":false,"_jinr_relatedpost_display":false,"_jinr_sidebar1col_display":false,"_jinr_sidebar2col_display":false,"_jinr_seotitle_display":"","_jinr_description_display":"","_jinr_keyword_display":"","_jinr_hastag_display":"","_jinr_canonical_display":"","_jinr_noindex_display":false,"_jinr_paidpost":false,"_jinr_paidpost_product_id":"","_jinr_headtag_article":"","footnotes":""},"class_list":["post-4660","page","type-page","status-publish","hentry"],"_links":{"self":[{"href":"https:\/\/www.academiaschool.edu\/fr\/wp-json\/wp\/v2\/pages\/4660","targetHints":{"allow":["GET"]}}],"collection":[{"href":"https:\/\/www.academiaschool.edu\/fr\/wp-json\/wp\/v2\/pages"}],"about":[{"href":"https:\/\/www.academiaschool.edu\/fr\/wp-json\/wp\/v2\/types\/page"}],"author":[{"embeddable":true,"href":"https:\/\/www.academiaschool.edu\/fr\/wp-json\/wp\/v2\/users\/1"}],"replies":[{"embeddable":true,"href":"https:\/\/www.academiaschool.edu\/fr\/wp-json\/wp\/v2\/comments?post=4660"}],"version-history":[{"count":3,"href":"https:\/\/www.academiaschool.edu\/fr\/wp-json\/wp\/v2\/pages\/4660\/revisions"}],"predecessor-version":[{"id":4663,"href":"https:\/\/www.academiaschool.edu\/fr\/wp-json\/wp\/v2\/pages\/4660\/revisions\/4663"}],"up":[{"embeddable":true,"href":"https:\/\/www.academiaschool.edu\/fr\/wp-json\/wp\/v2\/pages\/4656"}],"wp:attachment":[{"href":"https:\/\/www.academiaschool.edu\/fr\/wp-json\/wp\/v2\/media?parent=4660"}],"curies":[{"name":"wp","href":"https:\/\/api.w.org\/{rel}","templated":true}]}}