{"id":4656,"date":"2024-03-14T12:42:26","date_gmt":"2024-03-14T22:42:26","guid":{"rendered":"https:\/\/academia-school.net\/pour-les-etudiants-actuels\/"},"modified":"2024-04-24T09:40:21","modified_gmt":"2024-04-24T19:40:21","slug":"pour-les-etudiants-actuels","status":"publish","type":"page","link":"https:\/\/www.academiaschool.edu\/fr\/pour-les-etudiants-actuels\/","title":{"rendered":"Pour les \u00e9tudiants actuels"},"content":{"rendered":"\n<section class=\"wp-block-jinr-blocks-fullwidth b--jinr-block b--jinr-fullwidth-container d--top-margin-xs-pc d--bottom-margin-xs-pc d--top-margin-xs-sp d--bottom-margin-xs-sp \"><section class=\"b--jinr-fullwidth d--fullwidth-parallax-off d--fullwidth-deco-bgimage\"><div class=\"a--jinr-fullwidth-image\"><div class=\"a--jinr-fullwidth-image-clip\"><img decoding=\"async\" src=\"https:\/\/www.academiaschool.edu\/wp-content\/uploads\/2024\/03\/\u30b9\u30af\u30ea\u30fc\u30f3\u30b7\u30e7\u30c3\u30c8-2024-03-26-\u5348\u5f8c8.22.12.webp\"\/><\/div><\/div><div class=\"a--jinr-fullwidth-overlay\" style=\"background-color:rgba(255,255,255,0);opacity:0.25\"><\/div><div class=\"d--fullwidth-100 d--fullwidth-pad40 d--fullwidth-pad0-sp t--main-width\" style=\"color:false\">\n<p class=\"has-text-align-center has-white-color has-text-color has-link-color wp-elements-0903ca4daa7d28e237b81bcea97051e3\"><span class=\"jinr-d--font-size d--fontsize-36px\"><strong><strong>Pour les \u00e9tudiants actuels<\/strong><\/strong><\/span><\/p>\n<\/div><\/section><\/section>\n\n<h2 class=\"wp-block-heading jinr-heading d--bold\"><strong>Pour les \u00e9tudiants actuels<\/strong><\/h2>\n\n<p>Les informations n\u00e9cessaires \u00e0 la vie \u00e9tudiante des \u00e9tudiants actuels sont fournies.<\/p>\n\n<p><span class=\"jin-icons in--p jin-ifont-doublearrow\"><\/span><a href=\"https:\/\/www.academiaschool.edu\/fr\/pour-les-etudiants-actuels\/vacances\/\">\u00c0 propos des vacances<\/a><\/p>\n\n<p><span class=\"jin-icons in--p jin-ifont-doublearrow\"><\/span><a href=\"https:\/\/www.academiaschool.edu\/fr\/pour-les-etudiants-actuels\/assiduite-et-expulsion-obligatoire\/\">R\u00e8gles d&rsquo;assiduit\u00e9 et de retrait obligatoire<\/a><\/p>\n\n<p><span class=\"jin-icons in--p jin-ifont-doublearrow\"><\/span><a href=\"https:\/\/www.academiaschool.edu\/fr\/pour-les-etudiants-actuels\/inscription-aux-cours\/\">Comment s&rsquo;inscrire aux cours<\/a><\/p>\n\n<p><span class=\"jin-icons in--p jin-ifont-doublearrow\"><\/span><a href=\"https:\/\/www.academiaschool.edu\/fr\/pour-les-etudiants-actuels\/calendrier-des-cours\/\">Calendrier des cours<\/a><\/p>\n\n<h2 class=\"wp-block-heading jinr-heading d--bold\"><strong>Formulaire de demande et documents<\/strong><\/h2>\n\n<p><a href=\"https:\/\/form.jotform.com\/241087279400051\">Formulaire de demande de vacances en ligne<\/a><\/p>\n\n<p>Formulaire de sortie (retour au pays) : <a href=\"https:\/\/form.jotform.com\/241096101058044\" data-type=\"link\" data-id=\"https:\/\/form.jotform.com\/241096101058044\" target=\"_blank\" rel=\"noreferrer noopener\">Demande d&rsquo;ach\u00e8vement de la formation<\/a><\/p>\n\n<p>Formulaire de sortie (transfert) : <a href=\"https:\/\/form.jotform.com\/241096704948061\" target=\"_blank\" rel=\"noreferrer noopener\">Demande de transfert<\/a><\/p>\n\n<p>PDF : <a href=\"https:\/\/www.academiaschool.edu\/wp-content\/uploads\/2024\/04\/Transcript-Request-Form.pdf\">Formulaire de demande de relev\u00e9 de notes<\/a><\/p>\n\n<p>PDF : <a href=\"https:\/\/www.academiaschool.edu\/wp-content\/uploads\/2024\/04\/Academia-Language-School-Code-of-Student-Conduct-1.pdf\">Code de conduite de l&rsquo;\u00e9cole de langues Academia<\/a><\/p>\n\n<p><a href=\"https:\/\/form.jotform.com\/241097793238062\" data-type=\"link\" data-id=\"https:\/\/form.jotform.com\/241097793238062\" target=\"_blank\" rel=\"noreferrer noopener\">Dossier d&rsquo;orientation de bienvenue pour les non-I-20<\/a><\/p>\n","protected":false},"excerpt":{"rendered":"<p>Pour les \u00e9tudiants actuels Les informations n\u00e9cessaires \u00e0 la vie \u00e9tudiante des \u00e9tudiants actuels sont fournies. \u00c0 propos des vacances R\u00e8gles d&rsquo;assiduit\u00e9 et de retrait obligatoire Comment s&rsquo;inscrire aux cours Calendrier des cours Formulaire de demande et documents Formulaire de demande de vacances en ligne Formulaire de sortie (retour au pays) : Demande d&rsquo;ach\u00e8vement de [&hellip;]<\/p>\n","protected":false},"author":1,"featured_media":0,"parent":0,"menu_order":0,"comment_status":"closed","ping_status":"closed","template":"","meta":{"_jinr_url_youtube":"","_jinr_pip_youtube":false,"_jinr_time_youtube":"","_jinr_thumb_youtube":"","_jinr_media_youtube":"","_jinr_category_edit":false,"_jinr_category":"","_jinr_title_display":false,"_jinr_snsbutton_display":false,"_jinr_ads_display":false,"_jinr_thumbnail_display":false,"_jinr_profile_display":false,"_jinr_representations_display":false,"_jinr_relatedpost_display":false,"_jinr_sidebar1col_display":false,"_jinr_sidebar2col_display":false,"_jinr_seotitle_display":"","_jinr_description_display":"","_jinr_keyword_display":"","_jinr_hastag_display":"","_jinr_canonical_display":"","_jinr_noindex_display":false,"_jinr_paidpost":false,"_jinr_paidpost_product_id":"","_jinr_headtag_article":"","footnotes":""},"class_list":["post-4656","page","type-page","status-publish","hentry"],"_links":{"self":[{"href":"https:\/\/www.academiaschool.edu\/fr\/wp-json\/wp\/v2\/pages\/4656","targetHints":{"allow":["GET"]}}],"collection":[{"href":"https:\/\/www.academiaschool.edu\/fr\/wp-json\/wp\/v2\/pages"}],"about":[{"href":"https:\/\/www.academiaschool.edu\/fr\/wp-json\/wp\/v2\/types\/page"}],"author":[{"embeddable":true,"href":"https:\/\/www.academiaschool.edu\/fr\/wp-json\/wp\/v2\/users\/1"}],"replies":[{"embeddable":true,"href":"https:\/\/www.academiaschool.edu\/fr\/wp-json\/wp\/v2\/comments?post=4656"}],"version-history":[{"count":7,"href":"https:\/\/www.academiaschool.edu\/fr\/wp-json\/wp\/v2\/pages\/4656\/revisions"}],"predecessor-version":[{"id":4703,"href":"https:\/\/www.academiaschool.edu\/fr\/wp-json\/wp\/v2\/pages\/4656\/revisions\/4703"}],"wp:attachment":[{"href":"https:\/\/www.academiaschool.edu\/fr\/wp-json\/wp\/v2\/media?parent=4656"}],"curies":[{"name":"wp","href":"https:\/\/api.w.org\/{rel}","templated":true}]}}