{"id":4648,"date":"2024-03-21T12:33:42","date_gmt":"2024-03-21T22:33:42","guid":{"rendered":"https:\/\/academia-school.net\/honoraires\/frais-de-scolarite-pour-les-nouveaux-etudiants-titulaires-dun-visa-f-1\/"},"modified":"2026-01-06T08:28:14","modified_gmt":"2026-01-06T18:28:14","slug":"frais-de-scolarite-pour-les-nouveaux-etudiants-titulaires-dun-visa-f-1","status":"publish","type":"page","link":"https:\/\/www.academiaschool.edu\/fr\/honoraires\/frais-de-scolarite-pour-les-nouveaux-etudiants-titulaires-dun-visa-f-1\/","title":{"rendered":"Frais de scolarit\u00e9 pour les nouveaux \u00e9tudiants titulaires d&rsquo;un visa F-1"},"content":{"rendered":"\n<section class=\"wp-block-jinr-blocks-fullwidth b--jinr-block b--jinr-fullwidth-container d--top-margin-xs-pc d--bottom-margin-xs-pc d--top-margin-xs-sp d--bottom-margin-xs-sp \"><section class=\"b--jinr-fullwidth d--fullwidth-parallax-off d--fullwidth-deco-bgimage\"><div class=\"a--jinr-fullwidth-image\"><div class=\"a--jinr-fullwidth-image-clip\"><img decoding=\"async\" src=\"https:\/\/www.academiaschool.edu\/wp-content\/uploads\/2024\/03\/sean-105m46GatAg-unsplash-2.webp\"\/><\/div><\/div><div class=\"a--jinr-fullwidth-overlay\" style=\"background-color:#f5f5f5;opacity:0\"><\/div><div class=\"d--fullwidth-max d--fullwidth-pad40 d--fullwidth-pad0-sp t--main-width\" style=\"color:false\">\n<p class=\"has-text-align-center has-white-color has-text-color has-link-color wp-elements-e4bf0286f168ff482cff386a7de1d10e\"><span class=\"jinr-d--font-size d--fontsize-36px\"><strong><strong>Frais de scolarit\u00e9 pour les nouveaux \u00e9tudiants titulaires d&rsquo;un visa F-1<\/strong><\/strong><\/span><\/p>\n<\/div><\/section><\/section>\n\n<h2 class=\"wp-block-heading jinr-heading d--bold\"><strong><strong>Liste des frais de scolarit\u00e9 hebdomadaires pour les \u00e9tudiants titulaires d&rsquo;un visa F-1<\/strong><\/strong><\/h2>\n\n<div class=\"wp-block-columns js--scr-animation is-layout-flex wp-container-core-columns-is-layout-9d6595d7 wp-block-columns-is-layout-flex\">\n<div class=\"wp-block-column is-layout-flow wp-block-column-is-layout-flow\">\n<figure class=\"wp-block-table is-style-stripes\"><table class=\"has-fixed-layout\"><tbody><tr><td class=\"has-text-align-right\" data-align=\"right\"><strong>Semaines<\/strong><\/td><td class=\"has-text-align-right\" data-align=\"right\"><strong>Frais de scolarit\u00e9 2026<\/strong><br\/>(taxes incluses)<\/td><td class=\"has-text-align-center\" data-align=\"center\">Avec frais initiaux<br\/>(taxes incluses)<\/td><\/tr><tr><td class=\"has-text-align-right\" data-align=\"right\">1<\/td><td class=\"has-text-align-right\" data-align=\"right\">309 $<\/td><td class=\"has-text-align-center\" data-align=\"center\">&#8211;<\/td><\/tr><tr><td class=\"has-text-align-right\" data-align=\"right\">2<\/td><td class=\"has-text-align-right\" data-align=\"right\">612 $<\/td><td class=\"has-text-align-center\" data-align=\"center\">&#8211;<\/td><\/tr><tr><td class=\"has-text-align-right\" data-align=\"right\">3<\/td><td class=\"has-text-align-right\" data-align=\"right\">918 $<\/td><td class=\"has-text-align-center\" data-align=\"center\">&#8211;<\/td><\/tr><tr><td class=\"has-text-align-right\" data-align=\"right\">4 (Environ 1 mois)<\/td><td class=\"has-text-align-right\" data-align=\"right\">1\u202f224 $<\/td><td class=\"has-text-align-center\" data-align=\"center\">&#8211;<\/td><\/tr><tr><td class=\"has-text-align-right\" data-align=\"right\">5<\/td><td class=\"has-text-align-right\" data-align=\"right\">1\u202f513 $<\/td><td class=\"has-text-align-center\" data-align=\"center\">&#8211;<\/td><\/tr><tr><td class=\"has-text-align-right\" data-align=\"right\">6<\/td><td class=\"has-text-align-right\" data-align=\"right\">1\u202f750 $<\/td><td class=\"has-text-align-center\" data-align=\"center\">&#8211;<\/td><\/tr><tr><td class=\"has-text-align-right\" data-align=\"right\">7<\/td><td class=\"has-text-align-right\" data-align=\"right\">2\u202f060 $<\/td><td class=\"has-text-align-center\" data-align=\"center\">&#8211;<\/td><\/tr><tr><td class=\"has-text-align-right\" data-align=\"right\">8 (environ 2 mois)<\/td><td class=\"has-text-align-right\" data-align=\"right\">2\u202f313 $<\/td><td class=\"has-text-align-right\" data-align=\"right\">2\u202f548 $<\/td><\/tr><tr><td class=\"has-text-align-right\" data-align=\"right\">9<\/td><td class=\"has-text-align-right\" data-align=\"right\">2\u202f552 $<\/td><td class=\"has-text-align-right\" data-align=\"right\">2\u202f787 $<\/td><\/tr><tr><td class=\"has-text-align-right\" data-align=\"right\">10<\/td><td class=\"has-text-align-right\" data-align=\"right\">2\u202f640 $<\/td><td class=\"has-text-align-right\" data-align=\"right\">2\u202f875 $<\/td><\/tr><tr><td class=\"has-text-align-right\" data-align=\"right\">11<\/td><td class=\"has-text-align-right\" data-align=\"right\">2\u202f750 $<\/td><td class=\"has-text-align-right\" data-align=\"right\">2\u202f985 $<\/td><\/tr><tr><td class=\"has-text-align-right\" data-align=\"right\">12 (environ 3 mois)<\/td><td class=\"has-text-align-right\" data-align=\"right\">2\u202f795 $<\/td><td class=\"has-text-align-right\" data-align=\"right\">3\u202f030 $<\/td><\/tr><tr><td class=\"has-text-align-right\" data-align=\"right\">13<\/td><td class=\"has-text-align-right\" data-align=\"right\">3\u202f381 $<\/td><td class=\"has-text-align-right\" data-align=\"right\">3\u202f616 $<\/td><\/tr><tr><td class=\"has-text-align-right\" data-align=\"right\">14<\/td><td class=\"has-text-align-right\" data-align=\"right\">3\u202f614 $<\/td><td class=\"has-text-align-right\" data-align=\"right\">3\u202f849 $<\/td><\/tr><tr><td class=\"has-text-align-right\" data-align=\"right\">15<\/td><td class=\"has-text-align-right\" data-align=\"right\">3\u202f801 $<\/td><td class=\"has-text-align-right\" data-align=\"right\">4\u202f036 $<\/td><\/tr><tr><td class=\"has-text-align-right\" data-align=\"right\">16 (environ 4 mois)<\/td><td class=\"has-text-align-right\" data-align=\"right\">4\u202f054 $<\/td><td class=\"has-text-align-right\" data-align=\"right\">4\u202f289 $<\/td><\/tr><tr><td class=\"has-text-align-right\" data-align=\"right\">17<\/td><td class=\"has-text-align-right\" data-align=\"right\">4\u202f338 $<\/td><td class=\"has-text-align-right\" data-align=\"right\">4\u202f573 $<\/td><\/tr><tr><td class=\"has-text-align-right\" data-align=\"right\">18<\/td><td class=\"has-text-align-right\" data-align=\"right\">4\u202f561 $<\/td><td class=\"has-text-align-right\" data-align=\"right\">4\u202f796 $<\/td><\/tr><tr><td class=\"has-text-align-right\" data-align=\"right\">19<\/td><td class=\"has-text-align-right\" data-align=\"right\">4\u202f817 $<\/td><td class=\"has-text-align-right\" data-align=\"right\">5\u202f052 $<\/td><\/tr><tr><td class=\"has-text-align-right\" data-align=\"right\">20<\/td><td class=\"has-text-align-right\" data-align=\"right\">5\u202f062 $<\/td><td class=\"has-text-align-right\" data-align=\"right\">5\u202f297 $<\/td><\/tr><tr><td class=\"has-text-align-right\" data-align=\"right\">21<\/td><td class=\"has-text-align-right\" data-align=\"right\">$5,338<\/td><td class=\"has-text-align-right\" data-align=\"right\">5\u202f573 $<\/td><\/tr><tr><td class=\"has-text-align-right\" data-align=\"right\">22<\/td><td class=\"has-text-align-right\" data-align=\"right\">5\u202f561 $<\/td><td class=\"has-text-align-right\" data-align=\"right\">5\u202f796 $<\/td><\/tr><tr><td class=\"has-text-align-right\" data-align=\"right\">23<\/td><td class=\"has-text-align-right\" data-align=\"right\">5\u202f561 $<\/td><td class=\"has-text-align-right\" data-align=\"right\">5\u202f796 $<\/td><\/tr><tr><td class=\"has-text-align-right\" data-align=\"right\">24 (environ 6 mois)<\/td><td class=\"has-text-align-right\" data-align=\"right\">5\u202f561 $<\/td><td class=\"has-text-align-right\" data-align=\"right\">5\u202f796 $<\/td><\/tr><\/tbody><\/table><\/figure>\n<\/div>\n\n\n\n<div class=\"wp-block-column is-layout-flow wp-block-column-is-layout-flow\">\n<figure class=\"wp-block-table is-style-stripes\"><table class=\"has-fixed-layout\"><tbody><tr><td class=\"has-text-align-right\" data-align=\"right\"><strong>Semaines<\/strong><\/td><td class=\"has-text-align-right\" data-align=\"right\"><strong>Frais de scolarit\u00e9 2026<\/strong><br\/>(taxes incluses)<\/td><td class=\"has-text-align-right\" data-align=\"right\">Avec frais initiaux<br\/>(taxes incluses)<\/td><\/tr><tr><td class=\"has-text-align-right\" data-align=\"right\">25<\/td><td class=\"has-text-align-right\" data-align=\"right\">5\u202f976 $<\/td><td class=\"has-text-align-right\" data-align=\"right\">6\u202f211 $<\/td><\/tr><tr><td class=\"has-text-align-right\" data-align=\"right\">26<\/td><td class=\"has-text-align-right\" data-align=\"right\">6\u202f346 $<\/td><td class=\"has-text-align-right\" data-align=\"right\">6\u202f581 $<\/td><\/tr><tr><td class=\"has-text-align-right\" data-align=\"right\">27<\/td><td class=\"has-text-align-right\" data-align=\"right\">6\u202f604 $<\/td><td class=\"has-text-align-right\" data-align=\"right\">6\u202f839 $<\/td><\/tr><tr><td class=\"has-text-align-right\" data-align=\"right\">28<\/td><td class=\"has-text-align-right\" data-align=\"right\">6\u202f829 $<\/td><td class=\"has-text-align-right\" data-align=\"right\">7\u202f064 $<\/td><\/tr><tr><td class=\"has-text-align-right\" data-align=\"right\">29<\/td><td class=\"has-text-align-right\" data-align=\"right\">7\u202f053 $<\/td><td class=\"has-text-align-right\" data-align=\"right\">7\u202f288 $<\/td><\/tr><tr><td class=\"has-text-align-right\" data-align=\"right\">30<\/td><td class=\"has-text-align-right\" data-align=\"right\">7\u202f278 $<\/td><td class=\"has-text-align-right\" data-align=\"right\">7\u202f513 $<\/td><\/tr><tr><td class=\"has-text-align-right\" data-align=\"right\">31<\/td><td class=\"has-text-align-right\" data-align=\"right\">7\u202f525 $<\/td><td class=\"has-text-align-right\" data-align=\"right\">7\u202f760 $<\/td><\/tr><tr><td class=\"has-text-align-right\" data-align=\"right\">32<\/td><td class=\"has-text-align-right\" data-align=\"right\">7\u202f768 $<\/td><td class=\"has-text-align-right\" data-align=\"right\">8\u202f003 $<\/td><\/tr><tr><td class=\"has-text-align-right\" data-align=\"right\">33<\/td><td class=\"has-text-align-right\" data-align=\"right\">8\u202f025 $<\/td><td class=\"has-text-align-right\" data-align=\"right\">8\u202f260 $<\/td><\/tr><tr><td class=\"has-text-align-right\" data-align=\"right\">34<\/td><td class=\"has-text-align-right\" data-align=\"right\">8\u202f249 $<\/td><td class=\"has-text-align-right\" data-align=\"right\">8\u202f484 $<\/td><\/tr><tr><td class=\"has-text-align-right\" data-align=\"right\">35<\/td><td class=\"has-text-align-right\" data-align=\"right\">8\u202f249 $<\/td><td class=\"has-text-align-right\" data-align=\"right\">8\u202f484 $<\/td><\/tr><tr><td class=\"has-text-align-right\" data-align=\"right\">36<\/td><td class=\"has-text-align-right\" data-align=\"right\">8\u202f361 $<\/td><td class=\"has-text-align-right\" data-align=\"right\">8\u202f596 $<\/td><\/tr><tr><td class=\"has-text-align-right\" data-align=\"right\">37<\/td><td class=\"has-text-align-right\" data-align=\"right\">8\u202f611 $<\/td><td class=\"has-text-align-right\" data-align=\"right\">8\u202f846 $<\/td><\/tr><tr><td class=\"has-text-align-right\" data-align=\"right\">38<\/td><td class=\"has-text-align-right\" data-align=\"right\">8\u202f780 $<\/td><td class=\"has-text-align-right\" data-align=\"right\">9\u202f015 $<\/td><\/tr><tr><td class=\"has-text-align-right\" data-align=\"right\">39<\/td><td class=\"has-text-align-right\" data-align=\"right\">9\u202f018 $<\/td><td class=\"has-text-align-right\" data-align=\"right\">9\u202f253 $<\/td><\/tr><tr><td class=\"has-text-align-right\" data-align=\"right\">40<\/td><td class=\"has-text-align-right\" data-align=\"right\">9\u202f058 $<\/td><td class=\"has-text-align-right\" data-align=\"right\">9\u202f293 $<\/td><\/tr><tr><td class=\"has-text-align-right\" data-align=\"right\">41<\/td><td class=\"has-text-align-right\" data-align=\"right\">9\u202f064 $<\/td><td class=\"has-text-align-right\" data-align=\"right\">9\u202f299 $<\/td><\/tr><tr><td class=\"has-text-align-right\" data-align=\"right\">42<\/td><td class=\"has-text-align-right\" data-align=\"right\">9\u202f153 $<\/td><td class=\"has-text-align-right\" data-align=\"right\">9\u202f388 $<\/td><\/tr><tr><td class=\"has-text-align-right\" data-align=\"right\">43<\/td><td class=\"has-text-align-right\" data-align=\"right\">9\u202f153 $<\/td><td class=\"has-text-align-right\" data-align=\"right\">9\u202f388 $<\/td><\/tr><tr><td class=\"has-text-align-right\" data-align=\"right\">44<\/td><td class=\"has-text-align-right\" data-align=\"right\">9\u202f153 $<\/td><td class=\"has-text-align-right\" data-align=\"right\">9\u202f388 $<\/td><\/tr><tr><td class=\"has-text-align-right\" data-align=\"right\">45<\/td><td class=\"has-text-align-right\" data-align=\"right\">9\u202f153 $<\/td><td class=\"has-text-align-right\" data-align=\"right\">9\u202f388 $<\/td><\/tr><tr><td class=\"has-text-align-right\" data-align=\"right\">46<\/td><td class=\"has-text-align-right\" data-align=\"right\">9\u202f153 $<\/td><td class=\"has-text-align-right\" data-align=\"right\">9\u202f388 $<\/td><\/tr><tr><td class=\"has-text-align-right\" data-align=\"right\">47<\/td><td class=\"has-text-align-right\" data-align=\"right\">9\u202f153 $<\/td><td class=\"has-text-align-right\" data-align=\"right\">9\u202f388 $<\/td><\/tr><tr><td class=\"has-text-align-right\" data-align=\"right\">48 (Environ 1 an)<\/td><td class=\"has-text-align-right\" data-align=\"right\">9\u202f153 $<\/td><td class=\"has-text-align-right\" data-align=\"right\">9\u202f388 $<\/td><\/tr><\/tbody><\/table><\/figure>\n<\/div>\n<\/div>\n\n<p class=\"has-text-align-center\"><strong>Le montant initial<\/strong> <strong>comprend des frais d\u2019inscription non remboursables de 100 $ et des frais de technologie de 135 $.<\/strong><\/p>\n\n<p>Les \u00e9tudiants titulaires d&rsquo;un visa d&rsquo;\u00e9tudiant (visa F-1) sont tenus d&rsquo;assister \u00e0 un minimum de 20 heures de cours par semaine. Les frais ci-dessus vous permettent de suivre des cours qui r\u00e9pondent aux exigences I-20 n\u00e9cessaires \u00e0 l&rsquo;obtention d&rsquo;un visa F-1.<\/p>\n\n<p>La p\u00e9riode d&rsquo;inscription minimale pour un visa d&rsquo;\u00e9tudiant (visa F-1) est de 8 semaines. Des tarifs r\u00e9duits sont disponibles en fonction de la dur\u00e9e de l&rsquo;inscription (8 semaines, 16 semaines, 24 semaines et 48 semaines).<\/p>\n\n<p>Vous pouvez t\u00e9l\u00e9charger la liste des prix hebdomadaires pour les \u00e9tudiants titulaires d&rsquo;un visa F-1 (PDF) \u00e0 partir du lien ci-dessous.<\/p>\n\n<p><strong>T\u00e9l\u00e9chargement PDF<\/strong>\u00a0: <a href=\"https:\/\/www.academiaschool.edu\/wp-content\/uploads\/2025\/12\/I-20_Academia-Price-List_2026-4.pdf\">Liste de prix I-20 2026 Academia<\/a><\/p>\n\n<p>Pour les nouvelles inscriptions d\u2019\u00e9tudiants I-20 uniquement, qui s\u2019inscrivent \u00e0 des programmes de 8 semaines ou plus et demandent un remboursement avant le d\u00e9but des cours, des frais de traitement de remboursement de 100 $ seront d\u00e9duits du montant rembours\u00e9.<\/p>\n<section class=\"b--jinr-block b--jinr-blogcard d--blogcard-hover-up d--blogcard-style1 d--blogcard-mysite t--round \"><div class=\"a--blogcard-label ef\">Related Page<\/div><a class=\"o--blogcard-link t--round\" href=\"https:\/\/www.academiaschool.edu\/fee\/\"><div class=\"c--blogcard-image\"><img loading=\"lazy\" decoding=\"async\" class=\"a--blogcard-img-src\" width=\"128\" height=\"72\" src=\"https:\/\/www.academiaschool.edu\/wp-content\/uploads\/2025\/02\/\u540d\u79f0\u672a\u8a2d\u5b9a\u306e\u30c7\u30b6\u30a4\u30f3-7.png\" alt=\"Fees\" \/><\/div><div class=\"a--blogcard-title d--bold\">Fees<\/div><\/a><\/section>","protected":false},"excerpt":{"rendered":"<p>Liste des frais de scolarit\u00e9 hebdomadaires pour les \u00e9tudiants titulaires d&rsquo;un visa F-1 Semaines Frais de scolarit\u00e9 2026(taxes incluses) Avec frais initiaux(taxes incluses) 1 309 $ &#8211; 2 612 $ &#8211; 3 918 $ &#8211; 4 (Environ 1 mois) 1\u202f224 $ &#8211; 5 1\u202f513 $ &#8211; 6 1\u202f750 $ &#8211; 7 2\u202f060 $ &#8211; 8 [&hellip;]<\/p>\n","protected":false},"author":1,"featured_media":0,"parent":4629,"menu_order":0,"comment_status":"closed","ping_status":"closed","template":"","meta":{"_jinr_url_youtube":"","_jinr_pip_youtube":false,"_jinr_time_youtube":"","_jinr_thumb_youtube":"","_jinr_media_youtube":"","_jinr_category_edit":false,"_jinr_category":"","_jinr_title_display":false,"_jinr_snsbutton_display":false,"_jinr_ads_display":false,"_jinr_thumbnail_display":false,"_jinr_profile_display":false,"_jinr_representations_display":false,"_jinr_relatedpost_display":false,"_jinr_sidebar1col_display":false,"_jinr_sidebar2col_display":false,"_jinr_seotitle_display":"","_jinr_description_display":"","_jinr_keyword_display":"","_jinr_hastag_display":"","_jinr_canonical_display":"","_jinr_noindex_display":false,"_jinr_paidpost":false,"_jinr_paidpost_product_id":"","_jinr_headtag_article":"","footnotes":""},"class_list":["post-4648","page","type-page","status-publish","hentry"],"_links":{"self":[{"href":"https:\/\/www.academiaschool.edu\/fr\/wp-json\/wp\/v2\/pages\/4648","targetHints":{"allow":["GET"]}}],"collection":[{"href":"https:\/\/www.academiaschool.edu\/fr\/wp-json\/wp\/v2\/pages"}],"about":[{"href":"https:\/\/www.academiaschool.edu\/fr\/wp-json\/wp\/v2\/types\/page"}],"author":[{"embeddable":true,"href":"https:\/\/www.academiaschool.edu\/fr\/wp-json\/wp\/v2\/users\/1"}],"replies":[{"embeddable":true,"href":"https:\/\/www.academiaschool.edu\/fr\/wp-json\/wp\/v2\/comments?post=4648"}],"version-history":[{"count":5,"href":"https:\/\/www.academiaschool.edu\/fr\/wp-json\/wp\/v2\/pages\/4648\/revisions"}],"predecessor-version":[{"id":9022,"href":"https:\/\/www.academiaschool.edu\/fr\/wp-json\/wp\/v2\/pages\/4648\/revisions\/9022"}],"up":[{"embeddable":true,"href":"https:\/\/www.academiaschool.edu\/fr\/wp-json\/wp\/v2\/pages\/4629"}],"wp:attachment":[{"href":"https:\/\/www.academiaschool.edu\/fr\/wp-json\/wp\/v2\/media?parent=4648"}],"curies":[{"name":"wp","href":"https:\/\/api.w.org\/{rel}","templated":true}]}}