{"id":4637,"date":"2024-04-21T06:42:19","date_gmt":"2024-04-21T16:42:19","guid":{"rendered":"https:\/\/academia-school.net\/honoraires\/cours-de-lapres-midi-pour-les-etudiants-transferes-et-actuels\/"},"modified":"2025-01-02T19:45:49","modified_gmt":"2025-01-03T05:45:49","slug":"cours-de-lapres-midi-pour-les-etudiants-transferes-et-actuels","status":"publish","type":"page","link":"https:\/\/www.academiaschool.edu\/fr\/honoraires\/cours-de-lapres-midi-pour-les-etudiants-transferes-et-actuels\/","title":{"rendered":"Cours de l&rsquo;apr\u00e8s-midi pour les \u00e9tudiants transf\u00e9r\u00e9s et actuels"},"content":{"rendered":"\n<section class=\"wp-block-jinr-blocks-fullwidth b--jinr-block b--jinr-fullwidth-container d--top-margin-xs-pc d--bottom-margin-xs-pc d--top-margin-xs-sp d--bottom-margin-xs-sp \"><section class=\"b--jinr-fullwidth d--fullwidth-parallax-off d--fullwidth-deco-bgimage\"><div class=\"a--jinr-fullwidth-image\"><div class=\"a--jinr-fullwidth-image-clip\"><img decoding=\"async\" src=\"https:\/\/www.academiaschool.edu\/wp-content\/uploads\/2024\/03\/sean-105m46GatAg-unsplash-2.webp\"\/><\/div><\/div><div class=\"a--jinr-fullwidth-overlay\" style=\"background-color:#f5f5f5;opacity:0\"><\/div><div class=\"d--fullwidth-100 d--fullwidth-pad40 d--fullwidth-pad0-sp t--main-width\" style=\"color:false\">\n<p class=\"has-text-align-center has-white-color has-text-color has-link-color wp-elements-528842bec470c21d70f462c255873772\"><span class=\"jinr-d--font-size d--fontsize-36px\"><strong><strong>Cours de l&rsquo;apr\u00e8s-midi<\/strong><\/strong><\/span><\/p>\n<\/div><\/section><\/section>\n\n<h2 class=\"wp-block-heading jinr-heading d--bold\">FRAIS DE SCOLARIT\u00c9 POUR LES COURS DE L&rsquo;APR\u00c8S-MIDI<\/h2>\n\n<p>Dans le cadre de ce plan, les \u00e9tudiants ne peuvent choisir que les cours de 12h30 \u00e0 15h et de 15h \u00e0 17h30.<\/p>\n\n<figure class=\"wp-block-table\"><table><tbody><tr><td><span class=\"jinr-d--font-size d--fontsize-15px\">Semaine<\/span><\/td><td><span class=\"jinr-d--font-size d--fontsize-15px\">2025 Frais de scolarit\u00e9<\/span><br\/>(taxes incluses)<\/td><td><span class=\"jinr-d--font-size d--fontsize-15px\">y compris Initial<\/span><br\/>(taxes incluses)<\/td><\/tr><tr><td><span class=\"jinr-d--font-size d--fontsize-15px\">8<\/span><\/td><td><span class=\"jinr-d--font-size d--fontsize-15px\">$1,632<\/span><\/td><td><span class=\"jinr-d--font-size d--fontsize-15px\">$1,867<\/span><\/td><\/tr><tr><td><span class=\"jinr-d--font-size d--fontsize-15px\">12<\/span><\/td><td><span class=\"jinr-d--font-size d--fontsize-15px\">$1,632<\/span><\/td><td><span class=\"jinr-d--font-size d--fontsize-15px\">$1,857<\/span><\/td><\/tr><tr><td><span class=\"jinr-d--font-size d--fontsize-15px\">24<\/span><\/td><td><span class=\"jinr-d--font-size d--fontsize-15px\">$3,080<\/span><\/td><td><span class=\"jinr-d--font-size d--fontsize-15px\">$3,315<\/span><\/td><\/tr><tr><td><span class=\"jinr-d--font-size d--fontsize-15px\">36<\/span><\/td><td><span class=\"jinr-d--font-size d--fontsize-15px\">$4,335<\/span><\/td><td><span class=\"jinr-d--font-size d--fontsize-15px\">$4,570<\/span><\/td><\/tr><tr><td><span class=\"jinr-d--font-size d--fontsize-15px\">48<\/span><\/td><td><span class=\"jinr-d--font-size d--fontsize-15px\">$4,985<\/span><\/td><td><span class=\"jinr-d--font-size d--fontsize-15px\">$5,220<\/span><\/td><\/tr><\/tbody><\/table><\/figure>\n\n<ul class=\"wp-block-list jinr-list\">\n<li>Minimum de 8 semaines. (Le prix est le m\u00eame que pour la p\u00e9riode de 12 semaines).<\/li>\n\n\n\n<li>Seuls les \u00e9tudiants transf\u00e9r\u00e9s et les \u00e9tudiants actuels qui choisissent ces cours peuvent b\u00e9n\u00e9ficier de ces tarifs.<\/li>\n\n\n\n<li>Les \u00e9tudiants qui b\u00e9n\u00e9ficient de ce plan doivent choisir les cours de 12h30 \u00e0 15h00 et de 15h00 \u00e0 17h30.<\/li>\n\n\n\n<li>Les frais de technologie et de copie ne sont factur\u00e9s qu&rsquo;une seule fois lors de l&rsquo;inscription initiale, uniquement pour les \u00e9tudiants transf\u00e9r\u00e9s.<\/li>\n\n\n\n<li>Si vous souhaitez acheter des manuels, veuillez payer le montant n\u00e9cessaire.<\/li>\n\n\n\n<li>Les demandes d&rsquo;inscription \u00e0 ce cours ne peuvent pas \u00eatre faites par l&rsquo;interm\u00e9diaire d&rsquo;un agent.<\/li>\n\n\n\n<li>Cette offre peut \u00eatre appliqu\u00e9e \u00e0 la campagne des amis r\u00e9f\u00e9rents.<\/li>\n\n\n\n<li>Cette offre ne peut toutefois pas \u00eatre appliqu\u00e9e \u00e0 la campagne de transfert.<\/li>\n<\/ul>\n\n<p>Vous trouverez ci-dessous les d\u00e9tails du tableau de tarification.<\/p>\n\n<p>Plus de d\u00e9tails : <a href=\"https:\/\/www.academiaschool.edu\/wp-content\/uploads\/2024\/12\/F1_ALS_Pricing-list_2025.pdf\" data-type=\"link\" data-id=\"https:\/\/www.academiaschool.edu\/wp-content\/uploads\/2024\/12\/F1_ALS_Pricing-list_2025.pdf\" target=\"_blank\" rel=\"noreferrer noopener\"><\/a><a href=\"https:\/\/www.academiaschool.edu\/wp-content\/uploads\/2024\/12\/Afternoon_ALS_Pricing-list_2025.pdf\" target=\"_blank\" rel=\"noreferrer noopener\">Apr\u00e8s-midi_ALS_Liste de prix_2025.pdf<\/a><\/p>\n\n<p>N&rsquo;h\u00e9sitez pas \u00e0 nous contacter !<\/p>\n<section class='b--jinr-block b--jinr-button   js--scr-animation block_'>\n\t\t\t\t\t<div class=\"o--button-inner d--button-type1 d--button-solid d--button-solid-hover-down d--button-solid-animation-expand d--button-center\"><span class=\"a--button-hover\"><a href=\"https:\/\/www.academiaschool.edu\/inquiry\/\"><span>Contact us<\/span><\/a><\/span><\/div>\n\t\t\t\t<\/section>","protected":false},"excerpt":{"rendered":"<p>FRAIS DE SCOLARIT\u00c9 POUR LES COURS DE L&rsquo;APR\u00c8S-MIDI Dans le cadre de ce plan, les \u00e9tudiants ne peuvent choisir que les cours de 12h30 \u00e0 15h et de 15h \u00e0 17h30. Semaine 2025 Frais de scolarit\u00e9(taxes incluses) y compris Initial(taxes incluses) 8 $1,632 $1,867 12 $1,632 $1,857 24 $3,080 $3,315 36 $4,335 $4,570 48 $4,985 [&hellip;]<\/p>\n","protected":false},"author":1,"featured_media":0,"parent":4629,"menu_order":0,"comment_status":"closed","ping_status":"closed","template":"","meta":{"_jinr_url_youtube":"","_jinr_pip_youtube":false,"_jinr_time_youtube":"","_jinr_thumb_youtube":"","_jinr_media_youtube":"","_jinr_category_edit":false,"_jinr_category":"","_jinr_title_display":false,"_jinr_snsbutton_display":false,"_jinr_ads_display":false,"_jinr_thumbnail_display":false,"_jinr_profile_display":false,"_jinr_representations_display":false,"_jinr_relatedpost_display":false,"_jinr_sidebar1col_display":false,"_jinr_sidebar2col_display":false,"_jinr_seotitle_display":"","_jinr_description_display":"","_jinr_keyword_display":"","_jinr_hastag_display":"","_jinr_canonical_display":"","_jinr_noindex_display":false,"_jinr_paidpost":false,"_jinr_paidpost_product_id":"","_jinr_headtag_article":"","footnotes":""},"class_list":["post-4637","page","type-page","status-publish","hentry"],"_links":{"self":[{"href":"https:\/\/www.academiaschool.edu\/fr\/wp-json\/wp\/v2\/pages\/4637","targetHints":{"allow":["GET"]}}],"collection":[{"href":"https:\/\/www.academiaschool.edu\/fr\/wp-json\/wp\/v2\/pages"}],"about":[{"href":"https:\/\/www.academiaschool.edu\/fr\/wp-json\/wp\/v2\/types\/page"}],"author":[{"embeddable":true,"href":"https:\/\/www.academiaschool.edu\/fr\/wp-json\/wp\/v2\/users\/1"}],"replies":[{"embeddable":true,"href":"https:\/\/www.academiaschool.edu\/fr\/wp-json\/wp\/v2\/comments?post=4637"}],"version-history":[{"count":4,"href":"https:\/\/www.academiaschool.edu\/fr\/wp-json\/wp\/v2\/pages\/4637\/revisions"}],"predecessor-version":[{"id":7164,"href":"https:\/\/www.academiaschool.edu\/fr\/wp-json\/wp\/v2\/pages\/4637\/revisions\/7164"}],"up":[{"embeddable":true,"href":"https:\/\/www.academiaschool.edu\/fr\/wp-json\/wp\/v2\/pages\/4629"}],"wp:attachment":[{"href":"https:\/\/www.academiaschool.edu\/fr\/wp-json\/wp\/v2\/media?parent=4637"}],"curies":[{"name":"wp","href":"https:\/\/api.w.org\/{rel}","templated":true}]}}