{"id":4633,"date":"2024-03-21T12:39:58","date_gmt":"2024-03-21T22:39:58","guid":{"rendered":"https:\/\/academia-school.net\/honoraires\/frais-dhebergement\/"},"modified":"2025-08-12T11:50:01","modified_gmt":"2025-08-12T21:50:01","slug":"frais-dhebergement","status":"publish","type":"page","link":"https:\/\/www.academiaschool.edu\/fr\/honoraires\/frais-dhebergement\/","title":{"rendered":"Frais d&rsquo;h\u00e9bergement"},"content":{"rendered":"\n<section class=\"wp-block-jinr-blocks-fullwidth b--jinr-block b--jinr-fullwidth-container d--top-margin-xs-pc d--bottom-margin-xs-pc d--top-margin-xs-sp d--bottom-margin-xs-sp \"><section class=\"b--jinr-fullwidth d--fullwidth-parallax-off d--fullwidth-deco-bgimage\"><div class=\"a--jinr-fullwidth-image\"><div class=\"a--jinr-fullwidth-image-clip\"><img decoding=\"async\" src=\"https:\/\/www.academiaschool.edu\/wp-content\/uploads\/2024\/03\/sean-105m46GatAg-unsplash-2.webp\"\/><\/div><\/div><div class=\"a--jinr-fullwidth-overlay\" style=\"background-color:#f5f5f5;opacity:0\"><\/div><div class=\"d--fullwidth-100 d--fullwidth-pad40 d--fullwidth-pad0-sp t--main-width\" style=\"color:false\">\n<p class=\"has-text-align-center has-white-color has-text-color has-link-color wp-elements-a492c06e0ebab8d953df810b12755af3\"><span class=\"jinr-d--font-size d--fontsize-36px\"><strong><strong>Frais d&rsquo;h\u00e9bergement<\/strong><\/strong><\/span><\/p>\n<\/div><\/section><\/section>\n\n<h2 class=\"wp-block-heading jinr-heading d--bold\"><strong>Nos offres d&rsquo;h\u00e9bergement<\/strong><\/h2>\n\n<p>Nous proposons trois types d&rsquo;h\u00e9bergement \u00e0 nos \u00e9tudiants :<\/p>\n\n<ol class=\"wp-block-list jinr-list\">\n<li><strong>Chambre partag\u00e9e<\/strong><\/li>\n\n\n\n<li><strong>Condominiums<\/strong><\/li>\n\n\n\n<li><strong>S\u00e9jour chez l&rsquo;habitant<\/strong><\/li>\n<\/ol>\n\n<p>Les caract\u00e9ristiques et le prix g\u00e9n\u00e9ral de chaque option sont les suivants :<\/p>\n\n<figure class=\"wp-block-table\"><table class=\"has-fixed-layout\"><thead><tr><th><strong>Type<\/strong><\/th><th><strong>Prix<\/strong><\/th><th><strong>Caract\u00e9ristiques<\/strong><\/th><th><strong>Recommand\u00e9 pour<\/strong><\/th><\/tr><\/thead><tbody><tr><td><strong>Chambre partag\u00e9e<\/strong><\/td><td>400 $ par semaine et par personne<\/td><td>&#8211; Situation privil\u00e9gi\u00e9e, \u00e0 3 minutes \u00e0 pied de l&rsquo;\u00e9cole<br\/>&#8211; Jusqu&rsquo;\u00e0 4 personnes partageant une chambre<br\/>&#8211; \u00c9tages s\u00e9par\u00e9s pour les hommes et les femmes<\/td><td>&#8211; Ceux qui cherchent \u00e0 minimiser les co\u00fbts d&rsquo;h\u00e9bergement<br\/>&#8211; Ceux qui aiment socialiser avec d&rsquo;autres personnes<\/td><\/tr><tr><td><strong>Condominiums<\/strong><\/td><td>Le prix d\u00e9pend de la dur\u00e9e du s\u00e9jour<br\/>Exemple : 3000 $ par mois pour une chambre<\/td><td>&#8211; Situ\u00e9 au centre de Waikiki, id\u00e9al pour faire du tourisme<br\/>&#8211; 15 minutes \u00e0 pied ou 3 minutes en bus de l&rsquo;\u00e9cole<br\/>&#8211; Chambre priv\u00e9e<br\/>&#8211; Peut accueillir plusieurs personnes<\/td><td>&#8211; Ceux qui pr\u00e9f\u00e8rent un espace priv\u00e9 et calme<br\/>&#8211; Les couples qui veulent rester dans la m\u00eame chambre<br\/>&#8211; Les familles qui veulent rester ensemble<br\/>&#8211; Ceux qui veulent utiliser les \u00e9quipements tels que la piscine, la salle de sport ou le barbecue.<\/td><\/tr><tr><td><strong>S\u00e9jour chez l&rsquo;habitant<\/strong><\/td><td>2400 $ pour 4 semaines par personne<\/td><td>&#8211; La dur\u00e9e du voyage varie en fonction du lieu d&rsquo;h\u00e9bergement<br\/>&#8211; Faites l&rsquo;exp\u00e9rience de vivre avec une famille hawa\u00efenne locale<br\/>&#8211; Les repas (l\u00e9gers) sont souvent inclus.<\/td><td>&#8211; Ceux qui veulent vivre la vie d&rsquo;une famille hawa\u00efenne<br\/>&#8211; Ceux qui n&rsquo;ont pas d&rsquo;objection \u00e0 la situation g\u00e9ographique<\/td><\/tr><\/tbody><\/table><\/figure>\n\n<p>Nous fournissons des logements abordables \u00e0 nos \u00e9tudiants, y compris des propri\u00e9t\u00e9s g\u00e9r\u00e9es par notre \u00e9cole.<\/p>\n\n<p>La disponibilit\u00e9 d\u00e9pend de la date de la demande. Si vous avez besoin d&rsquo;un logement en m\u00eame temps que votre inscription, veuillez nous en informer le plus t\u00f4t possible.<\/p>\n\n<p>Si nous ne sommes pas en mesure de trouver un logement, nous aiderons les \u00e9tudiants \u00e0 trouver leur propre logement.\nVeuillez noter que nos logements ne sont disponibles que pour les \u00e9tudiants actuels ou futurs de notre \u00e9cole. <\/p>\n\n<h2 class=\"wp-block-heading jinr-heading d--bold\"><strong>1. Chambre partag\u00e9e<\/strong><\/h2>\n\n<p>Situ\u00e9 \u00e0 3 minutes \u00e0 pied de l&rsquo;\u00e9cole de langues Academia et juste en face du centre commercial Ala Moana, cet emplacement est tr\u00e8s pratique.\nCette option est recommand\u00e9e pour ceux qui cherchent \u00e0 r\u00e9duire les co\u00fbts. <\/p>\n\n<div class=\"wp-block-columns js--scr-animation is-layout-flex wp-container-core-columns-is-layout-9d6595d7 wp-block-columns-is-layout-flex\">\n<div class=\"wp-block-column is-layout-flow wp-block-column-is-layout-flow\" style=\"flex-basis:33.33%\"><div class=\"wp-block-image\">\n<figure class=\"alignleft size-full is-resized\"><img loading=\"lazy\" decoding=\"async\" width=\"200\" height=\"150\" src=\"https:\/\/www.academiaschool.edu\/wp-content\/uploads\/2024\/09\/YMCA_Honolulu_2.jpg.webp\" alt=\"\" class=\"wp-image-6600\" style=\"width:315px;height:auto\"\/><\/figure>\n<\/div><\/div>\n\n\n\n<div class=\"wp-block-column is-layout-flow wp-block-column-is-layout-flow\" style=\"flex-basis:66.66%\"><div class=\"wp-block-image\">\n<figure class=\"alignright size-large is-resized\"><img loading=\"lazy\" decoding=\"async\" width=\"1024\" height=\"576\" src=\"https:\/\/www.academiaschool.edu\/wp-content\/uploads\/2024\/09\/YMCA-1024x576.jpeg\" alt=\"\" class=\"wp-image-6613\" style=\"width:423px;height:auto\" srcset=\"https:\/\/www.academiaschool.edu\/wp-content\/uploads\/2024\/09\/YMCA-1024x576.jpeg 1024w, https:\/\/www.academiaschool.edu\/wp-content\/uploads\/2024\/09\/YMCA-300x169.jpeg 300w, https:\/\/www.academiaschool.edu\/wp-content\/uploads\/2024\/09\/YMCA-768x432.jpeg 768w, https:\/\/www.academiaschool.edu\/wp-content\/uploads\/2024\/09\/YMCA-1536x864.jpeg 1536w, https:\/\/www.academiaschool.edu\/wp-content\/uploads\/2024\/09\/YMCA-320x180.jpeg 320w, https:\/\/www.academiaschool.edu\/wp-content\/uploads\/2024\/09\/YMCA-640x360.jpeg 640w, https:\/\/www.academiaschool.edu\/wp-content\/uploads\/2024\/09\/YMCA-1360x765.jpeg 1360w, https:\/\/www.academiaschool.edu\/wp-content\/uploads\/2024\/09\/YMCA.jpeg 1600w\" sizes=\"auto, (max-width: 1024px) 100vw, 1024px\" \/><\/figure>\n<\/div><\/div>\n<\/div>\n\n<section class=\"wp-block-jinr-blocks-simplebox b--jinr-block-container\"><div class=\"b--jinr-block b--jinr-box d--heading-box2  \"><div class=\"a--simple-box-title d--bold\"><strong>Facility Details<\/strong><\/div><div class=\"c--simple-box-inner\">\n<ul class=\"wp-block-list jinr-list\">\n<li><strong>Nom de l&rsquo;\u00e9tablissement<\/strong>: Central Y Residences<\/li>\n\n\n\n<li><strong>Emplacement<\/strong>: 401 Atkinson Drive, Honolulu, HI 96814<\/li>\n<\/ul>\n<\/div><\/div><\/section>\n\n<figure class=\"wp-block-table\"><table class=\"has-fixed-layout\"><thead><tr><th><strong>Dur\u00e9e de l&rsquo;accord<\/strong><\/th><th><strong>Prix<\/strong><\/th><\/tr><\/thead><tbody><tr><td>1 nuit<\/td><td>$65<\/td><\/tr><tr><td>1 semaine<\/td><td>$400<\/td><\/tr><\/tbody><\/table><figcaption class=\"wp-element-caption\">En outre, des frais d&rsquo;arrangement de 100 $ seront factur\u00e9s.<\/figcaption><\/figure>\n\n<h2 class=\"wp-block-heading jinr-heading d--bold\"><strong>2. Copropri\u00e9t\u00e9<\/strong><\/h2>\n\n<p>Le condominium peut \u00eatre utilis\u00e9 par une personne, un couple ou une famille, vous offrant ainsi un espace priv\u00e9.\nIl est recommand\u00e9 \u00e0 ceux qui pr\u00e9f\u00e8rent un environnement calme, qui veulent partager l&rsquo;espace avec des amis ou qui souhaitent r\u00e9server l&rsquo;ensemble de l&rsquo;unit\u00e9 pour leur famille. <\/p>\n\n<p>Notre \u00e9cole offre un tarif sp\u00e9cial pour les \u00e9tudiants au condominium \u00ab\u00a0Royal Kuhio\u00a0\u00bb \u00e0 Waikiki.\nL&rsquo;\u00e9cole se trouve \u00e0 environ 15 minutes \u00e0 pied ou \u00e0 5 minutes en bus du Royal Kuhio. <\/p>\n\n<figure class=\"wp-block-image size-large\"><img loading=\"lazy\" decoding=\"async\" width=\"791\" height=\"1024\" src=\"https:\/\/www.academiaschool.edu\/wp-content\/uploads\/2024\/03\/0001-791x1024.jpg\" alt=\"\" class=\"wp-image-816\" srcset=\"https:\/\/www.academiaschool.edu\/wp-content\/uploads\/2024\/03\/0001-791x1024.jpg 791w, https:\/\/www.academiaschool.edu\/wp-content\/uploads\/2024\/03\/0001-232x300.jpg 232w, https:\/\/www.academiaschool.edu\/wp-content\/uploads\/2024\/03\/0001-768x994.jpg 768w, https:\/\/www.academiaschool.edu\/wp-content\/uploads\/2024\/03\/0001-1187x1536.jpg 1187w, https:\/\/www.academiaschool.edu\/wp-content\/uploads\/2024\/03\/0001-1583x2048.jpg 1583w\" sizes=\"auto, (max-width: 791px) 100vw, 791px\" \/><\/figure>\n\n<figure class=\"wp-block-image size-large\"><img loading=\"lazy\" decoding=\"async\" width=\"791\" height=\"1024\" src=\"https:\/\/www.academiaschool.edu\/wp-content\/uploads\/2024\/03\/0002-791x1024.jpg\" alt=\"\" class=\"wp-image-817\" srcset=\"https:\/\/www.academiaschool.edu\/wp-content\/uploads\/2024\/03\/0002-791x1024.jpg 791w, https:\/\/www.academiaschool.edu\/wp-content\/uploads\/2024\/03\/0002-232x300.jpg 232w, https:\/\/www.academiaschool.edu\/wp-content\/uploads\/2024\/03\/0002-768x994.jpg 768w, https:\/\/www.academiaschool.edu\/wp-content\/uploads\/2024\/03\/0002-1187x1536.jpg 1187w, https:\/\/www.academiaschool.edu\/wp-content\/uploads\/2024\/03\/0002-1583x2048.jpg 1583w\" sizes=\"auto, (max-width: 791px) 100vw, 791px\" \/><\/figure>\n\n<figure class=\"wp-block-image size-large is-resized\"><img loading=\"lazy\" decoding=\"async\" width=\"791\" height=\"1024\" src=\"https:\/\/www.academiaschool.edu\/wp-content\/uploads\/2024\/03\/0003-791x1024.jpg\" alt=\"\" class=\"wp-image-818\" style=\"width:740px;height:auto\" srcset=\"https:\/\/www.academiaschool.edu\/wp-content\/uploads\/2024\/03\/0003-791x1024.jpg 791w, https:\/\/www.academiaschool.edu\/wp-content\/uploads\/2024\/03\/0003-232x300.jpg 232w, https:\/\/www.academiaschool.edu\/wp-content\/uploads\/2024\/03\/0003-768x994.jpg 768w, https:\/\/www.academiaschool.edu\/wp-content\/uploads\/2024\/03\/0003-1187x1536.jpg 1187w, https:\/\/www.academiaschool.edu\/wp-content\/uploads\/2024\/03\/0003-1583x2048.jpg 1583w\" sizes=\"auto, (max-width: 791px) 100vw, 791px\" \/><\/figure>\n\n<h2 class=\"wp-block-heading jinr-heading d--bold\"><\/h2>\n\n<p>Les tarifs du Royal Kuhio varient en fonction de la cat\u00e9gorie de chambre.<\/p>\n\n<h3 class=\"wp-block-heading jinr-heading d--bold\">CHAMBRES STANDARD<\/h3>\n\n<ul class=\"wp-block-list jinr-list\">\n<li>Deux lits simples (pour 1 ou 2 personnes)<\/li>\n\n\n\n<li>Pour l&rsquo;h\u00e9bergement de plus de 3 personnes, comme les familles avec enfants, veuillez nous contacter.<\/li>\n<\/ul>\n\n<figure class=\"wp-block-table is-style-stripes\"><table><tbody><tr><td><span style=\"text-decoration: underline;\">&lt;  CHAMBRES STANDARD  &gt;<\/span><\/td><td><strong>1-6 nuits<\/strong><\/td><td><strong>7-29 nuits<\/strong><\/td><td><strong>30+ nuits<\/strong><\/td><td><strong>Forfait de 30 nuits<\/strong><\/td><\/tr><tr><td><strong>Avril, mai, juin, septembre, octobre, novembre<\/strong><\/td><td>$166<\/td><td>$150<\/td><td>$113<\/td><td>$3,060<\/td><\/tr><tr><td><strong>Janvier, f\u00e9vrier, mars, juillet, ao\u00fbt, d\u00e9cembre<\/strong><\/td><td>$190<\/td><td>$171<\/td><td>$130<\/td><td>$3,497<\/td><\/tr><tr><td><strong>Vacances (24\/12 &#8211; 1\/9)<\/strong><\/td><td>$270<\/td><td>\u2013<\/td><td>$230<\/td><td>&#8211;<\/td><\/tr><\/tbody><\/table><figcaption class=\"wp-element-caption\">Des frais administratifs uniques et non remboursables de 300 $ s&rsquo;appliquent aux s\u00e9jours de moins d&rsquo;un mois.<\/figcaption><\/figure>\n\n<p>Il n&rsquo;y a pas de frais administratifs pour les s\u00e9jours de plus d&rsquo;un mois. Des frais suppl\u00e9mentaires de 75 dollars sont appliqu\u00e9s pour les candidatures\/demandes soumises moins d&rsquo;une semaine avant la date de d\u00e9but.<\/p>\n\n<h3 class=\"wp-block-heading jinr-heading d--bold\">CHAMBRES D&rsquo;ANGLE<\/h3>\n\n<ul class=\"wp-block-list jinr-list\">\n<li>Deux lits simples (pour 1 ou 2 personnes)<\/li>\n\n\n\n<li>Pour l&rsquo;h\u00e9bergement de plus de 3 personnes, comme les familles avec enfants, veuillez nous contacter.<\/li>\n<\/ul>\n\n<figure class=\"wp-block-table is-style-stripes\"><table><tbody><tr><td><span style=\"text-decoration: underline;\">&lt;  CHAMBRES D&rsquo;ANGLE  &gt;<\/span><\/td><td><strong>1-6 nuits<\/strong><\/td><td><strong>7-29 nuits<\/strong><\/td><td><strong>30+ nuits<\/strong><\/td><td><strong>Forfait de 30 nuits<\/strong><\/td><\/tr><tr><td><strong>Avril, mai, juin, septembre, octobre, novembre<\/strong><\/td><td>$190<\/td><td>$171<\/td><td>$130<\/td><td>$3,497<\/td><\/tr><tr><td><strong>Janvier, f\u00e9vrier, mars, juillet, ao\u00fbt, d\u00e9cembre<\/strong><\/td><td>$218<\/td><td>$196<\/td><td>$148<\/td><td>$4,021<\/td><\/tr><tr><td><strong>Vacances (24\/12 &#8211; 1\/9)<\/strong><\/td><td>$300<\/td><td>\u2013<\/td><td>$256<\/td><td>&#8211;<\/td><\/tr><\/tbody><\/table><figcaption class=\"wp-element-caption\">Des frais administratifs uniques et non remboursables de 300 $ s&rsquo;appliquent aux s\u00e9jours de moins d&rsquo;un mois.<\/figcaption><\/figure>\n\n<p>Il n&rsquo;y a pas de frais administratifs pour les s\u00e9jours de plus d&rsquo;un mois. Des frais suppl\u00e9mentaires de 75 dollars sont appliqu\u00e9s pour les candidatures\/demandes soumises moins d&rsquo;une semaine avant la date de d\u00e9but.<\/p>\n\n<h2 class=\"wp-block-heading jinr-heading d--bold\"><strong>3. H\u00e9bergement chez l&rsquo;habitant<\/strong><\/h2>\n\n<figure class=\"wp-block-table is-style-regular\"><table><tbody><tr><td><\/td><td class=\"has-text-align-center\" data-align=\"center\" colspan=\"2\">Priv\u00e9<\/td><td class=\"has-text-align-center\" data-align=\"center\" colspan=\"2\">Partag\u00e9<\/td><\/tr><tr><td>Semaines<\/td><td class=\"has-text-align-center\" data-align=\"center\">Plus de 18 ans<\/td><td class=\"has-text-align-center\" data-align=\"center\">Moins de 18 ans et plus de 60 ans<\/td><td>Plus de 18 ans<\/td><td>Moins de 18 ans et plus de 60 ans<\/td><\/tr><tr><td>1<\/td><td class=\"has-text-align-center\" data-align=\"center\">$500<\/td><td class=\"has-text-align-center\" data-align=\"center\">$575<\/td><td>$435<\/td><td>$500<\/td><\/tr><tr><td>2<\/td><td class=\"has-text-align-center\" data-align=\"center\">$1,015<\/td><td class=\"has-text-align-center\" data-align=\"center\">$1,165<\/td><td>$885<\/td><td>$1,015<\/td><\/tr><tr><td>3<\/td><td class=\"has-text-align-center\" data-align=\"center\">$1,530<\/td><td class=\"has-text-align-center\" data-align=\"center\">$1,755<\/td><td>$1,335<\/td><td>$1,530<\/td><\/tr><tr><td>4<\/td><td class=\"has-text-align-center\" data-align=\"center\">$2,045<\/td><td class=\"has-text-align-center\" data-align=\"center\">$2,345<\/td><td>$1,785<\/td><td>$2,045<\/td><\/tr><tr><td>8<\/td><td class=\"has-text-align-center\" data-align=\"center\">$3,145<\/td><td class=\"has-text-align-center\" data-align=\"center\">$3,617<\/td><td>$3,065<\/td><td>$3,249<\/td><\/tr><tr><td>12<\/td><td class=\"has-text-align-center\" data-align=\"center\">$4,725<\/td><td class=\"has-text-align-center\" data-align=\"center\">$5,433<\/td><td>$4,605<\/td><td>$4,881<\/td><\/tr><tr><td>24<\/td><td class=\"has-text-align-center\" data-align=\"center\">$9,633<\/td><td class=\"has-text-align-center\" data-align=\"center\">$10,881<\/td><td>$9,225<\/td><td>$9,777<\/td><\/tr><\/tbody><\/table><figcaption class=\"wp-element-caption\">Frais de placement 350 $ et d\u00e9p\u00f4t de garantie (remboursable) 300 $ seront factur\u00e9s une seule fois<br\/>Service de transport (aller-retour) 150 $.<\/figcaption><\/figure>\n\n<ul class=\"wp-block-list jinr-list\">\n<li>Comprend un petit-d\u00e9jeuner et un d\u00eener en libre-service.<\/li>\n\n\n\n<li>Le transport aller-retour entre l&rsquo;a\u00e9roport et le lieu d&rsquo;h\u00e9bergement est obligatoire.<\/li>\n\n\n\n<li>Si vous devez organiser votre propre transport, des frais de 30 dollars seront ajout\u00e9s aux frais de placement.<\/li>\n<\/ul>\n\n<h2 class=\"wp-block-heading jinr-heading d--bold\"><strong>Autres options d&rsquo;h\u00e9bergement<\/strong><\/h2>\n\n<p>Si vous pr\u00e9f\u00e9rez trouver un appartement ou une maison par vous-m\u00eame, nous vous recommandons d&rsquo;utiliser des sites web tels que airbnb.com (pour les s\u00e9jours de courte ou moyenne dur\u00e9e) ou zillow.com (pour les propri\u00e9t\u00e9s locatives) pour rechercher parmi une grande vari\u00e9t\u00e9 d&rsquo;annonces en ligne.<\/p>\n\n<p>Nous sommes id\u00e9alement situ\u00e9s \u00e0 proximit\u00e9 de nombreux quartiers r\u00e9sidentiels, notamment Waikiki, Makiki et Moiliili.\nLes listes en ligne peuvent inclure des appartements individuels, des maisons partag\u00e9es ou des condominiums. <\/p>\n\n<p>Veuillez noter que si certains propri\u00e9taires louent des condominiums au mois, d&rsquo;autres peuvent exiger un contrat de location de six mois ou plus.\nEn outre, il arrive que l&rsquo;on vous refuse une location sans ant\u00e9c\u00e9dents de cr\u00e9dit aux \u00c9tats-Unis. <\/p>\n\n<p>M\u00eame si vous cherchez une location \u00e0 long terme, nous vous recommandons de commencer par une location de vacances pour vous donner le temps de trouver un logement qui vous convienne.\nN&rsquo;h\u00e9sitez pas \u00e0 nous consulter pour votre recherche de logement en tant qu&rsquo;\u00e9tudiant. <\/p>\n\n<h2 class=\"wp-block-heading jinr-heading d--bold\"><strong>Transfert de l&rsquo;a\u00e9roport<\/strong><\/h2>\n\n<p>Nous vous recommandons d&rsquo;utiliser <a href=\"https:\/\/www.uber.com\/\" data-type=\"link\" data-id=\"https:\/\/www.uber.com\/\">Uber<\/a>. T\u00e9l\u00e9chargez et configurez Uber sur votre smartphone \u00e0 l&rsquo;avance pour une exp\u00e9rience fluide. Si vous pr\u00e9f\u00e9rez organiser un transfert par l&rsquo;interm\u00e9diaire de notre \u00e9cole, nous proposons ce service pour 150 dollars, \u00e0 condition que l&rsquo;horaire puisse \u00eatre fix\u00e9 \u00e0 l&rsquo;avance.<\/p>\n<section class=\"b--jinr-block b--jinr-blogcard d--blogcard-hover-up d--blogcard-style1 d--blogcard-mysite t--round \"><div class=\"a--blogcard-label ef\">Related Page<\/div><a class=\"o--blogcard-link t--round\" href=\"https:\/\/www.academiaschool.edu\/fee\/\"><div class=\"c--blogcard-image\"><img loading=\"lazy\" decoding=\"async\" class=\"a--blogcard-img-src\" width=\"128\" height=\"72\" src=\"https:\/\/www.academiaschool.edu\/wp-content\/uploads\/2025\/02\/\u540d\u79f0\u672a\u8a2d\u5b9a\u306e\u30c7\u30b6\u30a4\u30f3-7.png\" alt=\"Fees\" \/><\/div><div class=\"a--blogcard-title d--bold\">Fees<\/div><\/a><\/section>","protected":false},"excerpt":{"rendered":"<p>Nos offres d&rsquo;h\u00e9bergement Nous proposons trois types d&rsquo;h\u00e9bergement \u00e0 nos \u00e9tudiants : Les caract\u00e9ristiques et le prix g\u00e9n\u00e9ral de chaque option sont les suivants : Type Prix Caract\u00e9ristiques Recommand\u00e9 pour Chambre partag\u00e9e 400 $ par semaine et par personne &#8211; Situation privil\u00e9gi\u00e9e, \u00e0 3 minutes \u00e0 pied de l&rsquo;\u00e9cole&#8211; Jusqu&rsquo;\u00e0 4 personnes partageant une chambre&#8211; [&hellip;]<\/p>\n","protected":false},"author":1,"featured_media":0,"parent":4629,"menu_order":0,"comment_status":"closed","ping_status":"closed","template":"","meta":{"_jinr_url_youtube":"","_jinr_pip_youtube":false,"_jinr_time_youtube":"","_jinr_thumb_youtube":"","_jinr_media_youtube":"","_jinr_category_edit":false,"_jinr_category":"","_jinr_title_display":false,"_jinr_snsbutton_display":false,"_jinr_ads_display":false,"_jinr_thumbnail_display":false,"_jinr_profile_display":false,"_jinr_representations_display":false,"_jinr_relatedpost_display":false,"_jinr_sidebar1col_display":false,"_jinr_sidebar2col_display":false,"_jinr_seotitle_display":"","_jinr_description_display":"","_jinr_keyword_display":"","_jinr_hastag_display":"","_jinr_canonical_display":"","_jinr_noindex_display":false,"_jinr_paidpost":false,"_jinr_paidpost_product_id":"","_jinr_headtag_article":"","footnotes":""},"class_list":["post-4633","page","type-page","status-publish","hentry"],"_links":{"self":[{"href":"https:\/\/www.academiaschool.edu\/fr\/wp-json\/wp\/v2\/pages\/4633","targetHints":{"allow":["GET"]}}],"collection":[{"href":"https:\/\/www.academiaschool.edu\/fr\/wp-json\/wp\/v2\/pages"}],"about":[{"href":"https:\/\/www.academiaschool.edu\/fr\/wp-json\/wp\/v2\/types\/page"}],"author":[{"embeddable":true,"href":"https:\/\/www.academiaschool.edu\/fr\/wp-json\/wp\/v2\/users\/1"}],"replies":[{"embeddable":true,"href":"https:\/\/www.academiaschool.edu\/fr\/wp-json\/wp\/v2\/comments?post=4633"}],"version-history":[{"count":6,"href":"https:\/\/www.academiaschool.edu\/fr\/wp-json\/wp\/v2\/pages\/4633\/revisions"}],"predecessor-version":[{"id":7178,"href":"https:\/\/www.academiaschool.edu\/fr\/wp-json\/wp\/v2\/pages\/4633\/revisions\/7178"}],"up":[{"embeddable":true,"href":"https:\/\/www.academiaschool.edu\/fr\/wp-json\/wp\/v2\/pages\/4629"}],"wp:attachment":[{"href":"https:\/\/www.academiaschool.edu\/fr\/wp-json\/wp\/v2\/media?parent=4633"}],"curies":[{"name":"wp","href":"https:\/\/api.w.org\/{rel}","templated":true}]}}