{"id":4629,"date":"2024-03-14T12:40:58","date_gmt":"2024-03-14T22:40:58","guid":{"rendered":"https:\/\/academia-school.net\/honoraires\/"},"modified":"2026-01-06T08:18:11","modified_gmt":"2026-01-06T18:18:11","slug":"honoraires","status":"publish","type":"page","link":"https:\/\/www.academiaschool.edu\/fr\/honoraires\/","title":{"rendered":"Honoraires"},"content":{"rendered":"\n<section class=\"wp-block-jinr-blocks-fullwidth b--jinr-block b--jinr-fullwidth-container d--top-margin-xs-pc d--bottom-margin-xs-pc d--top-margin-xs-sp d--bottom-margin-xs-sp \"><section class=\"b--jinr-fullwidth d--fullwidth-parallax-off d--fullwidth-deco-bgimage\"><div class=\"a--jinr-fullwidth-image\"><div class=\"a--jinr-fullwidth-image-clip\"><img decoding=\"async\" src=\"https:\/\/www.academiaschool.edu\/wp-content\/uploads\/2024\/03\/sean-105m46GatAg-unsplash-2.webp\"\/><\/div><\/div><div class=\"a--jinr-fullwidth-overlay\" style=\"background-color:#f5f5f5;opacity:0\"><\/div><div class=\"d--fullwidth-100 d--fullwidth-pad40 d--fullwidth-pad0-sp t--main-width\" style=\"color:#ffffff\">\n<p class=\"has-text-align-center\" style=\"font-size:25px\"><span class=\"jinr-d--font-size d--fontsize-36px\"><strong><strong>Honoraires<\/strong><\/strong><\/span><\/p>\n<\/div><\/section><\/section>\n\n<h2 class=\"wp-block-heading jinr-heading d--bold\"><strong>Six cat\u00e9gories de frais de scolarit\u00e9<\/strong><\/h2>\n\n<p>A l&rsquo;\u00e9cole de langues Academia, les frais varient selon les six cat\u00e9gories suivantes :<\/p>\n\n<ol class=\"wp-block-list jinr-list\">\n<li>Nouveaux \u00e9tudiants (y compris les transferts) et visa \u00e9tudiant (visa F-1)<\/li>\n\n\n\n<li>Visa non \u00e9tudiant (ESTA, e-Visa, etc.)<\/li>\n\n\n\n<li>Kama&rsquo;aina (citoyens am\u00e9ricains ou titulaires d&rsquo;une carte verte)<\/li>\n\n\n\n<li>\u00c9tudiants ALS actuels et visa \u00e9tudiant (visa F-1)<\/li>\n\n\n\n<li>Academia Aloha Camp (Programme pour enfants et adolescents pendant les vacances scolaires)<\/li>\n\n\n\n<li>Frais de scolarit\u00e9 pour les cours de l&rsquo;apr\u00e8s-midi seulement<\/li>\n<\/ol>\n\n<p>La diff\u00e9rence entre la cat\u00e9gorie 1, Nouveaux \u00e9tudiants, et la cat\u00e9gorie 4, \u00c9tudiants ALS actuels, r\u00e9side dans les \u00ab\u00a0co\u00fbts initiaux\u00a0\u00bb et la \u00ab\u00a0p\u00e9riode d&rsquo;inscription minimale\u00a0\u00bb, bien que les frais de scolarit\u00e9 soient les m\u00eames.<\/p>\n\n<h2 class=\"wp-block-heading jinr-heading d--bold\"><strong>1. Nouveaux \u00e9tudiants (y compris les transferts) et visa \u00e9tudiant (visa F-1) Frais de scolarit\u00e9<\/strong><\/h2>\n\n<p><strong>Liste des prix hebdomadaires pour les \u00e9tudiants titulaires d&rsquo;un visa F1<\/strong><\/p>\n\n<div class=\"wp-block-columns js--scr-animation is-layout-flex wp-container-core-columns-is-layout-9d6595d7 wp-block-columns-is-layout-flex\">\n<div class=\"wp-block-column is-layout-flow wp-block-column-is-layout-flow\" style=\"flex-basis:100%\">\n<figure class=\"wp-block-table is-style-stripes\" style=\"font-size:21px\"><table><tbody><tr><td><span class=\"jinr-d--font-size d--fontsize-15px\"><strong>Visa F1 2026 <\/strong><\/span><\/td><td><strong><span class=\"jinr-d--font-size d--fontsize-15px\"><strong>Frais de scolarit\u00e9<\/strong><\/span><\/strong><br\/>(taxes incluses)<\/td><td>Avec frais initiaux<br\/>(taxes incluses)<\/td><\/tr><tr><td><span class=\"jinr-d--font-size d--fontsize-15px\">8 semaines (environ 2 mois)<\/span><\/td><td><span class=\"jinr-d--font-size d--fontsize-15px\">2\u202f313 $<\/span><\/td><td><span class=\"jinr-d--font-size d--fontsize-15px\">2\u202f548 $<\/span><\/td><\/tr><tr><td><span class=\"jinr-d--font-size d--fontsize-15px\">16 semaines (environ 4 mois)<\/span><\/td><td><span class=\"jinr-d--font-size d--fontsize-15px\">4\u202f054 $<\/span><\/td><td><span class=\"jinr-d--font-size d--fontsize-15px\">4\u202f289 $<\/span><\/td><\/tr><tr><td><span class=\"jinr-d--font-size d--fontsize-15px\">24 semaines (environ un semestre)<\/span><\/td><td><span class=\"jinr-d--font-size d--fontsize-15px\">5\u202f561 $<\/span><\/td><td><span class=\"jinr-d--font-size d--fontsize-15px\">5\u202f796 $<\/span><\/td><\/tr><tr><td><span class=\"jinr-d--font-size d--fontsize-15px\">48 semaines (environ 1 an)<\/span><\/td><td><span class=\"jinr-d--font-size d--fontsize-15px\">$8,759<\/span><\/td><td><span class=\"jinr-d--font-size d--fontsize-15px\">$8,994<\/span><\/td><\/tr><\/tbody><\/table><figcaption class=\"wp-element-caption\">des frais d&rsquo;inscription non remboursables de 100 $ et des frais de technologie de 135 $ pour les nouveaux \u00e9tudiants.<\/figcaption><\/figure>\n<\/div>\n<\/div>\n\n<p><strong>T\u00e9l\u00e9chargement PDF<\/strong>\u00a0: <a href=\"https:\/\/www.academiaschool.edu\/wp-content\/uploads\/2025\/12\/I-20_Academia-Price-List_2026-4.pdf\">Liste de prix I-20 2026 Academia<\/a><\/p>\n\n<p>Les \u00e9tudiants titulaires d&rsquo;un visa F-1 doivent assister \u00e0 un minimum de 20 heures de cours par semaine. Les frais susmentionn\u00e9s permettent de remplir les conditions d&rsquo;obtention du visa I-20 n\u00e9cessaire \u00e0 l&rsquo;obtention du visa F-1.<\/p>\n\n<p>La p\u00e9riode d&rsquo;inscription minimale pour un visa F-1 est de 8 semaines. Des tarifs r\u00e9duits s&rsquo;appliquent en fonction de la dur\u00e9e de la p\u00e9riode, de 8 \u00e0 48 semaines.<\/p>\n\n<p>Pour les p\u00e9riodes allant de 8 \u00e0 48 semaines, il existe un tarif hebdomadaire. Veuillez consulter la page suivante pour plus de d\u00e9tails.<\/p>\n<section class=\"b--jinr-block b--jinr-blogcard d--blogcard-hover-up d--blogcard-style1 d--blogcard-mysite t--round \"><div class=\"a--blogcard-label ef\">Related Page<\/div><a class=\"o--blogcard-link t--round\" href=\"https:\/\/www.academiaschool.edu\/fee\/new-student\/\"><div class=\"c--blogcard-image\"><img loading=\"lazy\" decoding=\"async\" class=\"a--blogcard-img-src\" width=\"128\" height=\"72\" src=\"https:\/\/www.academiaschool.edu\/wp-content\/uploads\/2025\/02\/\u540d\u79f0\u672a\u8a2d\u5b9a\u306e\u30c7\u30b6\u30a4\u30f3-7.png\" alt=\"Tuition for New Students with F-1 Visas\" \/><\/div><div class=\"a--blogcard-title d--bold\">Tuition for New Students with F-1 Visas<\/div><\/a><\/section>\n<h2 class=\"wp-block-heading jinr-heading d--bold\"><strong>2. Visa non \u00e9tudiant (ESTA, e-Visa, etc.) Frais de scolarit\u00e9<\/strong><\/h2>\n\n<p><strong>Liste des prix hebdomadaires pour les \u00e9tudiants ne poss\u00e9dant pas de visa \u00e9tudiant<\/strong><\/p>\n\n<figure class=\"wp-block-table is-style-stripes\" style=\"font-size:21px\"><table><tbody><tr><td><span class=\"jinr-d--font-size d--fontsize-15px\"><strong><span class=\"jinr-d--font-size d--fontsize-15px\"><strong>Visa non-F1 2026<\/strong><\/span><\/strong><\/span><\/td><td><strong><strong><span class=\"jinr-d--font-size d--fontsize-15px\"><strong>Frais de scolarit\u00e9 <\/strong><\/span><\/strong><\/strong><br\/>(taxes incluses)<\/td><td>Avec frais initiaux<br\/>(taxes incluses)<\/td><\/tr><tr><td><span class=\"jinr-d--font-size d--fontsize-15px\">1 semaine<\/span><\/td><td><span class=\"jinr-d--font-size d--fontsize-15px\">279 $<\/span><\/td><td><span class=\"jinr-d--font-size d--fontsize-15px\">379 $<\/span><\/td><\/tr><tr><td><span class=\"jinr-d--font-size d--fontsize-15px\">2 semaines<\/span><\/td><td><span class=\"jinr-d--font-size d--fontsize-15px\">574 $<\/span><\/td><td><span class=\"jinr-d--font-size d--fontsize-15px\">674 $<\/span><\/td><\/tr><tr><td><span class=\"jinr-d--font-size d--fontsize-15px\">3 semaines<\/span><\/td><td><span class=\"jinr-d--font-size d--fontsize-15px\">783 $<\/span><\/td><td><span class=\"jinr-d--font-size d--fontsize-15px\">883 $<\/span><\/td><\/tr><tr><td><span class=\"jinr-d--font-size d--fontsize-15px\">4 semaines<\/span><\/td><td><span class=\"jinr-d--font-size d--fontsize-15px\">999 $<\/span><\/td><td><span class=\"jinr-d--font-size d--fontsize-15px\">1\u202f099 $<\/span><\/td><\/tr><tr><td><span class=\"jinr-d--font-size d--fontsize-15px\">8 semaines (environ 2 mois)<\/span><\/td><td><span class=\"jinr-d--font-size d--fontsize-15px\">1\u202f906 $<\/span><\/td><td>2\u202f006 $<\/td><\/tr><tr><td><span class=\"jinr-d--font-size d--fontsize-15px\">12 semaines (environ 3 mois)<\/span><\/td><td><span class=\"jinr-d--font-size d--fontsize-15px\">2\u202f622 $<\/span><\/td><td>2\u202f722 $<\/td><\/tr><tr><td><span class=\"jinr-d--font-size d--fontsize-15px\">16 semaines (environ 4 mois)<\/span><\/td><td><span class=\"jinr-d--font-size d--fontsize-15px\">3\u202f340 $<\/span><\/td><td>3\u202f440 $<\/td><\/tr><tr><td><span class=\"jinr-d--font-size d--fontsize-15px\">24 semaines (environ un semestre)<\/span><\/td><td><span class=\"jinr-d--font-size d--fontsize-15px\">4\u202f520 $<\/span><\/td><td>4\u202f620 $<\/td><\/tr><tr><td><span class=\"jinr-d--font-size d--fontsize-15px\">48 semaines (environ 1 an)<\/span><\/td><td><span class=\"jinr-d--font-size d--fontsize-15px\">7\u202f614 $<\/span><\/td><td>7\u202f714 $<\/td><\/tr><\/tbody><\/table><figcaption class=\"wp-element-caption\">des frais d&rsquo;inscription non remboursables de 100 $ pour les nouveaux \u00e9tudiants.<\/figcaption><\/figure>\n\n<p>Plus de d\u00e9tails\u00a0: <a href=\"https:\/\/www.academiaschool.edu\/wp-content\/uploads\/2025\/12\/Non-I-20_Academia-Price-List_2026.pdf\">Liste de prix non-I-20 2026 Academia<\/a><\/p>\n\n<p>Les visas non \u00e9tudiants comprennent l&rsquo;ESTA (programme d&rsquo;exemption de visa), le B2 (visa touristique), le visa E (visa d&rsquo;investisseur\/d&rsquo;affaires) et les visas d&rsquo;accompagnement. Les titulaires de ces visas peuvent \u00e9tudier jusqu&rsquo;\u00e0 18 heures par semaine.<\/p>\n<section class=\"b--jinr-block b--jinr-blogcard d--blogcard-hover-up d--blogcard-style1 d--blogcard-mysite t--round \"><div class=\"a--blogcard-label ef\">Related Page<\/div><a class=\"o--blogcard-link t--round\" href=\"https:\/\/www.academiaschool.edu\/fee\/non-f-1-student\/\"><div class=\"c--blogcard-image\"><img loading=\"lazy\" decoding=\"async\" class=\"a--blogcard-img-src\" width=\"128\" height=\"72\" src=\"https:\/\/www.academiaschool.edu\/wp-content\/uploads\/2025\/02\/\u540d\u79f0\u672a\u8a2d\u5b9a\u306e\u30c7\u30b6\u30a4\u30f3-7.png\" alt=\"Tuition for Non-student Visa Holders (ESTA, e-Visa, etc.)\" \/><\/div><div class=\"a--blogcard-title d--bold\">Tuition for Non-student Visa Holders (ESTA, e-Visa, etc.)<\/div><\/a><\/section>\n<h2 class=\"wp-block-heading jinr-heading d--bold\"><strong>3. Kama&rsquo;aina (citoyens am\u00e9ricains ou titulaires d&rsquo;une carte verte) Frais de scolarit\u00e9<\/strong><\/h2>\n\n<p><strong>Liste des prix hebdomadaires pour les \u00e9tudiants Kama&rsquo;aina<\/strong><\/p>\n\n<figure class=\"wp-block-table is-style-stripes\"><table><tbody><tr><td><strong><span class=\"jinr-d--font-size d--fontsize-15px\"><strong>2026 <\/strong>Kama&rsquo;aina<\/span><\/strong><\/td><td><strong>10 heures\/par semaine<\/strong><br\/>(taxes incluses)<\/td><td><strong><strong>15 heures\/par semaine<\/strong><\/strong><br\/>(taxes incluses)<\/td><td><strong><strong>20 heures\/par semaine<\/strong><\/strong><br\/>(taxes incluses)<\/td><\/tr><tr><td><span class=\"jinr-d--font-size d--fontsize-15px\">1 semaine<\/span><\/td><td><span class=\"jinr-d--font-size d--fontsize-15px\">168 $<\/span><\/td><td><span class=\"jinr-d--font-size d--fontsize-15px\">251 $<\/span><\/td><td><span class=\"jinr-d--font-size d--fontsize-15px\">335 $<\/span><\/td><\/tr><tr><td><span class=\"jinr-d--font-size d--fontsize-15px\">8 semaines<\/span><\/td><td><span class=\"jinr-d--font-size d--fontsize-15px\">$1,050<\/span><\/td><td><span class=\"jinr-d--font-size d--fontsize-15px\">$1,575<\/span><\/td><td><span class=\"jinr-d--font-size d--fontsize-15px\">$2,100<\/span><\/td><\/tr><tr><td><span class=\"jinr-d--font-size d--fontsize-15px\">16 semaines<\/span><\/td><td><span class=\"jinr-d--font-size d--fontsize-15px\">$1,914<\/span><\/td><td><span class=\"jinr-d--font-size d--fontsize-15px\">$2,870<\/span><\/td><td><span class=\"jinr-d--font-size d--fontsize-15px\">$3,827<\/span><\/td><\/tr><tr><td><span class=\"jinr-d--font-size d--fontsize-15px\">24 semaines<\/span><\/td><td><span class=\"jinr-d--font-size d--fontsize-15px\">$2,590<\/span><\/td><td><span class=\"jinr-d--font-size d--fontsize-15px\">$3,884<\/span><\/td><td><span class=\"jinr-d--font-size d--fontsize-15px\">$5,179<\/span><\/td><\/tr><\/tbody><\/table><figcaption class=\"wp-element-caption\">des frais d&rsquo;inscription non remboursables de 100 $ pour les nouveaux \u00e9tudiants.<\/figcaption><\/figure>\n\n<p>Plus de d\u00e9tails\u00a0: <a href=\"https:\/\/www.academiaschool.edu\/wp-content\/uploads\/2025\/12\/Kamaaina_Academia-Price-List_2026.pdf\">Liste de prix Kama&rsquo;aina 2026 Academia<\/a><\/p>\n\n<p>Les prix ne comprennent pas les frais d&rsquo;inscription uniques et non remboursables de 100 $. Tous les prix sont TTC. <\/p>\n\n<p>Les r\u00e9sidents locaux souhaitant \u00e9tudier l&rsquo;anglais peuvent b\u00e9n\u00e9ficier des tarifs Kama&rsquo;aina. Pour en b\u00e9n\u00e9ficier, les \u00e9tudiants doivent pr\u00e9senter une pi\u00e8ce d&rsquo;identit\u00e9 avec photo et une adresse locale, \u00eatre citoyens am\u00e9ricains, titulaires d&rsquo;une carte verte ou d&rsquo;un visa K-1.<\/p>\n<section class=\"b--jinr-block b--jinr-blogcard d--blogcard-hover-up d--blogcard-style1 d--blogcard-mysite t--round \"><div class=\"a--blogcard-label ef\">Related Page<\/div><a class=\"o--blogcard-link t--round\" href=\"https:\/\/www.academiaschool.edu\/fee\/kamaaina\/\"><div class=\"c--blogcard-image\"><img loading=\"lazy\" decoding=\"async\" class=\"a--blogcard-img-src\" width=\"128\" height=\"72\" src=\"https:\/\/www.academiaschool.edu\/wp-content\/uploads\/2025\/02\/\u540d\u79f0\u672a\u8a2d\u5b9a\u306e\u30c7\u30b6\u30a4\u30f3-7.png\" alt=\"Tuition for Kama&rsquo;aina (U.S. Citizens or Green Card Holders)\" \/><\/div><div class=\"a--blogcard-title d--bold\">Tuition for Kama&rsquo;aina (U.S. Citizens or Green Card Holders)<\/div><\/a><\/section>\n<h2 class=\"wp-block-heading jinr-heading d--bold\"><strong>4. \u00c9tudiants ALS actuels et visa \u00e9tudiant (visa F-1) Frais de scolarit\u00e9<\/strong><\/h2>\n\n<p><strong>Liste des prix hebdomadaires pour les \u00e9tudiants actuels de l&rsquo;ALS avec un visa F-1<\/strong><\/p>\n\n<figure class=\"wp-block-table is-style-stripes\" style=\"font-size:21px\"><table><tbody><tr><td><span class=\"jinr-d--font-size d--fontsize-15px\"><strong>Visa F1 2026 <\/strong><\/span><\/td><td><strong><span class=\"jinr-d--font-size d--fontsize-15px\"><strong>Frais de scolarit\u00e9<\/strong><\/span><\/strong><br\/>(taxes incluses)<\/td><\/tr><tr><td><span class=\"jinr-d--font-size d--fontsize-15px\">8 semaines (environ 2 mois)<\/span><\/td><td><span class=\"jinr-d--font-size d--fontsize-15px\">2\u202f313 $<\/span><\/td><\/tr><tr><td><span class=\"jinr-d--font-size d--fontsize-15px\">16 semaines (environ 4 mois)<\/span><\/td><td><span class=\"jinr-d--font-size d--fontsize-15px\">4\u202f054 $<\/span><\/td><\/tr><tr><td><span class=\"jinr-d--font-size d--fontsize-15px\">24 semaines (environ un semestre)<\/span><\/td><td><span class=\"jinr-d--font-size d--fontsize-15px\">5\u202f561 $<\/span><\/td><\/tr><tr><td><span class=\"jinr-d--font-size d--fontsize-15px\">48 semaines (environ 1 an)<\/span><\/td><td><span class=\"jinr-d--font-size d--fontsize-15px\">$8,759<\/span><\/td><\/tr><\/tbody><\/table><figcaption class=\"wp-element-caption\">Aucun co\u00fbt initial n&rsquo;est requis si vous \u00eates l&rsquo;\u00e9tudiant actuel de l&rsquo;ALS.<\/figcaption><\/figure>\n\n<p>Plus de d\u00e9tails\u00a0: <a href=\"https:\/\/www.academiaschool.edu\/wp-content\/uploads\/2025\/12\/I-20_Academia-Price-List_2026-4.pdf\">Liste de prix I-20 2026 Academia<\/a><\/p>\n\n<p>Les p\u00e9riodes d&rsquo;inscription suppl\u00e9mentaires pour les \u00e9tudiants actuels peuvent \u00eatre prolong\u00e9es sur une base hebdomadaire. Consultez la page ci-dessous pour conna\u00eetre les tarifs hebdomadaires pour des p\u00e9riodes de 1 \u00e0 48 semaines.<\/p>\n<section class=\"b--jinr-block b--jinr-blogcard d--blogcard-hover-up d--blogcard-style1 d--blogcard-mysite t--round \"><div class=\"a--blogcard-label ef\">Related Page<\/div><a class=\"o--blogcard-link t--round\" href=\"https:\/\/www.academiaschool.edu\/fee\/current-student\/\"><div class=\"c--blogcard-image\"><img loading=\"lazy\" decoding=\"async\" class=\"a--blogcard-img-src\" width=\"128\" height=\"72\" src=\"https:\/\/www.academiaschool.edu\/wp-content\/uploads\/2025\/02\/\u540d\u79f0\u672a\u8a2d\u5b9a\u306e\u30c7\u30b6\u30a4\u30f3-7.png\" alt=\"Tuition for Current Students &amp; Student Visa (F-1 Visa) Holders\" \/><\/div><div class=\"a--blogcard-title d--bold\">Tuition for Current Students &amp; Student Visa (F-1 Visa) Holders<\/div><\/a><\/section>\n<h2 class=\"wp-block-heading jinr-heading d--bold\"><strong>5. Academia Aloha Camp<\/strong><\/h2>\n\n<figure class=\"wp-block-image size-full\"><img loading=\"lazy\" decoding=\"async\" width=\"1024\" height=\"265\" src=\"https:\/\/www.academiaschool.edu\/wp-content\/uploads\/2025\/12\/image.png\" alt=\"\" class=\"wp-image-8876\" srcset=\"https:\/\/www.academiaschool.edu\/wp-content\/uploads\/2025\/12\/image.png 1024w, https:\/\/www.academiaschool.edu\/wp-content\/uploads\/2025\/12\/image-300x78.png 300w, https:\/\/www.academiaschool.edu\/wp-content\/uploads\/2025\/12\/image-768x199.png 768w\" sizes=\"auto, (max-width: 1024px) 100vw, 1024px\" \/><\/figure>\n\n<p>Le programme pour enfants est con\u00e7u pour les enfants de 6 \u00e0 12 ans (pr\u00e9-maternelle, \u00e9l\u00e9mentaire) et le programme Junior est destin\u00e9 aux coll\u00e9giens et lyc\u00e9ens \u00e2g\u00e9s de 13 \u00e0 18 ans. Les participants au programme Junior qui recherchent un apprentissage plus ax\u00e9 sur les \u00e9tudes sont encourag\u00e9s \u00e0 s\u2019inscrire \u00e0 nos cours g\u00e9n\u00e9raux pour adultes. <\/p>\n<section class=\"b--jinr-block b--jinr-blogcard d--blogcard-hover-up d--blogcard-style1 d--blogcard-mysite t--round \"><div class=\"a--blogcard-label ef\">Related Pages<\/div><a class=\"o--blogcard-link t--round\" href=\"https:\/\/www.academiaschool.edu\/academia-aloha-camp\/\"><div class=\"c--blogcard-image\"><img loading=\"lazy\" decoding=\"async\" class=\"a--blogcard-img-src\" width=\"128\" height=\"72\" src=\"https:\/\/www.academiaschool.edu\/wp-content\/uploads\/2025\/02\/\u540d\u79f0\u672a\u8a2d\u5b9a\u306e\u30c7\u30b6\u30a4\u30f3-7.png\" alt=\"Honoraires\" \/><\/div><div class=\"a--blogcard-title d--bold\">Honoraires<\/div><\/a><\/section>\n<h2 class=\"wp-block-heading jinr-heading d--bold\"><strong>6. <strong>Frais de scolarit\u00e9<\/strong> pour les cours de l&rsquo;apr\u00e8s-midi seulement pour les \u00e9tudiants transf\u00e9r\u00e9s avec un visa F-1<\/strong><\/h2>\n\n<p>Dans le cadre de ce plan, les \u00e9tudiants ne peuvent choisir que les cours de 12h30 \u00e0 15h et de 15h \u00e0 17h30.<\/p>\n\n<p>Plus de d\u00e9tails\u00a0: <a href=\"https:\/\/www.academiaschool.edu\/wp-content\/uploads\/2025\/12\/Afternoon_Academia-Price-List_2026.pdf\">Liste de prix des cours de l\u2019apr\u00e8s-midi seulement 2026 Academia<\/a><\/p>\n\n<p>Seuls les \u00e9tudiants transf\u00e9r\u00e9s et les \u00e9tudiants actuels qui choisissent ces cours peuvent b\u00e9n\u00e9ficier de ces tarifs.<\/p>\n<section class=\"b--jinr-block b--jinr-blogcard d--blogcard-hover-up d--blogcard-style1 d--blogcard-mysite t--round \"><div class=\"a--blogcard-label ef\">Related Page<\/div><a class=\"o--blogcard-link t--round\" href=\"https:\/\/www.academiaschool.edu\/fee\/afternoon-course\/\"><div class=\"c--blogcard-image\"><img loading=\"lazy\" decoding=\"async\" class=\"a--blogcard-img-src\" width=\"128\" height=\"72\" src=\"https:\/\/www.academiaschool.edu\/wp-content\/uploads\/2025\/02\/\u540d\u79f0\u672a\u8a2d\u5b9a\u306e\u30c7\u30b6\u30a4\u30f3-7.png\" alt=\"Afternoon-Only Classes For Transfer And Current Students\" \/><\/div><div class=\"a--blogcard-title d--bold\">Afternoon-Only Classes For Transfer And Current Students<\/div><\/a><\/section>\n<h2 class=\"wp-block-heading jinr-heading d--bold\"><strong>Frais d&rsquo;h\u00e9bergement<\/strong><\/h2>\n\n<p>Academia propose des logements bon march\u00e9 \u00e0 proximit\u00e9 de l&rsquo;\u00e9cole. Nous r\u00e9pondons \u00e0 un large \u00e9ventail de besoins, des \u00e9tudiants de courte dur\u00e9e (1 \u00e0 2 semaines) \u00e0 ceux qui \u00e9tudient pendant plus d&rsquo;un an, ainsi qu&rsquo;\u00e0 ceux qui souhaitent trouver un logement \u00e0 Hawa\u00ef apr\u00e8s leur arriv\u00e9e.<\/p>\n<section class=\"b--jinr-block b--jinr-blogcard d--blogcard-hover-up d--blogcard-style1 d--blogcard-mysite t--round \"><div class=\"a--blogcard-label ef\">Related Page<\/div><a class=\"o--blogcard-link t--round\" href=\"https:\/\/www.academiaschool.edu\/fee\/housing\/\"><div class=\"c--blogcard-image\"><img loading=\"lazy\" decoding=\"async\" class=\"a--blogcard-img-src\" width=\"128\" height=\"72\" src=\"https:\/\/www.academiaschool.edu\/wp-content\/uploads\/2025\/02\/\u540d\u79f0\u672a\u8a2d\u5b9a\u306e\u30c7\u30b6\u30a4\u30f3-7.png\" alt=\"Accommodation Fees\" \/><\/div><div class=\"a--blogcard-title d--bold\">Accommodation Fees<\/div><\/a><\/section>","protected":false},"excerpt":{"rendered":"<p>Six cat\u00e9gories de frais de scolarit\u00e9 A l&rsquo;\u00e9cole de langues Academia, les frais varient selon les six cat\u00e9gories suivantes : La diff\u00e9rence entre la cat\u00e9gorie 1, Nouveaux \u00e9tudiants, et la cat\u00e9gorie 4, \u00c9tudiants ALS actuels, r\u00e9side dans les \u00ab\u00a0co\u00fbts initiaux\u00a0\u00bb et la \u00ab\u00a0p\u00e9riode d&rsquo;inscription minimale\u00a0\u00bb, bien que les frais de scolarit\u00e9 soient les m\u00eames. 1. [&hellip;]<\/p>\n","protected":false},"author":1,"featured_media":0,"parent":0,"menu_order":0,"comment_status":"closed","ping_status":"closed","template":"","meta":{"_jinr_url_youtube":"","_jinr_pip_youtube":false,"_jinr_time_youtube":"","_jinr_thumb_youtube":"","_jinr_media_youtube":"","_jinr_category_edit":false,"_jinr_category":"","_jinr_title_display":false,"_jinr_snsbutton_display":false,"_jinr_ads_display":false,"_jinr_thumbnail_display":false,"_jinr_profile_display":false,"_jinr_representations_display":false,"_jinr_relatedpost_display":false,"_jinr_sidebar1col_display":false,"_jinr_sidebar2col_display":false,"_jinr_seotitle_display":"","_jinr_description_display":"","_jinr_keyword_display":"","_jinr_hastag_display":"","_jinr_canonical_display":"","_jinr_noindex_display":false,"_jinr_paidpost":false,"_jinr_paidpost_product_id":"","_jinr_headtag_article":"","footnotes":""},"class_list":["post-4629","page","type-page","status-publish","hentry"],"_links":{"self":[{"href":"https:\/\/www.academiaschool.edu\/fr\/wp-json\/wp\/v2\/pages\/4629","targetHints":{"allow":["GET"]}}],"collection":[{"href":"https:\/\/www.academiaschool.edu\/fr\/wp-json\/wp\/v2\/pages"}],"about":[{"href":"https:\/\/www.academiaschool.edu\/fr\/wp-json\/wp\/v2\/types\/page"}],"author":[{"embeddable":true,"href":"https:\/\/www.academiaschool.edu\/fr\/wp-json\/wp\/v2\/users\/1"}],"replies":[{"embeddable":true,"href":"https:\/\/www.academiaschool.edu\/fr\/wp-json\/wp\/v2\/comments?post=4629"}],"version-history":[{"count":5,"href":"https:\/\/www.academiaschool.edu\/fr\/wp-json\/wp\/v2\/pages\/4629\/revisions"}],"predecessor-version":[{"id":9011,"href":"https:\/\/www.academiaschool.edu\/fr\/wp-json\/wp\/v2\/pages\/4629\/revisions\/9011"}],"wp:attachment":[{"href":"https:\/\/www.academiaschool.edu\/fr\/wp-json\/wp\/v2\/media?parent=4629"}],"curies":[{"name":"wp","href":"https:\/\/api.w.org\/{rel}","templated":true}]}}