{"id":4617,"date":"2024-03-21T12:45:20","date_gmt":"2024-03-21T22:45:20","guid":{"rendered":"https:\/\/academia-school.net\/application\/politique-de-remboursement\/"},"modified":"2024-04-24T09:10:55","modified_gmt":"2024-04-24T19:10:55","slug":"politique-de-remboursement","status":"publish","type":"page","link":"https:\/\/www.academiaschool.edu\/fr\/application\/politique-de-remboursement\/","title":{"rendered":"Politique de remboursement"},"content":{"rendered":"\n<section class=\"wp-block-jinr-blocks-fullwidth b--jinr-block b--jinr-fullwidth-container d--top-margin-xs-pc d--bottom-margin-xs-pc d--top-margin-xs-sp d--bottom-margin-xs-sp \"><section class=\"b--jinr-fullwidth d--fullwidth-parallax-off d--fullwidth-deco-bgimage\"><div class=\"a--jinr-fullwidth-image\"><div class=\"a--jinr-fullwidth-image-clip\"><img decoding=\"async\" src=\"https:\/\/www.academiaschool.edu\/wp-content\/uploads\/2024\/03\/\u30b9\u30af\u30ea\u30fc\u30f3\u30b7\u30e7\u30c3\u30c8-2024-03-26-\u5348\u5f8c7.45.56.webp\"\/><\/div><\/div><div class=\"a--jinr-fullwidth-overlay\" style=\"background-color:#222222;opacity:0.25\"><\/div><div class=\"d--fullwidth-100 d--fullwidth-pad40 d--fullwidth-pad0-sp t--main-width\" style=\"color:false\">\n<p class=\"has-text-align-center has-white-color has-text-color has-link-color wp-elements-f1b80633b7c08b571d614213b7ad7a4a\"><span class=\"jinr-d--font-size d--fontsize-36px\"><strong><strong>Politique de remboursement<\/strong><\/strong><\/span><\/p>\n<\/div><\/section><\/section>\n\n<h2 class=\"wp-block-heading jinr-heading d--bold\"><strong>Politique de remboursement<\/strong><\/h2>\n\n<p>Les remboursements pour les transactions effectu\u00e9es en esp\u00e8ces ou par ch\u00e8que seront trait\u00e9s par ch\u00e8que. Les transactions effectu\u00e9es par carte de cr\u00e9dit seront rembours\u00e9es sur la m\u00eame carte de cr\u00e9dit que celle utilis\u00e9e pour la transaction. Si le remboursement ne peut \u00eatre effectu\u00e9 sur la m\u00eame carte de cr\u00e9dit en raison de la p\u00e9riode de remboursement de la soci\u00e9t\u00e9 de traitement, le remboursement sera effectu\u00e9 par ch\u00e8que. Tous les remboursements seront effectu\u00e9s dans les 30 jours suivant la confirmation de la demande de remboursement.<\/p>\n\n<h3 class=\"wp-block-heading jinr-heading d--bold\">Dur\u00e9e de l&rsquo;inscription &#8211; 8 semaines ou plus<\/h3>\n\n<figure class=\"wp-block-table\"><table><tbody><tr><td>D\u00e9sistement avant le d\u00e9but des cours<\/td><td>Remboursement int\u00e9gral<\/td><\/tr><tr><td>Retrait plus de 4 semaines avant la fin du programme<\/td><td>Remboursement partiel<\/td><\/tr><tr><td>Retrait au cours des 4 derni\u00e8res semaines<\/td><td>Pas de remboursement<\/td><\/tr><\/tbody><\/table><figcaption class=\"wp-element-caption\">Les remboursements sont effectu\u00e9s apr\u00e8s d\u00e9duction des frais d&rsquo;inscription non remboursables de 125 $.<\/figcaption><\/figure>\n\n<ul class=\"jinr-list wp-block-list\">\n<li>Les frais de livres, de mat\u00e9riel audio et de fournitures ne sont pas remboursables.<\/li>\n\n\n\n<li>Une session dure 8 semaines ; le milieu d&rsquo;une session est de 4 semaines.<\/li>\n\n\n\n<li>Les montants rembours\u00e9s sont calcul\u00e9s en d\u00e9duisant les frais de scolarit\u00e9 utilis\u00e9s (sur la base d&rsquo;une p\u00e9riode de cours toutes les 4 semaines) du total des frais de scolarit\u00e9 pay\u00e9s.<\/li>\n\n\n\n<li>Remboursements li\u00e9s aux promotions des \u00e9tudiants : Le montant du remboursement est calcul\u00e9 en d\u00e9duisant le prix total (non promotionnel) des frais de scolarit\u00e9 utilis\u00e9s pour les sessions achev\u00e9es du total des frais de scolarit\u00e9 promotionnels.<\/li>\n\n\n\n<li>Le paiement anticip\u00e9 des frais de scolarit\u00e9 est toujours possible. En cas d&rsquo;annulation avant le d\u00e9but des cours, le montant total moins les frais d&rsquo;inscription non remboursables sera rembours\u00e9.<\/li>\n\n\n\n<li>Si un ch\u00e8que est retourn\u00e9 par la banque pour quelque raison que ce soit, des frais de 25,00 $ seront factur\u00e9s.<\/li>\n<\/ul>\n\n<h3 class=\"wp-block-heading jinr-heading d--bold\">Dur\u00e9e de l&rsquo;inscription &#8211; Moins de 8 semaines<\/h3>\n\n<p>Les remboursements pour les transactions effectu\u00e9es en esp\u00e8ces ou par ch\u00e8que seront trait\u00e9s par ch\u00e8que. Les transactions effectu\u00e9es par carte de cr\u00e9dit seront rembours\u00e9es sur la m\u00eame carte de cr\u00e9dit que celle utilis\u00e9e pour la transaction. Si le remboursement ne peut \u00eatre effectu\u00e9 sur la m\u00eame carte de cr\u00e9dit en raison de la p\u00e9riode de remboursement de la soci\u00e9t\u00e9 de traitement, le remboursement sera effectu\u00e9 par ch\u00e8que. Tous les remboursements seront effectu\u00e9s dans les 30 jours suivant la confirmation de la demande de remboursement.<\/p>\n\n<figure class=\"wp-block-table\"><table><tbody><tr><td>D\u00e9sistement avant le d\u00e9but des cours<\/td><td>Remboursement int\u00e9gral<\/td><\/tr><tr><td>Abandon d&rsquo;un cours de 4 semaines ou moins<\/td><td>Pas de remboursement<\/td><\/tr><\/tbody><\/table><figcaption class=\"wp-element-caption\">Les remboursements sont effectu\u00e9s apr\u00e8s d\u00e9duction des frais d&rsquo;inscription non remboursables de 125 $.<\/figcaption><\/figure>\n\n<ul class=\"jinr-list wp-block-list\">\n<li>Les frais de livres, de mat\u00e9riel audio et de fournitures ne sont pas remboursables.<\/li>\n\n\n\n<li>Les abandons apr\u00e8s les 4 premi\u00e8res semaines ne donnent pas droit \u00e0 un remboursement.<\/li>\n\n\n\n<li>Pour les inscriptions de 5, 6 ou 7 semaines, le montant du remboursement est calcul\u00e9 en d\u00e9duisant les frais de scolarit\u00e9 utilis\u00e9s pour les 4 premi\u00e8res semaines du total des frais de scolarit\u00e9 pay\u00e9s.<\/li>\n\n\n\n<li>Si un ch\u00e8que est retourn\u00e9 par la banque pour quelque raison que ce soit, des frais de 25,00 $ seront factur\u00e9s.<\/li>\n<\/ul>\n\n<h2 class=\"wp-block-heading jinr-heading d--bold\"><strong>Fiche de calcul du remboursement<\/strong><\/h2>\n\n<p>Vous trouverez ci-dessous une feuille Excel permettant de calculer les montants des remboursements.<\/p>\n\n<p><a href=\"https:\/\/www.academiaschool.edu\/wp-content\/uploads\/2024\/03\/2024-Refund-Schedule.xlsx\">Feuille de calcul des remboursements (2024)<\/a><\/p>\n\n<p>Veuillez noter que le tableau ci-dessus ne tient pas compte des remboursements li\u00e9s aux promotions. Les calculs seront effectu\u00e9s au front office lors de la mise en \u0153uvre. Veuillez l&rsquo;utiliser comme figure de r\u00e9f\u00e9rence.<\/p>\n","protected":false},"excerpt":{"rendered":"<p>Politique de remboursement Les remboursements pour les transactions effectu\u00e9es en esp\u00e8ces ou par ch\u00e8que seront trait\u00e9s par ch\u00e8que. Les transactions effectu\u00e9es par carte de cr\u00e9dit seront rembours\u00e9es sur la m\u00eame carte de cr\u00e9dit que celle utilis\u00e9e pour la transaction. Si le remboursement ne peut \u00eatre effectu\u00e9 sur la m\u00eame carte de cr\u00e9dit en raison de [&hellip;]<\/p>\n","protected":false},"author":1,"featured_media":0,"parent":4601,"menu_order":0,"comment_status":"closed","ping_status":"closed","template":"","meta":{"_jinr_url_youtube":"","_jinr_pip_youtube":false,"_jinr_time_youtube":"","_jinr_thumb_youtube":"","_jinr_media_youtube":"","_jinr_category_edit":false,"_jinr_category":"","_jinr_title_display":false,"_jinr_snsbutton_display":false,"_jinr_ads_display":false,"_jinr_thumbnail_display":false,"_jinr_profile_display":false,"_jinr_representations_display":false,"_jinr_relatedpost_display":false,"_jinr_sidebar1col_display":false,"_jinr_sidebar2col_display":false,"_jinr_seotitle_display":"","_jinr_description_display":"","_jinr_keyword_display":"","_jinr_hastag_display":"","_jinr_canonical_display":"","_jinr_noindex_display":false,"_jinr_paidpost":false,"_jinr_paidpost_product_id":"","_jinr_headtag_article":"","footnotes":""},"class_list":["post-4617","page","type-page","status-publish","hentry"],"_links":{"self":[{"href":"https:\/\/www.academiaschool.edu\/fr\/wp-json\/wp\/v2\/pages\/4617","targetHints":{"allow":["GET"]}}],"collection":[{"href":"https:\/\/www.academiaschool.edu\/fr\/wp-json\/wp\/v2\/pages"}],"about":[{"href":"https:\/\/www.academiaschool.edu\/fr\/wp-json\/wp\/v2\/types\/page"}],"author":[{"embeddable":true,"href":"https:\/\/www.academiaschool.edu\/fr\/wp-json\/wp\/v2\/users\/1"}],"replies":[{"embeddable":true,"href":"https:\/\/www.academiaschool.edu\/fr\/wp-json\/wp\/v2\/comments?post=4617"}],"version-history":[{"count":3,"href":"https:\/\/www.academiaschool.edu\/fr\/wp-json\/wp\/v2\/pages\/4617\/revisions"}],"predecessor-version":[{"id":4620,"href":"https:\/\/www.academiaschool.edu\/fr\/wp-json\/wp\/v2\/pages\/4617\/revisions\/4620"}],"up":[{"embeddable":true,"href":"https:\/\/www.academiaschool.edu\/fr\/wp-json\/wp\/v2\/pages\/4601"}],"wp:attachment":[{"href":"https:\/\/www.academiaschool.edu\/fr\/wp-json\/wp\/v2\/media?parent=4617"}],"curies":[{"name":"wp","href":"https:\/\/api.w.org\/{rel}","templated":true}]}}