{"id":4613,"date":"2024-03-21T12:42:52","date_gmt":"2024-03-21T22:42:52","guid":{"rendered":"https:\/\/academia-school.net\/application\/processus-de-la-demande-a-linscription\/"},"modified":"2024-04-24T09:10:40","modified_gmt":"2024-04-24T19:10:40","slug":"processus-de-la-demande-a-linscription","status":"publish","type":"page","link":"https:\/\/www.academiaschool.edu\/fr\/application\/processus-de-la-demande-a-linscription\/","title":{"rendered":"Processus de la demande \u00e0 l&rsquo;inscription"},"content":{"rendered":"\n<section class=\"wp-block-jinr-blocks-fullwidth b--jinr-block b--jinr-fullwidth-container d--top-margin-xs-pc d--bottom-margin-xs-pc d--top-margin-xs-sp d--bottom-margin-xs-sp \"><section class=\"b--jinr-fullwidth d--fullwidth-parallax-off d--fullwidth-deco-bgimage\"><div class=\"a--jinr-fullwidth-image\"><div class=\"a--jinr-fullwidth-image-clip\"><img decoding=\"async\" src=\"https:\/\/www.academiaschool.edu\/wp-content\/uploads\/2024\/03\/\u30b9\u30af\u30ea\u30fc\u30f3\u30b7\u30e7\u30c3\u30c8-2024-03-26-\u5348\u5f8c7.45.56.webp\"\/><\/div><\/div><div class=\"a--jinr-fullwidth-overlay\" style=\"background-color:#222222;opacity:0.25\"><\/div><div class=\"d--fullwidth-100 d--fullwidth-pad40 d--fullwidth-pad0-sp t--main-width\" style=\"color:false\">\n<p class=\"has-text-align-center has-white-color has-text-color has-link-color wp-elements-7fba56a72d1a72c9d8bac0af6068ccb8\"><span class=\"jinr-d--font-size d--fontsize-36px\"><strong><span class=\"jinr-d--font-size d--fontsize-36px\"><strong>Processus de la demande \u00e0 l&rsquo;inscription<\/strong><\/span><\/strong><\/span><\/p>\n<\/div><\/section><\/section>\n\n<h2 class=\"wp-block-heading jinr-heading d--bold\"><span class=\"jinr-d--font-size d--fontsize-36px\"><strong>Processus de la demande \u00e0 l&rsquo;inscription<\/strong><\/span><\/h2>\n\n<section class=\"wp-block-jinr-blocks-timeline b--jinr-block b--jinr-timeline d--timeline-type-text d--timeline-design1 d--timeline-step-default\n\t\t\td--timeline-img-shadow js--scr-animation\"><div class=\"o--timeline-list\">\n<div class=\"wp-block-jinr-blocks-timelinechild c--timeline-item\"><div class=\"c--timeline-heading\"><div class=\"a--timeline-step ef\"><span class=\"a--timeline-step-text\"><\/span><\/div><div class=\"a--timeline-label d--bold\">Scheduling the Preliminary Test Before Enrollment<\/div><\/div><div class=\"c--timeline-contents\"><div class=\"a--timeline-text\">\n<p>Vous passerez le test de niveau le vendredi de la semaine pr\u00e9c\u00e9dant l&rsquo;inscription ou le vendredi des deux semaines pr\u00e9c\u00e9dentes. Le secr\u00e9tariat vous contactera pour confirmer l&rsquo;horaire de l&rsquo;examen. Le test peut \u00eatre effectu\u00e9 enti\u00e8rement en ligne, mais vous avez \u00e9galement la possibilit\u00e9 de le passer \u00e0 l&rsquo;\u00e9cole.<\/p>\n<\/div><\/div><\/div>\n\n\n\n<div class=\"wp-block-jinr-blocks-timelinechild c--timeline-item\"><div class=\"c--timeline-heading\"><div class=\"a--timeline-step ef\"><span class=\"a--timeline-step-text\"><\/span><\/div><div class=\"a--timeline-label d--bold\">Test Day: Grammar Test<\/div><\/div><div class=\"c--timeline-contents\"><div class=\"a--timeline-text\">\n<p>Vous passerez le test de grammaire en ligne, qui vous sera envoy\u00e9 par courrier \u00e9lectronique.<\/p>\n<\/div><\/div><\/div>\n\n\n\n<div class=\"wp-block-jinr-blocks-timelinechild c--timeline-item\"><div class=\"c--timeline-heading\"><div class=\"a--timeline-step ef\"><span class=\"a--timeline-step-text\"><\/span><\/div><div class=\"a--timeline-label d--bold\">Enrollment Orientation (For F Visa Holders Only)<\/div><\/div><div class=\"c--timeline-contents\"><div class=\"a--timeline-text\">\n<p>Nous organisons une s\u00e9ance d&rsquo;orientation en ligne pour l&rsquo;inscription, qui porte principalement sur les r\u00e8gles relatives \u00e0 l&rsquo;assiduit\u00e9 et aux notes n\u00e9cessaires pour conserver votre I-20. Cette orientation peut avoir lieu avant ou apr\u00e8s le test de grammaire.<\/p>\n<\/div><\/div><\/div>\n\n\n\n<div class=\"wp-block-jinr-blocks-timelinechild c--timeline-item\"><div class=\"c--timeline-heading\"><div class=\"a--timeline-step ef\"><span class=\"a--timeline-step-text\"><\/span><\/div><div class=\"a--timeline-label d--bold\">Test Day: Conversation Test<\/div><\/div><div class=\"c--timeline-contents\"><div class=\"a--timeline-text\">\n<p>Vous communiquerez en anglais avec un professeur en ligne. Le test de conversation peut \u00e9galement \u00eatre effectu\u00e9 en face \u00e0 face \u00e0 l&rsquo;\u00e9cole.<\/p>\n<\/div><\/div><\/div>\n\n\n\n<div class=\"wp-block-jinr-blocks-timelinechild c--timeline-item\"><div class=\"c--timeline-heading\"><div class=\"a--timeline-step ef\"><span class=\"a--timeline-step-text\"><\/span><\/div><div class=\"a--timeline-label d--bold\"><strong>Test Day: Class Assignment<\/strong><\/div><\/div><div class=\"c--timeline-contents\"><div class=\"a--timeline-text\">\n<p>Apr\u00e8s le test de conversation, vous passerez imm\u00e9diatement un entretien en classe. En fonction de votre compr\u00e9hension de la grammaire et de votre niveau de conversation, nous vous proposerons le cours qui vous convient le mieux.<\/p>\n<\/div><\/div><\/div>\n\n\n\n<div class=\"wp-block-jinr-blocks-timelinechild c--timeline-item\"><div class=\"c--timeline-heading\"><div class=\"a--timeline-step ef\"><span class=\"a--timeline-step-text\"><\/span><\/div><div class=\"a--timeline-label d--bold\"><strong>Enrollment Day<\/strong><\/div><\/div><div class=\"c--timeline-contents\"><div class=\"a--timeline-text\">\n<p>Le jour de l&rsquo;inscription, veuillez vous pr\u00e9senter \u00e0 la classe d\u00e9termin\u00e9e lors de l&rsquo;assignation de la classe. Notez que vous pouvez changer de classe au cours des deux premi\u00e8res semaines d&rsquo;inscription.<\/p>\n<\/div><\/div><\/div>\n<\/div><\/section>\n<section class=\"b--jinr-block b--jinr-blogcard d--blogcard-hover-up d--blogcard-style1 d--blogcard-mysite t--round \"><div class=\"a--blogcard-label ef\">Apply<\/div><a class=\"o--blogcard-link t--round\" href=\"https:\/\/www.academiaschool.edu\/apply\/online-application\/\"><div class=\"c--blogcard-image\"><img loading=\"lazy\" decoding=\"async\" class=\"a--blogcard-img-src\" width=\"128\" height=\"72\" src=\"https:\/\/www.academiaschool.edu\/wp-content\/uploads\/2025\/02\/\u540d\u79f0\u672a\u8a2d\u5b9a\u306e\u30c7\u30b6\u30a4\u30f3-7.png\" alt=\"Online Application Form\" \/><\/div><div class=\"a--blogcard-title d--bold\">Online Application Form<\/div><\/a><\/section>","protected":false},"excerpt":{"rendered":"<p>Processus de la demande \u00e0 l&rsquo;inscription<\/p>\n","protected":false},"author":1,"featured_media":0,"parent":4601,"menu_order":0,"comment_status":"closed","ping_status":"closed","template":"","meta":{"_jinr_url_youtube":"","_jinr_pip_youtube":false,"_jinr_time_youtube":"","_jinr_thumb_youtube":"","_jinr_media_youtube":"","_jinr_category_edit":false,"_jinr_category":"","_jinr_title_display":false,"_jinr_snsbutton_display":false,"_jinr_ads_display":false,"_jinr_thumbnail_display":false,"_jinr_profile_display":false,"_jinr_representations_display":false,"_jinr_relatedpost_display":false,"_jinr_sidebar1col_display":false,"_jinr_sidebar2col_display":false,"_jinr_seotitle_display":"","_jinr_description_display":"","_jinr_keyword_display":"","_jinr_hastag_display":"","_jinr_canonical_display":"","_jinr_noindex_display":false,"_jinr_paidpost":false,"_jinr_paidpost_product_id":"","_jinr_headtag_article":"","footnotes":""},"class_list":["post-4613","page","type-page","status-publish","hentry"],"_links":{"self":[{"href":"https:\/\/www.academiaschool.edu\/fr\/wp-json\/wp\/v2\/pages\/4613","targetHints":{"allow":["GET"]}}],"collection":[{"href":"https:\/\/www.academiaschool.edu\/fr\/wp-json\/wp\/v2\/pages"}],"about":[{"href":"https:\/\/www.academiaschool.edu\/fr\/wp-json\/wp\/v2\/types\/page"}],"author":[{"embeddable":true,"href":"https:\/\/www.academiaschool.edu\/fr\/wp-json\/wp\/v2\/users\/1"}],"replies":[{"embeddable":true,"href":"https:\/\/www.academiaschool.edu\/fr\/wp-json\/wp\/v2\/comments?post=4613"}],"version-history":[{"count":3,"href":"https:\/\/www.academiaschool.edu\/fr\/wp-json\/wp\/v2\/pages\/4613\/revisions"}],"predecessor-version":[{"id":4616,"href":"https:\/\/www.academiaschool.edu\/fr\/wp-json\/wp\/v2\/pages\/4613\/revisions\/4616"}],"up":[{"embeddable":true,"href":"https:\/\/www.academiaschool.edu\/fr\/wp-json\/wp\/v2\/pages\/4601"}],"wp:attachment":[{"href":"https:\/\/www.academiaschool.edu\/fr\/wp-json\/wp\/v2\/media?parent=4613"}],"curies":[{"name":"wp","href":"https:\/\/api.w.org\/{rel}","templated":true}]}}