{"id":4605,"date":"2024-03-21T12:46:12","date_gmt":"2024-03-21T22:46:12","guid":{"rendered":"https:\/\/academia-school.net\/application\/processus-de-candidature\/"},"modified":"2024-04-24T09:10:08","modified_gmt":"2024-04-24T19:10:08","slug":"processus-de-candidature","status":"publish","type":"page","link":"https:\/\/www.academiaschool.edu\/fr\/application\/processus-de-candidature\/","title":{"rendered":"Processus de candidature"},"content":{"rendered":"\n<section class=\"wp-block-jinr-blocks-fullwidth b--jinr-block b--jinr-fullwidth-container d--top-margin-xs-pc d--bottom-margin-xs-pc d--top-margin-xs-sp d--bottom-margin-xs-sp \"><section class=\"b--jinr-fullwidth d--fullwidth-parallax-off d--fullwidth-deco-bgimage\"><div class=\"a--jinr-fullwidth-image\"><div class=\"a--jinr-fullwidth-image-clip\"><img decoding=\"async\" src=\"https:\/\/www.academiaschool.edu\/wp-content\/uploads\/2024\/03\/\u30b9\u30af\u30ea\u30fc\u30f3\u30b7\u30e7\u30c3\u30c8-2024-03-26-\u5348\u5f8c7.45.56.webp\"\/><\/div><\/div><div class=\"a--jinr-fullwidth-overlay\" style=\"background-color:#222222;opacity:0.25\"><\/div><div class=\"d--fullwidth-100 d--fullwidth-pad40 d--fullwidth-pad0-sp t--main-width\" style=\"color:false\">\n<p class=\"has-text-align-center has-white-color has-text-color has-link-color wp-elements-8b9a296d6023e12de1e1ff4377a2fb55\"><span class=\"jinr-d--font-size d--fontsize-36px\"><strong>Processus de candidature<\/strong><\/span><\/p>\n<\/div><\/section><\/section>\n\n<h2 class=\"wp-block-heading jinr-heading d--bold\">Processus de candidature  <\/h2>\n\n<section class=\"wp-block-jinr-blocks-timeline b--jinr-block b--jinr-timeline d--timeline-type-text d--timeline-design1 d--timeline-step-default\n\t\t\td--timeline-img-shadow js--scr-animation\"><div class=\"o--timeline-list\">\n<div class=\"wp-block-jinr-blocks-timelinechild c--timeline-item\"><div class=\"c--timeline-heading\"><div class=\"a--timeline-step ef\"><span class=\"a--timeline-step-text\"><\/span><\/div><div class=\"a--timeline-label d--bold\"><strong>Filling Out the Application Form<\/strong><\/div><\/div><div class=\"c--timeline-contents\"><div class=\"a--timeline-text\">\n<p>Veuillez tout d&rsquo;abord remplir le formulaire de candidature avec les informations requises et soumettre votre candidature. Nous vous contacterons avec les documents n\u00e9cessaires en fonction de votre situation. Notre \u00e9cole organise des journ\u00e9es d&rsquo;inscription tous les lundis, \u00e0 l&rsquo;exception de la derni\u00e8re semaine de chaque semestre et de la semaine pr\u00e9c\u00e9dant la derni\u00e8re semaine.<\/p>\n\n\n\n<p>Vous pouvez postuler \u00e0 partir du <a href=\"https:\/\/form.jotform.com\/241076958498474\">formulaire de candidature en ligne<\/a> ou du <a href=\"https:\/\/www.academiaschool.edu\/wp-content\/uploads\/2024\/04\/Application-Form.pdf\" target=\"_blank\" rel=\"noreferrer noopener\">formulaire de candidature\uff08PDF\uff09<\/a>.<br\/>L&rsquo;inscription au cours de l&rsquo;apr\u00e8s-midi n&rsquo;est disponible en ligne que pour les \u00e9tudiants transf\u00e9r\u00e9s.<\/p>\n<\/div><\/div><\/div>\n\n\n\n<div class=\"wp-block-jinr-blocks-timelinechild c--timeline-item\"><div class=\"c--timeline-heading\"><div class=\"a--timeline-step ef\"><span class=\"a--timeline-step-text\"><\/span><\/div><div class=\"a--timeline-label d--bold\"><strong>Submission of Required Documents<\/strong><\/div><\/div><div class=\"c--timeline-contents\"><div class=\"a--timeline-text\">\n<p>Apr\u00e8s avoir re\u00e7u votre demande, nous vous contacterons par l&rsquo;interm\u00e9diaire de notre bureau pour vous fournir les documents requis. Nous dresserons \u00e9galement la liste de ces documents ici.<\/p>\n\n\n\n<p>Veuillez remplir et pr\u00e9parer les documents n\u00e9cessaires, tels que la demande de prise en charge et l&rsquo;attestation de solde bancaire, et les soumettre.<\/p>\n\n\n\n<p><strong>\u00c9tudiants F-1(I-20) (nouveaux et transf\u00e9r\u00e9s)<\/strong><\/p>\n\n\n\n<ul class=\"jinr-list wp-block-list\">\n<li>1 Copie du passeport (pour chaque membre de la famille qui vient aux \u00c9tats-Unis)<\/li>\n\n\n\n<li>2 Copie de la page du visa F (pour chaque membre de la famille)<\/li>\n\n\n\n<li>3 D\u00e9claration financi\u00e8re : 18 000 $+ plus 4 500 $ suppl\u00e9mentaires pour chaque membre de la famille.<\/li>\n\n\n\n<li>4 <a href=\"https:\/\/www.academiaschool.edu\/wp-content\/uploads\/2024\/04\/Verification-of-Status-Request-for-F-1-Student.pdf\" data-type=\"link\" data-id=\"https:\/\/www.academiaschool.edu\/wp-content\/uploads\/2024\/04\/Verification-of-Status-Request-for-F-1-Student.pdf\" target=\"_blank\" rel=\"noreferrer noopener\">Demande de v\u00e9rification du statut d&rsquo;un \u00e9tudiant F-1<\/a> (pour les \u00e9tudiants transf\u00e9r\u00e9s)<\/li>\n\n\n\n<li>5 <a href=\"https:\/\/www.academiaschool.edu\/wp-content\/uploads\/2024\/04\/Affidavit-of-Financial-Resources-Template.pdf\" data-type=\"link\" data-id=\"https:\/\/www.academiaschool.edu\/wp-content\/uploads\/2024\/04\/Affidavit-of-Financial-Resources-Template.pdf\" target=\"_blank\" rel=\"noreferrer noopener\">Mod\u00e8le d&rsquo;affidavit sur les ressources financi\u00e8res<\/a> (si une personne autre que le demandeur paie)<\/li>\n\n\n\n<li>6 <a href=\"https:\/\/www.academiaschool.edu\/wp-content\/uploads\/2024\/04\/Dependent-Form.pdf\" data-type=\"link\" data-id=\"https:\/\/www.academiaschool.edu\/wp-content\/uploads\/2024\/04\/Dependent-Form.pdf\" target=\"_blank\" rel=\"noreferrer noopener\">Formulaire pour les personnes \u00e0 charge<\/a> (s&rsquo;il y a des enfants)<\/li>\n<\/ul>\n\n\n\n<p><strong>\u00c9tudiants non I-20 Kama&rsquo;aina<\/strong><\/p>\n\n\n\n<ul class=\"jinr-list wp-block-list\">\n<li>1 Copie du passeport<\/li>\n\n\n\n<li>2 Copie de la page du visa ou de la carte verte<\/li>\n<\/ul>\n<\/div><\/div><\/div>\n\n\n\n<div class=\"wp-block-jinr-blocks-timelinechild c--timeline-item\"><div class=\"c--timeline-heading\"><div class=\"a--timeline-step ef\"><span class=\"a--timeline-step-text\"><\/span><\/div><div class=\"a--timeline-label d--bold\"><strong>Payment of Enrollment Fee<\/strong><\/div><\/div><div class=\"c--timeline-contents\"><div class=\"a--timeline-text\">\n<p>Les paiements peuvent \u00eatre effectu\u00e9s par carte, ch\u00e8que ou virement bancaire. Veuillez noter que des frais de 3% seront factur\u00e9s pour les paiements par carte.<\/p>\n<\/div><\/div><\/div>\n\n\n\n<div class=\"wp-block-jinr-blocks-timelinechild c--timeline-item\"><div class=\"c--timeline-heading\"><div class=\"a--timeline-step ef\"><span class=\"a--timeline-step-text\"><\/span><\/div><div class=\"a--timeline-label d--bold\"><strong>Issuance of I-20 (For F Visa Only)<\/strong><\/div><\/div><div class=\"c--timeline-contents\"><div class=\"a--timeline-text\">\n<p><strong>Nouvel \u00e9tudiant<\/strong><\/p>\n\n\n\n<p>Si vous demandez un visa F pour la premi\u00e8re fois, nous vous enverrons le formulaire I-20 \u00e0 votre adresse dans votre pays d&rsquo;origine.  <\/p>\n\n\n\n<p><strong>\u00c9tudiant transf\u00e9r\u00e9<\/strong><\/p>\n\n\n\n<p>Si vous changez d&rsquo;\u00e9cole \u00e0 Hawa\u00ef, nous vous le remettrons directement. Si vous n&rsquo;\u00eates pas \u00e0 Hawa\u00ef, nous vous l&rsquo;enverrons par courrier \u00e9lectronique.  <\/p>\n<\/div><\/div><\/div>\n\n\n\n<div class=\"wp-block-jinr-blocks-timelinechild c--timeline-item\"><div class=\"c--timeline-heading\"><div class=\"a--timeline-step ef\"><span class=\"a--timeline-step-text\"><\/span><\/div><div class=\"a--timeline-label d--bold\"><strong>Submission of Documents and Interview at the U.S. Embassy (For Obtaining a New F Visa)<\/strong><\/div><\/div><div class=\"c--timeline-contents\"><div class=\"a--timeline-text\">\n<p>Veuillez demander un visa F et vous pr\u00e9senter \u00e0 l&rsquo;entretien.<\/p>\n<\/div><\/div><\/div>\n\n\n\n<div class=\"wp-block-jinr-blocks-timelinechild c--timeline-item\"><div class=\"c--timeline-heading\"><div class=\"a--timeline-step ef\"><span class=\"a--timeline-step-text\"><\/span><\/div><div class=\"a--timeline-label d--bold\"><strong>Off to Hawaii!<\/strong><\/div><\/div><div class=\"c--timeline-contents\"><div class=\"a--timeline-text\">\n<p>Vous pouvez entrer aux \u00c9tats-Unis jusqu&rsquo;\u00e0 30 jours avant la date pr\u00e9vue de votre inscription.<\/p>\n<\/div><\/div><\/div>\n<\/div><\/section>\n\n<p>Si vous avez des questions, n&rsquo;h\u00e9sitez pas \u00e0 nous contacter.<\/p>\n<section class='b--jinr-block b--jinr-button   js--scr-animation block_98c8dc75-3f7d-421a-b3b5-5fcffc40918c'>\n\t\t\t\t\t<div class=\"o--button-inner d--button-type1 d--button-solid d--button-solid-hover-down d--button-solid-animation-expand d--button-center\"><span class=\"a--button-hover\"><a href=\"https:\/\/www.academiaschool.edu\/inquiry\/\"><span>Contact Us<\/span><\/a><\/span><\/div>\n\t\t\t\t<\/section>","protected":false},"excerpt":{"rendered":"<p>Processus de candidature Si vous avez des questions, n&rsquo;h\u00e9sitez pas \u00e0 nous contacter.<\/p>\n","protected":false},"author":1,"featured_media":0,"parent":4601,"menu_order":0,"comment_status":"closed","ping_status":"closed","template":"","meta":{"_jinr_url_youtube":"","_jinr_pip_youtube":false,"_jinr_time_youtube":"","_jinr_thumb_youtube":"","_jinr_media_youtube":"","_jinr_category_edit":false,"_jinr_category":"","_jinr_title_display":false,"_jinr_snsbutton_display":false,"_jinr_ads_display":false,"_jinr_thumbnail_display":false,"_jinr_profile_display":false,"_jinr_representations_display":false,"_jinr_relatedpost_display":false,"_jinr_sidebar1col_display":false,"_jinr_sidebar2col_display":false,"_jinr_seotitle_display":"","_jinr_description_display":"","_jinr_keyword_display":"","_jinr_hastag_display":"","_jinr_canonical_display":"","_jinr_noindex_display":false,"_jinr_paidpost":false,"_jinr_paidpost_product_id":"","_jinr_headtag_article":"","footnotes":""},"class_list":["post-4605","page","type-page","status-publish","hentry"],"_links":{"self":[{"href":"https:\/\/www.academiaschool.edu\/fr\/wp-json\/wp\/v2\/pages\/4605","targetHints":{"allow":["GET"]}}],"collection":[{"href":"https:\/\/www.academiaschool.edu\/fr\/wp-json\/wp\/v2\/pages"}],"about":[{"href":"https:\/\/www.academiaschool.edu\/fr\/wp-json\/wp\/v2\/types\/page"}],"author":[{"embeddable":true,"href":"https:\/\/www.academiaschool.edu\/fr\/wp-json\/wp\/v2\/users\/1"}],"replies":[{"embeddable":true,"href":"https:\/\/www.academiaschool.edu\/fr\/wp-json\/wp\/v2\/comments?post=4605"}],"version-history":[{"count":3,"href":"https:\/\/www.academiaschool.edu\/fr\/wp-json\/wp\/v2\/pages\/4605\/revisions"}],"predecessor-version":[{"id":4608,"href":"https:\/\/www.academiaschool.edu\/fr\/wp-json\/wp\/v2\/pages\/4605\/revisions\/4608"}],"up":[{"embeddable":true,"href":"https:\/\/www.academiaschool.edu\/fr\/wp-json\/wp\/v2\/pages\/4601"}],"wp:attachment":[{"href":"https:\/\/www.academiaschool.edu\/fr\/wp-json\/wp\/v2\/media?parent=4605"}],"curies":[{"name":"wp","href":"https:\/\/api.w.org\/{rel}","templated":true}]}}