{"id":4597,"date":"2024-03-14T12:40:37","date_gmt":"2024-03-14T22:40:37","guid":{"rendered":"https:\/\/academia-school.net\/apercu-du-programme\/"},"modified":"2024-04-24T08:53:40","modified_gmt":"2024-04-24T18:53:40","slug":"apercu-du-programme","status":"publish","type":"page","link":"https:\/\/www.academiaschool.edu\/fr\/apercu-du-programme\/","title":{"rendered":"Aper\u00e7u du programme"},"content":{"rendered":"\n<section class=\"wp-block-jinr-blocks-fullwidth b--jinr-block b--jinr-fullwidth-container d--top-margin-xs-pc d--bottom-margin-xs-pc d--top-margin-xs-sp d--bottom-margin-xs-sp \"><section class=\"b--jinr-fullwidth d--fullwidth-parallax-off d--fullwidth-deco-bgimage\"><div class=\"a--jinr-fullwidth-image\"><div class=\"a--jinr-fullwidth-image-clip\"><img decoding=\"async\" src=\"https:\/\/www.academiaschool.edu\/wp-content\/uploads\/2024\/03\/leo_visions-fMyaQWQrwwU-unsplash.webp\"\/><\/div><\/div><div class=\"a--jinr-fullwidth-overlay\" style=\"background-color:#222222;opacity:0\"><\/div><div class=\"d--fullwidth-100 d--fullwidth-pad40 d--fullwidth-pad0-sp t--main-width\" style=\"color:false\">\n<p class=\"has-text-align-center has-white-color has-text-color has-link-color wp-elements-d52b1f0cc6e0fcfcff2d4e67629c9691\"><span class=\"jinr-d--font-size d--fontsize-36px\"><strong>Aper\u00e7u du programme<\/strong><\/span><\/p>\n<\/div><\/section><\/section>\n\n<h2 class=\"wp-block-heading jinr-heading d--bold\"><strong>Normes et niveaux de performance de notre \u00e9cole<\/strong><\/h2>\n\n<p>Les programmes d&rsquo;apprentissage et les niveaux de notre \u00e9cole sont d\u00e9termin\u00e9s en fonction des normes de comp\u00e9tence de l&rsquo;Interagency Language Roundtable (ILR).<\/p>\n\n<p><strong>\n  <span class=\"jinr-d--text-color d--user-color2 d--bold\">Le programme d&rsquo;anglais de base (pour les \u00e9tudiants d\u00e9butants) <\/span>\n<\/strong>est con\u00e7u pour aider les \u00e9tudiants \u00e0 d\u00e9velopper des comp\u00e9tences communicatives qui sont fondamentales pour s&rsquo;engager dans une communication simple mais significative sur la vie de tous les jours. Le programme d&rsquo;anglais de base offre aux \u00e9tudiants la possibilit\u00e9 de travailler sur les fondamentaux, tels que la prononciation, la structure de base des phrases et l&rsquo;utilisation de mots et d&rsquo;expressions courants.<\/p>\n<section class=\"b--jinr-block b--jinr-blogcard d--blogcard-hover-up d--blogcard-style1 d--blogcard-mysite t--round \"><div class=\"a--blogcard-label ef\">Related Page<\/div><a class=\"o--blogcard-link t--round\" href=\"https:\/\/www.academiaschool.edu\/programs\/beginner\/\"><div class=\"c--blogcard-image\"><img loading=\"lazy\" decoding=\"async\" class=\"a--blogcard-img-src\" width=\"128\" height=\"72\" src=\"https:\/\/www.academiaschool.edu\/wp-content\/uploads\/2025\/02\/\u540d\u79f0\u672a\u8a2d\u5b9a\u306e\u30c7\u30b6\u30a4\u30f3-7.png\" alt=\"Beginner Level\" \/><\/div><div class=\"a--blogcard-title d--bold\">Beginner Level<\/div><\/a><\/section>\n<p><span class=\"jinr-d--text-color d--user-color2 d--bold\"><strong>Le programme d&rsquo;anglais pour la communication<\/strong> <strong>(pour les \u00e9tudiants de niveau interm\u00e9diaire)<\/strong> <\/span>est con\u00e7u pour aider les \u00e9tudiants \u00e0 d\u00e9velopper une ma\u00eetrise de l&rsquo;anglais suffisante pour s&rsquo;engager dans une communication significative sur la plupart des aspects de la vie quotidienne. Le programme d&rsquo;anglais pour la communication permet aux \u00e9tudiants d&rsquo;\u00e9largir leur connaissance des expressions idiomatiques et de l&rsquo;argot qui sont indispensables pour vivre et travailler dans un environnement anglophone.<\/p>\n<section class=\"b--jinr-block b--jinr-blogcard d--blogcard-hover-up d--blogcard-style1 d--blogcard-mysite t--round \"><div class=\"a--blogcard-label ef\">Related Page<\/div><a class=\"o--blogcard-link t--round\" href=\"https:\/\/www.academiaschool.edu\/programs\/intermediate\/\"><div class=\"c--blogcard-image\"><img loading=\"lazy\" decoding=\"async\" class=\"a--blogcard-img-src\" width=\"128\" height=\"72\" src=\"https:\/\/www.academiaschool.edu\/wp-content\/uploads\/2025\/02\/\u540d\u79f0\u672a\u8a2d\u5b9a\u306e\u30c7\u30b6\u30a4\u30f3-7.png\" alt=\"Intermediate Level\" \/><\/div><div class=\"a--blogcard-title d--bold\">Intermediate Level<\/div><\/a><\/section>\n<p><span class=\"jinr-d--text-color d--user-color2 d--bold\"><strong>Le programme d&rsquo;anglais \u00e0 des fins appliqu\u00e9es (pour les \u00e9tudiants avanc\u00e9s)<\/strong> <\/span>est con\u00e7u pour aider les \u00e9tudiants \u00e0 d\u00e9velopper une ma\u00eetrise de l&rsquo;anglais suffisante pour s&rsquo;engager dans une communication significative sur tous les aspects de la vie quotidienne ainsi que sur une vari\u00e9t\u00e9 de sujets sp\u00e9cialis\u00e9s. Les \u00e9tudiants de ce programme se concentrent sur l&rsquo;application de leurs comp\u00e9tences en anglais \u00e0 leurs ambitions acad\u00e9miques ou professionnelles futures.<\/p>\n<section class=\"b--jinr-block b--jinr-blogcard d--blogcard-hover-up d--blogcard-style1 d--blogcard-mysite t--round \"><div class=\"a--blogcard-label ef\">Related Page<\/div><a class=\"o--blogcard-link t--round\" href=\"https:\/\/www.academiaschool.edu\/programs\/advance\/\"><div class=\"c--blogcard-image\"><img loading=\"lazy\" decoding=\"async\" class=\"a--blogcard-img-src\" width=\"128\" height=\"72\" src=\"https:\/\/www.academiaschool.edu\/wp-content\/uploads\/2025\/02\/\u540d\u79f0\u672a\u8a2d\u5b9a\u306e\u30c7\u30b6\u30a4\u30f3-7.png\" alt=\"Advanced Level\" \/><\/div><div class=\"a--blogcard-title d--bold\">Advanced Level<\/div><\/a><\/section>","protected":false},"excerpt":{"rendered":"<p>Normes et niveaux de performance de notre \u00e9cole Les programmes d&rsquo;apprentissage et les niveaux de notre \u00e9cole sont d\u00e9termin\u00e9s en fonction des normes de comp\u00e9tence de l&rsquo;Interagency Language Roundtable (ILR). Le programme d&rsquo;anglais de base (pour les \u00e9tudiants d\u00e9butants) est con\u00e7u pour aider les \u00e9tudiants \u00e0 d\u00e9velopper des comp\u00e9tences communicatives qui sont fondamentales pour s&rsquo;engager [&hellip;]<\/p>\n","protected":false},"author":1,"featured_media":0,"parent":0,"menu_order":0,"comment_status":"closed","ping_status":"closed","template":"","meta":{"_jinr_url_youtube":"","_jinr_pip_youtube":false,"_jinr_time_youtube":"","_jinr_thumb_youtube":"","_jinr_media_youtube":"","_jinr_category_edit":false,"_jinr_category":"","_jinr_title_display":false,"_jinr_snsbutton_display":false,"_jinr_ads_display":false,"_jinr_thumbnail_display":false,"_jinr_profile_display":false,"_jinr_representations_display":false,"_jinr_relatedpost_display":false,"_jinr_sidebar1col_display":false,"_jinr_sidebar2col_display":false,"_jinr_seotitle_display":"","_jinr_description_display":"","_jinr_keyword_display":"","_jinr_hastag_display":"","_jinr_canonical_display":"","_jinr_noindex_display":false,"_jinr_paidpost":false,"_jinr_paidpost_product_id":"","_jinr_headtag_article":"","footnotes":""},"class_list":["post-4597","page","type-page","status-publish","hentry"],"_links":{"self":[{"href":"https:\/\/www.academiaschool.edu\/fr\/wp-json\/wp\/v2\/pages\/4597","targetHints":{"allow":["GET"]}}],"collection":[{"href":"https:\/\/www.academiaschool.edu\/fr\/wp-json\/wp\/v2\/pages"}],"about":[{"href":"https:\/\/www.academiaschool.edu\/fr\/wp-json\/wp\/v2\/types\/page"}],"author":[{"embeddable":true,"href":"https:\/\/www.academiaschool.edu\/fr\/wp-json\/wp\/v2\/users\/1"}],"replies":[{"embeddable":true,"href":"https:\/\/www.academiaschool.edu\/fr\/wp-json\/wp\/v2\/comments?post=4597"}],"version-history":[{"count":3,"href":"https:\/\/www.academiaschool.edu\/fr\/wp-json\/wp\/v2\/pages\/4597\/revisions"}],"predecessor-version":[{"id":4600,"href":"https:\/\/www.academiaschool.edu\/fr\/wp-json\/wp\/v2\/pages\/4597\/revisions\/4600"}],"wp:attachment":[{"href":"https:\/\/www.academiaschool.edu\/fr\/wp-json\/wp\/v2\/media?parent=4597"}],"curies":[{"name":"wp","href":"https:\/\/api.w.org\/{rel}","templated":true}]}}