{"id":3362,"date":"2024-03-14T12:30:11","date_gmt":"2024-03-14T22:30:11","guid":{"rendered":"https:\/\/academia-school.net\/ecole-de-langues-academia-top\/"},"modified":"2024-09-08T23:25:00","modified_gmt":"2024-09-09T09:25:00","slug":"ecole-de-langues-academia-top","status":"publish","type":"page","link":"https:\/\/www.academiaschool.edu\/fr\/","title":{"rendered":"\u00c9cole de langues Academia TOP"},"content":{"rendered":"\n<div class=\"jinr-add-class-container\"><div class=\"top_als\">\n    <section class=\"reason\">\n        <div class=\"inner\" style=\"padding-top:40px;\">\n            <h2>\n  Trois raisons pour lesquelles la ALS est choisie\n            <\/h2>\n            <ul>\n                <li>\n                    <p class=\"icon\"><img decoding=\"async\" src=\"https:\/\/www.academiaschool.edu\/wp-content\/uploads\/2024\/03\/flower_navy.jpg\"\/><\/p>\n                    <p class=\"point\"><span>Point 01<\/span><\/p>\n                    <h3>la plus ancienne \u00e9cole de langues<br\/>\u00e0 un prix abordable<\/h3>\n                    <p>Academia Language School, fond\u00e9e en 1969, est la plus ancienne \u00e9cole de langues d&rsquo;Hawa\u00ef. Malgr\u00e9 l&rsquo;acc\u00e9l\u00e9ration de l&rsquo;inflation aux \u00c9tats-Unis, l&rsquo;\u00e9cole a mis en \u0153uvre diverses mesures innovantes pour maintenir les co\u00fbts \u00e0 un niveau bas pour les \u00e9tudiants, atteignant ainsi les prix les plus bas d&rsquo;Honolulu.<\/p>\n<p style=\"text-align: center; margin-top: 12px;\"><a href=\"https:\/\/www.academiaschool.edu\/fr\/raisons-du-choix\/faible-cout-commitment-and-secrets\/\">Plus de d\u00e9tails<\/a><\/p>\n                <\/li>\n                <li>\n                    <p class=\"icon\"><img decoding=\"async\" src=\"https:\/\/www.academiaschool.edu\/wp-content\/uploads\/2024\/03\/flower_navy.jpg\"\/><\/p>\n                    <p class=\"point\"><span>Point 02<\/span><\/p>\n                    <h3>L&rsquo;unique  <br\/>Cours de 4 jours par semaine<\/h3>\n                    <p>Le programme d&rsquo;\u00e9tudes est unique et r\u00e9pond aux exigences du visa F1 avec seulement quatre jours de pr\u00e9sence par semaine. Les \u00e9tudiants \u00e9tudient intensivement du lundi au jeudi et, en prenant leur vendredi, ils peuvent profiter d&rsquo;une vie \u00e9panouie \u00e0 Hawa\u00ef. Pour ceux qui souhaitent \u00e9tudier \u00e9galement le vendredi, un programme de cinq jours par semaine est \u00e9galement disponible.<\/p>\n<p style=\"text-align: center; margin-top: 12px;\"><a href=\"https:\/\/www.academiaschool.edu\/fr\/raisons-du-choix\/le-seul-cours-dune-semaine-de-4-jours-a-hawai\/\">Plus de d\u00e9tails<\/a><\/p>\n                <\/li>\n                <li>\n                    <p class=\"icon\"><img decoding=\"async\" src=\"https:\/\/www.academiaschool.edu\/wp-content\/uploads\/2024\/03\/flower_navy.jpg\"\/><\/p>\n                    <p class=\"point\"><span>Point 03<\/span><\/p>\n                    <h3>Un soutien adapt\u00e9 aux familles<br\/>pour les parents<\/h3>\n                    <p>Situ\u00e9s \u00e0 Ala Moana, nous proposons un programme d&rsquo;\u00e9tudes \u00e0 des heures qui permettent aux parents d&rsquo;assister \u00e0 leurs propres cours tout en d\u00e9posant et en r\u00e9cup\u00e9rant leurs enfants. Il est possible de faire co\u00efncider les vacances avec les longs cong\u00e9s scolaires de votre enfant. Nous apportons le soutien tant attendu aux programmes d&rsquo;\u00e9tudes parents-enfants.<\/p>\n<p style=\"text-align: center; margin-top: 12px;\"><a href=\"https:\/\/www.academiaschool.edu\/fr\/raisons-du-choix\/soutien-amical-aux-parents-et-aux-enfants-qui-etudient-a-letranger\/\">Plus de d\u00e9tails<\/a><\/p>\n                <\/li>\n            <\/ul>\n<br\/>\n<iframe loading=\"lazy\" width=\"560\" height=\"315\" src=\"https:\/\/www.youtube.com\/embed\/hkEeA756g34?si=PbuUakX6P4JyuudP\" title=\"YouTube video player\" frameborder=\"0\" allow=\"accelerometer; autoplay; clipboard-write; encrypted-media; gyroscope; picture-in-picture; web-share\" referrerpolicy=\"strict-origin-when-cross-origin\" allowfullscreen><\/iframe>\n\n            <img decoding=\"async\" src=\"https:\/\/www.academiaschool.edu\/wp-content\/uploads\/2024\/03\/als_uk_photo.webp\" alt=\"photo de groupe\" class=\"fig\"\/>\n        <\/div>\n    <\/section>\n\n    <section class=\"contact\">\n        <div class=\"inner\">\n            <h2>\n  Enqu\u00eate et  <br class=\"sp\"\/>session d&rsquo;information en ligne\n            <\/h2>\n            <p>N&rsquo;h\u00e9sitez pas \u00e0 nous contacter.<\/p>\n            <p class=\"green\">Pour les demandes de renseignements provenant de l&rsquo;\u00e9tranger, il est pr\u00e9f\u00e9rable de nous contacter par courrier \u00e9lectronique.<\/p>\n            <div class=\"button-area\">\n                <a href=\"https:\/\/www.academiaschool.edu\/fr\/contact-us\/\"><span class=\"jin-icons in--p jin-ifont-mail\"><\/span>Formulaire de demande de renseignements<\/a>\n                <a href=\"tel:+1 (808) 946\u20135599\"><span class=\"jin-icons in--p jin-ifont-telephone\"><\/span>+1 (808) 946 &#8211; 5599<\/a>\n            <\/div>\n                    <h3>Heure d&rsquo;Hawa\u00ef<\/h3>\n                    <p>Du lundi au jeudi : de 9 heures \u00e0 13 heures<br\/>Vendredi : de 9 heures \u00e0 12 heures<\/p>\n            <div class=\"arrow\"><\/div>\n        <\/div>\n    <\/section>\n\n    <section class=\"trial\">\n        <div class=\"inner\">\n            <h2>\n  Cours d&rsquo;essai gratuit\n            <\/h2>\n            <p>Si vous r\u00e9sidez \u00e0 Hawa\u00ef ou si vous \u00eates en visite \u00e0 Hawa\u00ef, vous pouvez prendre une le\u00e7on d&rsquo;essai gratuite.<br\/>\n  Si vous \u00eates int\u00e9ress\u00e9, veuillez remplir le formulaire ci-dessous.<\/p>\n            <a href=\"https:\/\/www.academiaschool.edu\/fr\/planifiez-votre-lecon-dessai-gratuite\/\"><img decoding=\"async\" src=\"https:\/\/www.academiaschool.edu\/wp-content\/uploads\/2024\/03\/free_trial_banner_20240204-1024x239.png\" alt=\"Cours d'essai gratuit\"\/><\/a>\n        <\/div>\n        <div class=\"arrow lightgreen\"><\/div>\n    <\/section>\n\n    <section class=\"campaign\">\n        <div class=\"inner\">\n            <h2>\n                <p><span>Campagne<\/span><\/p>\n  Campagne en cours\n            <\/h2>\n            <ul>\n                <li>\n                    <h3>\n                        <p>Pour les \u00e9tudiants titulaires d&rsquo;un visa F1<\/p>\n  Campagne de transfert\n                    <\/h3>\n                    <p class=\"left\">C&rsquo;est une campagne pr\u00e9cieuse<br\/>offrant <span>jusqu&rsquo;\u00e0 20 % de r\u00e9duction<\/span>.<\/p>\n                    <a href=\"https:\/\/www.academiaschool.edu\/fr\/campagne-de-transfert\/\"><img decoding=\"async\" src=\"https:\/\/www.academiaschool.edu\/wp-content\/uploads\/2024\/04\/EN_20240424.jpg\" alt=\"Campagne de transfert pour les \u00e9tudiants titulaires d'un visa F1 provenant d'autres \u00e9coles\"\/><\/a>\n                <\/li>\n                <li>\n                    <h3>\n                        <p>Pour les amis de l&rsquo;\u00e9l\u00e8ve<\/p>\n  Campagne de r\u00e9f\u00e9rence\n                    <\/h3>\n                    <p class=\"left\">Pour la personne orient\u00e9e et la personne qui l&rsquo;a orient\u00e9e,<br\/>jusqu&rsquo;\u00e0 <span>un mois (4 semaines) est ajout\u00e9 gratuitement<\/span>.<\/p>\n                     <a href=\"https:\/\/www.academiaschool.edu\/fr\/campagne-de-reference\/\"><img decoding=\"async\" src=\"https:\/\/www.academiaschool.edu\/wp-content\/uploads\/2024\/04\/EN_20240424-1.jpg\" alt=\"Campagne de r\u00e9f\u00e9rence\"\/><\/a><a><\/a>\n                <\/li>\n            <\/ul>\n            <div class=\"arrow\"><\/div>\n        <\/div>\n    <\/section>\n\n    <section class=\"program\">\n        <div class=\"inner\">\n            <img decoding=\"async\" src=\"https:\/\/www.academiaschool.edu\/wp-content\/uploads\/2024\/03\/%E3%82%B9%E3%82%AF%E3%83%AA%E3%83%BC%E3%83%B3%E3%82%B7%E3%83%A7%E3%83%83%E3%83%88-2024-03-18-%E5%8D%88%E5%BE%8C8.28.49.png\" alt=\"Nous dispensons des cours de haute qualit\u00e9 et coh\u00e9rents sous l'accr\u00e9ditation d'agences gouvernementales am\u00e9ricaines.\"\/>\n            <div class=\"long\">\n                <h2>\n                    <p><span>Pionnier des \u00e9coles de langues \u00e0 Hawa\u00ef<\/span><\/p>\n  Des cours de qualit\u00e9 pour tous<br class=\"sp\"\/>des d\u00e9butants aux apprenants avanc\u00e9s\n                <\/h2>\n                <p>Academia Language School offre des cours de haute qualit\u00e9, coh\u00e9rents et accr\u00e9dit\u00e9s par des agences gouvernementales am\u00e9ricaines. Nous proposons un large \u00e9ventail de cours pour les \u00e9tudiants<\/p>\n            <\/div>\n            <div class=\"arrow puregreen\"><\/div>\n        <\/div>\n    <\/section>\n\n    <section class=\"gallery\">\n        <div class=\"inner\">\n            <h2>\n                <p><span>Profitez d&rsquo;une vie Aloha \u00e9panouie \u00e0 Academia<\/span><\/p>\n  Galerie de photos\n            <\/h2>\n            <div class=\"gallery-box\">\n                <img decoding=\"async\" src=\"https:\/\/www.academiaschool.edu\/wp-content\/uploads\/2024\/03\/classroom.jpg\" alt=\"  Academia Language School Student Life,\"\/>\n                <img decoding=\"async\" src=\"https:\/\/www.academiaschool.edu\/wp-content\/uploads\/2024\/03\/napali-1024x597.jpg\" alt=\"Paysages hawa\u00efens\"\/>\n                <img decoding=\"async\" src=\"https:\/\/www.academiaschool.edu\/wp-content\/uploads\/2024\/03\/373c345095c939960088c269fda1b126479b17a5-1024x683.webp\" alt=\"  Academia Language School Student Life,\"\/>\n                <img decoding=\"async\" src=\"https:\/\/www.academiaschool.edu\/wp-content\/uploads\/2024\/03\/hiking02.jpg\" alt=\"  Academia Language School Student Life,\"\/>\n                <img decoding=\"async\" src=\"https:\/\/www.academiaschool.edu\/wp-content\/uploads\/2024\/03\/hiking-haleakala2.jpg\" alt=\"Activit\u00e9s hawa\u00efennes\"\/>\n                <img decoding=\"async\" src=\"https:\/\/www.academiaschool.edu\/wp-content\/uploads\/2024\/03\/picnic01.jpg\" alt=\"  Academia Language School Student Life,\"\/>\n                <img decoding=\"async\" src=\"https:\/\/www.academiaschool.edu\/wp-content\/uploads\/2024\/03\/halloweenparty.jpg\" alt=\"  Academia Language School Student Life,\"\/>\n                <img decoding=\"async\" src=\"https:\/\/www.academiaschool.edu\/wp-content\/uploads\/2024\/03\/69540459_10157677869164455_6972176722636570624_o-1024x768-1.jpg\" alt=\"  Academia Language School Student Life,\"\/>\n                <img decoding=\"async\" src=\"https:\/\/www.academiaschool.edu\/wp-content\/uploads\/2024\/03\/hiking-kokohead.jpg\" alt=\"  Academia Language School Student Life,\"\/>\n                <img decoding=\"async\" src=\"https:\/\/www.academiaschool.edu\/wp-content\/uploads\/2024\/03\/IMG_2575-1024x768-1.jpg\" alt=\"\"\/>\n                <img decoding=\"async\" src=\"https:\/\/www.academiaschool.edu\/wp-content\/uploads\/2024\/03\/surfer-in-water-1024x683-1.jpg\" alt=\"Activit\u00e9s hawa\u00efennes\"\/>\n                <img decoding=\"async\" src=\"https:\/\/www.academiaschool.edu\/wp-content\/uploads\/2024\/03\/volleyball.jpg\" alt=\"Activit\u00e9s hawa\u00efennes\"\/>\n            <\/div>\n            <div style=\"text-align:center;\">\n                <a href=\"https:\/\/www.academiaschool.edu\/fr\/raisons-du-choix\/amusant-aloha-student-life\/\" class=\"button\">Plus de d\u00e9tails<\/a>\n            <\/div>\n            <div class=\"arrow\"><\/div>\n        <\/div>\n    <\/section>\n\n    <section class=\"contact\">\n        <div class=\"inner\">\n            <h2 style=\"margin-bottom:0;\">\n                <p><span>Demande de renseignements et s\u00e9ance d&rsquo;information en ligne<\/span><\/p>\n  Contact\n            <\/h2>\n            <div class=\"button-area\" style=\"margin-bottom:0;\">\n                <a href=\"https:\/\/www.academiaschool.edu\/fr\/contact-us\/\"><span class=\"jin-icons in--p jin-ifont-mail\"><\/span>Formulaire de demande de renseignements<\/a>\n                <a href=\"tel:+1 (808) 946\u20135599\"><span class=\"jin-icons in--p jin-ifont-telephone\"><\/span>+1 (808) 946 &#8211; 5599<\/a>\n            <\/div>\n            <div class=\"arrow graygreen\"><\/div>\n        <\/div>\n    <\/section>\n\n    <section class=\"access\">\n        <div class=\"inner\">\n            <div class=\"box\">\n                <iframe src=\"https:\/\/www.google.com\/maps\/embed?pb=!1m14!1m8!1m3!1d14869.91485947369!2d-157.8392341!3d21.2920925!3m2!1i1024!2i768!4f13.1!3m3!1m2!1s0x7c006df1f8650d73%3A0x168d9b6ef5129a7f!2sAcademia%20Language%20School!5e0!3m2!1sja!2sus!4v1710816677685!5m2!1sen!2sus\" width=\"100%\" height=\"400\" style=\"border:0;\" allowfullscreen=\"\" loading=\"lazy\" referrerpolicy=\"no-referrer-when-downgrade\"><\/iframe>\n            <\/div>\n            <div class=\"box\">\n                <h2>\n                    <img decoding=\"async\" src=\"https:\/\/www.academiaschool.edu\/wp-content\/uploads\/2024\/03\/ALS_55th_logo.png\" alt=\"\u00c9cole de langues Academia\"\/>\n                <\/h2>\n                <ul>\n                    <li>\u00c9cole de langues Academia<\/li>\n                    <li>1600, boulevard Kapiolani, bureau 1225<br\/>Honolulu, HI 96814<\/li>\n                <\/ul>\n            <\/div>\n        <\/div>\n    <\/section>\n<\/div><style jsx=\"true\">\n    #postContent p, .o--widget-area p,\n    .top_als p,\n    .top_als ul,\n    .top_als h2,\n    .top_als h3{\n        padding:0;\n        margin:0;\n    }\n\n    .top_als section {\n        width:100%;\n    }\n\n    .top_als .inner {\n        width:1120px;\n        margin:0 auto;\n        padding:80px 0;\n    }\n\n    .top_als h2 {\n        font-size:28px;\n        line-height:1.5;\n        font-weight:500;\n        color:#098177;\n        margin-bottom:40px;\n        text-align:center;\n    }\n\n    .top_als h2 p {\n        margin-bottom:8px;\n    }\n\n    .top_als h2 p span {\n        font-size:16px;\n        line-height:1.2;\n        color:#004c80;\n    }\n\n    .top_als .long h2 {\n        text-align:left;\n    }\n\n    .top_als li {\n        list-style:none;\n    }\n\n    .top_als .reason ul {\n        display:flex;\n        justify-content:space-between;\n    }\n\n    .top_als .reason ul li{\n        width:calc(33% - 52px);\n    }\n\n    .top_als .reason ul li p.icon > img{\n        margin:0 auto;\n    }\n\n    #postContent .top_als .reason ul li p.point{\n        text-align:center;\n        margin-bottom: 12px;\n    }\n\n    .top_als .reason ul li p.point span{\n        font-size:16px;\n        font-weight:700;\n        line-height:2;\n        font-family:roboto, sans-serif;\n        color:#004c80;\n        padding:2px 8px;\n    }\n\n    .top_als h3 {\n        font-size:20px;\n        font-weight:500;\n        line-height:1.3;\n        color:#004c80;\n        margin-bottom:24px;\n        text-align:center;\n    }\n\n    .top_als .reason h3 {\n        padding-bottom:16px;\n        border-bottom:1px solid #004c80;\n    }\n\n    .top_als .fig{\n        max-width:100%;\n        object-fit:cover;\n        margin-top:80px;\n    }\n\n    .top_als .contact {\n        position:relative;\n        text-align:center;\n    }\n\n    .top_als .green {\n        color:#098177;\n    }\n\n    .top_als .button-area {\n        width:100%;\n        display:flex;\n        justify-content: space-between;\n        padding: 40px 0;\n    }\n\n    .button,\n    .top_als .button-area a {\n        display: inline-block;\n        color: #098177;\n        padding: 10px 30px 12px 30px;\n        border-radius: 5px;\n        text-decoration: none;\n        outline: none;\n        background: #fff;\n        transition: all 0.3s ease-out;\n        margin: 0 auto;\n        font-weight: 500;\n        letter-spacing: 0.05em;\n        position: relative;\n    }\n\n    .button{\n        padding: 10px 50px 12px 30px;\n        margin-top:40px;\n    }\n\n    .top_als .button-area a.line {\n        color: #fff;\n        background: #1f9b68;\n        padding: 10px 50px 12px 30px;\n    }\n\n    .button::after,\n    .top_als .button-area a.line::after {\n        position: absolute;\n        top: 50%;\n        right: 20px;\n        font-weight: 900;\n        display: inline-block;\n        font-style: normal;\n        font-variant: normal;\n        text-rendering: auto;\n        line-height: 1;\n        font-family: \"jin-icons\";\n        content: \"\\e9eb\";\n        transform: translateY(-50%);\n    }\n\n    #wrapper a.button:hover,\n    #wrapper .top_als .button-area a:hover{\n            background: #098177;\n            color: white;\n    }\n\n    #wrapper .top_als .button-area a.line:hover{\n            background: #07b53b;\n    }\n\n    .top_als .button-area a span{\n        margin-right:10px;\n    }\n\n    .top_als .trial{\n        text-align:center;\n    }\n\n    .top_als .trial img{\n        margin:40px auto 0 auto;\n        width:800px;\n        max-width:100%;\n    }\n\n    .top_als .contact ul,\n    .top_als .campaign ul{\n        display:flex;\n        justify-content: space-between;\n        gap:40px;\n        padding:0;\n    }\n\n    .top_als .contact ul{\n        gap:0;\n        width:800px;\n        max-width:100%;\n        margin:0 auto;\n    }\n\n    .top_als .contact ul li {\n        width:50%;\n        margin-bottom:40px;\n        border-right: 1px solid #098177;\n    }\n\n    .top_als .contact ul li:last-child {\n        border:none;\n    }\n\n    .top_als .contact ul li h3 {\n        margin-bottom:12px;\n    }\n\n    .top_als .note{\n        font-size:14px;\n    }\n\n    .top_als .program .inner,\n    .top_als .access .inner{\n        display:flex;\n        justify-content: space-between;\n        gap:40px;\n    }\n\n    .top_als .box{\n        width:50%;\n        align-self: center;\n    }\n\n    .top_als .long{\n        width:60%;\n        text-align: left;\n    }\n\n    .top_als .short{\n        width:30%;\n    }\n\n    .top_als .long img{\n        width:100%;\n        margin-top: 40px;\n    }\n\n\n    .top_als .trial,\n    .top_als .program,\n    .top_als .gallery,\n    .top_als .campaign {\n        position:relative;\n    }\n\n    .top_als .gallery:before,\n    .top_als .contact:before,\n    .top_als .campaign:before {\n        position: absolute;\n        top: 0;\n        content: \"\";\n        width: 200vw;\n        height: 100%;\n        background: #1f9b68;\n        z-index: -1;\n        left: 0;\n        right: 0;\n        margin-left:-50%;\n    }\n\n    .top_als .contact:before{\n        background:#d6eae4;\n    }\n\n    .top_als .gallery:before{\n        background:#eef3f2;\n    }\n\n    .top_als .campaign h2,\n    .top_als .campaign h2 p span {\n        color:white;\n    }\n\n    .top_als .campaign ul li{\n        width:50%;\n        background:white;\n        text-align:center;\n        padding:40px;\n    }\n\n    #postContent .top_als .campaign h3 p{\n        font-size:16px;\n        color:#004c80;\n        margin-bottom:10px;\n        font-weight: 500;\n    }\n\n    .top_als .campaign h3 {\n        font-size:24px;\n        font-weight:700;\n        color:#1f9b68;\n        margin-bottom:20px;\n    }\n\n    .top_als .campaign p span{\n        color:#e2735d;\n    }\n\n    .top_als .campaign ul li img{\n        margin:20px auto 0 auto;\n    }\n\n    .top_als .contact h2,\n    .top_als .gallery h2{\n        font-family: roboto, noto sans JP, sans-serif;\n    }\n\n    .top_als .gallery-box{\n        display: flex;\n        gap:20px;\n        justify-content: space-between;\n        flex-wrap:wrap;\n    }\n\n    .top_als .gallery-box img{\n        width:calc(100% \/ 3 - 14px);\n        height:200px;\n        object-fit: cover;\n    }\n    \n    .top_als .access {\n        text-align: center;\n    }\n\n    .top_als .access h2 {\n        display:flex;\n        justify-content: center;\n    }\n\n    .top_als .access ul li{\n        margin-bottom:20px;\n        font-family:roboto,noto sans JP, sans-serif;\n    }\n\n    .top_als .access ul li:first-child{\n        font-size: 24px;\n        line-height: 1.5;\n        font-weight: 500;\n        color:#1f9b68;\n    }\n\n    .top_als .access ul li:last-child{\n        margin-bottom:0;\n    }\n\n    .top_als .box img {\n        width:350px;\n        max-width:100%;\n    }\n\n    .top_als .arrow{\n        position:absolute;\n        top:-1px;\n        left:0;\n        right:0;\n        background: #ffffff;\n        height: calc(tan(45deg) * 60px \/ 2);\n        width: 60px;\n        clip-path: polygon(0 0, 100% 0, 50% 100%);\n        z-index:10;\n        margin:0 auto;\n    }\n\n    .sp{\n        display:none;\n    }\n\n    .top_als .lightgreen{\n            background: #d6eae4;\n    }\n\n    .top_als .graygreen{\n            background: #eef3f2;\n    }\n\n    .top_als .puregreen{\n            background: #1f9b68;\n    }\n    \n    @media (min-width: 768px) {\n\n        a[href*=\"tel:\"] {\n            pointer-events: none;\n            cursor: default;\n            text-decoration: none;\n        }\n    }\n\n    @media (max-width: 1250px) {\n\n        .top_als .inner {\n            width:90%;\n        }\n\n        .top_als .button-area {\n            width: 370px;\n            display: block;\n            margin: 40px auto;\n            padding:0;\n        }\n\n        .top_als .button-area a {\n            margin:0 auto 40px auto;\n        }\n\n        .top_als .button-area a:last-child {\n            margin:0 auto;\n        }\n\n        .top_als .program img{\n            width:30%;\n            height:100%;\n        }\n\n        .top_als .gallery .button-area{\n            text-align:center;\n        }\n\n        .top_als .gallery .button-area a{\n            width:auto;\n        }\n\n        #postContent .top_als .campaign p.left br{\n            display:none;\n        }\n\n    }\n\n    @media (max-width: 768px) {\n\n        .top_als .reason ul li {\n            width:100%;\n            margin-bottom:80px;\n        }\n\n        .top_als .reason ul li:last-child {\n            margin-bottom:0;\n        }\n\n        .top_als .contact ul li {\n            width:100%;\n        }\n\n        .top_als .reason ul,\n        .top_als .button-area,\n        .top_als .contact ul,\n        .top_als .campaign ul,\n        .top_als .program .inner,\n        .top_als .access .inner{\n            display:block;\n        }\n\n        .top_als .button-area {\n             width: 100%;\n        }\n\n        .top_als .button-area a{\n            width: calc(100% - 80px);\n            font-size: 14px;\n        }\n\n        .top_als .button-area a.line{\n            font-size: 16px;\n        }\n\n        .top_als h3{\n            margin-bottom: 12px;\n        }\n\n        .top_als .contact ul li{\n            margin-bottom:40px;\n            border:none;\n        }\n\n        .top_als .note {\n            margin-top: 40px;\n        }\n\n        .top_als .box,\n        .top_als .long,\n        .top_als .short{\n            width:100%;\n            float:none;\n        }\n\n        .top_als .long h2{\n            text-align:center;\n        }\n        \n        .top_als .campaign ul li{\n            width:calc(100% - 40px);\n            padding:20px;\n            margin-bottom:40px;\n        }\n        \n        .top_als .campaign ul li:last-child{\n            margin-bottom:0;\n        }\n        \n\n        .top_als .campaign p.left,\n        .top_als .trial p{\n            text-align:left;\n        }\n        \n        .top_als .trial p br,\n        .top_als .campaign ul li br{\n            display:none;\n        }\n\n        .top_als .program{\n            text-align:center;\n        }\n\n        .top_als .program img{\n            width:520px;\n            max-width:100%;\n            margin:0 auto 40px auto;\n        }\n\n        .top_als .gallery-box img{\n            width:calc(50% - 10px);\n        }\n\n        .top_als .access .box {\n            margin-bottom:40px;\n        }\n\n        .top_als .access .box:last-child {\n            margin-bottom:0;\n        }\n    }\n\n    @media (max-width: 512px) {\n\n        .top_als{\n            font-size:14px;\n        }\n\n        .top_als .contact .inner > p{\n            text-align:left;\n        }\n\n        .top_als h2 {\n            font-size: 24px;\n        }\n\n        .top_als .reason ul li p.icon > img{\n            width:50px;\n        }\n\n        .top_als .button-area a{\n            width:100%;\n        }\n\n        .sp{\n            display:block;\n        }\n    }\n    <\/style><\/div>\n","protected":false},"excerpt":{"rendered":"<p>Trois raisons pour lesquelles la ALS est choisie Point 01 la plus ancienne \u00e9cole de langues\u00e0 un prix abordable Academia Language School, fond\u00e9e en 1969, est la plus ancienne \u00e9cole de langues d&rsquo;Hawa\u00ef. Malgr\u00e9 l&rsquo;acc\u00e9l\u00e9ration de l&rsquo;inflation aux \u00c9tats-Unis, l&rsquo;\u00e9cole a mis en \u0153uvre diverses mesures innovantes pour maintenir les co\u00fbts \u00e0 un niveau bas [&hellip;]<\/p>\n","protected":false},"author":1,"featured_media":2167,"parent":0,"menu_order":0,"comment_status":"closed","ping_status":"closed","template":"template-full-width.php","meta":{"_jinr_url_youtube":"","_jinr_pip_youtube":false,"_jinr_time_youtube":"","_jinr_thumb_youtube":"","_jinr_media_youtube":"","_jinr_category_edit":false,"_jinr_category":"","_jinr_title_display":false,"_jinr_snsbutton_display":false,"_jinr_ads_display":false,"_jinr_thumbnail_display":false,"_jinr_profile_display":false,"_jinr_representations_display":false,"_jinr_relatedpost_display":false,"_jinr_sidebar1col_display":false,"_jinr_sidebar2col_display":false,"_jinr_seotitle_display":"","_jinr_description_display":"","_jinr_keyword_display":"","_jinr_hastag_display":"","_jinr_canonical_display":"","_jinr_noindex_display":false,"_jinr_paidpost":false,"_jinr_paidpost_product_id":"","_jinr_headtag_article":"","footnotes":""},"class_list":["post-3362","page","type-page","status-publish","has-post-thumbnail","hentry"],"_links":{"self":[{"href":"https:\/\/www.academiaschool.edu\/fr\/wp-json\/wp\/v2\/pages\/3362","targetHints":{"allow":["GET"]}}],"collection":[{"href":"https:\/\/www.academiaschool.edu\/fr\/wp-json\/wp\/v2\/pages"}],"about":[{"href":"https:\/\/www.academiaschool.edu\/fr\/wp-json\/wp\/v2\/types\/page"}],"author":[{"embeddable":true,"href":"https:\/\/www.academiaschool.edu\/fr\/wp-json\/wp\/v2\/users\/1"}],"replies":[{"embeddable":true,"href":"https:\/\/www.academiaschool.edu\/fr\/wp-json\/wp\/v2\/comments?post=3362"}],"version-history":[{"count":9,"href":"https:\/\/www.academiaschool.edu\/fr\/wp-json\/wp\/v2\/pages\/3362\/revisions"}],"predecessor-version":[{"id":6591,"href":"https:\/\/www.academiaschool.edu\/fr\/wp-json\/wp\/v2\/pages\/3362\/revisions\/6591"}],"wp:featuredmedia":[{"embeddable":true,"href":"https:\/\/www.academiaschool.edu\/fr\/wp-json\/wp\/v2\/media\/2167"}],"wp:attachment":[{"href":"https:\/\/www.academiaschool.edu\/fr\/wp-json\/wp\/v2\/media?parent=3362"}],"curies":[{"name":"wp","href":"https:\/\/api.w.org\/{rel}","templated":true}]}}