{"id":7157,"date":"2024-12-12T06:11:56","date_gmt":"2024-12-12T16:11:56","guid":{"rendered":"https:\/\/www.academiaschool.edu\/programa-de-verano-kids-junior-fun\/"},"modified":"2025-01-02T19:44:27","modified_gmt":"2025-01-03T05:44:27","slug":"programa-de-verano-kids-junior-fun","status":"publish","type":"page","link":"https:\/\/www.academiaschool.edu\/es\/programa-de-verano-kids-junior-fun\/","title":{"rendered":"Programa de verano Kids &amp; Junior Fun"},"content":{"rendered":"\n<p>En Academia, ofrecemos un programa de verano divertido y atractivo adaptado a los ni\u00f1os durante sus vacaciones de verano.<\/p>\n\n<h2 class=\"wp-block-heading jinr-heading d--bold\"><strong>Visi\u00f3n general del Programa Kids &amp; Junior Fun<\/strong><\/h2>\n\n<p>Ma\u00f1ana al aire libre, tarde en el aula. Aprende ingl\u00e9s divirti\u00e9ndote. <\/p>\n\n<div class=\"wp-block-columns js--scr-animation is-layout-flex wp-container-core-columns-is-layout-9d6595d7 wp-block-columns-is-layout-flex\">\n<div class=\"wp-block-column is-layout-flow wp-block-column-is-layout-flow\">\n<section class=\"wp-block-jinr-blocks-timeline b--jinr-block b--jinr-timeline d--timeline-type-text d--timeline-design1 d--timeline-step-default\n\t\t\td--timeline-img-shadow js--scr-animation\"><div class=\"o--timeline-list\">\n<div class=\"wp-block-jinr-blocks-timelinechild c--timeline-item\"><div class=\"c--timeline-heading\"><div class=\"a--timeline-step ef\"><span class=\"a--timeline-step-text\"><\/span><\/div><div class=\"a--timeline-label d--bold\">8:15 Drop off<\/div><\/div><div class=\"c--timeline-contents\"><div class=\"a--timeline-text\">\n<p>Los ni\u00f1os deben llegar a Academia con la camiseta proporcionada por la escuela.<br\/>Ten en cuenta que los padres\/tutores no pueden acompa\u00f1ar a sus hijos durante el programa.<\/p>\n<\/div><\/div><\/div>\n\n\n\n<div class=\"wp-block-jinr-blocks-timelinechild c--timeline-item\"><div class=\"c--timeline-heading\"><div class=\"a--timeline-step ef\"><span class=\"a--timeline-step-text\"><\/span><\/div><div class=\"a--timeline-label d--bold\">8:30 Departure from the school<\/div><\/div><div class=\"c--timeline-contents\"><div class=\"a--timeline-text\">\n<p>Se tomar\u00e1 asistencia, \u00a1y entonces empezar\u00e1 la aventura!<\/p>\n<\/div><\/div><\/div>\n\n\n\n<div class=\"wp-block-jinr-blocks-timelinechild c--timeline-item\"><div class=\"c--timeline-heading\"><div class=\"a--timeline-step ef\"><span class=\"a--timeline-step-text\"><\/span><\/div><div class=\"a--timeline-label d--bold\">9:00 English Activity<\/div><\/div><div class=\"c--timeline-contents\"><div class=\"a--timeline-text\">\n<p>Los ni\u00f1os disfrutar\u00e1n de una gran variedad de actividades y visitar\u00e1n lugares diferentes, con una experiencia nueva cada d\u00eda.<\/p>\n<\/div><\/div><\/div>\n\n\n\n<div class=\"wp-block-jinr-blocks-timelinechild c--timeline-item\"><div class=\"c--timeline-heading\"><div class=\"a--timeline-step ef\"><span class=\"a--timeline-step-text\"><\/span><\/div><div class=\"a--timeline-label d--bold\">12:00 Lunch<\/div><\/div><div class=\"c--timeline-contents\"><div class=\"a--timeline-text\">\n<p>El almuerzo ser\u00e1 proporcionado por la escuela.<br\/>En el caso de ni\u00f1os con alergias graves que no podamos atender, es posible que los padres tengan que proporcionar un almuerzo para llevar. Para m\u00e1s informaci\u00f3n, ponte en contacto con nosotros. <\/p>\n<\/div><\/div><\/div>\n\n\n\n<div class=\"wp-block-jinr-blocks-timelinechild c--timeline-item\"><div class=\"c--timeline-heading\"><div class=\"a--timeline-step ef\"><span class=\"a--timeline-step-text\"><\/span><\/div><div class=\"a--timeline-label d--bold\">12:40 Lunch Finish<\/div><\/div><div class=\"c--timeline-contents\"><div class=\"a--timeline-text\">\n<p>Todos disfrutar\u00e1n juntos de la comida.<\/p>\n<\/div><\/div><\/div>\n\n\n\n<div class=\"wp-block-jinr-blocks-timelinechild c--timeline-item\"><div class=\"c--timeline-heading\"><div class=\"a--timeline-step ef\"><span class=\"a--timeline-step-text\"><\/span><\/div><div class=\"a--timeline-label d--bold\">1:30 English Class<\/div><\/div><div class=\"c--timeline-contents\"><div class=\"a--timeline-text\">\n<p>De vuelta a la escuela, los ni\u00f1os participar\u00e1n en divertidas actividades de clase. Aprender\u00e1n canciones hawaianas, tocar\u00e1n el ukelele y har\u00e1n manualidades. <\/p>\n<\/div><\/div><\/div>\n\n\n\n<div class=\"wp-block-jinr-blocks-timelinechild c--timeline-item\"><div class=\"c--timeline-heading\"><div class=\"a--timeline-step ef\"><span class=\"a--timeline-step-text\"><\/span><\/div><div class=\"a--timeline-label d--bold\">3:45 Pick Up<\/div><\/div><div class=\"c--timeline-contents\"><div class=\"a--timeline-text\">\n<div class=\"wp-block-columns js--scr-animation is-layout-flex wp-container-core-columns-is-layout-9d6595d7 wp-block-columns-is-layout-flex\">\n<div class=\"wp-block-column is-layout-flow wp-block-column-is-layout-flow\"><\/div>\n<\/div>\n<\/div><\/div><\/div>\n<\/div><\/section>\n<\/div>\n\n\n\n<div class=\"wp-block-column is-layout-flow wp-block-column-is-layout-flow\">\n<pre class=\"wp-block-preformatted\"><strong>Actividad en ingl\u00e9s \u306e\u4f8b<\/strong><\/pre>\n\n\n\n<figure class=\"wp-block-image size-large\"><img decoding=\"async\" src=\"https:\/\/academia-sch.jp\/wp-content\/uploads\/2024\/12\/F1C9753F-79B3-40CC-86B9-6FAAEC8D3E36-1024x621.jpg\" alt=\"MiniGolf\" class=\"wp-image-2432\"\/><\/figure>\n\n\n\n<ul class=\"wp-block-list jinr-list\">\n<li>Mini golf<\/li>\n\n\n\n<li>Departamento de Polic\u00eda de Honolulu<\/li>\n\n\n\n<li>Centro de Descubrimiento<\/li>\n\n\n\n<li>Centro del Patrimonio de Manoa<\/li>\n\n\n\n<li>Excursi\u00f3n a Diamond Head<\/li>\n\n\n\n<li>Parque Sea Life<\/li>\n\n\n\n<li>Patinaje sobre hielo<\/li>\n\n\n\n<li>Museo Bishop<\/li>\n\n\n\n<li>Pesca<\/li>\n\n\n\n<li>Planetario y Experiencia Cient\u00edfica<\/li>\n\n\n\n<li>Laberinto de pi\u00f1as de la Plantaci\u00f3n Dole<\/li>\n<\/ul>\n\n\n\n<p><strong>Clase de ingl\u00e9s \u306e\u4f8b<\/strong><\/p>\n\n\n\n<figure class=\"wp-block-image size-full\"><img decoding=\"async\" src=\"https:\/\/academia-sch.jp\/wp-content\/uploads\/2024\/12\/ukulele-4021002_640.jpg\" alt=\"\" class=\"wp-image-2427\"\/><\/figure>\n\n\n\n<ul class=\"wp-block-list jinr-list\">\n<li>m\u00fasica<\/li>\n\n\n\n<li>ukelele<\/li>\n\n\n\n<li>cantando<\/li>\n\n\n\n<li>leyendo<\/li>\n\n\n\n<li>artesan\u00eda<\/li>\n<\/ul>\n<\/div>\n<\/div>\n\n<h2 class=\"wp-block-heading jinr-heading d--bold\"><strong>Instructores del Programa Kids &amp; Junior Fun<\/strong><\/h2>\n\n<div class=\"wp-block-columns js--scr-animation is-layout-flex wp-container-core-columns-is-layout-9d6595d7 wp-block-columns-is-layout-flex\">\n<div class=\"wp-block-column is-layout-flow wp-block-column-is-layout-flow\">\n<div class=\"wp-block-columns js--scr-animation is-layout-flex wp-container-core-columns-is-layout-9d6595d7 wp-block-columns-is-layout-flex\">\n<div class=\"wp-block-column is-layout-flow wp-block-column-is-layout-flow\"><div class=\"wp-block-image\">\n<figure class=\"aligncenter size-full is-resized\"><img decoding=\"async\" src=\"https:\/\/academia-sch.jp\/wp-content\/uploads\/2024\/12\/CHRISTINE_1212040418.png\" alt=\"CHRISTINE\" class=\"wp-image-2429\" style=\"width:147px;height:auto\"\/><\/figure>\n<\/div>\n\n\n<p class=\"has-text-align-center\">Christine<\/p>\n\n\n\n<p class=\"has-text-align-center\">Experta en crear clases divertidas y atractivas para ni\u00f1os, como ukelele, danza y manualidades.<\/p>\n<\/div>\n\n\n\n<div class=\"wp-block-column is-layout-flow wp-block-column-is-layout-flow\"><div class=\"wp-block-image\">\n<figure class=\"aligncenter size-full is-resized\"><img decoding=\"async\" src=\"https:\/\/academia-sch.jp\/wp-content\/uploads\/2024\/12\/&#x30B9;&#x30AF;&#x30EA;&#x30FC;&#x30F3;&#x30B7;&#x30E7;&#x30C3;&#x30C8;-2024-08-31-&#x5348;&#x524D;8.29.16_1212040448.png\" alt=\"Elizabeth\" class=\"wp-image-2430\" style=\"width:152px;height:auto\"\/><\/figure>\n<\/div>\n\n\n<p class=\"has-text-align-center\">Elizabeth<\/p>\n\n\n\n<p class=\"has-text-align-center\">Como madre que cr\u00eda a un hijo de 6 a\u00f1os, Elizabeth dise\u00f1a programas que resuenan con los ni\u00f1os y los mantienen comprometidos.<\/p>\n<\/div>\n<\/div>\n<\/div>\n<\/div>\n\n<h2 class=\"wp-block-heading jinr-heading d--bold\"><strong>Programa de Diversi\u00f3n para Ni\u00f1os y J\u00f3venes 2025 Horario<\/strong><\/h2>\n\n<p>Cada semana habr\u00e1 un m\u00e1ximo de 8 participantes.<\/p>\n\n<figure class=\"wp-block-table is-style-regular\" style=\"font-size:47px\"><table class=\"has-black-color has-text-color has-background has-link-color has-fixed-layout\" style=\"background-color:#f5ec8412\"><tbody><tr><td class=\"has-text-align-center\" data-align=\"center\"><strong><span class=\"jinr-d--text-color d--user-color2 d--bold\">Verano 2025<\/span><\/strong><\/td><td class=\"has-text-align-center\" data-align=\"center\"><strong><span class=\"jinr-d--text-color d--user-color2 d--bold\">Comienza<\/span><\/strong><\/td><td class=\"has-text-align-center\" data-align=\"center\"><strong><span class=\"jinr-d--text-color d--user-color2 d--bold\">Finaliza<\/span><\/strong><\/td><td class=\"has-text-align-center\" data-align=\"center\"><strong><span class=\"jinr-d--text-color d--user-color2 d--bold\">Plazo de <span class=\"jinr-d--font-size d--fontsize-13px\">solicitud<\/span><\/span><\/strong><\/td><\/tr><tr><td class=\"has-text-align-center\" data-align=\"center\"><strong>Semana 1<\/strong><\/td><td class=\"has-text-align-center\" data-align=\"center\">07\/14\/2025<\/td><td class=\"has-text-align-center\" data-align=\"center\">07\/18\/2025<\/td><td class=\"has-text-align-center\" data-align=\"center\">06\/29\/2025<\/td><\/tr><tr><td class=\"has-text-align-center\" data-align=\"center\"><strong>Semana 2<\/strong><\/td><td class=\"has-text-align-center\" data-align=\"center\">07\/21\/2025<\/td><td class=\"has-text-align-center\" data-align=\"center\">07\/25\/2025<\/td><td class=\"has-text-align-center\" data-align=\"center\">07\/06\/2025<\/td><\/tr><tr><td class=\"has-text-align-center\" data-align=\"center\"><strong>Semana 3<\/strong><\/td><td class=\"has-text-align-center\" data-align=\"center\">07\/28\/2025<\/td><td class=\"has-text-align-center\" data-align=\"center\">08\/01\/2025<\/td><td class=\"has-text-align-center\" data-align=\"center\">07\/13\/2025<\/td><\/tr><tr><td class=\"has-text-align-center\" data-align=\"center\"><strong>Semana 4<\/strong><\/td><td class=\"has-text-align-center\" data-align=\"center\">08\/04\/2025<\/td><td class=\"has-text-align-center\" data-align=\"center\">08\/08\/2025<\/td><td class=\"has-text-align-center\" data-align=\"center\">07\/20\/2025<\/td><\/tr><tr><td class=\"has-text-align-center\" data-align=\"center\"><strong>Semana 5<\/strong><\/td><td class=\"has-text-align-center\" data-align=\"center\">08\/11\/2025<\/td><td class=\"has-text-align-center\" data-align=\"center\">08\/15\/2025<\/td><td class=\"has-text-align-center\" data-align=\"center\">07\/27\/2025<\/td><\/tr><tr><td class=\"has-text-align-center\" data-align=\"center\"><strong>Semana 6<\/strong><\/td><td class=\"has-text-align-center\" data-align=\"center\">08\/18\/2025<\/td><td class=\"has-text-align-center\" data-align=\"center\">08\/22\/2025<\/td><td class=\"has-text-align-center\" data-align=\"center\">08\/03\/2025<\/td><\/tr><\/tbody><\/table><\/figure>\n\n<p>El programa est\u00e1 dise\u00f1ado principalmente para ni\u00f1os de 6 a 15 a\u00f1os (alumnos de preescolar, primaria y secundaria). Los estudiantes de secundaria de 16 a 18 a\u00f1os tambi\u00e9n pueden apuntarse. Sin embargo, se anima a los estudiantes de secundaria que busquen un aprendizaje m\u00e1s centrado en lo acad\u00e9mico a que se inscriban en nuestras clases generales para adultos.  <\/p>\n\n<ul class=\"wp-block-list jinr-list\">\n<li>Programa Kids Fun (de 6 a 12 a\u00f1os)<\/li>\n\n\n\n<li>Programa de Diversi\u00f3n Junior (de 13 a 15 a\u00f1os)<\/li>\n<\/ul>\n\n<h2 class=\"wp-block-heading jinr-heading d--bold\"><strong>Programa Kids &amp; Junior Fun 2025 Cuotas<\/strong><\/h2>\n\n<p>Cuota de inscripci\u00f3n: 100<\/p>\n\n<figure class=\"wp-block-table\"><table class=\"has-background has-fixed-layout\" style=\"background-color:#0061fc08\"><tbody><tr><td class=\"has-text-align-center\" data-align=\"center\"><span class=\"jinr-d--text-color d--user-color2 d--bold\">Verano 2025<\/span><\/td><td class=\"has-text-align-center\" data-align=\"center\"><span class=\"jinr-d--text-color d--user-color2 d--bold\">Matr\u00edcula<\/span><\/td><td class=\"has-text-align-center\" data-align=\"center\"><strong><span class=\"jinr-d--text-color d--user-color2 d--bold\">Total<\/span><\/strong><\/td><\/tr><tr><td class=\"has-text-align-center\" data-align=\"center\"><strong>1 semana<\/strong><\/td><td class=\"has-text-align-center\" data-align=\"center\">$873.00<\/td><td class=\"has-text-align-center\" data-align=\"center\">$973.00<\/td><\/tr><tr><td class=\"has-text-align-center\" data-align=\"center\"><strong>2 Semanas<\/strong><\/td><td class=\"has-text-align-center\" data-align=\"center\">$1,530.00<\/td><td class=\"has-text-align-center\" data-align=\"center\">$1,630.00<\/td><\/tr><tr><td class=\"has-text-align-center\" data-align=\"center\"><strong>3 Semanas<\/strong><\/td><td class=\"has-text-align-center\" data-align=\"center\">$2,160.00<\/td><td class=\"has-text-align-center\" data-align=\"center\">$2,260.00<\/td><\/tr><tr><td class=\"has-text-align-center\" data-align=\"center\"><strong>4 Semanas<\/strong><\/td><td class=\"has-text-align-center\" data-align=\"center\">$2,808.00<\/td><td class=\"has-text-align-center\" data-align=\"center\">$2,908.00<\/td><\/tr><tr><td class=\"has-text-align-center\" data-align=\"center\"><strong>5 semanas<\/strong><\/td><td class=\"has-text-align-center\" data-align=\"center\">$3,375.00<\/td><td class=\"has-text-align-center\" data-align=\"center\">$3,475.00<\/td><\/tr><tr><td class=\"has-text-align-center\" data-align=\"center\"><strong>6 semanas<\/strong><\/td><td class=\"has-text-align-center\" data-align=\"center\">$3,888.00<\/td><td class=\"has-text-align-center\" data-align=\"center\">$3,988.00<\/td><\/tr><\/tbody><\/table><\/figure>\n\n<p>Las tarifas anteriores incluyen impuestos. Se aplicar\u00e1 una tasa de tramitaci\u00f3n del 3% a los pagos con tarjeta de cr\u00e9dito. <\/p>\n\n<h2 class=\"wp-block-heading jinr-heading d--bold\"><strong>Pol\u00edtica de cancelaci\u00f3n<\/strong><\/h2>\n\n<p>La cuota de inscripci\u00f3n no es reembolsable. Cualquier cambio o cancelaci\u00f3n debe hacerse al menos 22 d\u00edas antes de la fecha de inicio del programa. Las cancelaciones realizadas dentro de este plazo se reembolsar\u00e1n \u00edntegramente, excluida la cuota de inscripci\u00f3n no reembolsable.  <\/p>\n\n<p>Las cancelaciones realizadas dentro de los 21 d\u00edas anteriores a la fecha de inicio del programa no son reembolsables. En caso de mal tiempo, cat\u00e1strofes naturales u otras circunstancias imprevistas que provoquen la cancelaci\u00f3n del programa, no se realizar\u00e1n reembolsos, cambios de horario ni actividades alternativas. <\/p>\n\n<h2 class=\"wp-block-heading jinr-heading d--bold\"><strong>Aplicaci\u00f3n<\/strong><\/h2>\n\n<p>Rellena el formulario de solicitud, tras lo cual te facilitaremos las instrucciones de pago. Tu plaza quedar\u00e1 confirmada una vez efectuado el pago.<br\/>Env\u00eda tu solicitud utilizando el siguiente formulario. <\/p>\n<section class='b--jinr-block b--jinr-button   js--scr-animation block_'>\n\t\t\t\t\t<div class=\"o--button-inner d--button-type1 d--button-solid d--button-solid-hover-down d--button-solid-animation-expand d--button-center\"><span class=\"a--button-hover\"><a href=\"https:\/\/form.jotform.com\/243461090509050\" target=\"_blank\" rel=\"noopener\"><span>Application<\/span><\/a><\/span><\/div>\n\t\t\t\t<\/section>\n<p>Si tienes alguna pregunta, no dudes en ponerte en contacto con nosotros utilizando la informaci\u00f3n que figura a continuaci\u00f3n.<\/p>\n\n<div class=\"wp-block-columns js--scr-animation is-layout-flex wp-container-core-columns-is-layout-9d6595d7 wp-block-columns-is-layout-flex\">\n<div class=\"wp-block-column is-layout-flow wp-block-column-is-layout-flow\">\n<p class=\"has-text-align-center\"><span class=\"jin-icons in--p jin-ifont-comment\"><\/span> <a href=\"https:\/\/wa.me\/message\/XNHGHW2TGDJ2I1\" target=\"_blank\" rel=\"noreferrer noopener nofollow\">WhatsAPP<\/a><\/p>\n<\/div>\n\n\n\n<div class=\"wp-block-column is-layout-flow wp-block-column-is-layout-flow\">\n<p class=\"has-text-align-center\"><span class=\"jin-icons in--p jin-ifont-comment\"><\/span> <a href=\"https:\/\/line.me\/R\/ti\/p\/@876dbswf?oat_content=url\" target=\"_blank\" rel=\"noreferrer noopener nofollow\">LINE<\/a><\/p>\n<\/div>\n\n\n\n<div class=\"wp-block-column is-layout-flow wp-block-column-is-layout-flow\">\n<p class=\"has-text-align-center\"><span class=\"jin-icons in--p jin-ifont-comment\"><\/span> <a href=\"https:\/\/academia-sch.kr\/kakaotalk_page\/\" target=\"_blank\" rel=\"noreferrer noopener\">KakaoTalk<\/a><\/p>\n<\/div>\n<\/div>\n\n\n<section class='b--jinr-block b--jinr-button   js--scr-animation block_'>\n\t\t\t\t\t<div class=\"o--button-inner d--button-type1 d--button-solid d--button-solid-hover-down d--button-solid-animation-expand d--button-center\"><span class=\"a--button-hover\"><a href=\"https:\/\/form.jotform.com\/241172060846048\" target=\"_blank\" rel=\"noopener\"><span>Contact Form<\/span><\/a><\/span><\/div>\n\t\t\t\t<\/section>","protected":false},"excerpt":{"rendered":"<p>En Academia, ofrecemos un programa de verano divertido y atractivo adaptado a los ni\u00f1os durante sus vacaciones de verano. Visi\u00f3n general del Programa Kids &amp; Junior Fun Ma\u00f1ana al aire libre, tarde en el aula. Aprende ingl\u00e9s divirti\u00e9ndote. Actividad en ingl\u00e9s \u306e\u4f8b Clase de ingl\u00e9s \u306e\u4f8b Instructores del Programa Kids &amp; Junior Fun Christine Experta [&hellip;]<\/p>\n","protected":false},"author":1,"featured_media":0,"parent":0,"menu_order":0,"comment_status":"closed","ping_status":"closed","template":"","meta":{"_jinr_url_youtube":"","_jinr_pip_youtube":false,"_jinr_time_youtube":"","_jinr_thumb_youtube":"","_jinr_media_youtube":"","_jinr_category_edit":false,"_jinr_category":"","_jinr_title_display":false,"_jinr_snsbutton_display":false,"_jinr_ads_display":false,"_jinr_thumbnail_display":false,"_jinr_profile_display":false,"_jinr_representations_display":false,"_jinr_relatedpost_display":false,"_jinr_sidebar1col_display":false,"_jinr_sidebar2col_display":false,"_jinr_seotitle_display":"","_jinr_description_display":"","_jinr_keyword_display":"","_jinr_hastag_display":"","_jinr_canonical_display":"","_jinr_noindex_display":false,"_jinr_paidpost":false,"_jinr_paidpost_product_id":"","_jinr_headtag_article":"","footnotes":""},"class_list":["post-7157","page","type-page","status-publish","hentry"],"_links":{"self":[{"href":"https:\/\/www.academiaschool.edu\/es\/wp-json\/wp\/v2\/pages\/7157","targetHints":{"allow":["GET"]}}],"collection":[{"href":"https:\/\/www.academiaschool.edu\/es\/wp-json\/wp\/v2\/pages"}],"about":[{"href":"https:\/\/www.academiaschool.edu\/es\/wp-json\/wp\/v2\/types\/page"}],"author":[{"embeddable":true,"href":"https:\/\/www.academiaschool.edu\/es\/wp-json\/wp\/v2\/users\/1"}],"replies":[{"embeddable":true,"href":"https:\/\/www.academiaschool.edu\/es\/wp-json\/wp\/v2\/comments?post=7157"}],"version-history":[{"count":1,"href":"https:\/\/www.academiaschool.edu\/es\/wp-json\/wp\/v2\/pages\/7157\/revisions"}],"predecessor-version":[{"id":7158,"href":"https:\/\/www.academiaschool.edu\/es\/wp-json\/wp\/v2\/pages\/7157\/revisions\/7158"}],"wp:attachment":[{"href":"https:\/\/www.academiaschool.edu\/es\/wp-json\/wp\/v2\/media?parent=7157"}],"curies":[{"name":"wp","href":"https:\/\/api.w.org\/{rel}","templated":true}]}}