{"id":5649,"date":"2024-03-28T12:50:46","date_gmt":"2024-03-28T22:50:46","guid":{"rendered":"https:\/\/academia-school.net\/campana-de-transferencia\/"},"modified":"2025-01-02T22:36:55","modified_gmt":"2025-01-03T08:36:55","slug":"campana-de-transferencia","status":"publish","type":"page","link":"https:\/\/www.academiaschool.edu\/es\/campana-de-transferencia\/","title":{"rendered":"Campa\u00f1a de transferencia"},"content":{"rendered":"\n<section class=\"wp-block-jinr-blocks-fullwidth b--jinr-block b--jinr-fullwidth-container d--top-margin-xs-pc d--bottom-margin-xs-pc d--top-margin-xs-sp d--bottom-margin-xs-sp \"><section class=\"b--jinr-fullwidth d--fullwidth-parallax-off d--fullwidth-deco-bgimage\"><div class=\"a--jinr-fullwidth-image\"><div class=\"a--jinr-fullwidth-image-clip\"><img decoding=\"async\" src=\"https:\/\/www.academiaschool.edu\/wp-content\/uploads\/2024\/03\/\u30b9\u30af\u30ea\u30fc\u30f3\u30b7\u30e7\u30c3\u30c8-2024-03-26-\u5348\u5f8c12.07.40-1.webp\"\/><\/div><\/div><div class=\"a--jinr-fullwidth-overlay\" style=\"background-color:#f5f5f5;opacity:0\"><\/div><div class=\"d--fullwidth-100 d--fullwidth-pad40 d--fullwidth-pad0-sp t--main-width\" style=\"color:#ffffff\">\n<p class=\"has-text-align-center\"><span class=\"jinr-d--font-size d--fontsize-36px\"><strong>Campa\u00f1a de transferencia<\/strong><\/span><\/p>\n<\/div><\/section><\/section>\n\n<h2 class=\"wp-block-heading jinr-heading d--bold\"><strong>Visi\u00f3n general de la Campa\u00f1a de Traslados<\/strong><\/h2>\n\n<p>Nuestra escuela ofrece un descuento a los estudiantes transferidos que tengan un visado F-1. Esta tarifa especial ofrece un descuento de hasta el 20% sobre el precio normal de la matr\u00edcula.<\/p>\n\n<figure class=\"wp-block-table is-style-stripes\"><table><tbody><tr><td class=\"has-text-align-center\" data-align=\"center\"><\/td><td class=\"has-text-align-center\" data-align=\"center\"><strong>Precios normales para 2025<\/strong><\/td><td class=\"has-text-align-center\" data-align=\"center\"><strong><strong>Precio con descuento<\/strong><\/strong><\/td><\/tr><tr><td class=\"has-text-align-center\" data-align=\"center\">8 semanas<\/td><td class=\"has-text-align-center\" data-align=\"center\">$2,377<\/td><td class=\"has-text-align-center\" data-align=\"center\"><span class=\"jinr-d--text-color d--user-color1 d--bold\">$1,902<\/span><\/td><\/tr><tr><td class=\"has-text-align-center\" data-align=\"center\">12 semanas<\/td><td class=\"has-text-align-center\" data-align=\"center\">$2,835<\/td><td class=\"has-text-align-center\" data-align=\"center\"><span class=\"jinr-d--text-color d--user-color1 d--bold\">$2,778<\/span><\/td><\/tr><tr><td class=\"has-text-align-center\" data-align=\"center\">16 semanas<\/td><td class=\"has-text-align-center\" data-align=\"center\">$3,989<\/td><td class=\"has-text-align-center\" data-align=\"center\"><span class=\"jinr-d--text-color d--user-color1 d--bold\">$3,690<\/span><\/td><\/tr><tr><td class=\"has-text-align-center\" data-align=\"center\">24 semanas<\/td><td class=\"has-text-align-center\" data-align=\"center\">$5,384<\/td><td class=\"has-text-align-center\" data-align=\"center\"><span class=\"jinr-d--text-color d--user-color1 d--bold\">$4,980<\/span><\/td><\/tr><tr><td class=\"has-text-align-center\" data-align=\"center\">48 semanas<\/td><td class=\"has-text-align-center\" data-align=\"center\">$8,994<\/td><td class=\"has-text-align-center\" data-align=\"center\"><span class=\"jinr-d--text-color d--user-color1 d--bold\">$7,980<\/span><\/td><\/tr><\/tbody><\/table><figcaption class=\"wp-element-caption\">Las cuotas incluyen una cuota de inscripci\u00f3n \u00fanica no reembolsable de 100 $ y una cuota de tecnolog\u00eda\/copia de 135 $.<\/figcaption><\/figure>\n\n<p>Las compras a m\u00e1s largo plazo suponen un ahorro de costes.<br\/>Esta tarifa no est\u00e1 disponible a trav\u00e9s de agentes.<br\/>Puede combinarse con promociones de recomendaci\u00f3n.<\/p>\n\n<p>Para obtener informaci\u00f3n sobre devoluciones, consulta nuestra <a href=\"https:\/\/www.academiaschool.edu\/es\/aplicacion\/politica-de-devoluciones\/\">pol\u00edtica de devoluciones<\/a>.<\/p>\n<section class=\"b--jinr-block b--jinr-blogcard d--blogcard-hover-up d--blogcard-style1 d--blogcard-mysite t--round \"><div class=\"a--blogcard-label ef\">Related Page<\/div><a class=\"o--blogcard-link t--round\" href=\"https:\/\/www.academiaschool.edu\/inquiry\/\"><div class=\"c--blogcard-image\"><img loading=\"lazy\" decoding=\"async\" class=\"a--blogcard-img-src\" width=\"128\" height=\"72\" src=\"https:\/\/www.academiaschool.edu\/wp-content\/uploads\/2025\/02\/\u540d\u79f0\u672a\u8a2d\u5b9a\u306e\u30c7\u30b6\u30a4\u30f3-7.png\" alt=\"Contact Us\" \/><\/div><div class=\"a--blogcard-title d--bold\">Contact Us<\/div><\/a><\/section>","protected":false},"excerpt":{"rendered":"<p>Visi\u00f3n general de la Campa\u00f1a de Traslados Nuestra escuela ofrece un descuento a los estudiantes transferidos que tengan un visado F-1. Esta tarifa especial ofrece un descuento de hasta el 20% sobre el precio normal de la matr\u00edcula. Precios normales para 2025 Precio con descuento 8 semanas $2,377 $1,902 12 semanas $2,835 $2,778 16 semanas [&hellip;]<\/p>\n","protected":false},"author":1,"featured_media":0,"parent":0,"menu_order":0,"comment_status":"closed","ping_status":"closed","template":"","meta":{"_jinr_url_youtube":"","_jinr_pip_youtube":false,"_jinr_time_youtube":"","_jinr_thumb_youtube":"","_jinr_media_youtube":"","_jinr_category_edit":false,"_jinr_category":"","_jinr_title_display":false,"_jinr_snsbutton_display":false,"_jinr_ads_display":false,"_jinr_thumbnail_display":false,"_jinr_profile_display":false,"_jinr_representations_display":false,"_jinr_relatedpost_display":false,"_jinr_sidebar1col_display":false,"_jinr_sidebar2col_display":false,"_jinr_seotitle_display":"","_jinr_description_display":"","_jinr_keyword_display":"","_jinr_hastag_display":"","_jinr_canonical_display":"","_jinr_noindex_display":false,"_jinr_paidpost":false,"_jinr_paidpost_product_id":"","_jinr_headtag_article":"","footnotes":""},"class_list":["post-5649","page","type-page","status-publish","hentry"],"_links":{"self":[{"href":"https:\/\/www.academiaschool.edu\/es\/wp-json\/wp\/v2\/pages\/5649","targetHints":{"allow":["GET"]}}],"collection":[{"href":"https:\/\/www.academiaschool.edu\/es\/wp-json\/wp\/v2\/pages"}],"about":[{"href":"https:\/\/www.academiaschool.edu\/es\/wp-json\/wp\/v2\/types\/page"}],"author":[{"embeddable":true,"href":"https:\/\/www.academiaschool.edu\/es\/wp-json\/wp\/v2\/users\/1"}],"replies":[{"embeddable":true,"href":"https:\/\/www.academiaschool.edu\/es\/wp-json\/wp\/v2\/comments?post=5649"}],"version-history":[{"count":4,"href":"https:\/\/www.academiaschool.edu\/es\/wp-json\/wp\/v2\/pages\/5649\/revisions"}],"predecessor-version":[{"id":7242,"href":"https:\/\/www.academiaschool.edu\/es\/wp-json\/wp\/v2\/pages\/5649\/revisions\/7242"}],"wp:attachment":[{"href":"https:\/\/www.academiaschool.edu\/es\/wp-json\/wp\/v2\/media?parent=5649"}],"curies":[{"name":"wp","href":"https:\/\/api.w.org\/{rel}","templated":true}]}}