{"id":5645,"date":"2024-03-14T16:20:04","date_gmt":"2024-03-15T02:20:04","guid":{"rendered":"https:\/\/academia-school.net\/vision-general-de-la-escuela\/"},"modified":"2024-04-24T11:22:54","modified_gmt":"2024-04-24T21:22:54","slug":"vision-general-de-la-escuela","status":"publish","type":"page","link":"https:\/\/www.academiaschool.edu\/es\/vision-general-de-la-escuela\/","title":{"rendered":"Visi\u00f3n general de la escuela"},"content":{"rendered":"\n<section class=\"wp-block-jinr-blocks-fullwidth b--jinr-block b--jinr-fullwidth-container d--top-margin-xs-pc d--bottom-margin-xs-pc d--top-margin-xs-sp d--bottom-margin-xs-sp \"><section class=\"b--jinr-fullwidth d--fullwidth-parallax-off d--fullwidth-deco-bgimage\"><div class=\"a--jinr-fullwidth-image\"><div class=\"a--jinr-fullwidth-image-clip\"><img decoding=\"async\" src=\"https:\/\/www.academiaschool.edu\/wp-content\/uploads\/2024\/03\/\u30b9\u30af\u30ea\u30fc\u30f3\u30b7\u30e7\u30c3\u30c8-2024-03-26-\u5348\u5f8c12.42.06.webp\"\/><\/div><\/div><div class=\"a--jinr-fullwidth-overlay\" style=\"background-color:#f5f5f5;opacity:0\"><\/div><div class=\"d--fullwidth-100 d--fullwidth-pad40 d--fullwidth-pad0-sp t--main-width\" style=\"color:false\">\n<p class=\"has-text-align-center has-white-color has-text-color has-link-color wp-elements-d8526b55baa3239c5cd8999c03db1771\"><span class=\"jinr-d--font-size d--fontsize-36px\"><strong><strong>Visi\u00f3n general de la escuela<\/strong><\/strong><\/span><\/p>\n<\/div><\/section><\/section>\n\n<h2 class=\"wp-block-heading jinr-heading d--bold\"><strong>Visi\u00f3n general de la escuela<\/strong><\/h2>\n\n<h3 class=\"wp-block-heading jinr-heading d--bold\"><strong>Nombre de la escuela<\/strong><\/h3>\n\n<p>Academia Language School<\/p>\n\n<h3 class=\"wp-block-heading jinr-heading d--bold\">Director de Programas Ling\u00fc\u00edsticos<\/h3>\n\n<p>Larry Rodas<\/p>\n\n<p><a href=\"https:\/\/www.academiaschool.edu\/es\/razones-para-elegir\/profesorado-con-experiencia\/\">Haz clic aqu\u00ed para ver tu biograf\u00eda<\/a><\/p>\n\n<h3 class=\"wp-block-heading jinr-heading d--bold\"><strong>Ubicaci\u00f3n<\/strong><\/h3>\n\n<p>Academia Language School<br\/>1600 Kapiolani Blvd., Suite 1225<br\/>Honolulu, HI 96814<\/p>\n\n<figure class=\"wp-block-image size-full is-resized\"><img loading=\"lazy\" decoding=\"async\" width=\"640\" height=\"480\" src=\"https:\/\/www.academiaschool.edu\/wp-content\/uploads\/2024\/03\/academia_map.jpg\" alt=\"Direcci&#xF3;n de la Escuela de Idiomas Academia\" class=\"wp-image-825\" style=\"width:740px;height:auto\" srcset=\"https:\/\/www.academiaschool.edu\/wp-content\/uploads\/2024\/03\/academia_map.jpg 640w, https:\/\/www.academiaschool.edu\/wp-content\/uploads\/2024\/03\/academia_map-300x225.jpg 300w\" sizes=\"auto, (max-width: 640px) 100vw, 640px\" \/><\/figure>\n\n<p><a href=\"https:\/\/maps.app.goo.gl\/yHyWr8o9g5BWrYBV9\" data-type=\"link\" data-id=\"https:\/\/maps.app.goo.gl\/yHyWr8o9g5BWrYBV9\">Mapa de Google<\/a><\/p>\n\n<h3 class=\"wp-block-heading jinr-heading d--bold\"><strong>N\u00famero de tel\u00e9fono<\/strong><\/h3>\n\n<p>1 (808) 946-5599<\/p>\n\n<p><strong>Horario de recepci\u00f3n del tel\u00e9fono (hora de Hawai):<\/strong><\/p>\n\n<p>De lunes a jueves: de 9 a 13 h<br\/>Viernes: de 9 a 12 h<\/p>\n\n<p>Las visitas a la escuela est\u00e1n disponibles fuera de este horario previa cita.<\/p>\n\n<h3 class=\"wp-block-heading jinr-heading d--bold\">CORREO ELECTR\u00d3NICO<\/h3>\n\n<p>support@academiaschool.edu<\/p>\n","protected":false},"excerpt":{"rendered":"<p>Visi\u00f3n general de la escuela Nombre de la escuela Academia Language School Director de Programas Ling\u00fc\u00edsticos Larry Rodas Haz clic aqu\u00ed para ver tu biograf\u00eda Ubicaci\u00f3n Academia Language School1600 Kapiolani Blvd., Suite 1225Honolulu, HI 96814 Mapa de Google N\u00famero de tel\u00e9fono 1 (808) 946-5599 Horario de recepci\u00f3n del tel\u00e9fono (hora de Hawai): De lunes a [&hellip;]<\/p>\n","protected":false},"author":1,"featured_media":0,"parent":0,"menu_order":0,"comment_status":"closed","ping_status":"closed","template":"","meta":{"_jinr_url_youtube":"","_jinr_pip_youtube":false,"_jinr_time_youtube":"","_jinr_thumb_youtube":"","_jinr_media_youtube":"","_jinr_category_edit":false,"_jinr_category":"","_jinr_title_display":false,"_jinr_snsbutton_display":false,"_jinr_ads_display":false,"_jinr_thumbnail_display":false,"_jinr_profile_display":false,"_jinr_representations_display":false,"_jinr_relatedpost_display":false,"_jinr_sidebar1col_display":false,"_jinr_sidebar2col_display":false,"_jinr_seotitle_display":"","_jinr_description_display":"","_jinr_keyword_display":"","_jinr_hastag_display":"","_jinr_canonical_display":"","_jinr_noindex_display":false,"_jinr_paidpost":false,"_jinr_paidpost_product_id":"","_jinr_headtag_article":"","footnotes":""},"class_list":["post-5645","page","type-page","status-publish","hentry"],"_links":{"self":[{"href":"https:\/\/www.academiaschool.edu\/es\/wp-json\/wp\/v2\/pages\/5645","targetHints":{"allow":["GET"]}}],"collection":[{"href":"https:\/\/www.academiaschool.edu\/es\/wp-json\/wp\/v2\/pages"}],"about":[{"href":"https:\/\/www.academiaschool.edu\/es\/wp-json\/wp\/v2\/types\/page"}],"author":[{"embeddable":true,"href":"https:\/\/www.academiaschool.edu\/es\/wp-json\/wp\/v2\/users\/1"}],"replies":[{"embeddable":true,"href":"https:\/\/www.academiaschool.edu\/es\/wp-json\/wp\/v2\/comments?post=5645"}],"version-history":[{"count":3,"href":"https:\/\/www.academiaschool.edu\/es\/wp-json\/wp\/v2\/pages\/5645\/revisions"}],"predecessor-version":[{"id":5648,"href":"https:\/\/www.academiaschool.edu\/es\/wp-json\/wp\/v2\/pages\/5645\/revisions\/5648"}],"wp:attachment":[{"href":"https:\/\/www.academiaschool.edu\/es\/wp-json\/wp\/v2\/media?parent=5645"}],"curies":[{"name":"wp","href":"https:\/\/api.w.org\/{rel}","templated":true}]}}