{"id":5633,"date":"2024-03-20T17:53:13","date_gmt":"2024-03-21T03:53:13","guid":{"rendered":"https:\/\/academia-school.net\/razones-para-elegir\/testimonios\/"},"modified":"2024-04-24T11:22:21","modified_gmt":"2024-04-24T21:22:21","slug":"testimonios","status":"publish","type":"page","link":"https:\/\/www.academiaschool.edu\/es\/razones-para-elegir\/testimonios\/","title":{"rendered":"Testimonios"},"content":{"rendered":"\n<section class=\"wp-block-jinr-blocks-fullwidth b--jinr-block b--jinr-fullwidth-container d--top-margin-xs-pc d--bottom-margin-s-pc d--top-margin-xs-sp d--bottom-margin-xs-sp \"><section class=\"b--jinr-fullwidth d--fullwidth-parallax-off d--fullwidth-deco-bgimage\"><div class=\"a--jinr-fullwidth-image\"><div class=\"a--jinr-fullwidth-image-clip\"><img decoding=\"async\" src=\"https:\/\/www.academiaschool.edu\/wp-content\/uploads\/2024\/03\/\u30b9\u30af\u30ea\u30fc\u30f3\u30b7\u30e7\u30c3\u30c8-2024-03-26-\u5348\u5f8c8.21.16.webp\"\/><\/div><\/div><div class=\"a--jinr-fullwidth-overlay\" style=\"background-color:#222222;opacity:0.15\"><\/div><div class=\"d--fullwidth-100 d--fullwidth-pad40 d--fullwidth-pad0-sp t--main-width\" style=\"color:false\">\n<p class=\"has-text-align-center has-white-color has-text-color has-link-color wp-elements-9e690813b9b83ce2dda2bfd042716005\"><span class=\"jinr-d--font-size d--fontsize-36px\"><strong>Testimonios<\/strong><\/span><\/p>\n<\/div><\/section><\/section>\n\n<div class=\"wp-block-columns js--scr-animation is-layout-flex wp-container-core-columns-is-layout-9d6595d7 wp-block-columns-is-layout-flex\">\n<div class=\"wp-block-column is-layout-flow wp-block-column-is-layout-flow\"><div class=\"wp-block-image\">\n<figure class=\"aligncenter size-full is-resized\"><img loading=\"lazy\" decoding=\"async\" width=\"240\" height=\"240\" src=\"https:\/\/www.academiaschool.edu\/wp-content\/uploads\/2024\/03\/student_minjae.png\" alt=\"estudiante minjae\" class=\"wp-image-774\" style=\"width:188px;height:auto\" srcset=\"https:\/\/www.academiaschool.edu\/wp-content\/uploads\/2024\/03\/student_minjae.png 240w, https:\/\/www.academiaschool.edu\/wp-content\/uploads\/2024\/03\/student_minjae-150x150.png 150w\" sizes=\"auto, (max-width: 240px) 100vw, 240px\" \/><\/figure>\n<\/div>\n\n\n<section class=\"wp-block-jinr-blocks-designtitle b--jinr-block b--jinr-h2rich d--h2rich-left d--h2rich-style1 d--titledesign-weight-thin d--h2rich-none js--scr-animation\" style=\"border-color:false\"><div class=\"c--h2rich-contents\"><span class=\"a--h2rich-subcopy ef\" style=\"color:#004c80\"><strong>COREA<\/strong><\/span><h2 class=\"a--h2rich-maincopy d--bold ef\" style=\"color:false\"><strong>MINJAE<\/strong><\/h2><\/div><\/section>\n\n\n\n<p>La hija de un compa\u00f1ero de trabajo de mi padre estudiaba en la Academia y cuando termin\u00f3 sus clases me recomend\u00f3 que mejorara mi ingl\u00e9s aqu\u00ed. Nunca hab\u00eda pensado en estudiar ingl\u00e9s en Hawai, as\u00ed que me confundi\u00f3 un poco estar aqu\u00ed, pero me di cuenta de que ten\u00eda mucha suerte de tener la oportunidad de estudiar en el mundo acad\u00e9mico y de quedarme en una tierra preciosa poco despu\u00e9s.<br\/>He estudiado ingl\u00e9s bastante tiempo en Corea, aunque segu\u00eda teniendo miedo de hablar con gente nativa. Pero cambi\u00e9 despu\u00e9s de tomar clases y ahora me gusta hablar con ellos en todas partes. Las clases y los profesores eran muy buenos. Aprend\u00ed mucho en cada clase. Tambi\u00e9n me gustaba la actividad escolar. All\u00ed podr\u00eda conocer gente nueva.<br\/>Tuve recuerdos maravillosos en Hawai durante 2 meses, as\u00ed que estoy planeando estudiar m\u00e1s tiempo la pr\u00f3xima vez. Todos los profesores y el personal fueron muy amables conmigo (\u00a1muchas gracias!) Les echo mucho de menos.<\/p>\n<\/div>\n\n\n\n<div class=\"wp-block-column is-layout-flow wp-block-column-is-layout-flow\"><div class=\"wp-block-image\">\n<figure class=\"aligncenter size-full is-resized\"><img loading=\"lazy\" decoding=\"async\" width=\"240\" height=\"240\" src=\"https:\/\/www.academiaschool.edu\/wp-content\/uploads\/2024\/03\/student_carlos.png\" alt=\"estudiante carlos\" class=\"wp-image-773\" style=\"width:186px;height:auto\" srcset=\"https:\/\/www.academiaschool.edu\/wp-content\/uploads\/2024\/03\/student_carlos.png 240w, https:\/\/www.academiaschool.edu\/wp-content\/uploads\/2024\/03\/student_carlos-150x150.png 150w\" sizes=\"auto, (max-width: 240px) 100vw, 240px\" \/><\/figure>\n<\/div>\n\n\n<section class=\"wp-block-jinr-blocks-designtitle b--jinr-block b--jinr-h2rich d--h2rich-left d--h2rich-style1 d--titledesign-weight-thin d--h2rich-none js--scr-animation\" style=\"border-color:false\"><div class=\"c--h2rich-contents\"><span class=\"a--h2rich-subcopy ef\" style=\"color:#004c80\"><strong>ESPA\u00d1A<\/strong><\/span><h2 class=\"a--h2rich-maincopy d--bold ef\" style=\"color:false\"><strong>CARLOS<\/strong><\/h2><\/div><\/section>\n\n\n\n<p>Cuando vine a Hawaii nunca pude imaginar que iba a encontrar el ambiente m\u00e1s adecuado para aprender ingl\u00e9s, pero ahora me siento tan feliz porque me he encontrado con gente amable y los profesores siempre est\u00e1n dispuestos a ayudarme. S\u00e9 que est\u00e1n ah\u00ed para todo lo que necesite.<br\/>Especialmente las clases de conversaci\u00f3n son muy \u00fatiles para m\u00ed porque estoy consiguiendo mejorar mi ingl\u00e9s y ahora puedo hablar ingl\u00e9s con mucha m\u00e1s fluidez que hace un a\u00f1o.<br\/>Recuerdo que un d\u00eda Louise me dijo que la Academia era como una gran familia y puedo percibirlo, es incre\u00edble porque cuando llegas al extranjero valoras mucho m\u00e1s el afecto.<\/p>\n<\/div>\n<\/div>\n\n<div class=\"wp-block-columns js--scr-animation is-layout-flex wp-container-core-columns-is-layout-9d6595d7 wp-block-columns-is-layout-flex\">\n<div class=\"wp-block-column is-layout-flow wp-block-column-is-layout-flow\"><div class=\"wp-block-image\">\n<figure class=\"aligncenter size-full is-resized\"><img loading=\"lazy\" decoding=\"async\" width=\"240\" height=\"240\" src=\"https:\/\/www.academiaschool.edu\/wp-content\/uploads\/2024\/03\/student_szabo.png\" alt=\"estudiante_szabo\" class=\"wp-image-699\" style=\"width:182px;height:auto\" srcset=\"https:\/\/www.academiaschool.edu\/wp-content\/uploads\/2024\/03\/student_szabo.png 240w, https:\/\/www.academiaschool.edu\/wp-content\/uploads\/2024\/03\/student_szabo-150x150.png 150w\" sizes=\"auto, (max-width: 240px) 100vw, 240px\" \/><\/figure>\n<\/div>\n\n\n<section class=\"wp-block-jinr-blocks-designtitle b--jinr-block b--jinr-h2rich d--h2rich-left d--h2rich-style1 d--titledesign-weight-thin d--h2rich-none js--scr-animation\" style=\"border-color:false\"><div class=\"c--h2rich-contents\"><span class=\"a--h2rich-subcopy ef\" style=\"color:#004c80\"><strong>HUNGR\u00cdA<\/strong><\/span><h2 class=\"a--h2rich-maincopy d--bold ef\" style=\"color:false\"><strong>SZABO<\/strong><\/h2><\/div><\/section>\n\n\n\n<p>Llevo m\u00e1s de un a\u00f1o en Academia y creo que es una gran escuela. Ahora estoy estudiando pronunciaci\u00f3n y gram\u00e1tica. Al principio tom\u00e9 clases de conversaci\u00f3n y comprensi\u00f3n oral, pero mi ingl\u00e9s est\u00e1 mejorando y por eso quise tomar clases m\u00e1s avanzadas. La escuela tiene muchas clases para elegir. Mis profesores son muy buenos y muy simp\u00e1ticos. Tambi\u00e9n me encanta vivir en Hawai. Me gusta ir de excursi\u00f3n y en Hawai puedo ir de excursi\u00f3n todo el a\u00f1o por las playas, los bosques tropicales y las monta\u00f1as. Tengo previsto visitar pronto Maui y la Gran Isla.<\/p>\n<\/div>\n\n\n\n<div class=\"wp-block-column is-layout-flow wp-block-column-is-layout-flow\"><div class=\"wp-block-image\">\n<figure class=\"aligncenter size-full is-resized\"><img loading=\"lazy\" decoding=\"async\" width=\"240\" height=\"240\" src=\"https:\/\/www.academiaschool.edu\/wp-content\/uploads\/2024\/03\/student_joyce.png\" alt=\"\" class=\"wp-image-700\" style=\"width:178px;height:auto\" srcset=\"https:\/\/www.academiaschool.edu\/wp-content\/uploads\/2024\/03\/student_joyce.png 240w, https:\/\/www.academiaschool.edu\/wp-content\/uploads\/2024\/03\/student_joyce-150x150.png 150w\" sizes=\"auto, (max-width: 240px) 100vw, 240px\" \/><\/figure>\n<\/div>\n\n\n<section class=\"wp-block-jinr-blocks-designtitle b--jinr-block b--jinr-h2rich d--h2rich-left d--h2rich-style1 d--titledesign-weight-thin d--h2rich-none js--scr-animation\" style=\"border-color:false\"><div class=\"c--h2rich-contents\"><span class=\"a--h2rich-subcopy ef\" style=\"color:#004c80\"><strong>TAIW\u00c1N<\/strong><\/span><h2 class=\"a--h2rich-maincopy d--bold ef\" style=\"color:false\"><strong>JOYCE<\/strong><\/h2><\/div><\/section>\n\n\n\n<p>He estado en otras escuelas de ingl\u00e9s y creo que Academia es la mejor porque tienen la mejor oferta de clases. Puedo tomar clases de gram\u00e1tica avanzada, de conversaci\u00f3n, de negocios o incluso clases de ingl\u00e9s + teatro. Ahora mismo tambi\u00e9n estoy cursando las clases de Pr\u00e1cticas Laborales de la Academia y estoy adquiriendo experiencia laboral a la vez que mejoro mi ingl\u00e9s. Adem\u00e1s, \u00a1todo el mundo en Academia es extremadamente amable!<\/p>\n<\/div>\n<\/div>\n\n<div class=\"wp-block-columns js--scr-animation is-layout-flex wp-container-core-columns-is-layout-9d6595d7 wp-block-columns-is-layout-flex\">\n<div class=\"wp-block-column is-layout-flow wp-block-column-is-layout-flow\"><div class=\"wp-block-image\">\n<figure class=\"aligncenter size-full is-resized\"><img loading=\"lazy\" decoding=\"async\" width=\"240\" height=\"240\" src=\"https:\/\/www.academiaschool.edu\/wp-content\/uploads\/2024\/03\/student_phoung.png\" alt=\"estudiante Phoung\" class=\"wp-image-768\" style=\"width:180px;height:auto\" srcset=\"https:\/\/www.academiaschool.edu\/wp-content\/uploads\/2024\/03\/student_phoung.png 240w, https:\/\/www.academiaschool.edu\/wp-content\/uploads\/2024\/03\/student_phoung-150x150.png 150w\" sizes=\"auto, (max-width: 240px) 100vw, 240px\" \/><\/figure>\n<\/div>\n\n\n<section class=\"wp-block-jinr-blocks-designtitle b--jinr-block b--jinr-h2rich d--h2rich-left d--h2rich-style1 d--titledesign-weight-thin d--h2rich-none js--scr-animation\" style=\"border-color:false\"><div class=\"c--h2rich-contents\"><span class=\"a--h2rich-subcopy ef\" style=\"color:#004c80\"><strong>VIETNAM<\/strong><\/span><h2 class=\"a--h2rich-maincopy d--bold ef\" style=\"color:false\"><strong>PHUONG<\/strong><\/h2><\/div><\/section>\n\n\n\n<p>Cuando llegu\u00e9 a la Academia Language School no sab\u00eda hablar ingl\u00e9s. Ahora, despu\u00e9s de 3 meses, puedo hablar con frases, \u00a1pero a\u00fan me queda mucho por aprender! Cada d\u00eda aprendo m\u00e1s y esto es importante para m\u00ed porque quiero tener un trabajo en el que hable ingl\u00e9s.<\/p>\n<\/div>\n\n\n\n<div class=\"wp-block-column is-layout-flow wp-block-column-is-layout-flow\"><div class=\"wp-block-image\">\n<figure class=\"aligncenter size-full is-resized\"><img loading=\"lazy\" decoding=\"async\" width=\"240\" height=\"240\" src=\"https:\/\/www.academiaschool.edu\/wp-content\/uploads\/2024\/03\/student_hirose.png\" alt=\"estudiante_hirose\" class=\"wp-image-767\" style=\"width:179px;height:auto\" srcset=\"https:\/\/www.academiaschool.edu\/wp-content\/uploads\/2024\/03\/student_hirose.png 240w, https:\/\/www.academiaschool.edu\/wp-content\/uploads\/2024\/03\/student_hirose-150x150.png 150w\" sizes=\"auto, (max-width: 240px) 100vw, 240px\" \/><\/figure>\n<\/div>\n\n\n<section class=\"wp-block-jinr-blocks-designtitle b--jinr-block b--jinr-h2rich d--h2rich-left d--h2rich-style1 d--titledesign-weight-thin d--h2rich-none js--scr-animation\" style=\"border-color:false\"><div class=\"c--h2rich-contents\"><span class=\"a--h2rich-subcopy ef\" style=\"color:#004c80\">JAP\u00d3N<\/span><h2 class=\"a--h2rich-maincopy d--bold ef\" style=\"color:false\">HIROSE<\/h2><\/div><\/section>\n\n\n\n<p>Vine a la Academia con un visado de turista y el programa fue tan bueno que quiero volver y estudiar m\u00e1s tiempo la pr\u00f3xima vez. Me gustaron mucho mis profesores y mis compa\u00f1eros y pienso volver a verlos pronto.<\/p>\n<\/div>\n<\/div>\n\n<div class=\"wp-block-columns js--scr-animation is-layout-flex wp-container-core-columns-is-layout-9d6595d7 wp-block-columns-is-layout-flex\">\n<div class=\"wp-block-column is-layout-flow wp-block-column-is-layout-flow\"><div class=\"wp-block-image\">\n<figure class=\"aligncenter size-full is-resized\"><img loading=\"lazy\" decoding=\"async\" width=\"240\" height=\"240\" src=\"https:\/\/www.academiaschool.edu\/wp-content\/uploads\/2024\/03\/student_guillermo.png\" alt=\"estudiante_guillermo\" class=\"wp-image-772\" style=\"width:178px;height:auto\" srcset=\"https:\/\/www.academiaschool.edu\/wp-content\/uploads\/2024\/03\/student_guillermo.png 240w, https:\/\/www.academiaschool.edu\/wp-content\/uploads\/2024\/03\/student_guillermo-150x150.png 150w\" sizes=\"auto, (max-width: 240px) 100vw, 240px\" \/><\/figure>\n<\/div>\n\n\n<section class=\"wp-block-jinr-blocks-designtitle b--jinr-block b--jinr-h2rich d--h2rich-left d--h2rich-style1 d--titledesign-weight-thin d--h2rich-none js--scr-animation\" style=\"border-color:false\"><div class=\"c--h2rich-contents\"><span class=\"a--h2rich-subcopy ef\" style=\"color:#004c80\"><strong>M\u00c9XICO<\/strong><\/span><h2 class=\"a--h2rich-maincopy d--bold ef\" style=\"color:false\"><strong>GUILLERMO<\/strong><\/h2><\/div><\/section>\n\n\n\n<p>Asistir a Academia Language School ha sido una gran experiencia para m\u00ed. He aprendido ingl\u00e9s m\u00e1s r\u00e1pido de lo que pensaba, he hecho muchos amigos \u00edntimos aqu\u00ed en la escuela y me encanta Hawai. Durante la semana, estudio mucho y mejoro mi ingl\u00e9s. Me gustan mis profesores y compa\u00f1eros y he aprendido mucho de ellos. Los fines de semana, salgo en el barco de mi amigo a bucear y tambi\u00e9n salgo por Waikiki.<br\/>\u00a1Hay mucho que hacer en Hawai! Me gusta bailar salsa y me sorprendi\u00f3 descubrir que hay muchos clubes de salsa en Hawai. Me lo estoy pasando tan bien en Academia que incluso he convencido a mi madre para que estudie ingl\u00e9s en la escuela.<\/p>\n<\/div>\n\n\n\n<div class=\"wp-block-column is-layout-flow wp-block-column-is-layout-flow\"><div class=\"wp-block-image\">\n<figure class=\"aligncenter size-full is-resized\"><img loading=\"lazy\" decoding=\"async\" width=\"240\" height=\"240\" src=\"https:\/\/www.academiaschool.edu\/wp-content\/uploads\/2024\/03\/students_lecommandeurs.png\" alt=\"estudiantes lecommandeurs\" class=\"wp-image-771\" style=\"width:176px;height:auto\" srcset=\"https:\/\/www.academiaschool.edu\/wp-content\/uploads\/2024\/03\/students_lecommandeurs.png 240w, https:\/\/www.academiaschool.edu\/wp-content\/uploads\/2024\/03\/students_lecommandeurs-150x150.png 150w\" sizes=\"auto, (max-width: 240px) 100vw, 240px\" \/><\/figure>\n<\/div>\n\n\n<section class=\"wp-block-jinr-blocks-designtitle b--jinr-block b--jinr-h2rich d--h2rich-left d--h2rich-style1 d--titledesign-weight-thin d--h2rich-none js--scr-animation\" style=\"border-color:false\"><div class=\"c--h2rich-contents\"><span class=\"a--h2rich-subcopy ef\" style=\"color:#004c80\"><strong>FRANCIA<\/strong><\/span><h2 class=\"a--h2rich-maincopy d--bold ef\" style=\"color:false\"><strong>JACK Y CLAUDINE<\/strong><\/h2><\/div><\/section>\n\n\n\n<p>Nos encanta Academia porque toda la gente de aqu\u00ed es muy amable. Aqu\u00ed tambi\u00e9n conocemos muchas culturas diferentes y hablamos con ellas en ingl\u00e9s. \u00a1La vida en Hawai es maravillosa y nos sentimos como si estuvi\u00e9ramos de vacaciones todos los d\u00edas! Nos encanta nadar y nadamos todos los d\u00edas y luego vamos a clase y aprendemos ingl\u00e9s. El mundo acad\u00e9mico es estupendo para nosotros porque podemos elegir ir a clase por la ma\u00f1ana o por la tarde. Podemos organizar nuestra vida con la escuela, lo que es muy importante para nosotros.<\/p>\n<\/div>\n<\/div>\n\n<div class=\"wp-block-columns js--scr-animation is-layout-flex wp-container-core-columns-is-layout-9d6595d7 wp-block-columns-is-layout-flex\">\n<div class=\"wp-block-column is-layout-flow wp-block-column-is-layout-flow\"><div class=\"wp-block-image\">\n<figure class=\"aligncenter size-full is-resized\"><img loading=\"lazy\" decoding=\"async\" width=\"240\" height=\"240\" src=\"https:\/\/www.academiaschool.edu\/wp-content\/uploads\/2024\/03\/student_javier.png\" alt=\"javier\" class=\"wp-image-770\" style=\"width:196px;height:auto\" srcset=\"https:\/\/www.academiaschool.edu\/wp-content\/uploads\/2024\/03\/student_javier.png 240w, https:\/\/www.academiaschool.edu\/wp-content\/uploads\/2024\/03\/student_javier-150x150.png 150w\" sizes=\"auto, (max-width: 240px) 100vw, 240px\" \/><\/figure>\n<\/div>\n\n\n<section class=\"wp-block-jinr-blocks-designtitle b--jinr-block b--jinr-h2rich d--h2rich-left d--h2rich-style1 d--titledesign-weight-thin d--h2rich-none js--scr-animation\" style=\"border-color:false\"><div class=\"c--h2rich-contents\"><span class=\"a--h2rich-subcopy ef\" style=\"color:#004c80\">ARGENTINA<\/span><h2 class=\"a--h2rich-maincopy d--bold ef\" style=\"color:false\"><strong>JAVIER<\/strong><\/h2><\/div><\/section>\n\n\n\n<p>Estoy muy contenta de haber tenido la posibilidad de estudiar ingl\u00e9s en Hawai. Creo que la experiencia aqu\u00ed fue incre\u00edble, y se la recomiendo a todo el mundo. Disfrut\u00e9 mucho de mi tiempo en las actividades escolares.<br\/>Nunca olvidar\u00e9 mis 3 meses en Hawai. Me gustar\u00eda recomendar la escuela Academia porque todos los alumnos, profesores y personal fueron muy amables en todo momento. Echar\u00e9 de menos a todos los amigos que hice en Hawai. Me alegro mucho. Muchas gracias.<\/p>\n<\/div>\n\n\n\n<div class=\"wp-block-column is-layout-flow wp-block-column-is-layout-flow\"><div class=\"wp-block-image\">\n<figure class=\"aligncenter size-full is-resized\"><img loading=\"lazy\" decoding=\"async\" width=\"240\" height=\"240\" src=\"https:\/\/www.academiaschool.edu\/wp-content\/uploads\/2024\/03\/student_bastian.png\" alt=\"estudiante_bastian\" class=\"wp-image-769\" style=\"width:194px;height:auto\" srcset=\"https:\/\/www.academiaschool.edu\/wp-content\/uploads\/2024\/03\/student_bastian.png 240w, https:\/\/www.academiaschool.edu\/wp-content\/uploads\/2024\/03\/student_bastian-150x150.png 150w\" sizes=\"auto, (max-width: 240px) 100vw, 240px\" \/><\/figure>\n<\/div>\n\n\n<section class=\"wp-block-jinr-blocks-designtitle b--jinr-block b--jinr-h2rich d--h2rich-left d--h2rich-style1 d--titledesign-weight-thin d--h2rich-none js--scr-animation\" style=\"border-color:false\"><div class=\"c--h2rich-contents\"><span class=\"a--h2rich-subcopy ef\" style=\"color:#004c80\">ALEMANIA<\/span><h2 class=\"a--h2rich-maincopy d--bold ef\" style=\"color:false\"><strong>BASTI\u00c1N<\/strong><\/h2><\/div><\/section>\n\n\n\n<p>Cuando empec\u00e9 en la Academia entend\u00eda un poco de ingl\u00e9s, pero no pod\u00eda hablar mucho. Asist\u00ed a clases de ingl\u00e9s en Alemania, pero all\u00ed los profesores no nos ense\u00f1aban a hablar el idioma. El mundo acad\u00e9mico me ense\u00f1\u00f3 mucho y ahora me siento muy c\u00f3moda manteniendo una conversaci\u00f3n con la gente. Recomiendo encarecidamente estudiar ingl\u00e9s en Academia. Alojarse en Honolulu, Hawai, es fabuloso y hay muchas cosas que hacer.<\/p>\n<\/div>\n<\/div>\n\n<div class=\"wp-block-columns js--scr-animation is-layout-flex wp-container-core-columns-is-layout-9d6595d7 wp-block-columns-is-layout-flex\">\n<div class=\"wp-block-column is-layout-flow wp-block-column-is-layout-flow\"><div class=\"wp-block-image\">\n<figure class=\"aligncenter size-full is-resized\"><img loading=\"lazy\" decoding=\"async\" width=\"240\" height=\"240\" src=\"https:\/\/www.academiaschool.edu\/wp-content\/uploads\/2024\/03\/student_fernando.png\" alt=\"estudiante_fernando\" class=\"wp-image-766\" style=\"width:183px;height:auto\" srcset=\"https:\/\/www.academiaschool.edu\/wp-content\/uploads\/2024\/03\/student_fernando.png 240w, https:\/\/www.academiaschool.edu\/wp-content\/uploads\/2024\/03\/student_fernando-150x150.png 150w\" sizes=\"auto, (max-width: 240px) 100vw, 240px\" \/><\/figure>\n<\/div>\n\n\n<section class=\"wp-block-jinr-blocks-designtitle b--jinr-block b--jinr-h2rich d--h2rich-left d--h2rich-style1 d--titledesign-weight-thin d--h2rich-none js--scr-animation\" style=\"border-color:false\"><div class=\"c--h2rich-contents\"><span class=\"a--h2rich-subcopy ef\" style=\"color:#004c80\">BRASIL<\/span><h2 class=\"a--h2rich-maincopy d--bold ef\" style=\"color:false\"><strong>FERNANDO<\/strong><\/h2><\/div><\/section>\n\n\n\n<p>Me encanta la Academia y he hecho muchos buenos amigos aqu\u00ed. Tambi\u00e9n me encanta hacer surf y Hawai es el mejor lugar del mundo para practicar este deporte. Hago surf todos los d\u00edas despu\u00e9s de clase en Ala Moana Beach. Puedo ir andando a la playa despu\u00e9s de clase con mi tabla de surf. Muchos otros alumnos tambi\u00e9n surfean y a veces surfeamos todos juntos.<\/p>\n<\/div>\n\n\n\n<div class=\"wp-block-column is-layout-flow wp-block-column-is-layout-flow\"><\/div>\n<\/div>\n<section class=\"b--jinr-block b--jinr-blogcard d--blogcard-hover-up d--blogcard-style1 d--blogcard-mysite t--round \"><div class=\"a--blogcard-label ef\">Related Page<\/div><a class=\"o--blogcard-link t--round\" href=\"https:\/\/www.academiaschool.edu\/reason\/\"><div class=\"c--blogcard-image\"><img loading=\"lazy\" decoding=\"async\" class=\"a--blogcard-img-src\" width=\"128\" height=\"72\" src=\"https:\/\/www.academiaschool.edu\/wp-content\/uploads\/2025\/02\/\u540d\u79f0\u672a\u8a2d\u5b9a\u306e\u30c7\u30b6\u30a4\u30f3-7.png\" alt=\"Reasons for Choosing\" \/><\/div><div class=\"a--blogcard-title d--bold\">Reasons for Choosing<\/div><\/a><\/section>","protected":false},"excerpt":{"rendered":"<p>La hija de un compa\u00f1ero de trabajo de mi padre estudiaba en la Academia y cuando termin\u00f3 sus clases me recomend\u00f3 que mejorara mi ingl\u00e9s aqu\u00ed. Nunca hab\u00eda pensado en estudiar ingl\u00e9s en Hawai, as\u00ed que me confundi\u00f3 un poco estar aqu\u00ed, pero me di cuenta de que ten\u00eda mucha suerte de tener la oportunidad [&hellip;]<\/p>\n","protected":false},"author":1,"featured_media":0,"parent":5601,"menu_order":0,"comment_status":"closed","ping_status":"closed","template":"","meta":{"_jinr_url_youtube":"","_jinr_pip_youtube":false,"_jinr_time_youtube":"","_jinr_thumb_youtube":"","_jinr_media_youtube":"","_jinr_category_edit":false,"_jinr_category":"","_jinr_title_display":false,"_jinr_snsbutton_display":false,"_jinr_ads_display":false,"_jinr_thumbnail_display":false,"_jinr_profile_display":false,"_jinr_representations_display":false,"_jinr_relatedpost_display":false,"_jinr_sidebar1col_display":false,"_jinr_sidebar2col_display":false,"_jinr_seotitle_display":"","_jinr_description_display":"","_jinr_keyword_display":"","_jinr_hastag_display":"","_jinr_canonical_display":"","_jinr_noindex_display":false,"_jinr_paidpost":false,"_jinr_paidpost_product_id":"","_jinr_headtag_article":"","footnotes":""},"class_list":["post-5633","page","type-page","status-publish","hentry"],"_links":{"self":[{"href":"https:\/\/www.academiaschool.edu\/es\/wp-json\/wp\/v2\/pages\/5633","targetHints":{"allow":["GET"]}}],"collection":[{"href":"https:\/\/www.academiaschool.edu\/es\/wp-json\/wp\/v2\/pages"}],"about":[{"href":"https:\/\/www.academiaschool.edu\/es\/wp-json\/wp\/v2\/types\/page"}],"author":[{"embeddable":true,"href":"https:\/\/www.academiaschool.edu\/es\/wp-json\/wp\/v2\/users\/1"}],"replies":[{"embeddable":true,"href":"https:\/\/www.academiaschool.edu\/es\/wp-json\/wp\/v2\/comments?post=5633"}],"version-history":[{"count":3,"href":"https:\/\/www.academiaschool.edu\/es\/wp-json\/wp\/v2\/pages\/5633\/revisions"}],"predecessor-version":[{"id":5636,"href":"https:\/\/www.academiaschool.edu\/es\/wp-json\/wp\/v2\/pages\/5633\/revisions\/5636"}],"up":[{"embeddable":true,"href":"https:\/\/www.academiaschool.edu\/es\/wp-json\/wp\/v2\/pages\/5601"}],"wp:attachment":[{"href":"https:\/\/www.academiaschool.edu\/es\/wp-json\/wp\/v2\/media?parent=5633"}],"curies":[{"name":"wp","href":"https:\/\/api.w.org\/{rel}","templated":true}]}}