{"id":5629,"date":"2024-03-20T17:51:17","date_gmt":"2024-03-21T03:51:17","guid":{"rendered":"https:\/\/academia-school.net\/razones-para-elegir\/ubicacion-e-instalaciones-privilegiadas\/"},"modified":"2024-04-24T11:22:03","modified_gmt":"2024-04-24T21:22:03","slug":"ubicacion-e-instalaciones-privilegiadas","status":"publish","type":"page","link":"https:\/\/www.academiaschool.edu\/es\/razones-para-elegir\/ubicacion-e-instalaciones-privilegiadas\/","title":{"rendered":"Ubicaci\u00f3n e instalaciones privilegiadas"},"content":{"rendered":"\n<section class=\"wp-block-jinr-blocks-fullwidth b--jinr-block b--jinr-fullwidth-container d--top-margin-xs-pc d--bottom-margin-xs-pc d--top-margin-xs-sp d--bottom-margin-xs-sp \"><section class=\"b--jinr-fullwidth d--fullwidth-parallax-off d--fullwidth-deco-bgimage\"><div class=\"a--jinr-fullwidth-image\"><div class=\"a--jinr-fullwidth-image-clip\"><img decoding=\"async\" src=\"https:\/\/www.academiaschool.edu\/wp-content\/uploads\/2024\/03\/\u30b9\u30af\u30ea\u30fc\u30f3\u30b7\u30e7\u30c3\u30c8-2024-03-26-\u5348\u5f8c8.21.16.webp\"\/><\/div><\/div><div class=\"a--jinr-fullwidth-overlay\" style=\"background-color:#222222;opacity:0.15\"><\/div><div class=\"d--fullwidth-100 d--fullwidth-pad40 d--fullwidth-pad0-sp t--main-width\" style=\"color:false\">\n<p class=\"has-text-align-center has-white-color has-text-color has-link-color wp-elements-cf2202a51e0dba298c7a79697190363f\"><span class=\"jinr-d--font-size d--fontsize-36px\"><strong><strong>Ubicaci\u00f3n e instalaciones privilegiadas<\/strong><\/strong><\/span><\/p>\n<\/div><\/section><\/section>\n\n<p>Nuestra escuela est\u00e1 convenientemente situada en el distrito Ala Moana de Honolulu, Hawai. Estamos a poca distancia a pie tanto de Waikiki como de Kakaako, por lo que no s\u00f3lo es un lugar ideal para aprender, sino tambi\u00e9n extremadamente c\u00f3modo para vivir. Las playas, centros comerciales y supermercados m\u00e1s populares de Honolulu est\u00e1n cerca, lo que mejora las experiencias diarias de nuestros estudiantes.<\/p>\n\n<p>Tambi\u00e9n estamos situados en las principales rutas de autob\u00fas, lo que facilita el acceso a cualquier punto de la isla. Todo lo que necesitas est\u00e1 a pocos minutos de nuestra ubicaci\u00f3n.<\/p>\n\n<figure class=\"wp-block-image size-large\"><img loading=\"lazy\" decoding=\"async\" width=\"1024\" height=\"768\" src=\"https:\/\/www.academiaschool.edu\/wp-content\/uploads\/2024\/03\/diamond-head-1246031_1280-1024x768.webp\" alt=\"Alamoana Beach Park\" class=\"wp-image-968\" srcset=\"https:\/\/www.academiaschool.edu\/wp-content\/uploads\/2024\/03\/diamond-head-1246031_1280-1024x768.webp 1024w, https:\/\/www.academiaschool.edu\/wp-content\/uploads\/2024\/03\/diamond-head-1246031_1280-300x225.webp 300w, https:\/\/www.academiaschool.edu\/wp-content\/uploads\/2024\/03\/diamond-head-1246031_1280-768x576.webp 768w, https:\/\/www.academiaschool.edu\/wp-content\/uploads\/2024\/03\/diamond-head-1246031_1280.webp 1280w\" sizes=\"auto, (max-width: 1024px) 100vw, 1024px\" \/><\/figure>\n\n<ul class=\"jinr-list wp-block-list\">\n<li><strong>Parque Ala Moana Beach<\/strong> 8 minutos a pie<\/li>\n\n\n\n<li><strong>Centro Comercial Ala Moana<\/strong> a 3 minutos a pie<\/li>\n\n\n\n<li><strong>Playa de Waikiki<\/strong> a 20 minutos a pie<\/li>\n<\/ul>\n\n<figure class=\"wp-block-image size-full is-resized\"><img loading=\"lazy\" decoding=\"async\" width=\"640\" height=\"480\" src=\"https:\/\/www.academiaschool.edu\/wp-content\/uploads\/2024\/03\/academia_map-1.jpg\" alt=\"\" class=\"wp-image-965\" style=\"width:739px;height:auto\" srcset=\"https:\/\/www.academiaschool.edu\/wp-content\/uploads\/2024\/03\/academia_map-1.jpg 640w, https:\/\/www.academiaschool.edu\/wp-content\/uploads\/2024\/03\/academia_map-1-300x225.jpg 300w\" sizes=\"auto, (max-width: 640px) 100vw, 640px\" \/><\/figure>\n\n<p>Adem\u00e1s, nuestra ubicaci\u00f3n en el emblem\u00e1tico PAN AM BUILDING es bien conocida en todo Honolulu. El edificio est\u00e1 bien mantenido y cuenta con una seguridad fiable, lo que garantiza un entorno seguro y limpio para nuestros alumnos.<\/p>\n<section class=\"b--jinr-block b--jinr-blogcard d--blogcard-hover-up d--blogcard-style1 d--blogcard-mysite t--round \"><div class=\"a--blogcard-label ef\">Related Page<\/div><a class=\"o--blogcard-link t--round\" href=\"https:\/\/www.academiaschool.edu\/reason\/\"><div class=\"c--blogcard-image\"><img loading=\"lazy\" decoding=\"async\" class=\"a--blogcard-img-src\" width=\"128\" height=\"72\" src=\"https:\/\/www.academiaschool.edu\/wp-content\/uploads\/2025\/02\/\u540d\u79f0\u672a\u8a2d\u5b9a\u306e\u30c7\u30b6\u30a4\u30f3-7.png\" alt=\"Reasons for Choosing\" \/><\/div><div class=\"a--blogcard-title d--bold\">Reasons for Choosing<\/div><\/a><\/section>","protected":false},"excerpt":{"rendered":"<p>Nuestra escuela est\u00e1 convenientemente situada en el distrito Ala Moana de Honolulu, Hawai. Estamos a poca distancia a pie tanto de Waikiki como de Kakaako, por lo que no s\u00f3lo es un lugar ideal para aprender, sino tambi\u00e9n extremadamente c\u00f3modo para vivir. Las playas, centros comerciales y supermercados m\u00e1s populares de Honolulu est\u00e1n cerca, lo [&hellip;]<\/p>\n","protected":false},"author":1,"featured_media":0,"parent":5601,"menu_order":0,"comment_status":"closed","ping_status":"closed","template":"","meta":{"_jinr_url_youtube":"","_jinr_pip_youtube":false,"_jinr_time_youtube":"","_jinr_thumb_youtube":"","_jinr_media_youtube":"","_jinr_category_edit":false,"_jinr_category":"","_jinr_title_display":false,"_jinr_snsbutton_display":false,"_jinr_ads_display":false,"_jinr_thumbnail_display":false,"_jinr_profile_display":false,"_jinr_representations_display":false,"_jinr_relatedpost_display":false,"_jinr_sidebar1col_display":false,"_jinr_sidebar2col_display":false,"_jinr_seotitle_display":"","_jinr_description_display":"","_jinr_keyword_display":"","_jinr_hastag_display":"","_jinr_canonical_display":"","_jinr_noindex_display":false,"_jinr_paidpost":false,"_jinr_paidpost_product_id":"","_jinr_headtag_article":"","footnotes":""},"class_list":["post-5629","page","type-page","status-publish","hentry"],"_links":{"self":[{"href":"https:\/\/www.academiaschool.edu\/es\/wp-json\/wp\/v2\/pages\/5629","targetHints":{"allow":["GET"]}}],"collection":[{"href":"https:\/\/www.academiaschool.edu\/es\/wp-json\/wp\/v2\/pages"}],"about":[{"href":"https:\/\/www.academiaschool.edu\/es\/wp-json\/wp\/v2\/types\/page"}],"author":[{"embeddable":true,"href":"https:\/\/www.academiaschool.edu\/es\/wp-json\/wp\/v2\/users\/1"}],"replies":[{"embeddable":true,"href":"https:\/\/www.academiaschool.edu\/es\/wp-json\/wp\/v2\/comments?post=5629"}],"version-history":[{"count":3,"href":"https:\/\/www.academiaschool.edu\/es\/wp-json\/wp\/v2\/pages\/5629\/revisions"}],"predecessor-version":[{"id":5632,"href":"https:\/\/www.academiaschool.edu\/es\/wp-json\/wp\/v2\/pages\/5629\/revisions\/5632"}],"up":[{"embeddable":true,"href":"https:\/\/www.academiaschool.edu\/es\/wp-json\/wp\/v2\/pages\/5601"}],"wp:attachment":[{"href":"https:\/\/www.academiaschool.edu\/es\/wp-json\/wp\/v2\/media?parent=5629"}],"curies":[{"name":"wp","href":"https:\/\/api.w.org\/{rel}","templated":true}]}}