{"id":5625,"date":"2024-03-20T17:52:13","date_gmt":"2024-03-21T03:52:13","guid":{"rendered":"https:\/\/academia-school.net\/razones-para-elegir\/apoyo-amistoso-para-padres-e-hijos-que-estudian-en-el-extranjero\/"},"modified":"2024-04-24T11:21:38","modified_gmt":"2024-04-24T21:21:38","slug":"apoyo-amistoso-para-padres-e-hijos-que-estudian-en-el-extranjero","status":"publish","type":"page","link":"https:\/\/www.academiaschool.edu\/es\/razones-para-elegir\/apoyo-amistoso-para-padres-e-hijos-que-estudian-en-el-extranjero\/","title":{"rendered":"Apoyo Amistoso para Padres e Hijos que Estudian en el Extranjero"},"content":{"rendered":"\n<section class=\"wp-block-jinr-blocks-fullwidth b--jinr-block b--jinr-fullwidth-container d--top-margin-xs-pc d--bottom-margin-xs-pc d--top-margin-xs-sp d--bottom-margin-xs-sp \"><section class=\"b--jinr-fullwidth d--fullwidth-parallax-off d--fullwidth-deco-bgimage\"><div class=\"a--jinr-fullwidth-image\"><div class=\"a--jinr-fullwidth-image-clip\"><img decoding=\"async\" src=\"https:\/\/www.academiaschool.edu\/wp-content\/uploads\/2024\/03\/\u30b9\u30af\u30ea\u30fc\u30f3\u30b7\u30e7\u30c3\u30c8-2024-03-26-\u5348\u5f8c8.21.16.webp\"\/><\/div><\/div><div class=\"a--jinr-fullwidth-overlay\" style=\"background-color:#222222;opacity:0.15\"><\/div><div class=\"d--fullwidth-100 d--fullwidth-pad40 d--fullwidth-pad0-sp t--main-width\" style=\"color:false\">\n<p class=\"has-text-align-center has-white-color has-text-color has-link-color wp-elements-a659546a515fc39c25c906701545afa2\"><span class=\"jinr-d--font-size d--fontsize-36px\"><strong><strong>Apoyo a los estudios de padres e hijos en el extranjero<\/strong><\/strong><\/span><\/p>\n<\/div><\/section><\/section>\n\n<p>La ALS valora a quienes vienen a Hawai a estudiar con sus hijos en el extranjero y ofrece diversos tipos de apoyo.<\/p>\n\n<ul class=\"jinr-list wp-block-list\">\n<li>Plan de estudios conveniente<\/li>\n\n\n\n<li>Ubicaci\u00f3n conveniente para recoger y dejar a los ni\u00f1os<\/li>\n\n\n\n<li>Vacaciones f\u00e1ciles de coordinar con las vacaciones de los ni\u00f1os<\/li>\n\n\n\n<li>Seminarios e informaci\u00f3n sobre crianza y escolarizaci\u00f3n en EE.UU.<\/li>\n<\/ul>\n\n<p>Veamos cada uno de ellos en detalle.<\/p>\n\n<h2 class=\"wp-block-heading jinr-heading d--bold\"><strong>Plan de estudios conveniente<\/strong><\/h2>\n\n<p>El plan de estudios de ALS es muy c\u00f3modo para los padres que tienen que dejar y recoger a sus hijos.<\/p>\n\n<p>Muchos alumnos de ALS son padres que se encargan del transporte de sus hijos. Hay tres opciones de horario para el plan de estudios de cuatro d\u00edas entre semana:<\/p>\n\n<ul class=\"jinr-list wp-block-list\">\n<li>7:40 H &#8211; 12:10 H<\/li>\n\n\n\n<li>8:45 &#8211; 13:30 H<\/li>\n\n\n\n<li>10:00 H &#8211; 14:40 H<\/li>\n<\/ul>\n\n<p>Elige el horario que mejor se adapte a tus necesidades de recogida y entrega.<\/p>\n\n<figure class=\"wp-block-image size-large\"><img loading=\"lazy\" decoding=\"async\" width=\"1024\" height=\"684\" src=\"https:\/\/www.academiaschool.edu\/wp-content\/uploads\/2024\/03\/1_CONVENIENT-CURRICULUM-1-1024x684.png\" alt=\"\" class=\"wp-image-981\" srcset=\"https:\/\/www.academiaschool.edu\/wp-content\/uploads\/2024\/03\/1_CONVENIENT-CURRICULUM-1-1024x684.png 1024w, https:\/\/www.academiaschool.edu\/wp-content\/uploads\/2024\/03\/1_CONVENIENT-CURRICULUM-1-300x200.png 300w, https:\/\/www.academiaschool.edu\/wp-content\/uploads\/2024\/03\/1_CONVENIENT-CURRICULUM-1-768x513.png 768w, https:\/\/www.academiaschool.edu\/wp-content\/uploads\/2024\/03\/1_CONVENIENT-CURRICULUM-1.png 1160w\" sizes=\"auto, (max-width: 1024px) 100vw, 1024px\" \/><\/figure>\n\n<p>Por ejemplo, los padres que pueden dejar a sus hijos en un colegio privado a las 7 de la ma\u00f1ana podr\u00edan elegir el horario de 7:40 a 12:10. Quienes tengan hijos en un colegio p\u00fablico, o varios hijos que necesiten m\u00e1s tiempo para recogerlos y dejarlos, podr\u00edan optar por el horario de 8:45 a 13:30. Los padres de ni\u00f1os mayores que vuelven a casa por la tarde podr\u00edan elegir el horario de 10:00 a 14:40.<\/p>\n\n<h2 class=\"wp-block-heading jinr-heading d--bold\"><strong>Ubicaci\u00f3n conveniente para recoger y dejar a los ni\u00f1os<\/strong><\/h2>\n\n<p>El ALS est\u00e1 situado en Ala Moana, con un acceso muy c\u00f3modo. Est\u00e1 cerca de Don Quijote y del centro comercial Ala Moana, por lo que resulta pr\u00e1ctico para ir de compras despu\u00e9s de las clases.<\/p>\n\n<figure class=\"wp-block-image size-large\"><img loading=\"lazy\" decoding=\"async\" width=\"1024\" height=\"684\" src=\"https:\/\/www.academiaschool.edu\/wp-content\/uploads\/2024\/03\/2_PRIME-LOCATION-2-1024x684.png\" alt=\"\" class=\"wp-image-982\" srcset=\"https:\/\/www.academiaschool.edu\/wp-content\/uploads\/2024\/03\/2_PRIME-LOCATION-2-1024x684.png 1024w, https:\/\/www.academiaschool.edu\/wp-content\/uploads\/2024\/03\/2_PRIME-LOCATION-2-300x200.png 300w, https:\/\/www.academiaschool.edu\/wp-content\/uploads\/2024\/03\/2_PRIME-LOCATION-2-768x513.png 768w, https:\/\/www.academiaschool.edu\/wp-content\/uploads\/2024\/03\/2_PRIME-LOCATION-2.png 1160w\" sizes=\"auto, (max-width: 1024px) 100vw, 1024px\" \/><\/figure>\n\n<p>La accesibilidad es crucial para los desplazamientos escolares diarios.<\/p>\n\n<h2 class=\"wp-block-heading jinr-heading d--bold\"><strong>Vacaciones f\u00e1ciles de coordinar con las vacaciones de los ni\u00f1os<\/strong><\/h2>\n\n<p>El sistema de vacaciones de ALS tambi\u00e9n es muy c\u00f3modo para los padres con hijos.<\/p>\n\n<figure class=\"wp-block-image size-large\"><img loading=\"lazy\" decoding=\"async\" width=\"1024\" height=\"684\" src=\"https:\/\/www.academiaschool.edu\/wp-content\/uploads\/2024\/03\/3_VACATION-SCHEDULES-THAT-ALIGN-WITH-CHILDRENS-BREAKS-1-1024x684.png\" alt=\"\" class=\"wp-image-983\" srcset=\"https:\/\/www.academiaschool.edu\/wp-content\/uploads\/2024\/03\/3_VACATION-SCHEDULES-THAT-ALIGN-WITH-CHILDRENS-BREAKS-1-1024x684.png 1024w, https:\/\/www.academiaschool.edu\/wp-content\/uploads\/2024\/03\/3_VACATION-SCHEDULES-THAT-ALIGN-WITH-CHILDRENS-BREAKS-1-300x200.png 300w, https:\/\/www.academiaschool.edu\/wp-content\/uploads\/2024\/03\/3_VACATION-SCHEDULES-THAT-ALIGN-WITH-CHILDRENS-BREAKS-1-768x513.png 768w, https:\/\/www.academiaschool.edu\/wp-content\/uploads\/2024\/03\/3_VACATION-SCHEDULES-THAT-ALIGN-WITH-CHILDRENS-BREAKS-1.png 1160w\" sizes=\"auto, (max-width: 1024px) 100vw, 1024px\" \/><\/figure>\n\n<p>Es posible que muchos padres quieran volver a Jap\u00f3n con sus hijos durante las vacaciones de verano.<\/p>\n\n<p>Esos padres podr\u00edan plantearse tomarse de uno a dos meses de vacaciones. Con la preparaci\u00f3n y los procedimientos adecuados, es posible tomarse unas vacaciones alineadas con las vacaciones de verano de los ni\u00f1os.<\/p>\n\n<h2 class=\"wp-block-heading jinr-heading d--bold\"><strong>Seminarios e informaci\u00f3n sobre crianza y escolarizaci\u00f3n en EE.UU.<\/strong><\/h2>\n\n<p>Celebramos seminarios y proporcionamos informaci\u00f3n centrada en la preparaci\u00f3n para la educaci\u00f3n superior y los riesgos que rodean a los ni\u00f1os, como las drogas y la delincuencia, dirigida a los padres que se plantean criar y escolarizar a sus hijos en EEUU.<\/p>\n\n<p>Los expertos ofrecen explicaciones detalladas sobre las \u00faltimas tendencias educativas, la crianza segura en un entorno seguro y estrategias eficaces para seguir estudiando. El objetivo es que los padres comprendan mejor los retos a los que pueden enfrentarse y apoyen a sus hijos para que tengan \u00e9xito.<\/p>\n\n<p>Por ejemplo, en el siguiente seminario, invitamos a expertos externos a debatir sobre la crianza segura en EEUU, el papel de las madres y en qu\u00e9 centrarse seg\u00fan los criterios de evaluaci\u00f3n actuales de la Universidad de Harvard. Tambi\u00e9n hay un tiempo para que los estudiantes establezcan contactos durante el almuerzo, despu\u00e9s del seminario.<\/p>\n\n<figure class=\"wp-block-image size-large\"><img loading=\"lazy\" decoding=\"async\" width=\"704\" height=\"1024\" src=\"https:\/\/www.academiaschool.edu\/wp-content\/uploads\/2024\/03\/Japanese-Dept-6-704x1024.png\" alt=\"\" class=\"wp-image-979\" srcset=\"https:\/\/www.academiaschool.edu\/wp-content\/uploads\/2024\/03\/Japanese-Dept-6-704x1024.png 704w, https:\/\/www.academiaschool.edu\/wp-content\/uploads\/2024\/03\/Japanese-Dept-6-206x300.png 206w, https:\/\/www.academiaschool.edu\/wp-content\/uploads\/2024\/03\/Japanese-Dept-6-768x1117.png 768w, https:\/\/www.academiaschool.edu\/wp-content\/uploads\/2024\/03\/Japanese-Dept-6-1056x1536.png 1056w, https:\/\/www.academiaschool.edu\/wp-content\/uploads\/2024\/03\/Japanese-Dept-6.png 1375w\" sizes=\"auto, (max-width: 704px) 100vw, 704px\" \/><\/figure>\n\n<p>Si est\u00e1s estudiando o pensando en estudiar con tus hijos en Hawai, no dudes en ponerte en contacto con nosotros.<\/p>\n<section class='b--jinr-block b--jinr-button   js--scr-animation block_a19c9c40-cf29-44c3-a3e0-2c0ce9d831e3'>\n\t\t\t\t\t<div class=\"o--button-inner d--button-type4 d--button-outline d--button-outline-hover-halftransparent  d--button-center\"><span class=\"a--button-hover\"><a href=\"\"><span><strong>Contact Form<\/strong><\/span><\/a><\/span><\/div>\n\t\t\t\t<\/section><section class=\"b--jinr-block b--jinr-blogcard d--blogcard-hover-up d--blogcard-style1 d--blogcard-mysite t--round \"><div class=\"a--blogcard-label ef\">Related Page<\/div><a class=\"o--blogcard-link t--round\" href=\"https:\/\/www.academiaschool.edu\/reason\/\"><div class=\"c--blogcard-image\"><img loading=\"lazy\" decoding=\"async\" class=\"a--blogcard-img-src\" width=\"128\" height=\"72\" src=\"https:\/\/www.academiaschool.edu\/wp-content\/uploads\/2025\/02\/\u540d\u79f0\u672a\u8a2d\u5b9a\u306e\u30c7\u30b6\u30a4\u30f3-7.png\" alt=\"Reasons for Choosing\" \/><\/div><div class=\"a--blogcard-title d--bold\">Reasons for Choosing<\/div><\/a><\/section>","protected":false},"excerpt":{"rendered":"<p>La ALS valora a quienes vienen a Hawai a estudiar con sus hijos en el extranjero y ofrece diversos tipos de apoyo. Veamos cada uno de ellos en detalle. Plan de estudios conveniente El plan de estudios de ALS es muy c\u00f3modo para los padres que tienen que dejar y recoger a sus hijos. Muchos [&hellip;]<\/p>\n","protected":false},"author":1,"featured_media":0,"parent":5601,"menu_order":0,"comment_status":"closed","ping_status":"closed","template":"","meta":{"_jinr_url_youtube":"","_jinr_pip_youtube":false,"_jinr_time_youtube":"","_jinr_thumb_youtube":"","_jinr_media_youtube":"","_jinr_category_edit":false,"_jinr_category":"","_jinr_title_display":false,"_jinr_snsbutton_display":false,"_jinr_ads_display":false,"_jinr_thumbnail_display":false,"_jinr_profile_display":false,"_jinr_representations_display":false,"_jinr_relatedpost_display":false,"_jinr_sidebar1col_display":false,"_jinr_sidebar2col_display":false,"_jinr_seotitle_display":"","_jinr_description_display":"","_jinr_keyword_display":"","_jinr_hastag_display":"","_jinr_canonical_display":"","_jinr_noindex_display":false,"_jinr_paidpost":false,"_jinr_paidpost_product_id":"","_jinr_headtag_article":"","footnotes":""},"class_list":["post-5625","page","type-page","status-publish","hentry"],"_links":{"self":[{"href":"https:\/\/www.academiaschool.edu\/es\/wp-json\/wp\/v2\/pages\/5625","targetHints":{"allow":["GET"]}}],"collection":[{"href":"https:\/\/www.academiaschool.edu\/es\/wp-json\/wp\/v2\/pages"}],"about":[{"href":"https:\/\/www.academiaschool.edu\/es\/wp-json\/wp\/v2\/types\/page"}],"author":[{"embeddable":true,"href":"https:\/\/www.academiaschool.edu\/es\/wp-json\/wp\/v2\/users\/1"}],"replies":[{"embeddable":true,"href":"https:\/\/www.academiaschool.edu\/es\/wp-json\/wp\/v2\/comments?post=5625"}],"version-history":[{"count":3,"href":"https:\/\/www.academiaschool.edu\/es\/wp-json\/wp\/v2\/pages\/5625\/revisions"}],"predecessor-version":[{"id":5628,"href":"https:\/\/www.academiaschool.edu\/es\/wp-json\/wp\/v2\/pages\/5625\/revisions\/5628"}],"up":[{"embeddable":true,"href":"https:\/\/www.academiaschool.edu\/es\/wp-json\/wp\/v2\/pages\/5601"}],"wp:attachment":[{"href":"https:\/\/www.academiaschool.edu\/es\/wp-json\/wp\/v2\/media?parent=5625"}],"curies":[{"name":"wp","href":"https:\/\/api.w.org\/{rel}","templated":true}]}}