{"id":5621,"date":"2024-03-25T06:34:04","date_gmt":"2024-03-25T16:34:04","guid":{"rendered":"https:\/\/academia-school.net\/razones-para-elegir\/bajo-coste-commitment-and-secrets\/"},"modified":"2024-04-24T11:21:22","modified_gmt":"2024-04-24T21:21:22","slug":"bajo-coste-commitment-and-secrets","status":"publish","type":"page","link":"https:\/\/www.academiaschool.edu\/es\/razones-para-elegir\/bajo-coste-commitment-and-secrets\/","title":{"rendered":"\u00a1Bajo coste! Commitment and Secrets"},"content":{"rendered":"\n<section class=\"wp-block-jinr-blocks-fullwidth b--jinr-block b--jinr-fullwidth-container d--top-margin-xs-pc d--bottom-margin-xs-pc d--top-margin-xs-sp d--bottom-margin-xs-sp \"><section class=\"b--jinr-fullwidth d--fullwidth-parallax-off d--fullwidth-deco-bgimage\"><div class=\"a--jinr-fullwidth-image\"><div class=\"a--jinr-fullwidth-image-clip\"><img decoding=\"async\" src=\"https:\/\/www.academiaschool.edu\/wp-content\/uploads\/2024\/03\/\u30b9\u30af\u30ea\u30fc\u30f3\u30b7\u30e7\u30c3\u30c8-2024-03-26-\u5348\u5f8c8.21.16.webp\"\/><\/div><\/div><div class=\"a--jinr-fullwidth-overlay\" style=\"background-color:#222222;opacity:0.15\"><\/div><div class=\"d--fullwidth-100 d--fullwidth-pad40 d--fullwidth-pad0-sp t--main-width\" style=\"color:false\">\n<p class=\"has-text-align-center has-white-color has-text-color has-link-color wp-elements-31d4dfcafaf82494c79dc7048b43d3b2\"><span class=\"jinr-d--font-size d--fontsize-36px\"><strong><strong>\u00a1Bajo coste! Compromiso y secretos<\/strong><\/strong><\/span><\/p>\n<\/div><\/section><\/section>\n\n<h2 class=\"wp-block-heading jinr-heading d--bold\"><strong>\u00a1Bajo coste! Compromiso y secretos<\/strong><\/h2>\n\n<p>Nos comprometemos a proporcionar el mejor entorno de aprendizaje para cada alumno, manteniendo los costes lo m\u00e1s bajos posible. Para lograrlo, hemos puesto en marcha varias iniciativas especiales y secretas.<\/p>\n\n<h3 class=\"wp-block-heading jinr-heading d--bold\"><strong>Nuestro compromiso<\/strong><\/h3>\n\n<section class=\"wp-block-jinr-blocks-simplebox b--jinr-block-container\"><div class=\"b--jinr-block b--jinr-box d--simple-box5  \"><div class=\"c--simple-box-inner\">\n<p class=\"has-text-align-center\"><strong>Precios para estudiantes<\/strong><\/p>\n<\/div><\/div><\/section>\n\n<p>Nuestro mayor compromiso es fijar precios lo m\u00e1s bajos posible para que los estudiantes puedan centrarse en sus estudios de idiomas y disfrutar de la vida en Hawai con una carga financiera m\u00ednima. A pesar de las dificultades de vivir con inflaci\u00f3n en Estados Unidos, queremos que nuestros precios sean accesibles para todos. Para ello, aplicamos diversas medidas de reducci\u00f3n de costes, cuyos resultados se reflejan en la reducci\u00f3n de las tasas acad\u00e9micas.<\/p>\n\n<h3 class=\"wp-block-heading jinr-heading d--bold\"><strong>Nuestros secretos<\/strong><\/h3>\n\n<h4 class=\"wp-block-heading jinr-heading d--bold\"><strong>Utilizaci\u00f3n inteligente del espacio<\/strong><\/h4>\n\n<p>Si visitas nuestra escuela por primera vez, puede que te sorprenda lo compacta que es. Normalmente, las operaciones escolares requieren salas para el personal y amplios espacios de oficinas, pero aqu\u00ed hemos innovado. Eliminando salas para el personal y reduciendo al m\u00ednimo el espacio de recepci\u00f3n y oficinas, podemos destinar m\u00e1s fondos a mejorar la calidad educativa y reducir la matr\u00edcula.<\/p>\n\n<h4 class=\"wp-block-heading jinr-heading d--bold\"><strong>Modelo operativo eficiente<\/strong><\/h4>\n\n<p>Al aprovechar la \u00faltima tecnolog\u00eda para digitalizar y automatizar las tareas administrativas, hemos podido reducir los costes operativos. Esto nos permite mantener bajos los costes de personal y otros costes operativos, lo que nos permite ofrecer unas tasas acad\u00e9micas bajas l\u00edderes en el sector.<\/p>\n\n<h3 class=\"wp-block-heading jinr-heading d--bold\">Invertir en tu futuro<\/h3>\n\n<p>En nuestra escuela de idiomas, aunque seguimos buscando formas de reducir costes, nunca comprometemos la calidad de la ense\u00f1anza. Aqu\u00ed encontrar\u00e1s clases de alta calidad impartidas por instructores experimentados, un amplio apoyo al aprendizaje y una c\u00e1lida comunidad. Con nuestro compromiso y secretos, te apoyamos plenamente para que des un paso m\u00e1s hacia tus sue\u00f1os y objetivos a trav\u00e9s del aprendizaje de idiomas.<\/p>\n\n<p>Esperamos que elijas nuestra escuela para tu viaje de aprendizaje de idiomas. Aprendamos, crezcamos y abramos juntos un mundo nuevo.<\/p>\n<section class=\"b--jinr-block b--jinr-blogcard d--blogcard-hover-up d--blogcard-style1 d--blogcard-mysite t--round \"><div class=\"a--blogcard-label ef\">Related Page<\/div><a class=\"o--blogcard-link t--round\" href=\"https:\/\/www.academiaschool.edu\/reason\/\"><div class=\"c--blogcard-image\"><img loading=\"lazy\" decoding=\"async\" class=\"a--blogcard-img-src\" width=\"128\" height=\"72\" src=\"https:\/\/www.academiaschool.edu\/wp-content\/uploads\/2025\/02\/\u540d\u79f0\u672a\u8a2d\u5b9a\u306e\u30c7\u30b6\u30a4\u30f3-7.png\" alt=\"Reasons for Choosing\" \/><\/div><div class=\"a--blogcard-title d--bold\">Reasons for Choosing<\/div><\/a><\/section>","protected":false},"excerpt":{"rendered":"<p>\u00a1Bajo coste! Compromiso y secretos Nos comprometemos a proporcionar el mejor entorno de aprendizaje para cada alumno, manteniendo los costes lo m\u00e1s bajos posible. Para lograrlo, hemos puesto en marcha varias iniciativas especiales y secretas. Nuestro compromiso Nuestro mayor compromiso es fijar precios lo m\u00e1s bajos posible para que los estudiantes puedan centrarse en sus [&hellip;]<\/p>\n","protected":false},"author":1,"featured_media":0,"parent":5601,"menu_order":0,"comment_status":"closed","ping_status":"closed","template":"","meta":{"_jinr_url_youtube":"","_jinr_pip_youtube":false,"_jinr_time_youtube":"","_jinr_thumb_youtube":"","_jinr_media_youtube":"","_jinr_category_edit":false,"_jinr_category":"","_jinr_title_display":false,"_jinr_snsbutton_display":false,"_jinr_ads_display":false,"_jinr_thumbnail_display":false,"_jinr_profile_display":false,"_jinr_representations_display":false,"_jinr_relatedpost_display":false,"_jinr_sidebar1col_display":false,"_jinr_sidebar2col_display":false,"_jinr_seotitle_display":"","_jinr_description_display":"","_jinr_keyword_display":"","_jinr_hastag_display":"","_jinr_canonical_display":"","_jinr_noindex_display":false,"_jinr_paidpost":false,"_jinr_paidpost_product_id":"","_jinr_headtag_article":"","footnotes":""},"class_list":["post-5621","page","type-page","status-publish","hentry"],"_links":{"self":[{"href":"https:\/\/www.academiaschool.edu\/es\/wp-json\/wp\/v2\/pages\/5621","targetHints":{"allow":["GET"]}}],"collection":[{"href":"https:\/\/www.academiaschool.edu\/es\/wp-json\/wp\/v2\/pages"}],"about":[{"href":"https:\/\/www.academiaschool.edu\/es\/wp-json\/wp\/v2\/types\/page"}],"author":[{"embeddable":true,"href":"https:\/\/www.academiaschool.edu\/es\/wp-json\/wp\/v2\/users\/1"}],"replies":[{"embeddable":true,"href":"https:\/\/www.academiaschool.edu\/es\/wp-json\/wp\/v2\/comments?post=5621"}],"version-history":[{"count":3,"href":"https:\/\/www.academiaschool.edu\/es\/wp-json\/wp\/v2\/pages\/5621\/revisions"}],"predecessor-version":[{"id":5624,"href":"https:\/\/www.academiaschool.edu\/es\/wp-json\/wp\/v2\/pages\/5621\/revisions\/5624"}],"up":[{"embeddable":true,"href":"https:\/\/www.academiaschool.edu\/es\/wp-json\/wp\/v2\/pages\/5601"}],"wp:attachment":[{"href":"https:\/\/www.academiaschool.edu\/es\/wp-json\/wp\/v2\/media?parent=5621"}],"curies":[{"name":"wp","href":"https:\/\/api.w.org\/{rel}","templated":true}]}}