{"id":5617,"date":"2024-03-25T16:00:46","date_gmt":"2024-03-26T02:00:46","guid":{"rendered":"https:\/\/academia-school.net\/razones-para-elegir\/el-unico-curso-semanal-de-4-dias-de-hawaii\/"},"modified":"2024-04-24T11:21:07","modified_gmt":"2024-04-24T21:21:07","slug":"el-unico-curso-semanal-de-4-dias-de-hawaii","status":"publish","type":"page","link":"https:\/\/www.academiaschool.edu\/es\/razones-para-elegir\/el-unico-curso-semanal-de-4-dias-de-hawaii\/","title":{"rendered":"El \u00fanico curso semanal de 4 d\u00edas de Hawaii"},"content":{"rendered":"\n<section class=\"wp-block-jinr-blocks-fullwidth b--jinr-block b--jinr-fullwidth-container d--top-margin-xs-pc d--bottom-margin-xs-pc d--top-margin-xs-sp d--bottom-margin-xs-sp \"><section class=\"b--jinr-fullwidth d--fullwidth-parallax-off d--fullwidth-deco-bgimage\"><div class=\"a--jinr-fullwidth-image\"><div class=\"a--jinr-fullwidth-image-clip\"><img decoding=\"async\" src=\"https:\/\/www.academiaschool.edu\/wp-content\/uploads\/2024\/03\/\u30b9\u30af\u30ea\u30fc\u30f3\u30b7\u30e7\u30c3\u30c8-2024-03-26-\u5348\u5f8c8.21.16.webp\"\/><\/div><\/div><div class=\"a--jinr-fullwidth-overlay\" style=\"background-color:#222222;opacity:0.15\"><\/div><div class=\"d--fullwidth-100 d--fullwidth-pad40 d--fullwidth-pad0-sp t--main-width\" style=\"color:false\">\n<p class=\"has-text-align-center has-white-color has-text-color has-link-color wp-elements-f3c27d661252c65203822d284fd5f526\"><span class=\"jinr-d--font-size d--fontsize-36px\"><strong><strong>El \u00fanico curso semanal de 4 d\u00edas de Hawaii<\/strong><\/strong><\/span><\/p>\n<\/div><\/section><\/section>\n\n<h2 class=\"wp-block-heading jinr-heading d--bold\"><strong>El \u00fanico curso semanal de 4 d\u00edas de Hawaii<\/strong><\/h2>\n\n<p>Nuestra escuela ofrece un plan de estudios ESL \u00fanico que cumple los requisitos del visado F1 con asistencia s\u00f3lo cuatro d\u00edas a la semana.<\/p>\n\n<p>Los estudiantes pueden completar 20 horas de estudio a la semana asistiendo a clases durante cinco horas cada ma\u00f1ana de lunes a jueves.<\/p>\n\n<p>Este horario permite a todos los estudiantes con visado F, incluidos los que tienen hijos, asistir a clase cuatro d\u00edas a la semana, a partir de las sesiones de ma\u00f1ana.<\/p>\n\n<p>Destinos populares como la Costa Norte tienden a llenarse de gente los fines de semana, lo que tambi\u00e9n supone una gran ventaja tur\u00edstica.<\/p>\n\n<p>Estudiando intensivamente de lunes a jueves y tom\u00e1ndose los viernes libres, los estudiantes pueden disfrutar de una vida plena en Hawai.<\/p>\n\n<figure class=\"wp-block-image size-large\"><img decoding=\"async\" src=\"https:\/\/www.academiaschool.edu\/wp-content\/uploads\/2024\/03\/&#x30B9;&#x30AF;&#x30EA;&#x30FC;&#x30F3;&#x30B7;&#x30E7;&#x30C3;&#x30C8;-2024-02-04-22.18.10-1024x315.png\" alt=\"Curriculum\" class=\"wp-image-972\"\/><\/figure>\n\n<h3 class=\"wp-block-heading jinr-heading d--bold\"><strong>Cinco d\u00edas a la semana<\/strong><\/h3>\n\n<p>Ofrecemos oportunidades de aprendizaje los viernes, lo que permite a quienes quieran estudiar ingl\u00e9s todos los d\u00edas de la semana hacerlo a un ritmo de cinco d\u00edas a la semana.<\/p>\n\n<h3 class=\"wp-block-heading jinr-heading d--bold\"><strong>Horario flexible de inicio de las clases<\/strong><\/h3>\n\n<p>Los titulares de un visado F1 de nuestra escuela pueden elegir entre tres horarios diferentes de inicio de las clases:<\/p>\n\n<ul class=\"jinr-list wp-block-list\">\n<li>7:40 AM<\/li>\n\n\n\n<li>8:45 AM<\/li>\n\n\n\n<li>10 DE LA MA\u00d1ANA<\/li>\n<\/ul>\n\n<p>Los estudiantes con otros visados tienen cinco opciones:<\/p>\n\n<ul class=\"jinr-list wp-block-list\">\n<li>7:40 AM<\/li>\n\n\n\n<li>8:45 AM<\/li>\n\n\n\n<li>10 DE LA MA\u00d1ANA<\/li>\n\n\n\n<li>11:05 AM<\/li>\n\n\n\n<li>12:30 PM<\/li>\n<\/ul>\n\n<h3 class=\"wp-block-heading jinr-heading d--bold\"><strong>Posibilidad de recoger y dejar a los ni\u00f1os<\/strong><\/h3>\n\n<p>Muchos alumnos de ALS son padres que tienen que recoger y dejar a sus hijos. Nuestro plan de estudios de cuatro d\u00edas entre semana ofrece tres opciones de horario:<\/p>\n\n<ul class=\"jinr-list wp-block-list\">\n<li>7:40 H &#8211; 12:10 H<\/li>\n\n\n\n<li>8:45 &#8211; 13:30 H<\/li>\n\n\n\n<li>10:00 H &#8211; 14:40 H<\/li>\n<\/ul>\n\n<p>Elige el horario que mejor se adapte a tus necesidades para transportar a tus hijos. Si tienes previsto recoger y dejar a tus hijos en funci\u00f3n de tu horario escolar, consulta tambi\u00e9n la p\u00e1gina siguiente.<\/p>\n<section class=\"b--jinr-block b--jinr-blogcard d--blogcard-hover-up d--blogcard-style1 d--blogcard-mysite t--round \"><div class=\"a--blogcard-label ef\">Related Page<\/div><a class=\"o--blogcard-link t--round\" href=\"https:\/\/www.academiaschool.edu\/reason\/drop-off-and-dive-in\/\"><div class=\"c--blogcard-image\"><img loading=\"lazy\" decoding=\"async\" class=\"a--blogcard-img-src\" width=\"128\" height=\"72\" src=\"https:\/\/www.academiaschool.edu\/wp-content\/uploads\/2025\/02\/\u540d\u79f0\u672a\u8a2d\u5b9a\u306e\u30c7\u30b6\u30a4\u30f3-7.png\" alt=\"Parent-Child Study Abroad Friendly Support\" \/><\/div><div class=\"a--blogcard-title d--bold\">Parent-Child Study Abroad Friendly Support<\/div><\/a><\/section>\n<p>Si tienes alguna pregunta, no dudes en consultar a la oficina de ALS.<\/p>\n<section class=\"b--jinr-block b--jinr-blogcard d--blogcard-hover-up d--blogcard-style1 d--blogcard-mysite t--round \"><div class=\"a--blogcard-label ef\">Related Page<\/div><a class=\"o--blogcard-link t--round\" href=\"https:\/\/www.academiaschool.edu\/reason\/\"><div class=\"c--blogcard-image\"><img loading=\"lazy\" decoding=\"async\" class=\"a--blogcard-img-src\" width=\"128\" height=\"72\" src=\"https:\/\/www.academiaschool.edu\/wp-content\/uploads\/2025\/02\/\u540d\u79f0\u672a\u8a2d\u5b9a\u306e\u30c7\u30b6\u30a4\u30f3-7.png\" alt=\"Reasons for Choosing\" \/><\/div><div class=\"a--blogcard-title d--bold\">Reasons for Choosing<\/div><\/a><\/section>","protected":false},"excerpt":{"rendered":"<p>El \u00fanico curso semanal de 4 d\u00edas de Hawaii Nuestra escuela ofrece un plan de estudios ESL \u00fanico que cumple los requisitos del visado F1 con asistencia s\u00f3lo cuatro d\u00edas a la semana. Los estudiantes pueden completar 20 horas de estudio a la semana asistiendo a clases durante cinco horas cada ma\u00f1ana de lunes a [&hellip;]<\/p>\n","protected":false},"author":1,"featured_media":0,"parent":5601,"menu_order":0,"comment_status":"closed","ping_status":"closed","template":"","meta":{"_jinr_url_youtube":"","_jinr_pip_youtube":false,"_jinr_time_youtube":"","_jinr_thumb_youtube":"","_jinr_media_youtube":"","_jinr_category_edit":false,"_jinr_category":"","_jinr_title_display":false,"_jinr_snsbutton_display":false,"_jinr_ads_display":false,"_jinr_thumbnail_display":false,"_jinr_profile_display":false,"_jinr_representations_display":false,"_jinr_relatedpost_display":false,"_jinr_sidebar1col_display":false,"_jinr_sidebar2col_display":false,"_jinr_seotitle_display":"","_jinr_description_display":"","_jinr_keyword_display":"","_jinr_hastag_display":"","_jinr_canonical_display":"","_jinr_noindex_display":false,"_jinr_paidpost":false,"_jinr_paidpost_product_id":"","_jinr_headtag_article":"","footnotes":""},"class_list":["post-5617","page","type-page","status-publish","hentry"],"_links":{"self":[{"href":"https:\/\/www.academiaschool.edu\/es\/wp-json\/wp\/v2\/pages\/5617","targetHints":{"allow":["GET"]}}],"collection":[{"href":"https:\/\/www.academiaschool.edu\/es\/wp-json\/wp\/v2\/pages"}],"about":[{"href":"https:\/\/www.academiaschool.edu\/es\/wp-json\/wp\/v2\/types\/page"}],"author":[{"embeddable":true,"href":"https:\/\/www.academiaschool.edu\/es\/wp-json\/wp\/v2\/users\/1"}],"replies":[{"embeddable":true,"href":"https:\/\/www.academiaschool.edu\/es\/wp-json\/wp\/v2\/comments?post=5617"}],"version-history":[{"count":3,"href":"https:\/\/www.academiaschool.edu\/es\/wp-json\/wp\/v2\/pages\/5617\/revisions"}],"predecessor-version":[{"id":5620,"href":"https:\/\/www.academiaschool.edu\/es\/wp-json\/wp\/v2\/pages\/5617\/revisions\/5620"}],"up":[{"embeddable":true,"href":"https:\/\/www.academiaschool.edu\/es\/wp-json\/wp\/v2\/pages\/5601"}],"wp:attachment":[{"href":"https:\/\/www.academiaschool.edu\/es\/wp-json\/wp\/v2\/media?parent=5617"}],"curies":[{"name":"wp","href":"https:\/\/api.w.org\/{rel}","templated":true}]}}