{"id":5613,"date":"2024-03-20T17:50:44","date_gmt":"2024-03-21T03:50:44","guid":{"rendered":"https:\/\/academia-school.net\/razones-para-elegir\/divertido-vida-estudiantil-aloha\/"},"modified":"2024-04-24T11:20:43","modified_gmt":"2024-04-24T21:20:43","slug":"divertido-vida-estudiantil-aloha","status":"publish","type":"page","link":"https:\/\/www.academiaschool.edu\/es\/razones-para-elegir\/divertido-vida-estudiantil-aloha\/","title":{"rendered":"\u00a1Divertido! Vida estudiantil Aloha"},"content":{"rendered":"\n<section class=\"wp-block-jinr-blocks-fullwidth b--jinr-block b--jinr-fullwidth-container d--top-margin-xs-pc d--bottom-margin-xs-pc d--top-margin-xs-sp d--bottom-margin-xs-sp \"><section class=\"b--jinr-fullwidth d--fullwidth-parallax-off d--fullwidth-deco-bgimage\"><div class=\"a--jinr-fullwidth-image\"><div class=\"a--jinr-fullwidth-image-clip\"><img decoding=\"async\" src=\"https:\/\/www.academiaschool.edu\/wp-content\/uploads\/2024\/03\/\u30b9\u30af\u30ea\u30fc\u30f3\u30b7\u30e7\u30c3\u30c8-2024-03-26-\u5348\u5f8c8.21.16.webp\"\/><\/div><\/div><div class=\"a--jinr-fullwidth-overlay\" style=\"background-color:#222222;opacity:0.15\"><\/div><div class=\"d--fullwidth-100 d--fullwidth-pad40 d--fullwidth-pad0-sp t--main-width\" style=\"color:false\">\n<p class=\"has-text-align-center has-white-color has-text-color has-link-color wp-elements-7b1cc4207d8ac3f3529aaa3ceeeb1f99\"><span class=\"jinr-d--font-size d--fontsize-36px\"><strong><strong>\u00a1Divertido! Vida estudiantil Aloha<\/strong><\/strong><\/span><\/p>\n<\/div><\/section><\/section>\n\n<h2 class=\"wp-block-heading jinr-heading d--bold\"><strong>Vida estudiantil \u00fanica y agradable<\/strong><\/h2>\n\n<p>En Academia Language School, los alumnos pueden participar en diversas actividades e interacciones sociales que utilizan el ingl\u00e9s de forma divertida. Por ejemplo, ofrecemos clases optativas en las que los alumnos pueden aprender a tocar el ukelele, y organizamos visitas a jardines bot\u00e1nicos y comidas en la playa de Ala Moana.<\/p>\n\n<p>Adem\u00e1s, organizamos eventos estacionales en la escuela, como fiestas de Navidad y Halloween, que se suman a la vibrante y atractiva vida estudiantil. Estas actividades no s\u00f3lo mejoran el aprendizaje, sino que tambi\u00e9n fomentan un sentido de comunidad y diversi\u00f3n entre nuestros alumnos.<\/p>\n\n<figure class=\"wp-block-gallery has-nested-images columns-default is-cropped wp-block-gallery-1 is-layout-flex wp-block-gallery-is-layout-flex\">\n<figure class=\"wp-block-image size-large\"><img loading=\"lazy\" decoding=\"async\" width=\"889\" height=\"447\" data-id=\"434\" src=\"https:\/\/www.academiaschool.edu\/wp-content\/uploads\/2024\/03\/Picture1.png\" alt=\"\" class=\"wp-image-434\" srcset=\"https:\/\/www.academiaschool.edu\/wp-content\/uploads\/2024\/03\/Picture1.png 889w, https:\/\/www.academiaschool.edu\/wp-content\/uploads\/2024\/03\/Picture1-300x151.png 300w, https:\/\/www.academiaschool.edu\/wp-content\/uploads\/2024\/03\/Picture1-768x386.png 768w\" sizes=\"auto, (max-width: 889px) 100vw, 889px\" \/><\/figure>\n\n\n\n<figure class=\"wp-block-image size-large\"><img loading=\"lazy\" decoding=\"async\" width=\"762\" height=\"501\" data-id=\"429\" src=\"https:\/\/www.academiaschool.edu\/wp-content\/uploads\/2024\/03\/hiking02-1.jpg\" alt=\"\" class=\"wp-image-429\" srcset=\"https:\/\/www.academiaschool.edu\/wp-content\/uploads\/2024\/03\/hiking02-1.jpg 762w, https:\/\/www.academiaschool.edu\/wp-content\/uploads\/2024\/03\/hiking02-1-300x197.jpg 300w\" sizes=\"auto, (max-width: 762px) 100vw, 762px\" \/><\/figure>\n\n\n\n<figure class=\"wp-block-image size-large\"><img loading=\"lazy\" decoding=\"async\" width=\"1024\" height=\"693\" data-id=\"432\" src=\"https:\/\/www.academiaschool.edu\/wp-content\/uploads\/2024\/03\/students-desk-1-1024x693.jpg\" alt=\"\" class=\"wp-image-432\" srcset=\"https:\/\/www.academiaschool.edu\/wp-content\/uploads\/2024\/03\/students-desk-1-1024x693.jpg 1024w, https:\/\/www.academiaschool.edu\/wp-content\/uploads\/2024\/03\/students-desk-1-300x203.jpg 300w, https:\/\/www.academiaschool.edu\/wp-content\/uploads\/2024\/03\/students-desk-1-768x520.jpg 768w, https:\/\/www.academiaschool.edu\/wp-content\/uploads\/2024\/03\/students-desk-1.jpg 1200w\" sizes=\"auto, (max-width: 1024px) 100vw, 1024px\" \/><\/figure>\n\n\n\n<figure class=\"wp-block-image size-large\"><img loading=\"lazy\" decoding=\"async\" width=\"1024\" height=\"684\" data-id=\"431\" src=\"https:\/\/www.academiaschool.edu\/wp-content\/uploads\/2024\/03\/girl-at-waikiki-1-1024x684.jpg\" alt=\"\" class=\"wp-image-431\" srcset=\"https:\/\/www.academiaschool.edu\/wp-content\/uploads\/2024\/03\/girl-at-waikiki-1-1024x684.jpg 1024w, https:\/\/www.academiaschool.edu\/wp-content\/uploads\/2024\/03\/girl-at-waikiki-1-300x200.jpg 300w, https:\/\/www.academiaschool.edu\/wp-content\/uploads\/2024\/03\/girl-at-waikiki-1-768x513.jpg 768w, https:\/\/www.academiaschool.edu\/wp-content\/uploads\/2024\/03\/girl-at-waikiki-1.jpg 1200w\" sizes=\"auto, (max-width: 1024px) 100vw, 1024px\" \/><\/figure>\n\n\n\n<figure class=\"wp-block-image size-large\"><img loading=\"lazy\" decoding=\"async\" width=\"1024\" height=\"597\" data-id=\"433\" src=\"https:\/\/www.academiaschool.edu\/wp-content\/uploads\/2024\/03\/napali-1-1024x597.jpg\" alt=\"\" class=\"wp-image-433\" srcset=\"https:\/\/www.academiaschool.edu\/wp-content\/uploads\/2024\/03\/napali-1-1024x597.jpg 1024w, https:\/\/www.academiaschool.edu\/wp-content\/uploads\/2024\/03\/napali-1-300x175.jpg 300w, https:\/\/www.academiaschool.edu\/wp-content\/uploads\/2024\/03\/napali-1-768x448.jpg 768w, https:\/\/www.academiaschool.edu\/wp-content\/uploads\/2024\/03\/napali-1.jpg 1200w\" sizes=\"auto, (max-width: 1024px) 100vw, 1024px\" \/><\/figure>\n\n\n\n<figure class=\"wp-block-image size-large\"><img loading=\"lazy\" decoding=\"async\" width=\"960\" height=\"540\" data-id=\"427\" src=\"https:\/\/www.academiaschool.edu\/wp-content\/uploads\/2024\/03\/picnic01.jpg\" alt=\"\" class=\"wp-image-427\" srcset=\"https:\/\/www.academiaschool.edu\/wp-content\/uploads\/2024\/03\/picnic01.jpg 960w, https:\/\/www.academiaschool.edu\/wp-content\/uploads\/2024\/03\/picnic01-300x169.jpg 300w, https:\/\/www.academiaschool.edu\/wp-content\/uploads\/2024\/03\/picnic01-768x432.jpg 768w, https:\/\/www.academiaschool.edu\/wp-content\/uploads\/2024\/03\/picnic01-320x180.jpg 320w, https:\/\/www.academiaschool.edu\/wp-content\/uploads\/2024\/03\/picnic01-640x360.jpg 640w\" sizes=\"auto, (max-width: 960px) 100vw, 960px\" \/><\/figure>\n\n\n\n<figure class=\"wp-block-image size-large\"><img loading=\"lazy\" decoding=\"async\" width=\"765\" height=\"452\" data-id=\"428\" src=\"https:\/\/www.academiaschool.edu\/wp-content\/uploads\/2024\/03\/volleyball.jpg\" alt=\"\" class=\"wp-image-428\" srcset=\"https:\/\/www.academiaschool.edu\/wp-content\/uploads\/2024\/03\/volleyball.jpg 765w, https:\/\/www.academiaschool.edu\/wp-content\/uploads\/2024\/03\/volleyball-300x177.jpg 300w\" sizes=\"auto, (max-width: 765px) 100vw, 765px\" \/><\/figure>\n\n\n\n<figure class=\"wp-block-image size-large\"><img loading=\"lazy\" decoding=\"async\" width=\"640\" height=\"427\" data-id=\"418\" src=\"https:\/\/www.academiaschool.edu\/wp-content\/uploads\/2024\/03\/classroom.jpg\" alt=\"\" class=\"wp-image-418\" srcset=\"https:\/\/www.academiaschool.edu\/wp-content\/uploads\/2024\/03\/classroom.jpg 640w, https:\/\/www.academiaschool.edu\/wp-content\/uploads\/2024\/03\/classroom-300x200.jpg 300w\" sizes=\"auto, (max-width: 640px) 100vw, 640px\" \/><\/figure>\n\n\n\n<figure class=\"wp-block-image size-large\"><img loading=\"lazy\" decoding=\"async\" width=\"1024\" height=\"768\" data-id=\"420\" src=\"https:\/\/www.academiaschool.edu\/wp-content\/uploads\/2024\/03\/IMG_2575-1024x768-1.jpg\" alt=\"\" class=\"wp-image-420\" srcset=\"https:\/\/www.academiaschool.edu\/wp-content\/uploads\/2024\/03\/IMG_2575-1024x768-1.jpg 1024w, https:\/\/www.academiaschool.edu\/wp-content\/uploads\/2024\/03\/IMG_2575-1024x768-1-300x225.jpg 300w, https:\/\/www.academiaschool.edu\/wp-content\/uploads\/2024\/03\/IMG_2575-1024x768-1-768x576.jpg 768w\" sizes=\"auto, (max-width: 1024px) 100vw, 1024px\" \/><\/figure>\n\n\n\n<figure class=\"wp-block-image size-large\"><img loading=\"lazy\" decoding=\"async\" width=\"762\" height=\"501\" data-id=\"405\" src=\"https:\/\/www.academiaschool.edu\/wp-content\/uploads\/2024\/03\/hiking02.jpg\" alt=\"Academia Language School\" class=\"wp-image-405\" srcset=\"https:\/\/www.academiaschool.edu\/wp-content\/uploads\/2024\/03\/hiking02.jpg 762w, https:\/\/www.academiaschool.edu\/wp-content\/uploads\/2024\/03\/hiking02-300x197.jpg 300w\" sizes=\"auto, (max-width: 762px) 100vw, 762px\" \/><\/figure>\n\n\n\n<figure class=\"wp-block-image size-large\"><img loading=\"lazy\" decoding=\"async\" width=\"1024\" height=\"576\" data-id=\"419\" src=\"https:\/\/www.academiaschool.edu\/wp-content\/uploads\/2024\/03\/IMG_1239-1024x576-1.jpg\" alt=\"\" class=\"wp-image-419\" srcset=\"https:\/\/www.academiaschool.edu\/wp-content\/uploads\/2024\/03\/IMG_1239-1024x576-1.jpg 1024w, https:\/\/www.academiaschool.edu\/wp-content\/uploads\/2024\/03\/IMG_1239-1024x576-1-300x169.jpg 300w, https:\/\/www.academiaschool.edu\/wp-content\/uploads\/2024\/03\/IMG_1239-1024x576-1-768x432.jpg 768w, https:\/\/www.academiaschool.edu\/wp-content\/uploads\/2024\/03\/IMG_1239-1024x576-1-320x180.jpg 320w, https:\/\/www.academiaschool.edu\/wp-content\/uploads\/2024\/03\/IMG_1239-1024x576-1-640x360.jpg 640w\" sizes=\"auto, (max-width: 1024px) 100vw, 1024px\" \/><\/figure>\n\n\n\n<figure class=\"wp-block-image size-large\"><img loading=\"lazy\" decoding=\"async\" width=\"1024\" height=\"683\" data-id=\"408\" src=\"https:\/\/www.academiaschool.edu\/wp-content\/uploads\/2024\/03\/373c345095c939960088c269fda1b126479b17a5-1024x683.webp\" alt=\"Academia Language School\" class=\"wp-image-408\" srcset=\"https:\/\/www.academiaschool.edu\/wp-content\/uploads\/2024\/03\/373c345095c939960088c269fda1b126479b17a5-1024x683.webp 1024w, https:\/\/www.academiaschool.edu\/wp-content\/uploads\/2024\/03\/373c345095c939960088c269fda1b126479b17a5-300x200.webp 300w, https:\/\/www.academiaschool.edu\/wp-content\/uploads\/2024\/03\/373c345095c939960088c269fda1b126479b17a5-768x512.webp 768w, https:\/\/www.academiaschool.edu\/wp-content\/uploads\/2024\/03\/373c345095c939960088c269fda1b126479b17a5.webp 1200w\" sizes=\"auto, (max-width: 1024px) 100vw, 1024px\" \/><\/figure>\n\n\n\n<figure class=\"wp-block-image size-large\"><img loading=\"lazy\" decoding=\"async\" width=\"1024\" height=\"768\" data-id=\"414\" src=\"https:\/\/www.academiaschool.edu\/wp-content\/uploads\/2024\/03\/69540459_10157677869164455_6972176722636570624_o-1024x768-1.jpg\" alt=\"\" class=\"wp-image-414\" srcset=\"https:\/\/www.academiaschool.edu\/wp-content\/uploads\/2024\/03\/69540459_10157677869164455_6972176722636570624_o-1024x768-1.jpg 1024w, https:\/\/www.academiaschool.edu\/wp-content\/uploads\/2024\/03\/69540459_10157677869164455_6972176722636570624_o-1024x768-1-300x225.jpg 300w, https:\/\/www.academiaschool.edu\/wp-content\/uploads\/2024\/03\/69540459_10157677869164455_6972176722636570624_o-1024x768-1-768x576.jpg 768w\" sizes=\"auto, (max-width: 1024px) 100vw, 1024px\" \/><\/figure>\n\n\n\n<figure class=\"wp-block-image size-large\"><img loading=\"lazy\" decoding=\"async\" width=\"453\" height=\"604\" data-id=\"417\" src=\"https:\/\/www.academiaschool.edu\/wp-content\/uploads\/2024\/03\/hiking-kokohead.jpg\" alt=\"\" class=\"wp-image-417\" srcset=\"https:\/\/www.academiaschool.edu\/wp-content\/uploads\/2024\/03\/hiking-kokohead.jpg 453w, https:\/\/www.academiaschool.edu\/wp-content\/uploads\/2024\/03\/hiking-kokohead-225x300.jpg 225w\" sizes=\"auto, (max-width: 453px) 100vw, 453px\" \/><\/figure>\n\n\n\n<figure class=\"wp-block-image size-large\"><img loading=\"lazy\" decoding=\"async\" width=\"600\" height=\"450\" data-id=\"416\" src=\"https:\/\/www.academiaschool.edu\/wp-content\/uploads\/2024\/03\/catamaran.jpg\" alt=\"\" class=\"wp-image-416\" srcset=\"https:\/\/www.academiaschool.edu\/wp-content\/uploads\/2024\/03\/catamaran.jpg 600w, https:\/\/www.academiaschool.edu\/wp-content\/uploads\/2024\/03\/catamaran-300x225.jpg 300w\" sizes=\"auto, (max-width: 600px) 100vw, 600px\" \/><\/figure>\n\n\n\n<figure class=\"wp-block-image size-large\"><img loading=\"lazy\" decoding=\"async\" width=\"960\" height=\"540\" data-id=\"426\" src=\"https:\/\/www.academiaschool.edu\/wp-content\/uploads\/2024\/03\/picnic02.jpg\" alt=\"\" class=\"wp-image-426\" srcset=\"https:\/\/www.academiaschool.edu\/wp-content\/uploads\/2024\/03\/picnic02.jpg 960w, https:\/\/www.academiaschool.edu\/wp-content\/uploads\/2024\/03\/picnic02-300x169.jpg 300w, https:\/\/www.academiaschool.edu\/wp-content\/uploads\/2024\/03\/picnic02-768x432.jpg 768w, https:\/\/www.academiaschool.edu\/wp-content\/uploads\/2024\/03\/picnic02-320x180.jpg 320w, https:\/\/www.academiaschool.edu\/wp-content\/uploads\/2024\/03\/picnic02-640x360.jpg 640w\" sizes=\"auto, (max-width: 960px) 100vw, 960px\" \/><\/figure>\n\n\n\n<figure class=\"wp-block-image size-large\"><img loading=\"lazy\" decoding=\"async\" width=\"960\" height=\"720\" data-id=\"430\" src=\"https:\/\/www.academiaschool.edu\/wp-content\/uploads\/2024\/03\/hiking-trail-sign.jpg\" alt=\"\" class=\"wp-image-430\" srcset=\"https:\/\/www.academiaschool.edu\/wp-content\/uploads\/2024\/03\/hiking-trail-sign.jpg 960w, https:\/\/www.academiaschool.edu\/wp-content\/uploads\/2024\/03\/hiking-trail-sign-300x225.jpg 300w, https:\/\/www.academiaschool.edu\/wp-content\/uploads\/2024\/03\/hiking-trail-sign-768x576.jpg 768w\" sizes=\"auto, (max-width: 960px) 100vw, 960px\" \/><\/figure>\n\n\n\n<figure class=\"wp-block-image size-large\"><img loading=\"lazy\" decoding=\"async\" width=\"900\" height=\"800\" data-id=\"421\" src=\"https:\/\/www.academiaschool.edu\/wp-content\/uploads\/2024\/03\/hiking-haleakala2-1.jpg\" alt=\"\" class=\"wp-image-421\" srcset=\"https:\/\/www.academiaschool.edu\/wp-content\/uploads\/2024\/03\/hiking-haleakala2-1.jpg 900w, https:\/\/www.academiaschool.edu\/wp-content\/uploads\/2024\/03\/hiking-haleakala2-1-300x267.jpg 300w, https:\/\/www.academiaschool.edu\/wp-content\/uploads\/2024\/03\/hiking-haleakala2-1-768x683.jpg 768w\" sizes=\"auto, (max-width: 900px) 100vw, 900px\" \/><\/figure>\n\n\n\n<figure class=\"wp-block-image size-large\"><img decoding=\"async\" data-id=\"250\" src=\"https:\/\/www.academiaschool.edu\/wp-content\/uploads\/2024\/03\/&#x30B9;&#x30AF;&#x30EA;&#x30FC;&#x30F3;&#x30B7;&#x30E7;&#x30C3;&#x30C8;-2024-03-21-&#x5348;&#x5F8C;9.54.24-1024x689.png\" alt=\"Academia Language School\" class=\"wp-image-250\"\/><\/figure>\n\n\n\n<figure class=\"wp-block-image size-large\"><img loading=\"lazy\" decoding=\"async\" width=\"412\" height=\"434\" data-id=\"423\" src=\"https:\/\/www.academiaschool.edu\/wp-content\/uploads\/2024\/03\/halloweenparty.jpg\" alt=\"\" class=\"wp-image-423\" srcset=\"https:\/\/www.academiaschool.edu\/wp-content\/uploads\/2024\/03\/halloweenparty.jpg 412w, https:\/\/www.academiaschool.edu\/wp-content\/uploads\/2024\/03\/halloweenparty-285x300.jpg 285w\" sizes=\"auto, (max-width: 412px) 100vw, 412px\" \/><\/figure>\n\n\n\n<figure class=\"wp-block-image size-large\"><img loading=\"lazy\" decoding=\"async\" width=\"1024\" height=\"683\" data-id=\"424\" src=\"https:\/\/www.academiaschool.edu\/wp-content\/uploads\/2024\/03\/surfer-in-water-1024x683-1.jpg\" alt=\"\" class=\"wp-image-424\" srcset=\"https:\/\/www.academiaschool.edu\/wp-content\/uploads\/2024\/03\/surfer-in-water-1024x683-1.jpg 1024w, https:\/\/www.academiaschool.edu\/wp-content\/uploads\/2024\/03\/surfer-in-water-1024x683-1-300x200.jpg 300w, https:\/\/www.academiaschool.edu\/wp-content\/uploads\/2024\/03\/surfer-in-water-1024x683-1-768x512.jpg 768w\" sizes=\"auto, (max-width: 1024px) 100vw, 1024px\" \/><\/figure>\n<\/figure>\n<section class=\"b--jinr-block b--jinr-blogcard d--blogcard-hover-up d--blogcard-style1 d--blogcard-mysite t--round \"><div class=\"a--blogcard-label ef\">Related Page<\/div><a class=\"o--blogcard-link t--round\" href=\"https:\/\/www.academiaschool.edu\/reason\/\"><div class=\"c--blogcard-image\"><img loading=\"lazy\" decoding=\"async\" class=\"a--blogcard-img-src\" width=\"128\" height=\"72\" src=\"https:\/\/www.academiaschool.edu\/wp-content\/uploads\/2025\/02\/\u540d\u79f0\u672a\u8a2d\u5b9a\u306e\u30c7\u30b6\u30a4\u30f3-7.png\" alt=\"Reasons for Choosing\" \/><\/div><div class=\"a--blogcard-title d--bold\">Reasons for Choosing<\/div><\/a><\/section>","protected":false},"excerpt":{"rendered":"<p>Vida estudiantil \u00fanica y agradable En Academia Language School, los alumnos pueden participar en diversas actividades e interacciones sociales que utilizan el ingl\u00e9s de forma divertida. Por ejemplo, ofrecemos clases optativas en las que los alumnos pueden aprender a tocar el ukelele, y organizamos visitas a jardines bot\u00e1nicos y comidas en la playa de Ala [&hellip;]<\/p>\n","protected":false},"author":1,"featured_media":0,"parent":5601,"menu_order":0,"comment_status":"closed","ping_status":"closed","template":"","meta":{"_jinr_url_youtube":"","_jinr_pip_youtube":false,"_jinr_time_youtube":"","_jinr_thumb_youtube":"","_jinr_media_youtube":"","_jinr_category_edit":false,"_jinr_category":"","_jinr_title_display":false,"_jinr_snsbutton_display":false,"_jinr_ads_display":false,"_jinr_thumbnail_display":false,"_jinr_profile_display":false,"_jinr_representations_display":false,"_jinr_relatedpost_display":false,"_jinr_sidebar1col_display":false,"_jinr_sidebar2col_display":false,"_jinr_seotitle_display":"","_jinr_description_display":"","_jinr_keyword_display":"","_jinr_hastag_display":"","_jinr_canonical_display":"","_jinr_noindex_display":false,"_jinr_paidpost":false,"_jinr_paidpost_product_id":"","_jinr_headtag_article":"","footnotes":""},"class_list":["post-5613","page","type-page","status-publish","hentry"],"_links":{"self":[{"href":"https:\/\/www.academiaschool.edu\/es\/wp-json\/wp\/v2\/pages\/5613","targetHints":{"allow":["GET"]}}],"collection":[{"href":"https:\/\/www.academiaschool.edu\/es\/wp-json\/wp\/v2\/pages"}],"about":[{"href":"https:\/\/www.academiaschool.edu\/es\/wp-json\/wp\/v2\/types\/page"}],"author":[{"embeddable":true,"href":"https:\/\/www.academiaschool.edu\/es\/wp-json\/wp\/v2\/users\/1"}],"replies":[{"embeddable":true,"href":"https:\/\/www.academiaschool.edu\/es\/wp-json\/wp\/v2\/comments?post=5613"}],"version-history":[{"count":3,"href":"https:\/\/www.academiaschool.edu\/es\/wp-json\/wp\/v2\/pages\/5613\/revisions"}],"predecessor-version":[{"id":5616,"href":"https:\/\/www.academiaschool.edu\/es\/wp-json\/wp\/v2\/pages\/5613\/revisions\/5616"}],"up":[{"embeddable":true,"href":"https:\/\/www.academiaschool.edu\/es\/wp-json\/wp\/v2\/pages\/5601"}],"wp:attachment":[{"href":"https:\/\/www.academiaschool.edu\/es\/wp-json\/wp\/v2\/media?parent=5613"}],"curies":[{"name":"wp","href":"https:\/\/api.w.org\/{rel}","templated":true}]}}