{"id":5609,"date":"2024-03-20T17:48:57","date_gmt":"2024-03-21T03:48:57","guid":{"rendered":"https:\/\/academia-school.net\/razones-para-elegir\/profesorado-con-experiencia\/"},"modified":"2024-04-24T11:20:01","modified_gmt":"2024-04-24T21:20:01","slug":"profesorado-con-experiencia","status":"publish","type":"page","link":"https:\/\/www.academiaschool.edu\/es\/razones-para-elegir\/profesorado-con-experiencia\/","title":{"rendered":"Profesorado con experiencia"},"content":{"rendered":"\n<section class=\"wp-block-jinr-blocks-fullwidth b--jinr-block b--jinr-fullwidth-container d--top-margin-xs-pc d--bottom-margin-xs-pc d--top-margin-xs-sp d--bottom-margin-xs-sp \"><section class=\"b--jinr-fullwidth d--fullwidth-parallax-off d--fullwidth-deco-bgimage\"><div class=\"a--jinr-fullwidth-image\"><div class=\"a--jinr-fullwidth-image-clip\"><img decoding=\"async\" src=\"https:\/\/www.academiaschool.edu\/wp-content\/uploads\/2024\/03\/\u30b9\u30af\u30ea\u30fc\u30f3\u30b7\u30e7\u30c3\u30c8-2024-03-26-\u5348\u5f8c8.21.16.webp\"\/><\/div><\/div><div class=\"a--jinr-fullwidth-overlay\" style=\"background-color:#222222;opacity:0.15\"><\/div><div class=\"d--fullwidth-100 d--fullwidth-pad40 d--fullwidth-pad0-sp t--main-width\" style=\"color:false\">\n<p class=\"has-text-align-center has-white-color has-text-color has-link-color wp-elements-291ee0c5f555f568f3881758803b5971\"><span class=\"jinr-d--font-size d--fontsize-36px\"><strong><strong>Profesorado con experiencia<\/strong><\/strong><\/span><\/p>\n<\/div><\/section><\/section>\n\n<p>Nuestro profesorado ama de verdad esta escuela y a sus alumnos, y ense\u00f1a con sinceridad y entusiasmo cada d\u00eda. Muchos de nuestros profesores llevan con nosotros m\u00e1s de diez a\u00f1os, lo que constituye uno de nuestros puntos fuertes. Esta larga trayectoria refleja su profunda experiencia y compromiso, lo que nos permite ofrecer clases de ingl\u00e9s de gran calidad. Aqu\u00ed te presentamos a algunos de nuestros dedicados instructores.<\/p>\n\n<h2 class=\"wp-block-heading jinr-heading d--bold\"><strong>LARRY : Director de Programas Ling\u00fc\u00edsticos<\/strong><\/h2>\n\n<div class=\"wp-block-media-text is-stacked-on-mobile is-vertically-aligned-top\" style=\"grid-template-columns:24% auto\"><figure class=\"wp-block-media-text__media\"><img loading=\"lazy\" decoding=\"async\" width=\"155\" height=\"222\" src=\"https:\/\/www.academiaschool.edu\/wp-content\/uploads\/2024\/03\/Larry1-e1711352084764.jpg\" alt=\"\u30e9\u30ea\u30fc\u5148\u751f\" class=\"wp-image-411 size-full\"\/><\/figure><div class=\"wp-block-media-text__content\">\n<p>Durante varios a\u00f1os, Larry Rhodes fue reportero de asuntos internacionales para la Shin&#8217;etsu Broadcasting Company de Jap\u00f3n, donde tambi\u00e9n present\u00f3 su propia serie de televisi\u00f3n. Lleg\u00f3 a Honolulu para estudiar en la Universidad de Hawai en Manoa, pero pidi\u00f3 una excedencia para incorporarse al Departamento de Econom\u00eda de la Universidad Shinshu con el fin de realizar una investigaci\u00f3n sobre el empleo juvenil para un doctorado en Ciencias Pol\u00edticas. All\u00ed se le concedi\u00f3 una audiencia con Sus Majestades el Emperador y la Emperatriz de Jap\u00f3n para hablar de los resultados de su investigaci\u00f3n, que posteriormente se public\u00f3. Entre sus publicaciones figuran \u00abHomeroom Teachers in Japan\u00bb, <em>National Forum: Phi Kappa Phi Journal,<\/em> invierno de 1994, y \u00abDe la escuela al trabajo en Jap\u00f3n\u00bb, <em>Compare,<\/em> octubre de 1996. M\u00e1s recientemente, ha publicado trabajos sobre la utilidad de la diagramaci\u00f3n de frases en la ense\u00f1anza de ingl\u00e9s como lengua extranjera en la revista de Hawaii TESOL, <em>The Word<\/em>. Al haber estado completamente inmerso en la lengua y la cultura de otro pa\u00eds, Larry es sensible a las dificultades a las que se enfrentan los estudiantes al vivir en Estados Unidos y aprender ingl\u00e9s. Como Director de Programas Ling\u00fc\u00edsticos de Academia, se esfuerza por seguir desarrollando cursos que satisfagan los variados intereses del diverso alumnado de la escuela.<\/p>\n<\/div><\/div>\n\n<h2 class=\"wp-block-heading jinr-heading d--bold\"><strong>KIMBERLY : Subdirectora de Programas Ling\u00fc\u00edsticos<\/strong><\/h2>\n\n<div class=\"wp-block-media-text is-stacked-on-mobile\" style=\"grid-template-columns:26% auto\"><figure class=\"wp-block-media-text__media\"><img loading=\"lazy\" decoding=\"async\" width=\"170\" height=\"227\" src=\"https:\/\/www.academiaschool.edu\/wp-content\/uploads\/2024\/03\/Kimberly1.jpg\" alt=\"Kimberly\" class=\"wp-image-410 size-full\"\/><\/figure><div class=\"wp-block-media-text__content\">\n<p><br\/>Kimberly L. naci\u00f3 en Saginaw, Michigan. Es licenciada en Marketing por la Western Michigan University. Kimberly, que trabaja en la escuela desde 1995, es la empleada con m\u00e1s antig\u00fcedad de Academia Language School. Antes de asumir su actual cargo administrativo, Kimberly ense\u00f1\u00f3 ESL durante muchos a\u00f1os en la escuela. Aunque no afirma dominar ninguna lengua en particular, est\u00e1 familiarizada con varias. Sus intereses incluyen leer, hornear y criar a sus dos hijos.<\/p>\n<\/div><\/div>\n\n<h2 class=\"wp-block-heading jinr-heading d--bold\"><strong>SEAN : Instructor<\/strong><\/h2>\n\n<div class=\"wp-block-media-text is-stacked-on-mobile\" style=\"grid-template-columns:27% auto\"><figure class=\"wp-block-media-text__media\"><img loading=\"lazy\" decoding=\"async\" width=\"170\" height=\"227\" src=\"https:\/\/www.academiaschool.edu\/wp-content\/uploads\/2024\/03\/Sean1.jpg\" alt=\"Sean\" class=\"wp-image-413 size-full\"\/><\/figure><div class=\"wp-block-media-text__content\">\n<p>Sean Flannagan naci\u00f3 y creci\u00f3 en Kansas. Es licenciado en Estudios Teatrales y Cinematogr\u00e1ficos por la Universidad de Kansas. Adem\u00e1s, tiene la certificaci\u00f3n internacional TEFL TESOL (ITT). Escritor de talento, Sean fue finalista de los Screenwriters&#8217; Showcase Awards y semifinalista del Concurso Anual de Guiones y Ficci\u00f3n de la Red de Escritores. Sean ense\u00f1\u00f3 ingl\u00e9s durante cuatro a\u00f1os en Jap\u00f3n antes de venir a Academia Language School y tiene conocimientos pr\u00e1cticos de japon\u00e9s. Entre sus aficiones est\u00e1n el senderismo y jugar al tenis.<\/p>\n<\/div><\/div>\n\n<h2 class=\"wp-block-heading jinr-heading d--bold\"><strong>CHRISTINE : Instructora<\/strong><\/h2>\n\n<div class=\"wp-block-media-text is-stacked-on-mobile\" style=\"grid-template-columns:29% auto\"><figure class=\"wp-block-media-text__media\"><img loading=\"lazy\" decoding=\"async\" width=\"768\" height=\"1024\" src=\"https:\/\/www.academiaschool.edu\/wp-content\/uploads\/2024\/03\/Christine-Bio-e1530141205943-768x1024-1.jpg\" alt=\"\u30af\u30ea\u30b9\u30c6\u30a3\u30f3\" class=\"wp-image-415 size-full\" srcset=\"https:\/\/www.academiaschool.edu\/wp-content\/uploads\/2024\/03\/Christine-Bio-e1530141205943-768x1024-1.jpg 768w, https:\/\/www.academiaschool.edu\/wp-content\/uploads\/2024\/03\/Christine-Bio-e1530141205943-768x1024-1-225x300.jpg 225w\" sizes=\"auto, (max-width: 768px) 100vw, 768px\" \/><\/figure><div class=\"wp-block-media-text__content\">\n<p>Christine Mahelona naci\u00f3 en Honolulu, Hawai. Es licenciada y m\u00e1ster en Lengua y Literatura Francesas por la Universidad de Hawai en Manoa. Tambi\u00e9n obtuvo el Diplome au Niveau Superieur en Lengua y Literatura Francesas por la Universidad de Par\u00eds en la Sorbona y un certificado en TESOL por el Trinity College de Londres. Ha ense\u00f1ado ESL en Jap\u00f3n, Espa\u00f1a y Polonia. Adem\u00e1s de franc\u00e9s, aprendi\u00f3 fin\u00e9s viviendo un par de a\u00f1os en Finlandia. Antes de incorporarse a Academia Language School, Christine ense\u00f1\u00f3 franc\u00e9s, ingl\u00e9s y ESL en la Hawaii Pacific University durante diez a\u00f1os. En su tiempo libre, a Christine le gusta leer, escuchar m\u00fasica, nadar, comer chocolate y ser voluntaria en su iglesia y en el programa Scoutreach de los Boy Scouts of America.<\/p>\n<\/div><\/div>\n<section class=\"b--jinr-block b--jinr-blogcard d--blogcard-hover-up d--blogcard-style1 d--blogcard-mysite t--round \"><div class=\"a--blogcard-label ef\">Related Page<\/div><a class=\"o--blogcard-link t--round\" href=\"https:\/\/www.academiaschool.edu\/reason\/\"><div class=\"c--blogcard-image\"><img loading=\"lazy\" decoding=\"async\" class=\"a--blogcard-img-src\" width=\"128\" height=\"72\" src=\"https:\/\/www.academiaschool.edu\/wp-content\/uploads\/2025\/02\/\u540d\u79f0\u672a\u8a2d\u5b9a\u306e\u30c7\u30b6\u30a4\u30f3-7.png\" alt=\"Reasons for Choosing\" \/><\/div><div class=\"a--blogcard-title d--bold\">Reasons for Choosing<\/div><\/a><\/section>","protected":false},"excerpt":{"rendered":"<p>Nuestro profesorado ama de verdad esta escuela y a sus alumnos, y ense\u00f1a con sinceridad y entusiasmo cada d\u00eda. Muchos de nuestros profesores llevan con nosotros m\u00e1s de diez a\u00f1os, lo que constituye uno de nuestros puntos fuertes. Esta larga trayectoria refleja su profunda experiencia y compromiso, lo que nos permite ofrecer clases de ingl\u00e9s [&hellip;]<\/p>\n","protected":false},"author":1,"featured_media":0,"parent":5601,"menu_order":0,"comment_status":"closed","ping_status":"closed","template":"","meta":{"_jinr_url_youtube":"","_jinr_pip_youtube":false,"_jinr_time_youtube":"","_jinr_thumb_youtube":"","_jinr_media_youtube":"","_jinr_category_edit":false,"_jinr_category":"","_jinr_title_display":false,"_jinr_snsbutton_display":false,"_jinr_ads_display":false,"_jinr_thumbnail_display":false,"_jinr_profile_display":false,"_jinr_representations_display":false,"_jinr_relatedpost_display":false,"_jinr_sidebar1col_display":false,"_jinr_sidebar2col_display":false,"_jinr_seotitle_display":"","_jinr_description_display":"","_jinr_keyword_display":"","_jinr_hastag_display":"","_jinr_canonical_display":"","_jinr_noindex_display":false,"_jinr_paidpost":false,"_jinr_paidpost_product_id":"","_jinr_headtag_article":"","footnotes":""},"class_list":["post-5609","page","type-page","status-publish","hentry"],"_links":{"self":[{"href":"https:\/\/www.academiaschool.edu\/es\/wp-json\/wp\/v2\/pages\/5609","targetHints":{"allow":["GET"]}}],"collection":[{"href":"https:\/\/www.academiaschool.edu\/es\/wp-json\/wp\/v2\/pages"}],"about":[{"href":"https:\/\/www.academiaschool.edu\/es\/wp-json\/wp\/v2\/types\/page"}],"author":[{"embeddable":true,"href":"https:\/\/www.academiaschool.edu\/es\/wp-json\/wp\/v2\/users\/1"}],"replies":[{"embeddable":true,"href":"https:\/\/www.academiaschool.edu\/es\/wp-json\/wp\/v2\/comments?post=5609"}],"version-history":[{"count":3,"href":"https:\/\/www.academiaschool.edu\/es\/wp-json\/wp\/v2\/pages\/5609\/revisions"}],"predecessor-version":[{"id":5612,"href":"https:\/\/www.academiaschool.edu\/es\/wp-json\/wp\/v2\/pages\/5609\/revisions\/5612"}],"up":[{"embeddable":true,"href":"https:\/\/www.academiaschool.edu\/es\/wp-json\/wp\/v2\/pages\/5601"}],"wp:attachment":[{"href":"https:\/\/www.academiaschool.edu\/es\/wp-json\/wp\/v2\/media?parent=5609"}],"curies":[{"name":"wp","href":"https:\/\/api.w.org\/{rel}","templated":true}]}}