{"id":5605,"date":"2024-03-24T15:54:15","date_gmt":"2024-03-25T01:54:15","guid":{"rendered":"https:\/\/academia-school.net\/razones-para-elegir\/acceso-a-la-universidad\/"},"modified":"2024-04-24T11:19:48","modified_gmt":"2024-04-24T21:19:48","slug":"acceso-a-la-universidad","status":"publish","type":"page","link":"https:\/\/www.academiaschool.edu\/es\/razones-para-elegir\/acceso-a-la-universidad\/","title":{"rendered":"Acceso a la Universidad"},"content":{"rendered":"\n<section class=\"wp-block-jinr-blocks-fullwidth b--jinr-block b--jinr-fullwidth-container d--top-margin-xs-pc d--bottom-margin-xs-pc d--top-margin-xs-sp d--bottom-margin-xs-sp \"><section class=\"b--jinr-fullwidth d--fullwidth-parallax-off d--fullwidth-deco-bgimage\"><div class=\"a--jinr-fullwidth-image\"><div class=\"a--jinr-fullwidth-image-clip\"><img decoding=\"async\" src=\"https:\/\/www.academiaschool.edu\/wp-content\/uploads\/2024\/03\/\u30b9\u30af\u30ea\u30fc\u30f3\u30b7\u30e7\u30c3\u30c8-2024-03-26-\u5348\u5f8c8.21.16.webp\"\/><\/div><\/div><div class=\"a--jinr-fullwidth-overlay\" style=\"background-color:#222222;opacity:0.15\"><\/div><div class=\"d--fullwidth-100 d--fullwidth-pad40 d--fullwidth-pad0-sp t--main-width\" style=\"color:false\">\n<p class=\"has-text-align-center has-white-color has-text-color has-link-color wp-elements-3e96840566c200dac546498fa3a27caf\"><span class=\"jinr-d--font-size d--fontsize-36px\"><strong><strong>Acceso a la Universidad<\/strong><\/strong><\/span><\/p>\n<\/div><\/section><\/section>\n<div class=\"wp-block-image\">\n<figure class=\"aligncenter size-full\"><img loading=\"lazy\" decoding=\"async\" width=\"150\" height=\"150\" src=\"https:\/\/www.academiaschool.edu\/wp-content\/uploads\/2024\/03\/kapiolani-community-college.gif\" alt=\"\" class=\"wp-image-355\"\/><\/figure>\n<\/div>\n<section class=\"wp-block-jinr-blocks-simplebox b--jinr-block-container\"><div class=\"b--jinr-block b--jinr-box d--simple-box10  \"><div class=\"c--simple-box-inner\">\n<p class=\"has-text-align-center\"><strong>Kapiolani Community College &#8211; Escuela de Idiomas Academia<br\/>Programa Puente<\/strong><\/p>\n<\/div><\/div><\/section>\n\n<p>Estamos orgullosos de nuestra larga asociaci\u00f3n formal con el Kapi&#8217;olani Community College, que forma parte de la Universidad de Hawai. Esta colaboraci\u00f3n permite a nuestros graduados no s\u00f3lo obtener cr\u00e9ditos para programas de grado en el Kapi&#8217;olani Community College, sino tambi\u00e9n transferir cr\u00e9ditos a otros campus del sistema de la Universidad de Hawai y a otras universidades de Estados Unidos.<\/p>\n\n<p>Cuando nuestros estudiantes aprueban Conversaci\u00f3n Avanzada II, pueden pasar directamente a cursos con cr\u00e9ditos en el Kapi&#8217;olani Community College sin necesidad de realizar el TOEFL u otras pruebas de dominio del ingl\u00e9s.<\/p>\n\n<p>Los alumnos que deseen acceder a la Universidad de Hawaii en el Kapi&#8217;olani Community College pueden presentar su solicitud de admisi\u00f3n a nuestro director, junto con la petici\u00f3n de expedici\u00f3n de certificados de notas y documentos explicativos. Estos documentos pueden presentarse como parte de los materiales de solicitud necesarios para la admisi\u00f3n en el Kapi&#8217;olani Community College.<\/p>\n\n<p>Enlace relacionado: <a href=\"https:\/\/www.kapiolani.hawaii.edu\/\" data-type=\"link\" data-id=\"https:\/\/www.kapiolani.hawaii.edu\/\">Colegio Comunitario Kapi&#8217;olani<\/a><\/p>\n<section class=\"b--jinr-block b--jinr-blogcard d--blogcard-hover-up d--blogcard-style1 d--blogcard-mysite t--round \"><div class=\"a--blogcard-label ef\">Related Page<\/div><a class=\"o--blogcard-link t--round\" href=\"https:\/\/www.academiaschool.edu\/reason\/\"><div class=\"c--blogcard-image\"><img loading=\"lazy\" decoding=\"async\" class=\"a--blogcard-img-src\" width=\"128\" height=\"72\" src=\"https:\/\/www.academiaschool.edu\/wp-content\/uploads\/2025\/02\/\u540d\u79f0\u672a\u8a2d\u5b9a\u306e\u30c7\u30b6\u30a4\u30f3-7.png\" alt=\"Reasons for Choosing\" \/><\/div><div class=\"a--blogcard-title d--bold\">Reasons for Choosing<\/div><\/a><\/section>","protected":false},"excerpt":{"rendered":"<p>Estamos orgullosos de nuestra larga asociaci\u00f3n formal con el Kapi&#8217;olani Community College, que forma parte de la Universidad de Hawai. Esta colaboraci\u00f3n permite a nuestros graduados no s\u00f3lo obtener cr\u00e9ditos para programas de grado en el Kapi&#8217;olani Community College, sino tambi\u00e9n transferir cr\u00e9ditos a otros campus del sistema de la Universidad de Hawai y a [&hellip;]<\/p>\n","protected":false},"author":1,"featured_media":0,"parent":5601,"menu_order":0,"comment_status":"closed","ping_status":"closed","template":"","meta":{"_jinr_url_youtube":"","_jinr_pip_youtube":false,"_jinr_time_youtube":"","_jinr_thumb_youtube":"","_jinr_media_youtube":"","_jinr_category_edit":false,"_jinr_category":"","_jinr_title_display":false,"_jinr_snsbutton_display":false,"_jinr_ads_display":false,"_jinr_thumbnail_display":false,"_jinr_profile_display":false,"_jinr_representations_display":false,"_jinr_relatedpost_display":false,"_jinr_sidebar1col_display":false,"_jinr_sidebar2col_display":false,"_jinr_seotitle_display":"","_jinr_description_display":"","_jinr_keyword_display":"","_jinr_hastag_display":"","_jinr_canonical_display":"","_jinr_noindex_display":false,"_jinr_paidpost":false,"_jinr_paidpost_product_id":"","_jinr_headtag_article":"","footnotes":""},"class_list":["post-5605","page","type-page","status-publish","hentry"],"_links":{"self":[{"href":"https:\/\/www.academiaschool.edu\/es\/wp-json\/wp\/v2\/pages\/5605","targetHints":{"allow":["GET"]}}],"collection":[{"href":"https:\/\/www.academiaschool.edu\/es\/wp-json\/wp\/v2\/pages"}],"about":[{"href":"https:\/\/www.academiaschool.edu\/es\/wp-json\/wp\/v2\/types\/page"}],"author":[{"embeddable":true,"href":"https:\/\/www.academiaschool.edu\/es\/wp-json\/wp\/v2\/users\/1"}],"replies":[{"embeddable":true,"href":"https:\/\/www.academiaschool.edu\/es\/wp-json\/wp\/v2\/comments?post=5605"}],"version-history":[{"count":3,"href":"https:\/\/www.academiaschool.edu\/es\/wp-json\/wp\/v2\/pages\/5605\/revisions"}],"predecessor-version":[{"id":5608,"href":"https:\/\/www.academiaschool.edu\/es\/wp-json\/wp\/v2\/pages\/5605\/revisions\/5608"}],"up":[{"embeddable":true,"href":"https:\/\/www.academiaschool.edu\/es\/wp-json\/wp\/v2\/pages\/5601"}],"wp:attachment":[{"href":"https:\/\/www.academiaschool.edu\/es\/wp-json\/wp\/v2\/media?parent=5605"}],"curies":[{"name":"wp","href":"https:\/\/api.w.org\/{rel}","templated":true}]}}