{"id":5597,"date":"2024-03-24T08:06:46","date_gmt":"2024-03-24T18:06:46","guid":{"rendered":"https:\/\/academia-school.net\/preparacion-toeic-y-toefl\/"},"modified":"2024-04-24T11:19:25","modified_gmt":"2024-04-24T21:19:25","slug":"preparacion-toeic-y-toefl","status":"publish","type":"page","link":"https:\/\/www.academiaschool.edu\/es\/preparacion-toeic-y-toefl\/","title":{"rendered":"Preparaci\u00f3n TOEIC y TOEFL"},"content":{"rendered":"\n<section class=\"wp-block-jinr-blocks-fullwidth b--jinr-block b--jinr-fullwidth-container d--top-margin-xs-pc d--bottom-margin-xs-pc d--top-margin-xs-sp d--bottom-margin-xs-sp \"><section class=\"b--jinr-fullwidth d--fullwidth-parallax-off d--fullwidth-deco-bgimage\"><div class=\"a--jinr-fullwidth-image\"><div class=\"a--jinr-fullwidth-image-clip\"><img decoding=\"async\" src=\"https:\/\/www.academiaschool.edu\/wp-content\/uploads\/2024\/03\/leo_visions-fMyaQWQrwwU-unsplash.webp\"\/><\/div><\/div><div class=\"a--jinr-fullwidth-overlay\" style=\"background-color:#f5f5f5;opacity:0\"><\/div><div class=\"d--fullwidth-100 d--fullwidth-pad40 d--fullwidth-pad0-sp t--main-width\" style=\"color:false\">\n<p class=\"has-text-align-center has-white-color has-text-color has-link-color wp-elements-cde05628afcc50a6a137ee5a3ce67e73\"><span class=\"jinr-d--font-size d--fontsize-36px\"><strong><strong>Preparaci\u00f3n TOEIC y TOEFL  <\/strong><\/strong><\/span><\/p>\n<\/div><\/section><\/section>\n\n<h2 class=\"wp-block-heading jinr-heading d--bold\"><strong>Preparaci\u00f3n TOEIC y TOEFL (Preparaci\u00f3n de ex\u00e1menes)<\/strong><\/h2>\n\n<h3 class=\"wp-block-heading jinr-heading d--bold\"><strong>Clase de preparaci\u00f3n para el TOEIC<\/strong><\/h3>\n\n<p>La clase de preparaci\u00f3n para el TOEIC se ofrece como optativa en cada nivel. Estas clases se centran en aprender estrategias para hacer ex\u00e1menes, mejorar la comprensi\u00f3n lectora y las habilidades auditivas, repasar preguntas de muestra y hacer ex\u00e1menes de pr\u00e1ctica.<\/p>\n\n<p>Adem\u00e1s de las clases de preparaci\u00f3n para el TOEIC, los estudiantes tambi\u00e9n pueden matricularse en otras clases, como los cursos de habilidades integradas o de ingl\u00e9s comprensivo, que complementan los objetivos de las clases del TOEIC y mejoran a\u00fan m\u00e1s las destrezas de lectura y comprensi\u00f3n oral.<\/p>\n\n<p>Como \u00fanico centro oficial de ex\u00e1menes TOEIC en Hawai, nuestra escuela ofrece a los estudiantes la comodidad de preparar y realizar el examen en un entorno familiar.<\/p>\n\n<h3 class=\"wp-block-heading jinr-heading d--bold\"><strong>Clase de preparaci\u00f3n para el TOEFL<\/strong><\/h3>\n\n<p>La clase de preparaci\u00f3n para el TOEFL tambi\u00e9n se ofrece como optativa en cada nivel. En estas clases, los estudiantes aprenden estrategias para el examen y desarrollan habilidades de expresi\u00f3n oral, comprensi\u00f3n auditiva, lectura y escritura mediante clases de preparaci\u00f3n para el TOEFL cuidadosamente dise\u00f1adas y dirigidas por profesionales.<\/p>\n\n<p>A lo largo del semestre, los estudiantes tienen m\u00faltiples oportunidades de hacer pruebas de pr\u00e1ctica, lo que les permite controlar su progreso a medida que avanza el curso. Adem\u00e1s, nuestra escuela ofrece cursos de Habilidades Integradas y de Ingl\u00e9s Comprensivo que complementan los objetivos de las clases de TOEFL y proporcionan m\u00e1s oportunidades para mejorar las destrezas de lectura, escritura, comprensi\u00f3n auditiva y expresi\u00f3n oral.<\/p>\n<section class=\"b--jinr-block b--jinr-blogcard d--blogcard-hover-up d--blogcard-style1 d--blogcard-mysite t--round \"><div class=\"a--blogcard-label ef\">Related Page<\/div><a class=\"o--blogcard-link t--round\" href=\"https:\/\/www.academiaschool.edu\/programs\/\"><div class=\"c--blogcard-image\"><img loading=\"lazy\" decoding=\"async\" class=\"a--blogcard-img-src\" width=\"128\" height=\"72\" src=\"https:\/\/www.academiaschool.edu\/wp-content\/uploads\/2025\/02\/\u540d\u79f0\u672a\u8a2d\u5b9a\u306e\u30c7\u30b6\u30a4\u30f3-7.png\" alt=\"Overview of the Program\" \/><\/div><div class=\"a--blogcard-title d--bold\">Overview of the Program<\/div><\/a><\/section>","protected":false},"excerpt":{"rendered":"<p>Preparaci\u00f3n TOEIC y TOEFL (Preparaci\u00f3n de ex\u00e1menes) Clase de preparaci\u00f3n para el TOEIC La clase de preparaci\u00f3n para el TOEIC se ofrece como optativa en cada nivel. Estas clases se centran en aprender estrategias para hacer ex\u00e1menes, mejorar la comprensi\u00f3n lectora y las habilidades auditivas, repasar preguntas de muestra y hacer ex\u00e1menes de pr\u00e1ctica. Adem\u00e1s [&hellip;]<\/p>\n","protected":false},"author":1,"featured_media":0,"parent":0,"menu_order":0,"comment_status":"closed","ping_status":"closed","template":"","meta":{"_jinr_url_youtube":"","_jinr_pip_youtube":false,"_jinr_time_youtube":"","_jinr_thumb_youtube":"","_jinr_media_youtube":"","_jinr_category_edit":false,"_jinr_category":"","_jinr_title_display":false,"_jinr_snsbutton_display":false,"_jinr_ads_display":false,"_jinr_thumbnail_display":false,"_jinr_profile_display":false,"_jinr_representations_display":false,"_jinr_relatedpost_display":false,"_jinr_sidebar1col_display":false,"_jinr_sidebar2col_display":false,"_jinr_seotitle_display":"","_jinr_description_display":"","_jinr_keyword_display":"","_jinr_hastag_display":"","_jinr_canonical_display":"","_jinr_noindex_display":false,"_jinr_paidpost":false,"_jinr_paidpost_product_id":"","_jinr_headtag_article":"","footnotes":""},"class_list":["post-5597","page","type-page","status-publish","hentry"],"_links":{"self":[{"href":"https:\/\/www.academiaschool.edu\/es\/wp-json\/wp\/v2\/pages\/5597","targetHints":{"allow":["GET"]}}],"collection":[{"href":"https:\/\/www.academiaschool.edu\/es\/wp-json\/wp\/v2\/pages"}],"about":[{"href":"https:\/\/www.academiaschool.edu\/es\/wp-json\/wp\/v2\/types\/page"}],"author":[{"embeddable":true,"href":"https:\/\/www.academiaschool.edu\/es\/wp-json\/wp\/v2\/users\/1"}],"replies":[{"embeddable":true,"href":"https:\/\/www.academiaschool.edu\/es\/wp-json\/wp\/v2\/comments?post=5597"}],"version-history":[{"count":3,"href":"https:\/\/www.academiaschool.edu\/es\/wp-json\/wp\/v2\/pages\/5597\/revisions"}],"predecessor-version":[{"id":5600,"href":"https:\/\/www.academiaschool.edu\/es\/wp-json\/wp\/v2\/pages\/5597\/revisions\/5600"}],"wp:attachment":[{"href":"https:\/\/www.academiaschool.edu\/es\/wp-json\/wp\/v2\/media?parent=5597"}],"curies":[{"name":"wp","href":"https:\/\/api.w.org\/{rel}","templated":true}]}}