{"id":5593,"date":"2024-03-21T12:21:44","date_gmt":"2024-03-21T22:21:44","guid":{"rendered":"https:\/\/academia-school.net\/clases-particulares\/"},"modified":"2024-04-24T11:19:13","modified_gmt":"2024-04-24T21:19:13","slug":"clases-particulares","status":"publish","type":"page","link":"https:\/\/www.academiaschool.edu\/es\/clases-particulares\/","title":{"rendered":"Clases particulares"},"content":{"rendered":"\n<section class=\"wp-block-jinr-blocks-fullwidth b--jinr-block b--jinr-fullwidth-container d--top-margin-xs-pc d--bottom-margin-xs-pc d--top-margin-xs-sp d--bottom-margin-xs-sp \"><section class=\"b--jinr-fullwidth d--fullwidth-parallax-off d--fullwidth-deco-bgimage\"><div class=\"a--jinr-fullwidth-image\"><div class=\"a--jinr-fullwidth-image-clip\"><img decoding=\"async\" src=\"https:\/\/www.academiaschool.edu\/wp-content\/uploads\/2024\/03\/leo_visions-fMyaQWQrwwU-unsplash.webp\"\/><\/div><\/div><div class=\"a--jinr-fullwidth-overlay\" style=\"background-color:#f5f5f5;opacity:0\"><\/div><div class=\"d--fullwidth-100 d--fullwidth-pad40 d--fullwidth-pad0-sp t--main-width\" style=\"color:false\">\n<p class=\"has-text-align-center has-white-color has-text-color has-link-color wp-elements-ee49274d4a2debdbc324de856a1960d1\"><span class=\"jinr-d--font-size d--fontsize-36px\"><strong><strong>Clases particulares<\/strong><\/strong><\/span><\/p>\n<\/div><\/section><\/section>\n\n<h2 class=\"wp-block-heading jinr-heading d--bold\"><strong>Tipos de clases particulares<\/strong><\/h2>\n\n<p>Para personas con necesidades especiales o para quienes deseen aumentar su tiempo de conversaci\u00f3n en ingl\u00e9s, ofrecemos clases particulares.<\/p>\n\n<p>Nuestra escuela no s\u00f3lo ofrece clases particulares de ingl\u00e9s para particulares, sino tambi\u00e9n clases semiprivadas y clases particulares en grupo.<\/p>\n\n<h2 class=\"wp-block-heading jinr-heading d--bold\"><strong>Precios de las clases particulares<\/strong><\/h2>\n\n<figure class=\"wp-block-table is-style-stripes\"><table><tbody><tr><td class=\"has-text-align-center\" data-align=\"center\"><strong>Curso<\/strong><\/td><td><strong>Tasa<\/strong><\/td><\/tr><tr><td class=\"has-text-align-center\" data-align=\"center\">Clase particular (paquete de 20 horas)<\/td><td>70 $ por hora<\/td><\/tr><tr><td class=\"has-text-align-center\" data-align=\"center\">Clase particular (paquete de 10 horas)<\/td><td>75 $ por hora<\/td><\/tr><tr><td class=\"has-text-align-center\" data-align=\"center\">Clase semiprivada (2-4 personas)<\/td><td>45 $ por hora y persona<\/td><\/tr><tr><td class=\"has-text-align-center\" data-align=\"center\">Clase privada en grupo (5 o m\u00e1s personas)<\/td><td>45 $ por hora y persona<\/td><\/tr><\/tbody><\/table><\/figure>\n\n<p>Inicialmente, se requiere una compra m\u00ednima de 20 horas de clases, y los estudiantes deben completar sus clases en un plazo de 6 meses desde la primera clase. Se pueden organizar clases particulares, semiprivadas y en grupo, tanto para adultos como para ni\u00f1os.<\/p>\n\n<p>Si est\u00e1s interesado, ponte en contacto con <a>support@academiaschool.edu.<\/a><\/p>\n<section class=\"b--jinr-block b--jinr-blogcard d--blogcard-hover-up d--blogcard-style1 d--blogcard-mysite t--round \"><div class=\"a--blogcard-label ef\">Related Page<\/div><a class=\"o--blogcard-link t--round\" href=\"https:\/\/www.academiaschool.edu\/programs\/\"><div class=\"c--blogcard-image\"><img loading=\"lazy\" decoding=\"async\" class=\"a--blogcard-img-src\" width=\"128\" height=\"72\" src=\"https:\/\/www.academiaschool.edu\/wp-content\/uploads\/2025\/02\/\u540d\u79f0\u672a\u8a2d\u5b9a\u306e\u30c7\u30b6\u30a4\u30f3-7.png\" alt=\"Overview of the Program\" \/><\/div><div class=\"a--blogcard-title d--bold\">Overview of the Program<\/div><\/a><\/section>","protected":false},"excerpt":{"rendered":"<p>Tipos de clases particulares Para personas con necesidades especiales o para quienes deseen aumentar su tiempo de conversaci\u00f3n en ingl\u00e9s, ofrecemos clases particulares. Nuestra escuela no s\u00f3lo ofrece clases particulares de ingl\u00e9s para particulares, sino tambi\u00e9n clases semiprivadas y clases particulares en grupo. Precios de las clases particulares Curso Tasa Clase particular (paquete de 20 [&hellip;]<\/p>\n","protected":false},"author":1,"featured_media":0,"parent":0,"menu_order":0,"comment_status":"closed","ping_status":"closed","template":"","meta":{"_jinr_url_youtube":"","_jinr_pip_youtube":false,"_jinr_time_youtube":"","_jinr_thumb_youtube":"","_jinr_media_youtube":"","_jinr_category_edit":false,"_jinr_category":"","_jinr_title_display":false,"_jinr_snsbutton_display":false,"_jinr_ads_display":false,"_jinr_thumbnail_display":false,"_jinr_profile_display":false,"_jinr_representations_display":false,"_jinr_relatedpost_display":false,"_jinr_sidebar1col_display":false,"_jinr_sidebar2col_display":false,"_jinr_seotitle_display":"","_jinr_description_display":"","_jinr_keyword_display":"","_jinr_hastag_display":"","_jinr_canonical_display":"","_jinr_noindex_display":false,"_jinr_paidpost":false,"_jinr_paidpost_product_id":"","_jinr_headtag_article":"","footnotes":""},"class_list":["post-5593","page","type-page","status-publish","hentry"],"_links":{"self":[{"href":"https:\/\/www.academiaschool.edu\/es\/wp-json\/wp\/v2\/pages\/5593","targetHints":{"allow":["GET"]}}],"collection":[{"href":"https:\/\/www.academiaschool.edu\/es\/wp-json\/wp\/v2\/pages"}],"about":[{"href":"https:\/\/www.academiaschool.edu\/es\/wp-json\/wp\/v2\/types\/page"}],"author":[{"embeddable":true,"href":"https:\/\/www.academiaschool.edu\/es\/wp-json\/wp\/v2\/users\/1"}],"replies":[{"embeddable":true,"href":"https:\/\/www.academiaschool.edu\/es\/wp-json\/wp\/v2\/comments?post=5593"}],"version-history":[{"count":3,"href":"https:\/\/www.academiaschool.edu\/es\/wp-json\/wp\/v2\/pages\/5593\/revisions"}],"predecessor-version":[{"id":5596,"href":"https:\/\/www.academiaschool.edu\/es\/wp-json\/wp\/v2\/pages\/5593\/revisions\/5596"}],"wp:attachment":[{"href":"https:\/\/www.academiaschool.edu\/es\/wp-json\/wp\/v2\/media?parent=5593"}],"curies":[{"name":"wp","href":"https:\/\/api.w.org\/{rel}","templated":true}]}}