{"id":5589,"date":"2024-03-25T12:35:53","date_gmt":"2024-03-25T22:35:53","guid":{"rendered":"https:\/\/academia-school.net\/nivel-intermedio\/detalles-y-resultados-del-aprendizaje-de-los-niveles-i-ii-y-iii-de-conversacion-intermedia\/"},"modified":"2024-04-24T11:19:00","modified_gmt":"2024-04-24T21:19:00","slug":"detalles-y-resultados-del-aprendizaje-de-los-niveles-i-ii-y-iii-de-conversacion-intermedia","status":"publish","type":"page","link":"https:\/\/www.academiaschool.edu\/es\/nivel-intermedio\/detalles-y-resultados-del-aprendizaje-de-los-niveles-i-ii-y-iii-de-conversacion-intermedia\/","title":{"rendered":"Detalles y resultados del aprendizaje de los Niveles I, II y III de Conversaci\u00f3n Intermedia"},"content":{"rendered":"\n<h2 class=\"wp-block-heading jinr-heading d--bold\"><strong>Conversaci\u00f3n intermedia I<\/strong><\/h2>\n\n<p>Al finalizar con \u00e9xito este curso, los alumnos ser\u00e1n capaces de comunicarse de forma eficaz, completa, fluida, clara y precisa, utilizando la gram\u00e1tica y el vocabulario adecuados, sobre alimentaci\u00f3n saludable, descripci\u00f3n de la personalidad de las personas, expresi\u00f3n de sus opiniones sobre arte, convivencia con ordenadores y expresi\u00f3n de sus opiniones sobre \u00e9tica y valores.<\/p>\n\n<h2 class=\"wp-block-heading jinr-heading d--bold\"><strong>Conversaci\u00f3n Intermedia II<\/strong><\/h2>\n\n<p>Los alumnos que completen con \u00e9xito este curso ser\u00e1n capaces de comunicarse de forma eficaz, completa, fluida, clara y precisa utilizando la gram\u00e1tica y el vocabulario adecuados sobre c\u00f3mo mantener conversaciones triviales, hablar de temas de salud, realizar tareas, leer por placer y hablar de cat\u00e1strofes naturales.<\/p>\n\n<h2 class=\"wp-block-heading jinr-heading d--bold\"><strong>Conversaci\u00f3n Intermedia III<\/strong><\/h2>\n\n<p>Al finalizar con \u00e9xito este curso, los alumnos ser\u00e1n capaces de comunicarse de forma eficaz, completa, fluida, clara y precisa, utilizando la gram\u00e1tica y el vocabulario adecuados, sobre la planificaci\u00f3n de la vida, el disfrute de las vacaciones, la discusi\u00f3n de inventos y descubrimientos, el debate de temas controvertidos y la observaci\u00f3n de la belleza del mundo.<\/p>\n\n<p><em>Definiciones:<\/em><\/p>\n\n<ul class=\"jinr-list wp-block-list\">\n<li><strong>Adecuada:<\/strong> Respuesta razonable<\/li>\n\n\n\n<li><strong>Completa:<\/strong> Respuesta que utiliza un vocabulario variado para proporcionar detalles adecuados<\/li>\n\n\n\n<li><strong>Fluida:<\/strong> Respuesta fluida e ininterrumpida<\/li>\n\n\n\n<li><strong>Claro:<\/strong> Claro y f\u00e1cilmente comprensible por hablantes nativos<\/li>\n\n\n\n<li><strong>Preciso:<\/strong> Gramaticalmente correcto con uso adecuado de expresiones coloquiales<\/li>\n<\/ul>\n\n<h2 class=\"wp-block-heading jinr-heading d--bold\"><strong>Alcanzar el Nivel 2 del ILR en Competencia Conversacional<\/strong><\/h2>\n\n<p>Los alumnos que alcanzan con \u00e9xito los resultados de aprendizaje de cada nivel se expresan principalmente en la conversaci\u00f3n a trav\u00e9s de la comprensi\u00f3n oral y la expresi\u00f3n oral (y, en cierta medida, de la lectura y la escritura), con lo que alcanzan el nivel 2 del ILR (el denominado dominio pr\u00e1ctico limitado). El plan de estudios hace hincapi\u00e9 en los materiales integrados de aprendizaje de idiomas.<\/p>\n\n<p>Se espera que los alumnos que alcancen este nivel sean capaces de responder a preguntas de examen que confirmen su adquisici\u00f3n de los conocimientos y habilidades descritos en cada clase con una alta precisi\u00f3n (al menos el 75%).<\/p>\n<section class=\"b--jinr-block b--jinr-blogcard d--blogcard-hover-up d--blogcard-style1 d--blogcard-mysite t--round \"><div class=\"a--blogcard-label ef\">Related Page<\/div><a class=\"o--blogcard-link t--round\" href=\"https:\/\/www.academiaschool.edu\/programs\/intermediate\/\"><div class=\"c--blogcard-image\"><img loading=\"lazy\" decoding=\"async\" class=\"a--blogcard-img-src\" width=\"128\" height=\"72\" src=\"https:\/\/www.academiaschool.edu\/wp-content\/uploads\/2025\/02\/\u540d\u79f0\u672a\u8a2d\u5b9a\u306e\u30c7\u30b6\u30a4\u30f3-7.png\" alt=\"Intermediate Level\" \/><\/div><div class=\"a--blogcard-title d--bold\">Intermediate Level<\/div><\/a><\/section>","protected":false},"excerpt":{"rendered":"<p>Conversaci\u00f3n intermedia I Al finalizar con \u00e9xito este curso, los alumnos ser\u00e1n capaces de comunicarse de forma eficaz, completa, fluida, clara y precisa, utilizando la gram\u00e1tica y el vocabulario adecuados, sobre alimentaci\u00f3n saludable, descripci\u00f3n de la personalidad de las personas, expresi\u00f3n de sus opiniones sobre arte, convivencia con ordenadores y expresi\u00f3n de sus opiniones sobre [&hellip;]<\/p>\n","protected":false},"author":1,"featured_media":0,"parent":5582,"menu_order":0,"comment_status":"closed","ping_status":"closed","template":"","meta":{"_jinr_url_youtube":"","_jinr_pip_youtube":false,"_jinr_time_youtube":"","_jinr_thumb_youtube":"","_jinr_media_youtube":"","_jinr_category_edit":false,"_jinr_category":"","_jinr_title_display":false,"_jinr_snsbutton_display":false,"_jinr_ads_display":false,"_jinr_thumbnail_display":false,"_jinr_profile_display":false,"_jinr_representations_display":false,"_jinr_relatedpost_display":false,"_jinr_sidebar1col_display":false,"_jinr_sidebar2col_display":false,"_jinr_seotitle_display":"","_jinr_description_display":"","_jinr_keyword_display":"","_jinr_hastag_display":"","_jinr_canonical_display":"","_jinr_noindex_display":false,"_jinr_paidpost":false,"_jinr_paidpost_product_id":"","_jinr_headtag_article":"","footnotes":""},"class_list":["post-5589","page","type-page","status-publish","hentry"],"_links":{"self":[{"href":"https:\/\/www.academiaschool.edu\/es\/wp-json\/wp\/v2\/pages\/5589","targetHints":{"allow":["GET"]}}],"collection":[{"href":"https:\/\/www.academiaschool.edu\/es\/wp-json\/wp\/v2\/pages"}],"about":[{"href":"https:\/\/www.academiaschool.edu\/es\/wp-json\/wp\/v2\/types\/page"}],"author":[{"embeddable":true,"href":"https:\/\/www.academiaschool.edu\/es\/wp-json\/wp\/v2\/users\/1"}],"replies":[{"embeddable":true,"href":"https:\/\/www.academiaschool.edu\/es\/wp-json\/wp\/v2\/comments?post=5589"}],"version-history":[{"count":3,"href":"https:\/\/www.academiaschool.edu\/es\/wp-json\/wp\/v2\/pages\/5589\/revisions"}],"predecessor-version":[{"id":5592,"href":"https:\/\/www.academiaschool.edu\/es\/wp-json\/wp\/v2\/pages\/5589\/revisions\/5592"}],"up":[{"embeddable":true,"href":"https:\/\/www.academiaschool.edu\/es\/wp-json\/wp\/v2\/pages\/5582"}],"wp:attachment":[{"href":"https:\/\/www.academiaschool.edu\/es\/wp-json\/wp\/v2\/media?parent=5589"}],"curies":[{"name":"wp","href":"https:\/\/api.w.org\/{rel}","templated":true}]}}