{"id":5582,"date":"2024-03-21T12:16:10","date_gmt":"2024-03-21T22:16:10","guid":{"rendered":"https:\/\/academia-school.net\/nivel-intermedio\/"},"modified":"2024-04-24T11:18:33","modified_gmt":"2024-04-24T21:18:33","slug":"nivel-intermedio","status":"publish","type":"page","link":"https:\/\/www.academiaschool.edu\/es\/nivel-intermedio\/","title":{"rendered":"Nivel intermedio"},"content":{"rendered":"\n<section class=\"wp-block-jinr-blocks-fullwidth b--jinr-block b--jinr-fullwidth-container d--top-margin-xs-pc d--bottom-margin-xs-pc d--top-margin-xs-sp d--bottom-margin-xs-sp \"><section class=\"b--jinr-fullwidth d--fullwidth-parallax-off d--fullwidth-deco-bgimage\"><div class=\"a--jinr-fullwidth-image\"><div class=\"a--jinr-fullwidth-image-clip\"><img decoding=\"async\" src=\"https:\/\/www.academiaschool.edu\/wp-content\/uploads\/2024\/03\/leo_visions-fMyaQWQrwwU-unsplash.webp\"\/><\/div><\/div><div class=\"a--jinr-fullwidth-overlay\" style=\"background-color:#f5f5f5;opacity:0\"><\/div><div class=\"d--fullwidth-100 d--fullwidth-pad40 d--fullwidth-pad0-sp t--main-width\" style=\"color:false\">\n<p class=\"has-text-align-center has-white-color has-text-color has-link-color wp-elements-4c4385c1f2b94af1d678f91526b73994\"><span class=\"jinr-d--font-size d--fontsize-36px\"><strong><strong>Nivel intermedio<\/strong><\/strong><\/span><\/p>\n<\/div><\/section><\/section>\n\n<h2 class=\"wp-block-heading jinr-heading d--bold\"><strong>Resumen del plan de estudios del Nivel Intermedio<\/strong><\/h2>\n\n<section class=\"wp-block-jinr-blocks-simplebox b--jinr-block-container\"><div class=\"b--jinr-block b--jinr-box d--simple-box10  \"><div class=\"c--simple-box-inner\">\n<p class=\"has-text-align-center\"><strong><span class=\"jinr-d--font-size d--fontsize-18px\"><strong>Nombre del Programa: <span class=\"jinr-d--text-color d--user-color1 d--bold\">Programa de Ingl\u00e9s para la Comunicaci\u00f3n<\/span><\/strong><\/span><\/strong><\/p>\n<\/div><\/div><\/section>\n\n<p><span class=\"jinr-d--text-color d--user-color2 d--bold\"><strong>Objetivo del plan de estudios:<\/strong> <\/span>El plan de estudios del Nivel Intermedio tiene como objetivo permitir una comunicaci\u00f3n flexible en ingl\u00e9s en diversas situaciones cotidianas. El objetivo de los alumnos de este curso es desarrollar la confianza en la comunicaci\u00f3n en diversos escenarios de la vida y del lugar de trabajo.<\/p>\n\n<p>En concreto, el programa mejora la comprensi\u00f3n de los modismos y t\u00e9rminos necesarios para la conversaci\u00f3n en ingl\u00e9s real, ense\u00f1ando a utilizarlos en la vida cotidiana y en el lugar de trabajo. El objetivo es que los alumnos sean capaces de utilizar adecuadamente expresiones pr\u00e1cticas en contextos pr\u00e1cticos.<\/p>\n\n<p><span class=\"jinr-d--text-color d--user-color2 d--bold\"><strong>Objetivos posteriores a la finalizaci\u00f3n:<\/strong> <\/span>Al finalizar este curso, se espera que los alumnos se comuniquen con confianza en diversas situaciones, incluidas las conversaciones cotidianas, el lugar de trabajo y las interacciones sociales.<\/p>\n\n<h2 class=\"wp-block-heading jinr-heading d--bold\"><strong>Cursos obligatorios y optativos de nivel intermedio<\/strong><\/h2>\n\n<p><strong><span class=\"jinr-d--text-color d--user-color2 d--bold\">Cursos obligatorios:<\/span><\/strong><\/p>\n\n<ul class=\"jinr-list wp-block-list\">\n<li>Gram\u00e1tica Intermedia I, II, III<\/li>\n\n\n\n<li>Conversaci\u00f3n Intermedia I, II, III<\/li>\n<\/ul>\n\n<p><strong>\n  <span class=\"jinr-d--text-color d--user-color2 d--bold\">Cursos optativos:<\/span>\n<\/strong>Los cursos optativos de nivel intermedio pueden elegirse entre las siguientes asignaturas:<\/p>\n\n<ul class=\"jinr-list wp-block-list\">\n<li>Pronunciaci\u00f3n<\/li>\n\n\n\n<li>Vocabulario<\/li>\n\n\n\n<li>Lectura\/Escritura<\/li>\n\n\n\n<li>Escuchar\/Hablar<\/li>\n<\/ul>\n\n<p>Tambi\u00e9n hay muchos otros cursos optativos disponibles cada semestre.<\/p>\n<section class=\"b--jinr-block b--jinr-blogcard d--blogcard-hover-up d--blogcard-style1 d--blogcard-mysite t--round \"><div class=\"a--blogcard-label ef\">Related Page<\/div><a class=\"o--blogcard-link t--round\" href=\"https:\/\/www.academiaschool.edu\/programs\/intermediate\/intermediate-level-conversation\/\"><div class=\"c--blogcard-image\"><img loading=\"lazy\" decoding=\"async\" class=\"a--blogcard-img-src\" width=\"128\" height=\"72\" src=\"https:\/\/www.academiaschool.edu\/wp-content\/uploads\/2025\/02\/\u540d\u79f0\u672a\u8a2d\u5b9a\u306e\u30c7\u30b6\u30a4\u30f3-7.png\" alt=\"Details and Learning Outcomes of Intermediate Conversation Levels I, II, &amp; III\" \/><\/div><div class=\"a--blogcard-title d--bold\">Details and Learning Outcomes of Intermediate Conversation Levels I, II, &amp; III<\/div><\/a><\/section><section class=\"b--jinr-block b--jinr-blogcard d--blogcard-hover-up d--blogcard-style1 d--blogcard-mysite t--round \"><div class=\"a--blogcard-label ef\">Related Page<\/div><a class=\"o--blogcard-link t--round\" href=\"https:\/\/www.academiaschool.edu\/programs\/intermediate\/intermediate-level-grammar\/\"><div class=\"c--blogcard-image\"><img loading=\"lazy\" decoding=\"async\" class=\"a--blogcard-img-src\" width=\"128\" height=\"72\" src=\"https:\/\/www.academiaschool.edu\/wp-content\/uploads\/2025\/02\/\u540d\u79f0\u672a\u8a2d\u5b9a\u306e\u30c7\u30b6\u30a4\u30f3-7.png\" alt=\"Details and Learning Outcomes for Intermediate Grammar Levels I, II, &amp; III\" \/><\/div><div class=\"a--blogcard-title d--bold\">Details and Learning Outcomes for Intermediate Grammar Levels I, II, &amp; III<\/div><\/a><\/section>\n<h2 class=\"wp-block-heading jinr-heading d--bold\"><strong>Consideraciones para los cursos de nivel intermedio<\/strong><\/h2>\n\n<p>Los alumnos que completan los cursos de Gram\u00e1tica Intermedia y Conversaci\u00f3n han alcanzado el Nivel 2 del ILR (Dominio pr\u00e1ctico limitado).  <\/p>\n\n<p><span class=\"jinr-d--text-color d--user-color2 d--bold\">Entre las caracter\u00edsticas de los estudiantes del Nivel 2 del ILR se incluyen:<\/span><\/p>\n\n<ul class=\"jinr-list wp-block-list\">\n<li>Capaz de satisfacer los requisitos de las interacciones sociales cotidianas<\/li>\n\n\n\n<li>Puede desenvolverse en la mayor\u00eda de las situaciones sociales con confianza pero no con facilidad, incluidas las conversaciones informales sobre presentaciones, acontecimientos actuales, trabajo, familia e informaci\u00f3n autobiogr\u00e1fica<\/li>\n\n\n\n<li>Capaces de manejar requisitos de trabajo limitados, aunque pueden necesitar ayuda cuando se enfrentan a complejidades o dificultades, y pueden entender los puntos principales de la mayor\u00eda de las conversaciones sobre temas no t\u00e9cnicos (es decir, temas que no requieren conocimientos especializados), aunque a veces utilizando expresiones algo circunloquiales.<\/li>\n\n\n\n<li>A menudo tienen un acento reconocible pero significativamente inexacto<\/li>\n\n\n\n<li>Suele ser capaz de manejar estructuras b\u00e1sicas con bastante precisi\u00f3n, aunque carece de un control exhaustivo o seguro de la gram\u00e1tica<\/li>\n<\/ul>\n<section class=\"b--jinr-block b--jinr-blogcard d--blogcard-hover-up d--blogcard-style1 d--blogcard-mysite t--round \"><div class=\"a--blogcard-label ef\">Related Page<\/div><a class=\"o--blogcard-link t--round\" href=\"https:\/\/www.academiaschool.edu\/programs\/\"><div class=\"c--blogcard-image\"><img loading=\"lazy\" decoding=\"async\" class=\"a--blogcard-img-src\" width=\"128\" height=\"72\" src=\"https:\/\/www.academiaschool.edu\/wp-content\/uploads\/2025\/02\/\u540d\u79f0\u672a\u8a2d\u5b9a\u306e\u30c7\u30b6\u30a4\u30f3-7.png\" alt=\"Overview of the Program\" \/><\/div><div class=\"a--blogcard-title d--bold\">Overview of the Program<\/div><\/a><\/section>","protected":false},"excerpt":{"rendered":"<p>Resumen del plan de estudios del Nivel Intermedio Objetivo del plan de estudios: El plan de estudios del Nivel Intermedio tiene como objetivo permitir una comunicaci\u00f3n flexible en ingl\u00e9s en diversas situaciones cotidianas. El objetivo de los alumnos de este curso es desarrollar la confianza en la comunicaci\u00f3n en diversos escenarios de la vida y [&hellip;]<\/p>\n","protected":false},"author":1,"featured_media":0,"parent":0,"menu_order":0,"comment_status":"closed","ping_status":"closed","template":"","meta":{"_jinr_url_youtube":"","_jinr_pip_youtube":false,"_jinr_time_youtube":"","_jinr_thumb_youtube":"","_jinr_media_youtube":"","_jinr_category_edit":false,"_jinr_category":"","_jinr_title_display":false,"_jinr_snsbutton_display":false,"_jinr_ads_display":false,"_jinr_thumbnail_display":false,"_jinr_profile_display":false,"_jinr_representations_display":false,"_jinr_relatedpost_display":false,"_jinr_sidebar1col_display":false,"_jinr_sidebar2col_display":false,"_jinr_seotitle_display":"","_jinr_description_display":"","_jinr_keyword_display":"","_jinr_hastag_display":"","_jinr_canonical_display":"","_jinr_noindex_display":false,"_jinr_paidpost":false,"_jinr_paidpost_product_id":"","_jinr_headtag_article":"","footnotes":""},"class_list":["post-5582","page","type-page","status-publish","hentry"],"_links":{"self":[{"href":"https:\/\/www.academiaschool.edu\/es\/wp-json\/wp\/v2\/pages\/5582","targetHints":{"allow":["GET"]}}],"collection":[{"href":"https:\/\/www.academiaschool.edu\/es\/wp-json\/wp\/v2\/pages"}],"about":[{"href":"https:\/\/www.academiaschool.edu\/es\/wp-json\/wp\/v2\/types\/page"}],"author":[{"embeddable":true,"href":"https:\/\/www.academiaschool.edu\/es\/wp-json\/wp\/v2\/users\/1"}],"replies":[{"embeddable":true,"href":"https:\/\/www.academiaschool.edu\/es\/wp-json\/wp\/v2\/comments?post=5582"}],"version-history":[{"count":3,"href":"https:\/\/www.academiaschool.edu\/es\/wp-json\/wp\/v2\/pages\/5582\/revisions"}],"predecessor-version":[{"id":5585,"href":"https:\/\/www.academiaschool.edu\/es\/wp-json\/wp\/v2\/pages\/5582\/revisions\/5585"}],"wp:attachment":[{"href":"https:\/\/www.academiaschool.edu\/es\/wp-json\/wp\/v2\/media?parent=5582"}],"curies":[{"name":"wp","href":"https:\/\/api.w.org\/{rel}","templated":true}]}}