{"id":5578,"date":"2024-03-21T12:20:47","date_gmt":"2024-03-21T22:20:47","guid":{"rendered":"https:\/\/academia-school.net\/ingles-comercial\/"},"modified":"2024-04-24T11:18:21","modified_gmt":"2024-04-24T21:18:21","slug":"ingles-comercial","status":"publish","type":"page","link":"https:\/\/www.academiaschool.edu\/es\/ingles-comercial\/","title":{"rendered":"Ingl\u00e9s comercial"},"content":{"rendered":"\n<section class=\"wp-block-jinr-blocks-fullwidth b--jinr-block b--jinr-fullwidth-container d--top-margin-xs-pc d--bottom-margin-xs-pc d--top-margin-xs-sp d--bottom-margin-xs-sp \"><section class=\"b--jinr-fullwidth d--fullwidth-parallax-off d--fullwidth-deco-bgimage\"><div class=\"a--jinr-fullwidth-image\"><div class=\"a--jinr-fullwidth-image-clip\"><img decoding=\"async\" src=\"https:\/\/www.academiaschool.edu\/wp-content\/uploads\/2024\/03\/leo_visions-fMyaQWQrwwU-unsplash.webp\"\/><\/div><\/div><div class=\"a--jinr-fullwidth-overlay\" style=\"background-color:#f5f5f5;opacity:0\"><\/div><div class=\"d--fullwidth-100 d--fullwidth-pad40 d--fullwidth-pad0-sp t--main-width\" style=\"color:false\">\n<p class=\"has-text-align-center has-white-color has-text-color has-link-color wp-elements-ef9ad60546366d9b89487d6b11c46082\"><span class=\"jinr-d--font-size d--fontsize-36px\"><strong><strong>Ingl\u00e9s comercial<\/strong><\/strong><\/span><\/p>\n<\/div><\/section><\/section>\n\n<h2 class=\"wp-block-heading jinr-heading d--bold\"><strong>Visi\u00f3n general del ingl\u00e9s comercial<\/strong><\/h2>\n\n<p>En nuestra escuela, ofrecemos las siguientes clases como cursos optativos de todos los niveles (principiante, intermedio, avanzado) para estudiantes que se centran en desarrollar habilidades ling\u00fc\u00edsticas \u00fatiles en entornos laborales angloparlantes.<\/p>\n\n<p>Ten en cuenta que las asignaturas optativas ofrecidas var\u00edan cada semestre, as\u00ed que ponte en contacto con nosotros para obtener m\u00e1s detalles.<\/p>\n\n<h3 class=\"wp-block-heading jinr-heading d--bold\"><strong>Ingl\u00e9s Comercial (Ingl\u00e9s Integral)<\/strong><\/h3>\n\n<p>Esta clase tiene como objetivo mejorar las habilidades de lectura, escritura, comprensi\u00f3n oral y expresi\u00f3n oral en el mundo de los negocios. Los estudiantes mejoran su capacidad para comunicarse eficazmente en ingl\u00e9s en diversos entornos empresariales y desarrollan las habilidades comunicativas necesarias para el \u00e9xito empresarial.<\/p>\n\n<p>En concreto, los alumnos aprender\u00e1n el vocabulario y las expresiones necesarias para comunicarse en diversas situaciones empresariales. El aprendizaje se produce mediante el an\u00e1lisis de casos pr\u00e1cticos, la realizaci\u00f3n de presentaciones, negociaciones y conversaciones a distancia con otras personas a trav\u00e9s de chats telef\u00f3nicos y de v\u00eddeo, y conferencias telef\u00f3nicas.<\/p>\n\n<p>Al finalizar con \u00e9xito este curso, los estudiantes ser\u00e1n capaces de comunicarse con m\u00e1s fluidez y confianza sobre temas com\u00fanmente discutidos en los negocios e interactuar eficazmente en muchas situaciones sociales.<\/p>\n\n<h3 class=\"wp-block-heading jinr-heading d--bold\"><strong>Jerga de negocios (ingl\u00e9s completo)<\/strong><\/h3>\n\n<p>De forma similar a la clase de Ingl\u00e9s de Negocios, esta clase se centra en el desarrollo de habilidades de lectura, escritura, comprensi\u00f3n oral y expresi\u00f3n oral aplicables al mundo de los negocios, pero mientras que la clase de Ingl\u00e9s de Negocios se centra en el ingl\u00e9s formal, la clase de Jerga de Negocios mejora la capacidad de comunicarse en un lenguaje comercial informal de uso com\u00fan en los entornos laborales cotidianos.<\/p>\n\n<p>En la clase de Jerga Empresarial, los alumnos aprenden el vocabulario y las expresiones necesarias para comunicarse con colegas y compa\u00f1eros de negocios. Tras completar este curso, los alumnos ser\u00e1n capaces de comunicarse de un modo desenfadado que refleje pensamientos e ideas directos y fundamentados, com\u00fanmente expresados entre compa\u00f1eros y allegados.<\/p>\n\n<h3 class=\"wp-block-heading jinr-heading d--bold\"><strong>Curso de preparaci\u00f3n para el examen TOEIC<\/strong><\/h3>\n\n<p>El TOEIC (Test of English for International Communication) es un examen especialmente dise\u00f1ado para medir los conocimientos de ingl\u00e9s cotidianos de las personas que trabajan en entornos internacionales. Este examen lo exigen a menudo las empresas que necesitan comunicarse con personas de habla inglesa y a veces se utiliza como requisito de admisi\u00f3n en universidades y escuelas profesionales en lugar de la puntuaci\u00f3n del TOEFL.<\/p>\n\n<p>Los alumnos de la clase de preparaci\u00f3n para el TOEIC aprenden estrategias para obtener las mejores puntuaciones posibles en las secciones de lectura y comprensi\u00f3n oral del examen TOEIC.<\/p>\n\n<p>En concreto, los alumnos adquirir\u00e1n habilidades para:<\/p>\n\n<ul class=\"jinr-list wp-block-list\">\n<li>Leer textos con rapidez y precisi\u00f3n e identificar hechos clave e informaci\u00f3n importante.<\/li>\n\n\n\n<li>Distinguir entre ideas principales y otros hechos y detalles significativos.<\/li>\n\n\n\n<li>Comprender el vocabulario en su contexto y determinar las referencias pronominales.<\/li>\n\n\n\n<li>Identificar diversas relaciones entre ideas (por ejemplo, contraste, causa y efecto, acuerdo y desacuerdo, pasos en un proceso).<\/li>\n\n\n\n<li>Sigue el desarrollo de las ideas a lo largo de un texto.<\/li>\n<\/ul>\n\n<p>Como nuestra escuela es el \u00fanico centro oficial de ex\u00e1menes TOEIC en Hawai, los estudiantes pueden prepararse y hacer el examen en un entorno familiar.<\/p>\n\n<h3 class=\"wp-block-heading jinr-heading d--bold\"><strong>Programa de Pr\u00e1cticas<\/strong><\/h3>\n\n<p>Los estudiantes del Programa de Experiencias Pr\u00e1cticas desarrollan habilidades de lectura, escritura, comprensi\u00f3n oral y expresi\u00f3n oral mientras realizan pr\u00e1cticas en un lugar de trabajo de habla inglesa. Los estudiantes trabajan 10 horas semanales en el lugar de trabajo y se re\u00fanen una vez a la semana en el aula con compa\u00f1eros e instructores para compartir activamente sus experiencias de trabajo en lugares de trabajo estadounidenses.<\/p>\n\n<p>En concreto, los alumnos aprender\u00e1n:<\/p>\n\n<ol class=\"jinr-list wp-block-list\">\n<li>C\u00f3mo redactar un curr\u00edculum.<\/li>\n\n\n\n<li>Comportamiento adecuado durante las entrevistas.<\/li>\n\n\n\n<li>C\u00f3mo aplicar estos conocimientos para conseguir un empleo.<\/li>\n\n\n\n<li>C\u00f3mo utilizar y seguir desarrollando las destrezas de lectura, escritura, comprensi\u00f3n oral y expresi\u00f3n oral a trav\u00e9s de experiencias reales en el lugar de trabajo.<\/li>\n<\/ol>\n\n<p>Normalmente, los estudiantes encuentran puestos no remunerados en campos de su inter\u00e9s. En el pasado, se han conseguido pr\u00e1cticas en diversas especialidades, como asistencia sanitaria, cuidado de ancianos y bienestar animal.<\/p>\n<section class=\"b--jinr-block b--jinr-blogcard d--blogcard-hover-up d--blogcard-style1 d--blogcard-mysite t--round \"><div class=\"a--blogcard-label ef\">Related Page<\/div><a class=\"o--blogcard-link t--round\" href=\"https:\/\/www.academiaschool.edu\/programs\/\"><div class=\"c--blogcard-image\"><img loading=\"lazy\" decoding=\"async\" class=\"a--blogcard-img-src\" width=\"128\" height=\"72\" src=\"https:\/\/www.academiaschool.edu\/wp-content\/uploads\/2025\/02\/\u540d\u79f0\u672a\u8a2d\u5b9a\u306e\u30c7\u30b6\u30a4\u30f3-7.png\" alt=\"Overview of the Program\" \/><\/div><div class=\"a--blogcard-title d--bold\">Overview of the Program<\/div><\/a><\/section>","protected":false},"excerpt":{"rendered":"<p>Visi\u00f3n general del ingl\u00e9s comercial En nuestra escuela, ofrecemos las siguientes clases como cursos optativos de todos los niveles (principiante, intermedio, avanzado) para estudiantes que se centran en desarrollar habilidades ling\u00fc\u00edsticas \u00fatiles en entornos laborales angloparlantes. Ten en cuenta que las asignaturas optativas ofrecidas var\u00edan cada semestre, as\u00ed que ponte en contacto con nosotros para [&hellip;]<\/p>\n","protected":false},"author":1,"featured_media":0,"parent":0,"menu_order":0,"comment_status":"closed","ping_status":"closed","template":"","meta":{"_jinr_url_youtube":"","_jinr_pip_youtube":false,"_jinr_time_youtube":"","_jinr_thumb_youtube":"","_jinr_media_youtube":"","_jinr_category_edit":false,"_jinr_category":"","_jinr_title_display":false,"_jinr_snsbutton_display":false,"_jinr_ads_display":false,"_jinr_thumbnail_display":false,"_jinr_profile_display":false,"_jinr_representations_display":false,"_jinr_relatedpost_display":false,"_jinr_sidebar1col_display":false,"_jinr_sidebar2col_display":false,"_jinr_seotitle_display":"","_jinr_description_display":"","_jinr_keyword_display":"","_jinr_hastag_display":"","_jinr_canonical_display":"","_jinr_noindex_display":false,"_jinr_paidpost":false,"_jinr_paidpost_product_id":"","_jinr_headtag_article":"","footnotes":""},"class_list":["post-5578","page","type-page","status-publish","hentry"],"_links":{"self":[{"href":"https:\/\/www.academiaschool.edu\/es\/wp-json\/wp\/v2\/pages\/5578","targetHints":{"allow":["GET"]}}],"collection":[{"href":"https:\/\/www.academiaschool.edu\/es\/wp-json\/wp\/v2\/pages"}],"about":[{"href":"https:\/\/www.academiaschool.edu\/es\/wp-json\/wp\/v2\/types\/page"}],"author":[{"embeddable":true,"href":"https:\/\/www.academiaschool.edu\/es\/wp-json\/wp\/v2\/users\/1"}],"replies":[{"embeddable":true,"href":"https:\/\/www.academiaschool.edu\/es\/wp-json\/wp\/v2\/comments?post=5578"}],"version-history":[{"count":3,"href":"https:\/\/www.academiaschool.edu\/es\/wp-json\/wp\/v2\/pages\/5578\/revisions"}],"predecessor-version":[{"id":5581,"href":"https:\/\/www.academiaschool.edu\/es\/wp-json\/wp\/v2\/pages\/5578\/revisions\/5581"}],"wp:attachment":[{"href":"https:\/\/www.academiaschool.edu\/es\/wp-json\/wp\/v2\/media?parent=5578"}],"curies":[{"name":"wp","href":"https:\/\/api.w.org\/{rel}","templated":true}]}}