{"id":5574,"date":"2024-03-25T10:47:11","date_gmt":"2024-03-25T20:47:11","guid":{"rendered":"https:\/\/academia-school.net\/nivel-principiante\/detalles-y-resultados-del-aprendizaje-de-los-niveles-i-ii-y-iii-de-conversacion-para-principiantes\/"},"modified":"2024-04-24T11:18:09","modified_gmt":"2024-04-24T21:18:09","slug":"detalles-y-resultados-del-aprendizaje-de-los-niveles-i-ii-y-iii-de-conversacion-para-principiantes","status":"publish","type":"page","link":"https:\/\/www.academiaschool.edu\/es\/nivel-principiante\/detalles-y-resultados-del-aprendizaje-de-los-niveles-i-ii-y-iii-de-conversacion-para-principiantes\/","title":{"rendered":"Detalles y resultados del aprendizaje de los Niveles I, II y III de Conversaci\u00f3n para Principiantes"},"content":{"rendered":"\n<h2 class=\"wp-block-heading jinr-heading d--bold\"><strong>Conversaci\u00f3n para principiantes I<\/strong><\/h2>\n\n<p>Al finalizar con \u00e9xito este curso, los alumnos ser\u00e1n capaces de comunicarse de forma adecuada, completa, fluida, clara y precisa, utilizando la gram\u00e1tica y el vocabulario adecuados, sobre conocer gente, salir, asuntos familiares, cenar en restaurantes y utilizar la tecnolog\u00eda.<\/p>\n\n<h2 class=\"wp-block-heading jinr-heading d--bold\"><strong>Conversaci\u00f3n para principiantes II<\/strong><\/h2>\n\n<p>Los alumnos que completen con \u00e9xito este curso ser\u00e1n capaces de comunicarse de forma adecuada, completa, fluida, clara y precisa utilizando la gram\u00e1tica y el vocabulario adecuados sobre temas como el mantenimiento de la salud, la planificaci\u00f3n de las vacaciones, la compra de ropa, el uso del transporte y la realizaci\u00f3n de compras rentables.<\/p>\n\n<h2 class=\"wp-block-heading jinr-heading d--bold\"><strong>Conversaci\u00f3n para principiantes III<\/strong><\/h2>\n\n<p>Completar con \u00e9xito este curso capacitar\u00e1 a los alumnos para comunicarse de forma adecuada, completa, fluida, clara y precisa utilizando la gram\u00e1tica y el vocabulario adecuados al saludar a la gente y mantener conversaciones triviales, hablar de pel\u00edculas y entretenimiento, alojarse en hoteles, conducir coches y discutir sobre el cuidado personal y la apariencia.<\/p>\n\n<p><em>Definiciones:<\/em><\/p>\n\n<ul class=\"jinr-list wp-block-list\">\n<li><strong>Adecuada:<\/strong> Respuesta razonable<\/li>\n\n\n\n<li><strong>Completa:<\/strong> Respuesta que utiliza un vocabulario variado para proporcionar detalles adecuados<\/li>\n\n\n\n<li><strong>Fluida:<\/strong> Respuesta fluida e ininterrumpida<\/li>\n\n\n\n<li><strong>Claro:<\/strong> Claro y f\u00e1cilmente comprensible por hablantes nativos<\/li>\n\n\n\n<li><strong>Preciso:<\/strong> Gramaticalmente correcto con uso adecuado de expresiones coloquiales<\/li>\n<\/ul>\n\n<h3 class=\"wp-block-heading jinr-heading d--bold\"><strong>Alcanzar el Nivel 1 del ILR en Competencia Conversacional<\/strong><\/h3>\n\n<p>Los alumnos que alcanzan con \u00e9xito los resultados de aprendizaje de cada nivel se expresan principalmente en la conversaci\u00f3n mediante la comprensi\u00f3n oral y la expresi\u00f3n oral (y, en cierta medida, la lectura y la escritura), con lo que alcanzan el nivel 1 del ILR (el denominado dominio para principiantes). El plan de estudios hace hincapi\u00e9 en los materiales integrados de aprendizaje de idiomas.<\/p>\n\n<p>Se espera que los alumnos que alcancen este nivel sean capaces de responder a preguntas de examen que confirmen su adquisici\u00f3n de los conocimientos y habilidades descritos en cada clase con una alta precisi\u00f3n (al menos el 75%).<\/p>\n<section class=\"b--jinr-block b--jinr-blogcard d--blogcard-hover-up d--blogcard-style1 d--blogcard-mysite t--round \"><div class=\"a--blogcard-label ef\">Related Page<\/div><a class=\"o--blogcard-link t--round\" href=\"https:\/\/www.academiaschool.edu\/programs\/beginner\/\"><div class=\"c--blogcard-image\"><img loading=\"lazy\" decoding=\"async\" class=\"a--blogcard-img-src\" width=\"128\" height=\"72\" src=\"https:\/\/www.academiaschool.edu\/wp-content\/uploads\/2025\/02\/\u540d\u79f0\u672a\u8a2d\u5b9a\u306e\u30c7\u30b6\u30a4\u30f3-7.png\" alt=\"Beginner Level\" \/><\/div><div class=\"a--blogcard-title d--bold\">Beginner Level<\/div><\/a><\/section>","protected":false},"excerpt":{"rendered":"<p>Conversaci\u00f3n para principiantes I Al finalizar con \u00e9xito este curso, los alumnos ser\u00e1n capaces de comunicarse de forma adecuada, completa, fluida, clara y precisa, utilizando la gram\u00e1tica y el vocabulario adecuados, sobre conocer gente, salir, asuntos familiares, cenar en restaurantes y utilizar la tecnolog\u00eda. Conversaci\u00f3n para principiantes II Los alumnos que completen con \u00e9xito este [&hellip;]<\/p>\n","protected":false},"author":1,"featured_media":0,"parent":5566,"menu_order":0,"comment_status":"closed","ping_status":"closed","template":"","meta":{"_jinr_url_youtube":"","_jinr_pip_youtube":false,"_jinr_time_youtube":"","_jinr_thumb_youtube":"","_jinr_media_youtube":"","_jinr_category_edit":false,"_jinr_category":"","_jinr_title_display":false,"_jinr_snsbutton_display":false,"_jinr_ads_display":false,"_jinr_thumbnail_display":false,"_jinr_profile_display":false,"_jinr_representations_display":false,"_jinr_relatedpost_display":false,"_jinr_sidebar1col_display":false,"_jinr_sidebar2col_display":false,"_jinr_seotitle_display":"","_jinr_description_display":"","_jinr_keyword_display":"","_jinr_hastag_display":"","_jinr_canonical_display":"","_jinr_noindex_display":false,"_jinr_paidpost":false,"_jinr_paidpost_product_id":"","_jinr_headtag_article":"","footnotes":""},"class_list":["post-5574","page","type-page","status-publish","hentry"],"_links":{"self":[{"href":"https:\/\/www.academiaschool.edu\/es\/wp-json\/wp\/v2\/pages\/5574","targetHints":{"allow":["GET"]}}],"collection":[{"href":"https:\/\/www.academiaschool.edu\/es\/wp-json\/wp\/v2\/pages"}],"about":[{"href":"https:\/\/www.academiaschool.edu\/es\/wp-json\/wp\/v2\/types\/page"}],"author":[{"embeddable":true,"href":"https:\/\/www.academiaschool.edu\/es\/wp-json\/wp\/v2\/users\/1"}],"replies":[{"embeddable":true,"href":"https:\/\/www.academiaschool.edu\/es\/wp-json\/wp\/v2\/comments?post=5574"}],"version-history":[{"count":3,"href":"https:\/\/www.academiaschool.edu\/es\/wp-json\/wp\/v2\/pages\/5574\/revisions"}],"predecessor-version":[{"id":5577,"href":"https:\/\/www.academiaschool.edu\/es\/wp-json\/wp\/v2\/pages\/5574\/revisions\/5577"}],"up":[{"embeddable":true,"href":"https:\/\/www.academiaschool.edu\/es\/wp-json\/wp\/v2\/pages\/5566"}],"wp:attachment":[{"href":"https:\/\/www.academiaschool.edu\/es\/wp-json\/wp\/v2\/media?parent=5574"}],"curies":[{"name":"wp","href":"https:\/\/api.w.org\/{rel}","templated":true}]}}