{"id":5570,"date":"2024-03-25T10:41:40","date_gmt":"2024-03-25T20:41:40","guid":{"rendered":"https:\/\/academia-school.net\/nivel-principiante\/resumen-detallado-y-objetivos-de-logro-para-el-nivel-inicial-de-gramatica-i-ii-iii\/"},"modified":"2024-04-24T11:17:56","modified_gmt":"2024-04-24T21:17:56","slug":"resumen-detallado-y-objetivos-de-logro-para-el-nivel-inicial-de-gramatica-i-ii-iii","status":"publish","type":"page","link":"https:\/\/www.academiaschool.edu\/es\/nivel-principiante\/resumen-detallado-y-objetivos-de-logro-para-el-nivel-inicial-de-gramatica-i-ii-iii\/","title":{"rendered":"Resumen detallado y objetivos de logro para el Nivel Inicial de Gram\u00e1tica I, II, III"},"content":{"rendered":"\n<p>Aqu\u00ed encontrar\u00e1s una explicaci\u00f3n detallada de la gram\u00e1tica para principiantes del nivel 1 del ILR (nivel elemental).<\/p>\n\n<h2 class=\"wp-block-heading jinr-heading d--bold\"><strong>Gram\u00e1tica para principiantes I<\/strong><\/h2>\n\n<p>Al finalizar, los alumnos de esta clase ser\u00e1n capaces de formular y responder preguntas sencillas en presente utilizando frases compuestas por una sola cl\u00e1usula. Demostrar\u00e1n una comprensi\u00f3n precisa del uso correcto de los tiempos presente simple y presente continuo. Adem\u00e1s, los alumnos ser\u00e1n capaces de deletrear correctamente sustantivos de uso com\u00fan en sus formas plurales.<\/p>\n\n<p><strong>Objetivos de logro para Gram\u00e1tica para principiantes I:<\/strong><\/p>\n\n<ul class=\"jinr-list wp-block-list\">\n<li>Formula y responde a preguntas sencillas en presente.<\/li>\n\n\n\n<li>Comprender y aplicar las reglas del tiempo presente continuo.<\/li>\n\n\n\n<li>Utiliza y escribe correctamente las formas singulares y plurales de los sustantivos comunes.<\/li>\n<\/ul>\n\n<h2 class=\"wp-block-heading jinr-heading d--bold\"><strong>Gram\u00e1tica para principiantes II<\/strong><\/h2>\n\n<p>Los alumnos que completen esta clase ser\u00e1n capaces de utilizar sustantivos y pronombres regulares e irregulares, singulares y plurales, en los casos nominativo y objetivo, combinados con adjetivos. Distinguir\u00e1n entre sustantivos contables e incontables y utilizar\u00e1n adecuadamente los art\u00edculos y participios. Pueden expresar acontecimientos pasados utilizando los adverbios y tiempos verbales correctos para verbos regulares e irregulares. Por \u00faltimo, los alumnos podr\u00e1n utilizar \u00abvoluntad\u00bb para hablar de acontecimientos futuros.<\/p>\n\n<p><strong>Objetivos de logro de la gram\u00e1tica para principiantes II:<\/strong><\/p>\n\n<ul class=\"jinr-list wp-block-list\">\n<li>Utiliza sustantivos y pronombres en los casos gramaticales correctos.<\/li>\n\n\n\n<li>Diferencia y utiliza sustantivos contables e incontables con los art\u00edculos adecuados.<\/li>\n\n\n\n<li>Expresa actividades pasadas utilizando tiempos verbales correctos.<\/li>\n\n\n\n<li>Habla de las intenciones futuras utilizando \u00abvoluntad\u00bb.<\/li>\n<\/ul>\n\n<h2 class=\"wp-block-heading jinr-heading d--bold\"><strong>Gram\u00e1tica para principiantes III<\/strong><\/h2>\n\n<p>Los alumnos que completen esta clase ser\u00e1n capaces de utilizar adecuadamente los verbos modales, incluidos \u00abpuede\u00bb, \u00abpodr\u00eda\u00bb, \u00abpuede\u00bb, \u00absaber c\u00f3mo\u00bb, \u00abpodr\u00eda\u00bb, \u00abpoder\u00bb, \u00abdeber\u00eda\u00bb, \u00abtener que\u00bb y \u00abdebe\u00bb. Pueden hacer preguntas educadas utilizando \u00abpuedo\u00bb, \u00abpodr\u00eda\u00bb, \u00abpuedo\u00bb, y hacer sugerencias utilizando \u00abvamos\u00bb. Son capaces de utilizar expresiones comunes de cantidad y pueden hacer comparaciones utilizando \u00abigual que\u00bb, \u00abparecido a\u00bb, \u00abdiferente de\u00bb, \u00abcomo\u00bb, \u00absemejante a\u00bb, as\u00ed como formas comparativas y superlativas de adjetivos y adverbios.<\/p>\n\n<p><strong>Objetivos de logro de la gram\u00e1tica para principiantes III:<\/strong><\/p>\n\n<ul class=\"jinr-list wp-block-list\">\n<li>Utiliza adecuadamente los verbos modales para expresar capacidad, permiso, obligaci\u00f3n y consejo.<\/li>\n\n\n\n<li>Haz peticiones y sugerencias educadas.<\/li>\n\n\n\n<li>Utiliza expresiones cuantitativas y realiza comparaciones utilizando estructuras gramaticales adecuadas.<\/li>\n<\/ul>\n\n<h2 class=\"wp-block-heading jinr-heading d--bold\"><strong>Obtenci\u00f3n del ILR Nivel 1 en Gram\u00e1tica:<\/strong><\/h2>\n\n<p>Se considera que los alumnos que alcanzan con \u00e9xito los resultados de aprendizaje de cada nivel han adquirido el nivel 1 del ILR (dominio elemental) en gram\u00e1tica, demostrado principalmente en las destrezas de lectura y escritura y, en cierta medida, en comprensi\u00f3n y expresi\u00f3n oral. El plan de estudios utiliza materiales de aprendizaje de idiomas con competencias integradas.<\/p>\n\n<p>Se espera que los alumnos de este nivel respondan a las preguntas del examen relacionadas con los conocimientos y habilidades descritos en cada clase con una gran precisi\u00f3n (al menos un 75% de respuestas correctas).<\/p>\n<section class=\"b--jinr-block b--jinr-blogcard d--blogcard-hover-up d--blogcard-style1 d--blogcard-mysite t--round \"><div class=\"a--blogcard-label ef\">Related Page<\/div><a class=\"o--blogcard-link t--round\" href=\"https:\/\/www.academiaschool.edu\/programs\/beginner\/\"><div class=\"c--blogcard-image\"><img loading=\"lazy\" decoding=\"async\" class=\"a--blogcard-img-src\" width=\"128\" height=\"72\" src=\"https:\/\/www.academiaschool.edu\/wp-content\/uploads\/2025\/02\/\u540d\u79f0\u672a\u8a2d\u5b9a\u306e\u30c7\u30b6\u30a4\u30f3-7.png\" alt=\"Beginner Level\" \/><\/div><div class=\"a--blogcard-title d--bold\">Beginner Level<\/div><\/a><\/section>","protected":false},"excerpt":{"rendered":"<p>Aqu\u00ed encontrar\u00e1s una explicaci\u00f3n detallada de la gram\u00e1tica para principiantes del nivel 1 del ILR (nivel elemental). Gram\u00e1tica para principiantes I Al finalizar, los alumnos de esta clase ser\u00e1n capaces de formular y responder preguntas sencillas en presente utilizando frases compuestas por una sola cl\u00e1usula. Demostrar\u00e1n una comprensi\u00f3n precisa del uso correcto de los tiempos [&hellip;]<\/p>\n","protected":false},"author":1,"featured_media":0,"parent":5566,"menu_order":0,"comment_status":"closed","ping_status":"closed","template":"","meta":{"_jinr_url_youtube":"","_jinr_pip_youtube":false,"_jinr_time_youtube":"","_jinr_thumb_youtube":"","_jinr_media_youtube":"","_jinr_category_edit":false,"_jinr_category":"","_jinr_title_display":false,"_jinr_snsbutton_display":false,"_jinr_ads_display":false,"_jinr_thumbnail_display":false,"_jinr_profile_display":false,"_jinr_representations_display":false,"_jinr_relatedpost_display":false,"_jinr_sidebar1col_display":false,"_jinr_sidebar2col_display":false,"_jinr_seotitle_display":"","_jinr_description_display":"","_jinr_keyword_display":"","_jinr_hastag_display":"","_jinr_canonical_display":"","_jinr_noindex_display":false,"_jinr_paidpost":false,"_jinr_paidpost_product_id":"","_jinr_headtag_article":"","footnotes":""},"class_list":["post-5570","page","type-page","status-publish","hentry"],"_links":{"self":[{"href":"https:\/\/www.academiaschool.edu\/es\/wp-json\/wp\/v2\/pages\/5570","targetHints":{"allow":["GET"]}}],"collection":[{"href":"https:\/\/www.academiaschool.edu\/es\/wp-json\/wp\/v2\/pages"}],"about":[{"href":"https:\/\/www.academiaschool.edu\/es\/wp-json\/wp\/v2\/types\/page"}],"author":[{"embeddable":true,"href":"https:\/\/www.academiaschool.edu\/es\/wp-json\/wp\/v2\/users\/1"}],"replies":[{"embeddable":true,"href":"https:\/\/www.academiaschool.edu\/es\/wp-json\/wp\/v2\/comments?post=5570"}],"version-history":[{"count":3,"href":"https:\/\/www.academiaschool.edu\/es\/wp-json\/wp\/v2\/pages\/5570\/revisions"}],"predecessor-version":[{"id":5573,"href":"https:\/\/www.academiaschool.edu\/es\/wp-json\/wp\/v2\/pages\/5570\/revisions\/5573"}],"up":[{"embeddable":true,"href":"https:\/\/www.academiaschool.edu\/es\/wp-json\/wp\/v2\/pages\/5566"}],"wp:attachment":[{"href":"https:\/\/www.academiaschool.edu\/es\/wp-json\/wp\/v2\/media?parent=5570"}],"curies":[{"name":"wp","href":"https:\/\/api.w.org\/{rel}","templated":true}]}}