{"id":5566,"date":"2024-03-20T18:09:59","date_gmt":"2024-03-21T04:09:59","guid":{"rendered":"https:\/\/academia-school.net\/nivel-principiante\/"},"modified":"2024-04-24T11:17:43","modified_gmt":"2024-04-24T21:17:43","slug":"nivel-principiante","status":"publish","type":"page","link":"https:\/\/www.academiaschool.edu\/es\/nivel-principiante\/","title":{"rendered":"Nivel principiante"},"content":{"rendered":"\n<section class=\"wp-block-jinr-blocks-fullwidth b--jinr-block b--jinr-fullwidth-container d--top-margin-xs-pc d--bottom-margin-xs-pc d--top-margin-xs-sp d--bottom-margin-xs-sp \"><section class=\"b--jinr-fullwidth d--fullwidth-parallax-off d--fullwidth-deco-bgimage\"><div class=\"a--jinr-fullwidth-image\"><div class=\"a--jinr-fullwidth-image-clip\"><img decoding=\"async\" src=\"https:\/\/www.academiaschool.edu\/wp-content\/uploads\/2024\/03\/leo_visions-fMyaQWQrwwU-unsplash.webp\"\/><\/div><\/div><div class=\"a--jinr-fullwidth-overlay\" style=\"background-color:#f5f5f5;opacity:0\"><\/div><div class=\"d--fullwidth-100 d--fullwidth-pad40 d--fullwidth-pad0-sp t--main-width\" style=\"color:false\">\n<p class=\"has-text-align-center has-white-color has-text-color has-link-color wp-elements-428e5f015e56861ac8874f9592863e69\"><span class=\"jinr-d--font-size d--fontsize-36px\"><strong><strong>Nivel principiante<\/strong><\/strong><\/span><\/p>\n<\/div><\/section><\/section>\n\n<h2 class=\"wp-block-heading jinr-heading d--bold\"><strong>Resumen del plan de estudios del Nivel Inicial<\/strong><\/h2>\n\n<section class=\"wp-block-jinr-blocks-simplebox b--jinr-block-container\"><div class=\"b--jinr-block b--jinr-box d--simple-box10  \"><div class=\"c--simple-box-inner\">\n<p class=\"has-text-align-center\"><strong><span class=\"jinr-d--font-size d--fontsize-18px\"><strong>Nombre del programa:<\/strong> <span class=\"jinr-d--text-color d--user-color1 d--bold\">Programa de Ingl\u00e9s B\u00e1sico<\/span><\/span><\/strong><\/p>\n<\/div><\/div><\/section>\n\n<p><strong>\n  <span class=\"jinr-d--text-color d--user-color2 d--bold\">Objetivo del plan de estudios:<\/span>\n<\/strong> El plan de estudios del Nivel Inicial est\u00e1 dise\u00f1ado para desarrollar las habilidades comunicativas necesarias para la vida cotidiana en ingl\u00e9s. El programa se centra en ayudar a los estudiantes a desarrollar habilidades conversacionales sobre temas cotidianos. Esto incluye clases especializadas centradas en la pronunciaci\u00f3n inglesa, que para muchos estudiantes supone un reto, lo que ofrece la oportunidad de abordar aspectos fundamentales.<\/p>\n\n<p><strong>\n  <span class=\"jinr-d--text-color d--user-color2 d--bold\">Objetivos posteriores a la finalizaci\u00f3n:<\/span>\n<\/strong> Al finalizar el programa, los estudiantes aspiran a entablar conversaciones informales sobre la vida cotidiana, el trabajo, la familia y las tareas cotidianas en general.<\/p>\n\n<h2 class=\"wp-block-heading jinr-heading d--bold\"><strong>Cursos obligatorios y optativos de nivel inicial<\/strong><\/h2>\n\n<p><strong><span class=\"jinr-d--text-color d--user-color2 d--bold\">Cursos obligatorios:<\/span><\/strong><\/p>\n\n<ul class=\"jinr-list wp-block-list\">\n<li>Gram\u00e1tica para principiantes I, II, III<\/li>\n\n\n\n<li>Conversaci\u00f3n para principiantes I, II, III<\/li>\n<\/ul>\n\n<p><span class=\"jinr-d--text-color d--user-color2 d--bold\"><strong>Asignaturas Optativas:<\/strong> <\/span>Los alumnos del Nivel Inicial pueden elegir entre las siguientes asignaturas:<\/p>\n\n<ul class=\"jinr-list wp-block-list\">\n<li>Pronunciaci\u00f3n<\/li>\n\n\n\n<li>Vocabulario<\/li>\n\n\n\n<li>Lectura\/Escritura<\/li>\n\n\n\n<li>Escuchar\/Hablar<\/li>\n<\/ul>\n\n<p>Cada semestre tambi\u00e9n ofrece una variedad de cursos optativos diferentes.<\/p>\n<section class=\"b--jinr-block b--jinr-blogcard d--blogcard-hover-up d--blogcard-style1 d--blogcard-mysite t--round \"><div class=\"a--blogcard-label ef\">Related Page<\/div><a class=\"o--blogcard-link t--round\" href=\"https:\/\/www.academiaschool.edu\/programs\/beginner\/beginner-level-grammar\/\"><div class=\"c--blogcard-image\"><img loading=\"lazy\" decoding=\"async\" class=\"a--blogcard-img-src\" width=\"128\" height=\"72\" src=\"https:\/\/www.academiaschool.edu\/wp-content\/uploads\/2025\/02\/\u540d\u79f0\u672a\u8a2d\u5b9a\u306e\u30c7\u30b6\u30a4\u30f3-7.png\" alt=\"Detailed Overview and Achievement Goals for Beginner Level Grammar I, II, III\" \/><\/div><div class=\"a--blogcard-title d--bold\">Detailed Overview and Achievement Goals for Beginner Level Grammar I, II, III<\/div><\/a><\/section><section class=\"b--jinr-block b--jinr-blogcard d--blogcard-hover-up d--blogcard-style1 d--blogcard-mysite t--round \"><div class=\"a--blogcard-label ef\">Related Page<\/div><a class=\"o--blogcard-link t--round\" href=\"https:\/\/www.academiaschool.edu\/programs\/beginner\/beginner-level-conversation\/\"><div class=\"c--blogcard-image\"><img loading=\"lazy\" decoding=\"async\" class=\"a--blogcard-img-src\" width=\"128\" height=\"72\" src=\"https:\/\/www.academiaschool.edu\/wp-content\/uploads\/2025\/02\/\u540d\u79f0\u672a\u8a2d\u5b9a\u306e\u30c7\u30b6\u30a4\u30f3-7.png\" alt=\"Details and Learning Outcomes of Beginner Conversation Levels I, II, &amp; III\" \/><\/div><div class=\"a--blogcard-title d--bold\">Details and Learning Outcomes of Beginner Conversation Levels I, II, &amp; III<\/div><\/a><\/section>\n<h2 class=\"wp-block-heading jinr-heading d--bold\"><strong>Requisitos y notas del curso para el nivel principiante<\/strong><\/h2>\n\n<ul class=\"jinr-list wp-block-list\">\n<li>Se requiere un m\u00ednimo de 240 horas (es decir, 20 horas semanales durante un periodo de 12 semanas) de cursos optativos de Nivel Inicial.<\/li>\n\n\n\n<li>Los alumnos colocados al inicio del Programa de Ingl\u00e9s B\u00e1sico pueden cumplir los requisitos del programa en un plazo m\u00ednimo de un a\u00f1o.<\/li>\n\n\n\n<li>Los estudiantes pueden cursar m\u00e1s de 240 horas de asignaturas optativas dentro del programa, pero todos los requisitos del programa deben completarse en un plazo de dos a\u00f1os.<\/li>\n\n\n\n<li>Si un alumno completa una clase de Nivel II o III, no puede volver a una clase de nivel inferior.<\/li>\n\n\n\n<li>Completar el Nivel III no implica necesariamente pasar a un nivel superior.<\/li>\n<\/ul>\n\n<h2 class=\"wp-block-heading jinr-heading d--bold\"><strong>Objetivos para el Nivel Inicial<\/strong><\/h2>\n\n<p>Los alumnos que completan las clases de Gram\u00e1tica y Conversaci\u00f3n para Principiantes aspiran a alcanzar el Nivel 1 (Dominio Elemental) seg\u00fan la escala de la Mesa Redonda Interinstitucional de Lenguas (ILR).<\/p>\n\n<p><strong><span class=\"jinr-d--text-color d--user-color2 d--bold\">Las caracter\u00edsticas de los alumnos del nivel 1 del ILR incluyen:<\/span><\/strong><\/p>\n\n<ul class=\"jinr-list wp-block-list\">\n<li>Capacidad para satisfacer las necesidades b\u00e1sicas y los requisitos m\u00ednimos de cortes\u00eda necesarios para viajar.<\/li>\n\n\n\n<li>Capacidad para formular y responder preguntas sobre temas conocidos dentro de un rango limitado de experiencia ling\u00fc\u00edstica.<\/li>\n\n\n\n<li>Capacidad para comprender preguntas y afirmaciones sencillas ralentizando el habla, repitiendo o reformulando.<\/li>\n\n\n\n<li>A pesar de los frecuentes errores de pronunciaci\u00f3n y gram\u00e1tica, posee un vocabulario suficiente para expresar las necesidades b\u00e1sicas.<\/li>\n\n\n\n<li>Pueden entenderlo los hablantes nativos acostumbrados a tratar con no nativos que intentan hablar la lengua.<\/li>\n\n\n\n<li>Capaz de preguntar por comidas, alojamiento o albergue, pedir y dar indicaciones sencillas, hacer compras, etc.<\/li>\n<\/ul>\n<section class=\"b--jinr-block b--jinr-blogcard d--blogcard-hover-up d--blogcard-style1 d--blogcard-mysite t--round \"><div class=\"a--blogcard-label ef\">Related Page<\/div><a class=\"o--blogcard-link t--round\" href=\"https:\/\/www.academiaschool.edu\/programs\/\"><div class=\"c--blogcard-image\"><img loading=\"lazy\" decoding=\"async\" class=\"a--blogcard-img-src\" width=\"128\" height=\"72\" src=\"https:\/\/www.academiaschool.edu\/wp-content\/uploads\/2025\/02\/\u540d\u79f0\u672a\u8a2d\u5b9a\u306e\u30c7\u30b6\u30a4\u30f3-7.png\" alt=\"Overview of the Program\" \/><\/div><div class=\"a--blogcard-title d--bold\">Overview of the Program<\/div><\/a><\/section>","protected":false},"excerpt":{"rendered":"<p>Resumen del plan de estudios del Nivel Inicial Objetivo del plan de estudios: El plan de estudios del Nivel Inicial est\u00e1 dise\u00f1ado para desarrollar las habilidades comunicativas necesarias para la vida cotidiana en ingl\u00e9s. El programa se centra en ayudar a los estudiantes a desarrollar habilidades conversacionales sobre temas cotidianos. Esto incluye clases especializadas centradas [&hellip;]<\/p>\n","protected":false},"author":1,"featured_media":0,"parent":0,"menu_order":0,"comment_status":"closed","ping_status":"closed","template":"","meta":{"_jinr_url_youtube":"","_jinr_pip_youtube":false,"_jinr_time_youtube":"","_jinr_thumb_youtube":"","_jinr_media_youtube":"","_jinr_category_edit":false,"_jinr_category":"","_jinr_title_display":false,"_jinr_snsbutton_display":false,"_jinr_ads_display":false,"_jinr_thumbnail_display":false,"_jinr_profile_display":false,"_jinr_representations_display":false,"_jinr_relatedpost_display":false,"_jinr_sidebar1col_display":false,"_jinr_sidebar2col_display":false,"_jinr_seotitle_display":"","_jinr_description_display":"","_jinr_keyword_display":"","_jinr_hastag_display":"","_jinr_canonical_display":"","_jinr_noindex_display":false,"_jinr_paidpost":false,"_jinr_paidpost_product_id":"","_jinr_headtag_article":"","footnotes":""},"class_list":["post-5566","page","type-page","status-publish","hentry"],"_links":{"self":[{"href":"https:\/\/www.academiaschool.edu\/es\/wp-json\/wp\/v2\/pages\/5566","targetHints":{"allow":["GET"]}}],"collection":[{"href":"https:\/\/www.academiaschool.edu\/es\/wp-json\/wp\/v2\/pages"}],"about":[{"href":"https:\/\/www.academiaschool.edu\/es\/wp-json\/wp\/v2\/types\/page"}],"author":[{"embeddable":true,"href":"https:\/\/www.academiaschool.edu\/es\/wp-json\/wp\/v2\/users\/1"}],"replies":[{"embeddable":true,"href":"https:\/\/www.academiaschool.edu\/es\/wp-json\/wp\/v2\/comments?post=5566"}],"version-history":[{"count":3,"href":"https:\/\/www.academiaschool.edu\/es\/wp-json\/wp\/v2\/pages\/5566\/revisions"}],"predecessor-version":[{"id":5569,"href":"https:\/\/www.academiaschool.edu\/es\/wp-json\/wp\/v2\/pages\/5566\/revisions\/5569"}],"wp:attachment":[{"href":"https:\/\/www.academiaschool.edu\/es\/wp-json\/wp\/v2\/media?parent=5566"}],"curies":[{"name":"wp","href":"https:\/\/api.w.org\/{rel}","templated":true}]}}