{"id":5562,"date":"2024-03-25T14:32:38","date_gmt":"2024-03-26T00:32:38","guid":{"rendered":"https:\/\/academia-school.net\/nivel-avanzado\/detalles-y-resultados-del-aprendizaje-de-los-niveles-i-ii-y-iii-de-conversacion-avanzada\/"},"modified":"2024-04-24T11:17:30","modified_gmt":"2024-04-24T21:17:30","slug":"detalles-y-resultados-del-aprendizaje-de-los-niveles-i-ii-y-iii-de-conversacion-avanzada","status":"publish","type":"page","link":"https:\/\/www.academiaschool.edu\/es\/nivel-avanzado\/detalles-y-resultados-del-aprendizaje-de-los-niveles-i-ii-y-iii-de-conversacion-avanzada\/","title":{"rendered":"Detalles y resultados del aprendizaje de los Niveles I, II y III de Conversaci\u00f3n Avanzada"},"content":{"rendered":"\n<h2 class=\"wp-block-heading jinr-heading d--bold\"><strong>Conversaci\u00f3n Avanzada I<\/strong><\/h2>\n\n<p>Al finalizar con \u00e9xito este curso, los estudiantes ser\u00e1n capaces de comunicarse de forma adecuada, completa, fluida, clara y precisa utilizando la gram\u00e1tica y el vocabulario adecuados sobre el descubrimiento de nuevas perspectivas, la expresi\u00f3n del estado de \u00e1nimo de la m\u00fasica, la discusi\u00f3n de temas financieros, las apariencias est\u00e9ticas y la expresi\u00f3n de opiniones sobre la comunidad.<\/p>\n\n<h2 class=\"wp-block-heading jinr-heading d--bold\"><strong>Conversaci\u00f3n Avanzada II<\/strong><\/h2>\n\n<p>Los alumnos que completen con \u00e9xito este curso ser\u00e1n capaces de comunicarse de forma adecuada, completa, fluida, clara y precisa, utilizando la gram\u00e1tica y el vocabulario adecuados, sobre temas como los animales, la publicidad y los consumidores, las tendencias familiares, los misterios hist\u00f3ricos y el tiempo libre.<\/p>\n\n<h2 class=\"wp-block-heading jinr-heading d--bold\"><strong>Conversaci\u00f3n Avanzada III<\/strong><\/h2>\n\n<p>Al finalizar con \u00e9xito este curso, los alumnos ser\u00e1n capaces de comunicarse de forma adecuada, completa, fluida, clara y precisa utilizando la gram\u00e1tica y el vocabulario adecuados sobre el descubrimiento de nuevas perspectivas, la expresi\u00f3n del estado de \u00e1nimo de la m\u00fasica, la discusi\u00f3n de temas financieros, las apariencias est\u00e9ticas, la expresi\u00f3n de opiniones sobre la comunidad, los viajes, la inteligencia humana, el humor, la forma de las sociedades futuras y la naturaleza de nuestro mundo interconectado.<\/p>\n\n<p><em>Definiciones:<\/em><\/p>\n\n<ul class=\"jinr-list wp-block-list\">\n<li><strong>Adecuada:<\/strong> Respuesta razonable<\/li>\n\n\n\n<li><strong>Completo:<\/strong> Respuesta utilizando un vocabulario variado para proporcionar detalles adecuados<\/li>\n\n\n\n<li><strong>Fluida:<\/strong> Respuesta fluida e ininterrumpida<\/li>\n\n\n\n<li><strong>Comprensible:<\/strong> Claro y f\u00e1cilmente comprensible por hablantes nativos<\/li>\n\n\n\n<li><strong>Preciso:<\/strong> Gramaticalmente correcto y utilizando adecuadamente expresiones coloquiales<\/li>\n<\/ul>\n<section class=\"b--jinr-block b--jinr-blogcard d--blogcard-hover-up d--blogcard-style1 d--blogcard-mysite t--round \"><div class=\"a--blogcard-label ef\">Related Page<\/div><a class=\"o--blogcard-link t--round\" href=\"https:\/\/www.academiaschool.edu\/programs\/advance\/\"><div class=\"c--blogcard-image\"><img loading=\"lazy\" decoding=\"async\" class=\"a--blogcard-img-src\" width=\"128\" height=\"72\" src=\"https:\/\/www.academiaschool.edu\/wp-content\/uploads\/2025\/02\/\u540d\u79f0\u672a\u8a2d\u5b9a\u306e\u30c7\u30b6\u30a4\u30f3-7.png\" alt=\"Advanced Level\" \/><\/div><div class=\"a--blogcard-title d--bold\">Advanced Level<\/div><\/a><\/section>","protected":false},"excerpt":{"rendered":"<p>Conversaci\u00f3n Avanzada I Al finalizar con \u00e9xito este curso, los estudiantes ser\u00e1n capaces de comunicarse de forma adecuada, completa, fluida, clara y precisa utilizando la gram\u00e1tica y el vocabulario adecuados sobre el descubrimiento de nuevas perspectivas, la expresi\u00f3n del estado de \u00e1nimo de la m\u00fasica, la discusi\u00f3n de temas financieros, las apariencias est\u00e9ticas y la [&hellip;]<\/p>\n","protected":false},"author":1,"featured_media":0,"parent":5554,"menu_order":0,"comment_status":"closed","ping_status":"closed","template":"","meta":{"_jinr_url_youtube":"","_jinr_pip_youtube":false,"_jinr_time_youtube":"","_jinr_thumb_youtube":"","_jinr_media_youtube":"","_jinr_category_edit":false,"_jinr_category":"","_jinr_title_display":false,"_jinr_snsbutton_display":false,"_jinr_ads_display":false,"_jinr_thumbnail_display":false,"_jinr_profile_display":false,"_jinr_representations_display":false,"_jinr_relatedpost_display":false,"_jinr_sidebar1col_display":false,"_jinr_sidebar2col_display":false,"_jinr_seotitle_display":"","_jinr_description_display":"","_jinr_keyword_display":"","_jinr_hastag_display":"","_jinr_canonical_display":"","_jinr_noindex_display":false,"_jinr_paidpost":false,"_jinr_paidpost_product_id":"","_jinr_headtag_article":"","footnotes":""},"class_list":["post-5562","page","type-page","status-publish","hentry"],"_links":{"self":[{"href":"https:\/\/www.academiaschool.edu\/es\/wp-json\/wp\/v2\/pages\/5562","targetHints":{"allow":["GET"]}}],"collection":[{"href":"https:\/\/www.academiaschool.edu\/es\/wp-json\/wp\/v2\/pages"}],"about":[{"href":"https:\/\/www.academiaschool.edu\/es\/wp-json\/wp\/v2\/types\/page"}],"author":[{"embeddable":true,"href":"https:\/\/www.academiaschool.edu\/es\/wp-json\/wp\/v2\/users\/1"}],"replies":[{"embeddable":true,"href":"https:\/\/www.academiaschool.edu\/es\/wp-json\/wp\/v2\/comments?post=5562"}],"version-history":[{"count":3,"href":"https:\/\/www.academiaschool.edu\/es\/wp-json\/wp\/v2\/pages\/5562\/revisions"}],"predecessor-version":[{"id":5565,"href":"https:\/\/www.academiaschool.edu\/es\/wp-json\/wp\/v2\/pages\/5562\/revisions\/5565"}],"up":[{"embeddable":true,"href":"https:\/\/www.academiaschool.edu\/es\/wp-json\/wp\/v2\/pages\/5554"}],"wp:attachment":[{"href":"https:\/\/www.academiaschool.edu\/es\/wp-json\/wp\/v2\/media?parent=5562"}],"curies":[{"name":"wp","href":"https:\/\/api.w.org\/{rel}","templated":true}]}}