{"id":5554,"date":"2024-03-21T12:17:29","date_gmt":"2024-03-21T22:17:29","guid":{"rendered":"https:\/\/academia-school.net\/nivel-avanzado\/"},"modified":"2024-04-24T11:17:08","modified_gmt":"2024-04-24T21:17:08","slug":"nivel-avanzado","status":"publish","type":"page","link":"https:\/\/www.academiaschool.edu\/es\/nivel-avanzado\/","title":{"rendered":"Nivel Avanzado"},"content":{"rendered":"\n<section class=\"wp-block-jinr-blocks-fullwidth b--jinr-block b--jinr-fullwidth-container d--top-margin-xs-pc d--bottom-margin-xs-pc d--top-margin-xs-sp d--bottom-margin-xs-sp \"><section class=\"b--jinr-fullwidth d--fullwidth-parallax-off d--fullwidth-deco-bgimage\"><div class=\"a--jinr-fullwidth-image\"><div class=\"a--jinr-fullwidth-image-clip\"><img decoding=\"async\" src=\"https:\/\/www.academiaschool.edu\/wp-content\/uploads\/2024\/03\/leo_visions-fMyaQWQrwwU-unsplash.webp\"\/><\/div><\/div><div class=\"a--jinr-fullwidth-overlay\" style=\"background-color:#f5f5f5;opacity:0\"><\/div><div class=\"d--fullwidth-100 d--fullwidth-pad40 d--fullwidth-pad0-sp t--main-width\" style=\"color:false\">\n<p class=\"has-text-align-center has-white-color has-text-color has-link-color wp-elements-3f0fdea597fa1ffa05073992f37efdd8\"><span class=\"jinr-d--font-size d--fontsize-36px\"><strong><strong>Nivel Avanzado<\/strong><\/strong><\/span><\/p>\n<\/div><\/section><\/section>\n\n<h2 class=\"wp-block-heading jinr-heading d--bold\"><strong>Plan de estudios de nivel avanzado<\/strong><\/h2>\n\n<section class=\"wp-block-jinr-blocks-simplebox b--jinr-block-container\"><div class=\"b--jinr-block b--jinr-box d--simple-box10  \"><div class=\"c--simple-box-inner\">\n<p class=\"has-text-align-center\"><strong><span class=\"jinr-d--font-size d--fontsize-18px\"><strong>Nombre del Programa: <span class=\"jinr-d--text-color d--user-color1 d--bold\">Programa de Ingl\u00e9s con Fines Aplicados<\/span><\/strong><\/span><\/strong><\/p>\n<\/div><\/div><\/section>\n\n<p>El plan de estudios del Nivel Avanzado est\u00e1 dise\u00f1ado para desarrollar la capacidad de comunicarse con flexibilidad en ingl\u00e9s en todos los aspectos de la vida cotidiana y en diversos temas especializados. Este programa se centra en dotar a los estudiantes de los conocimientos de ingl\u00e9s necesarios para el contenido acad\u00e9mico o profesional.<\/p>\n\n<p>Se espera que los estudiantes que completen este programa sean capaces de comunicarse eficazmente con suficiente fluidez, precisi\u00f3n gramatical y vocabulario sobre asuntos pr\u00e1cticos, sociales y profesionales.<\/p>\n\n<h2 class=\"wp-block-heading jinr-heading d--bold\"><strong>Cursos obligatorios y optativos de nivel avanzado<\/strong><\/h2>\n\n<p>Los cursos requeridos en el nivel Avanzado incluyen<\/p>\n\n<ul class=\"jinr-list wp-block-list\">\n<li>Gram\u00e1tica avanzada I, II, III<\/li>\n\n\n\n<li>Conversaci\u00f3n Avanzada I, II, III<\/li>\n<\/ul>\n\n<p>Las asignaturas optativas del nivel Avanzado pueden elegirse entre las siguientes materias:<\/p>\n\n<ul class=\"jinr-list wp-block-list\">\n<li>Pronunciaci\u00f3n<\/li>\n\n\n\n<li>Vocabulario<\/li>\n\n\n\n<li>Lectura\/Escritura<\/li>\n\n\n\n<li>Escuchar\/Hablar<\/li>\n\n\n\n<li>Preparaci\u00f3n para los ex\u00e1menes TOEIC y TOEFL<\/li>\n<\/ul>\n\n<p>Adem\u00e1s, hay muchos otros cursos optativos disponibles cada semestre.<\/p>\n<section class=\"b--jinr-block b--jinr-blogcard d--blogcard-hover-up d--blogcard-style1 d--blogcard-mysite t--round \"><div class=\"a--blogcard-label ef\">Related Page<\/div><a class=\"o--blogcard-link t--round\" href=\"https:\/\/www.academiaschool.edu\/programs\/advance\/advanced-level-grammar\/\"><div class=\"c--blogcard-image\"><img loading=\"lazy\" decoding=\"async\" class=\"a--blogcard-img-src\" width=\"128\" height=\"72\" src=\"https:\/\/www.academiaschool.edu\/wp-content\/uploads\/2025\/02\/\u540d\u79f0\u672a\u8a2d\u5b9a\u306e\u30c7\u30b6\u30a4\u30f3-7.png\" alt=\"Details and Learning Outcomes for Advanced Grammar Levels I, II, &amp; III\" \/><\/div><div class=\"a--blogcard-title d--bold\">Details and Learning Outcomes for Advanced Grammar Levels I, II, &amp; III<\/div><\/a><\/section><section class=\"b--jinr-block b--jinr-blogcard d--blogcard-hover-up d--blogcard-style1 d--blogcard-mysite t--round \"><div class=\"a--blogcard-label ef\">Related Page<\/div><a class=\"o--blogcard-link t--round\" href=\"https:\/\/www.academiaschool.edu\/programs\/advance\/advanced-level-conversation\/\"><div class=\"c--blogcard-image\"><img loading=\"lazy\" decoding=\"async\" class=\"a--blogcard-img-src\" width=\"128\" height=\"72\" src=\"https:\/\/www.academiaschool.edu\/wp-content\/uploads\/2025\/02\/\u540d\u79f0\u672a\u8a2d\u5b9a\u306e\u30c7\u30b6\u30a4\u30f3-7.png\" alt=\"Details and Learning Outcomes of Advanced Conversation Levels I, II, &amp; III\" \/><\/div><div class=\"a--blogcard-title d--bold\">Details and Learning Outcomes of Advanced Conversation Levels I, II, &amp; III<\/div><\/a><\/section>\n<h2 class=\"wp-block-heading jinr-heading d--bold\"><strong>Consideraciones para los cursos de nivel avanzado<\/strong><\/h2>\n\n<ul class=\"jinr-list wp-block-list\">\n<li>Se requiere un m\u00ednimo de 240 horas (es decir, 20 horas semanales durante un periodo de 12 semanas) de cursos optativos de Nivel Avanzado.<\/li>\n\n\n\n<li>  Los requisitos de este programa pueden completarse en un m\u00ednimo de un a\u00f1o. Los estudiantes pueden cursar m\u00e1s de las 240 horas m\u00ednimas de cursos optativos dentro del programa, pero deben completar todos los requisitos del programa en un plazo de dos a\u00f1os.  <\/li>\n\n\n\n<li>Si completas primero una clase de nivel superior, como II o III, no puedes volver a un nivel inferior.  <\/li>\n\n\n\n<li>Completar el III no significa necesariamente que debas avanzar a un nivel superior.<\/li>\n<\/ul>\n\n<h2 class=\"wp-block-heading jinr-heading d--bold\"><strong>Objetivos de rendimiento en el nivel avanzado<\/strong><\/h2>\n\n<p>Los estudiantes que completan Gram\u00e1tica Avanzada y Conversaci\u00f3n alcanzan el Nivel 3 del ILR (Competencia Profesional General). Entre las caracter\u00edsticas de los estudiantes del Nivel 3 del ILR se incluyen:<\/p>\n\n<ul class=\"jinr-list wp-block-list\">\n<li>Puede hablar con suficiente precisi\u00f3n estructural y vocabulario para participar eficazmente en la mayor\u00eda de las conversaciones formales e informales sobre temas pr\u00e1cticos, sociales y profesionales.<\/li>\n\n\n\n<li>Puedes hablar de intereses espec\u00edficos y \u00e1reas de especializaci\u00f3n con relativa facilidad.<\/li>\n\n\n\n<li>Suele tener una comprensi\u00f3n muy completa de los ritmos normales del habla.<\/li>\n\n\n\n<li>Posee un amplio vocabulario general hasta el punto de que casi nunca es necesario buscar palabras.<\/li>\n\n\n\n<li>Puedes entenderte f\u00e1cilmente a pesar de tener un claro acento extranjero.<\/li>\n\n\n\n<li>Controla bien la gram\u00e1tica, con errores que rara vez dificultan la comprensi\u00f3n o causan molestias a los hablantes nativos.<\/li>\n<\/ul>\n<section class=\"b--jinr-block b--jinr-blogcard d--blogcard-hover-up d--blogcard-style1 d--blogcard-mysite t--round \"><div class=\"a--blogcard-label ef\">Related Page<\/div><a class=\"o--blogcard-link t--round\" href=\"https:\/\/www.academiaschool.edu\/programs\/\"><div class=\"c--blogcard-image\"><img loading=\"lazy\" decoding=\"async\" class=\"a--blogcard-img-src\" width=\"128\" height=\"72\" src=\"https:\/\/www.academiaschool.edu\/wp-content\/uploads\/2025\/02\/\u540d\u79f0\u672a\u8a2d\u5b9a\u306e\u30c7\u30b6\u30a4\u30f3-7.png\" alt=\"Overview of the Program\" \/><\/div><div class=\"a--blogcard-title d--bold\">Overview of the Program<\/div><\/a><\/section>","protected":false},"excerpt":{"rendered":"<p>Plan de estudios de nivel avanzado El plan de estudios del Nivel Avanzado est\u00e1 dise\u00f1ado para desarrollar la capacidad de comunicarse con flexibilidad en ingl\u00e9s en todos los aspectos de la vida cotidiana y en diversos temas especializados. Este programa se centra en dotar a los estudiantes de los conocimientos de ingl\u00e9s necesarios para el [&hellip;]<\/p>\n","protected":false},"author":1,"featured_media":0,"parent":0,"menu_order":0,"comment_status":"closed","ping_status":"closed","template":"","meta":{"_jinr_url_youtube":"","_jinr_pip_youtube":false,"_jinr_time_youtube":"","_jinr_thumb_youtube":"","_jinr_media_youtube":"","_jinr_category_edit":false,"_jinr_category":"","_jinr_title_display":false,"_jinr_snsbutton_display":false,"_jinr_ads_display":false,"_jinr_thumbnail_display":false,"_jinr_profile_display":false,"_jinr_representations_display":false,"_jinr_relatedpost_display":false,"_jinr_sidebar1col_display":false,"_jinr_sidebar2col_display":false,"_jinr_seotitle_display":"","_jinr_description_display":"","_jinr_keyword_display":"","_jinr_hastag_display":"","_jinr_canonical_display":"","_jinr_noindex_display":false,"_jinr_paidpost":false,"_jinr_paidpost_product_id":"","_jinr_headtag_article":"","footnotes":""},"class_list":["post-5554","page","type-page","status-publish","hentry"],"_links":{"self":[{"href":"https:\/\/www.academiaschool.edu\/es\/wp-json\/wp\/v2\/pages\/5554","targetHints":{"allow":["GET"]}}],"collection":[{"href":"https:\/\/www.academiaschool.edu\/es\/wp-json\/wp\/v2\/pages"}],"about":[{"href":"https:\/\/www.academiaschool.edu\/es\/wp-json\/wp\/v2\/types\/page"}],"author":[{"embeddable":true,"href":"https:\/\/www.academiaschool.edu\/es\/wp-json\/wp\/v2\/users\/1"}],"replies":[{"embeddable":true,"href":"https:\/\/www.academiaschool.edu\/es\/wp-json\/wp\/v2\/comments?post=5554"}],"version-history":[{"count":3,"href":"https:\/\/www.academiaschool.edu\/es\/wp-json\/wp\/v2\/pages\/5554\/revisions"}],"predecessor-version":[{"id":5557,"href":"https:\/\/www.academiaschool.edu\/es\/wp-json\/wp\/v2\/pages\/5554\/revisions\/5557"}],"wp:attachment":[{"href":"https:\/\/www.academiaschool.edu\/es\/wp-json\/wp\/v2\/media?parent=5554"}],"curies":[{"name":"wp","href":"https:\/\/api.w.org\/{rel}","templated":true}]}}