{"id":5552,"date":"2024-03-21T12:48:43","date_gmt":"2024-03-21T22:48:43","guid":{"rendered":"https:\/\/academia-school.net\/para-estudiantes-actuales\/vacaciones-2\/"},"modified":"2024-04-24T11:16:49","modified_gmt":"2024-04-24T21:16:49","slug":"vacaciones-2","status":"publish","type":"page","link":"https:\/\/www.academiaschool.edu\/es\/para-estudiantes-actuales\/vacaciones-2\/","title":{"rendered":"Vacaciones"},"content":{"rendered":"\n<section class=\"wp-block-jinr-blocks-fullwidth b--jinr-block b--jinr-fullwidth-container d--top-margin-xs-pc d--bottom-margin-xs-pc d--top-margin-xs-sp d--bottom-margin-xs-sp \"><section class=\"b--jinr-fullwidth d--fullwidth-parallax-off d--fullwidth-deco-bgimage\"><div class=\"a--jinr-fullwidth-image\"><div class=\"a--jinr-fullwidth-image-clip\"><img decoding=\"async\" src=\"https:\/\/www.academiaschool.edu\/wp-content\/uploads\/2024\/03\/\u30b9\u30af\u30ea\u30fc\u30f3\u30b7\u30e7\u30c3\u30c8-2024-03-26-\u5348\u5f8c8.22.12.webp\"\/><\/div><\/div><div class=\"a--jinr-fullwidth-overlay\" style=\"background-color:rgba(255,255,255,0);opacity:0.25\"><\/div><div class=\"d--fullwidth-100 d--fullwidth-pad40 d--fullwidth-pad0-sp t--main-width\" style=\"color:false\">\n<p class=\"has-text-align-center has-white-color has-text-color has-link-color wp-elements-7f7f4e9258925adf8c2e45485c40d432\"><span class=\"jinr-d--font-size d--fontsize-36px\"><strong><strong>Vacaciones<\/strong><\/strong><\/span><\/p>\n<\/div><\/section><\/section>\n\n<h2 class=\"wp-block-heading jinr-heading d--bold\"><strong>Tipos de vacaciones<\/strong><\/h2>\n\n<p>Hay dos tipos de vacaciones disponibles:<\/p>\n\n<figure class=\"wp-block-table\"><table><tbody><tr><td class=\"has-text-align-center\" data-align=\"center\">Tipo<\/td><td>Detalles<\/td><td>Ampliaci\u00f3n de la fecha de finalizaci\u00f3n del estudio<\/td><td>Tratada como Ausencia<\/td><\/tr><tr><td class=\"has-text-align-center\" data-align=\"center\">Vacaciones prolongadas<\/td><td>2 semanas despu\u00e9s de 3 meses de estudio<br\/>1 mes (4 semanas) despu\u00e9s de 6 meses de estudio si no coges las 2 semanas de vacaciones<\/td><td>Ampl\u00eda<\/td><td>No<\/td><\/tr><tr><td class=\"has-text-align-center\" data-align=\"center\">Vacaciones no prolongadas<\/td><td>Vacaciones en el extranjero, baja por enfermedad (incluida la baja por maternidad)<\/td><td>No Ampliar<\/td><td>No<\/td><\/tr><\/tbody><\/table><\/figure>\n\n<p>Solicitar vacaciones no cuenta como ausencia, pero tampoco como asistencia. Esencialmente, estos d\u00edas no se cuentan como d\u00edas de asistencia necesaria.<\/p>\n<section class=\"b--jinr-block b--jinr-blogcard d--blogcard-hover-up d--blogcard-style1 d--blogcard-mysite t--round \"><div class=\"a--blogcard-label ef\">Related Page<\/div><a class=\"o--blogcard-link t--round\" href=\"https:\/\/www.academiaschool.edu\/attendance-rate-and-forced-expulsion\/\"><div class=\"c--blogcard-image\"><img loading=\"lazy\" decoding=\"async\" class=\"a--blogcard-img-src\" width=\"128\" height=\"72\" src=\"https:\/\/www.academiaschool.edu\/wp-content\/uploads\/2025\/02\/\u540d\u79f0\u672a\u8a2d\u5b9a\u306e\u30c7\u30b6\u30a4\u30f3-7.png\" alt=\"Vacaciones\" \/><\/div><div class=\"a--blogcard-title d--bold\">Vacaciones<\/div><\/a><\/section>\n<h3 class=\"wp-block-heading jinr-heading d--bold\">Vacaciones prolongadas<\/h3>\n\n<ul class=\"jinr-list wp-block-list\">\n<li>Extensi\u00f3n de las vacaciones: Las semanas libres ampl\u00edan la fecha de finalizaci\u00f3n del estudio.<\/li>\n\n\n\n<li>Las vacaciones pueden obtenerse estudiando durante 3 \u00f3 6 meses.<\/li>\n\n\n\n<li>El periodo para coger vacaciones es de 2 semanas despu\u00e9s de 3 meses de estudio o de 1 mes (4 semanas) despu\u00e9s de 6 meses de estudio.<\/li>\n\n\n\n<li>Se pueden tomar vacaciones de 1 mes (4 semanas) despu\u00e9s de 6 meses si no se han tomado vacaciones de 2 semanas despu\u00e9s de 3 meses.<\/li>\n\n\n\n<li>No es necesario que las vacaciones empiecen en lunes.<\/li>\n\n\n\n<li>Las vacaciones de 2 semanas pueden volver a tomarse 3 meses despu\u00e9s de las vacaciones anteriores.<\/li>\n\n\n\n<li>Las vacaciones de 1 mes (4 semanas) pueden volver a tomarse 6 meses despu\u00e9s de las vacaciones anteriores.<\/li>\n\n\n\n<li>Si las vacaciones abarcan varios semestres, se requiere una jornada de asesoramiento en l\u00ednea y la inscripci\u00f3n en las clases del pr\u00f3ximo semestre (en l\u00ednea).<\/li>\n\n\n\n<li>Unas vacaciones de 4 semanas pueden dividirse en 1 semana y 3 semanas o en dos periodos de 2 semanas, pero no en cuatro semanas separadas.<\/li>\n\n\n\n<li>Unas vacaciones de 2 semanas pueden dividirse en dos periodos de 1 semana.<\/li>\n\n\n\n<li>Si se dividen las vacaciones, las vacaciones restantes deben utilizarse en un plazo de 4 semanas a partir del final de la primera mitad de las vacaciones. Si no se utiliza, se pierde.<\/li>\n\n\n\n<li>Las solicitudes de vacaciones fraccionadas se hacen todas a la vez.<\/li>\n<\/ul>\n\n<h3 class=\"wp-block-heading jinr-heading d--bold\">Vacaciones no prolongadas<\/h3>\n\n<ul class=\"jinr-list wp-block-list\">\n<li>La fecha de finalizaci\u00f3n no se prorroga (los d\u00edas de matr\u00edcula pagados se consumen durante la pausa).<\/li>\n\n\n\n<li>Permiso en el extranjero: Permiso que implica viajar fuera de EE.UU. por asuntos personales, como visitar a la familia en el pa\u00eds de origen.<\/li>\n\n\n\n<li>Baja por enfermedad: Descanso permitido durante el periodo indicado por un m\u00e9dico estadounidense (MD) por enfermedad o parto.<\/li>\n\n\n\n<li>No se recomienda tomarse m\u00e1s de un mes y medio de descanso por ning\u00fan motivo.<\/li>\n\n\n\n<li>Cuando terminen las vacaciones, deber\u00e1s volver a la escuela al d\u00eda siguiente.<\/li>\n\n\n\n<li>Si las vacaciones abarcan varios semestres, es necesario un d\u00eda de asesoramiento en l\u00ednea y la inscripci\u00f3n en las clases del pr\u00f3ximo semestre (en l\u00ednea).<\/li>\n<\/ul>\n\n<h4 class=\"wp-block-heading jinr-heading d--bold\">Vacaciones en el extranjero<\/h4>\n\n<ul class=\"jinr-list wp-block-list\">\n<li>Las reservas de billetes de avi\u00f3n deben presentarse para tomar el Permiso en el Extranjero.<\/li>\n\n\n\n<li>Si se desean cambios despu\u00e9s de solicitar la Autorizaci\u00f3n para Trabajar en el Extranjero, pero antes de salir del pa\u00eds, es posible si se presenta conjuntamente la informaci\u00f3n sobre la reserva del avi\u00f3n. Sin embargo, en caso de emergencia, la fecha de regreso puede modificarse despu\u00e9s de salir del pa\u00eds.<\/li>\n<\/ul>\n\n<h4 class=\"wp-block-heading jinr-heading d--bold\">Baja por enfermedad<\/h4>\n\n<ul class=\"jinr-list wp-block-list\">\n<li>Se requiere la presentaci\u00f3n de un diagn\u00f3stico de un m\u00e9dico estadounidense (MD).  <\/li>\n\n\n\n<li>No se aceptan diagn\u00f3sticos de dentistas o quiropr\u00e1cticos (s\u00f3lo son v\u00e1lidos los de m\u00e9dicos).<\/li>\n\n\n\n<li>El plazo para presentar el certificado m\u00e9dico es una semana despu\u00e9s de volver a la escuela tras haber enfermado.<\/li>\n<\/ul>\n\n<h2 class=\"wp-block-heading jinr-heading d--bold\"><strong>C\u00f3mo solicitar vacaciones<\/strong><\/h2>\n\n<p>Hay dos formas de solicitar unas vacaciones:<\/p>\n\n<ul class=\"jinr-list wp-block-list\">\n<li>Rellenando el Formulario de Solicitud de Vacaciones Online.<\/li>\n\n\n\n<li>Rellenando el Formulario de Solicitud de Vacaciones (en papel).<\/li>\n<\/ul>\n\n<p>Ten en cuenta que no se permiten las solicitudes retrospectivas.<\/p>\n\n<h3 class=\"wp-block-heading jinr-heading d--bold\">Formulario online de solicitud de vacaciones<\/h3>\n\n<p>Presenta tu candidatura utilizando el siguiente formulario.<\/p>\n<section class='b--jinr-block b--jinr-button   js--scr-animation block_555c4bc2-e2fa-4cab-8705-9b2a225d07de'>\n\t\t\t\t\t<div class=\"o--button-inner d--button-type4 d--button-outline d--button-outline-hover-halftransparent  d--button-center\"><span class=\"a--button-hover\"><a href=\"https:\/\/form.jotform.com\/240046302435040\" target=\"_blank\" rel=\"noopener\"><span>Online Vacation Request Form<\/span><\/a><\/span><\/div>\n\t\t\t\t<\/section>\n<h3 class=\"wp-block-heading jinr-heading d--bold\"><strong>Formulario de solicitud de vacaciones (papel)<\/strong><\/h3>\n\n<p>Rellena el formulario en recepci\u00f3n.<\/p>\n<section class=\"b--jinr-block b--jinr-blogcard d--blogcard-hover-up d--blogcard-style1 d--blogcard-mysite t--round \"><div class=\"a--blogcard-label ef\">\u3042\u308f\u305b\u3066\u8aad\u307f\u305f\u3044<\/div><a class=\"o--blogcard-link t--round\" href=\"https:\/\/www.academiaschool.edu\/current-student\/\"><div class=\"c--blogcard-image\"><img loading=\"lazy\" decoding=\"async\" class=\"a--blogcard-img-src\" width=\"128\" height=\"72\" src=\"https:\/\/www.academiaschool.edu\/wp-content\/uploads\/2025\/02\/\u540d\u79f0\u672a\u8a2d\u5b9a\u306e\u30c7\u30b6\u30a4\u30f3-7.png\" alt=\"For Current Students\" \/><\/div><div class=\"a--blogcard-title d--bold\">For Current Students<\/div><\/a><\/section>","protected":false},"excerpt":{"rendered":"<p>Tipos de vacaciones Hay dos tipos de vacaciones disponibles: Tipo Detalles Ampliaci\u00f3n de la fecha de finalizaci\u00f3n del estudio Tratada como Ausencia Vacaciones prolongadas 2 semanas despu\u00e9s de 3 meses de estudio1 mes (4 semanas) despu\u00e9s de 6 meses de estudio si no coges las 2 semanas de vacaciones Ampl\u00eda No Vacaciones no prolongadas Vacaciones [&hellip;]<\/p>\n","protected":false},"author":1,"featured_media":0,"parent":5535,"menu_order":0,"comment_status":"closed","ping_status":"closed","template":"","meta":{"_jinr_url_youtube":"","_jinr_pip_youtube":false,"_jinr_time_youtube":"","_jinr_thumb_youtube":"","_jinr_media_youtube":"","_jinr_category_edit":false,"_jinr_category":"","_jinr_title_display":false,"_jinr_snsbutton_display":false,"_jinr_ads_display":false,"_jinr_thumbnail_display":false,"_jinr_profile_display":false,"_jinr_representations_display":false,"_jinr_relatedpost_display":false,"_jinr_sidebar1col_display":false,"_jinr_sidebar2col_display":false,"_jinr_seotitle_display":"","_jinr_description_display":"","_jinr_keyword_display":"","_jinr_hastag_display":"","_jinr_canonical_display":"","_jinr_noindex_display":false,"_jinr_paidpost":false,"_jinr_paidpost_product_id":"","_jinr_headtag_article":"","footnotes":""},"class_list":["post-5552","page","type-page","status-publish","hentry"],"_links":{"self":[{"href":"https:\/\/www.academiaschool.edu\/es\/wp-json\/wp\/v2\/pages\/5552","targetHints":{"allow":["GET"]}}],"collection":[{"href":"https:\/\/www.academiaschool.edu\/es\/wp-json\/wp\/v2\/pages"}],"about":[{"href":"https:\/\/www.academiaschool.edu\/es\/wp-json\/wp\/v2\/types\/page"}],"author":[{"embeddable":true,"href":"https:\/\/www.academiaschool.edu\/es\/wp-json\/wp\/v2\/users\/1"}],"replies":[{"embeddable":true,"href":"https:\/\/www.academiaschool.edu\/es\/wp-json\/wp\/v2\/comments?post=5552"}],"version-history":[{"count":1,"href":"https:\/\/www.academiaschool.edu\/es\/wp-json\/wp\/v2\/pages\/5552\/revisions"}],"predecessor-version":[{"id":5553,"href":"https:\/\/www.academiaschool.edu\/es\/wp-json\/wp\/v2\/pages\/5552\/revisions\/5553"}],"up":[{"embeddable":true,"href":"https:\/\/www.academiaschool.edu\/es\/wp-json\/wp\/v2\/pages\/5535"}],"wp:attachment":[{"href":"https:\/\/www.academiaschool.edu\/es\/wp-json\/wp\/v2\/media?parent=5552"}],"curies":[{"name":"wp","href":"https:\/\/api.w.org\/{rel}","templated":true}]}}