{"id":5539,"date":"2024-03-27T13:50:13","date_gmt":"2024-03-27T23:50:13","guid":{"rendered":"https:\/\/academia-school.net\/para-estudiantes-actuales\/asistencia-y-expulsion-obligatoria\/"},"modified":"2024-04-24T11:16:08","modified_gmt":"2024-04-24T21:16:08","slug":"asistencia-y-expulsion-obligatoria","status":"publish","type":"page","link":"https:\/\/www.academiaschool.edu\/es\/para-estudiantes-actuales\/asistencia-y-expulsion-obligatoria\/","title":{"rendered":"Asistencia y expulsi\u00f3n obligatoria"},"content":{"rendered":"\n<section class=\"wp-block-jinr-blocks-fullwidth b--jinr-block b--jinr-fullwidth-container d--top-margin-xs-pc d--bottom-margin-xs-pc d--top-margin-xs-sp d--bottom-margin-xs-sp \"><section class=\"b--jinr-fullwidth d--fullwidth-parallax-off d--fullwidth-deco-bgimage\"><div class=\"a--jinr-fullwidth-image\"><div class=\"a--jinr-fullwidth-image-clip\"><img decoding=\"async\" src=\"https:\/\/www.academiaschool.edu\/wp-content\/uploads\/2024\/03\/\u30b9\u30af\u30ea\u30fc\u30f3\u30b7\u30e7\u30c3\u30c8-2024-03-26-\u5348\u5f8c8.22.12.webp\"\/><\/div><\/div><div class=\"a--jinr-fullwidth-overlay\" style=\"background-color:rgba(255,255,255,0);opacity:0.25\"><\/div><div class=\"d--fullwidth-100 d--fullwidth-pad40 d--fullwidth-pad0-sp t--main-width\" style=\"color:false\">\n<p class=\"has-text-align-center has-white-color has-text-color has-link-color wp-elements-5b1096e7906479039dd3357606fa8b69\"><span class=\"jinr-d--font-size d--fontsize-36px\"><strong><strong>Asistencia y expulsi\u00f3n obligatoria<\/strong><\/strong><\/span><\/p>\n<\/div><\/section><\/section>\n\n<h2 class=\"wp-block-heading jinr-heading d--bold\"><strong>Sobre la tasa de asistencia<\/strong><\/h2>\n\n<p>Consulta la siguiente informaci\u00f3n sobre los tipos de vacaciones.<\/p>\n<section class=\"b--jinr-block b--jinr-blogcard d--blogcard-hover-up d--blogcard-style1 d--blogcard-mysite t--round \"><div class=\"a--blogcard-label ef\">Related Page<\/div><a class=\"o--blogcard-link t--round\" href=\"https:\/\/www.academiaschool.edu\/current-student\/vacation\/\"><div class=\"c--blogcard-image\"><img loading=\"lazy\" decoding=\"async\" class=\"a--blogcard-img-src\" width=\"128\" height=\"72\" src=\"https:\/\/www.academiaschool.edu\/wp-content\/uploads\/2025\/02\/\u540d\u79f0\u672a\u8a2d\u5b9a\u306e\u30c7\u30b6\u30a4\u30f3-7.png\" alt=\"Vacation &amp; Leave\" \/><\/div><div class=\"a--blogcard-title d--bold\">Vacation &amp; Leave<\/div><\/a><\/section>\n<p>Solicitar vacaciones no cuenta como \u00abausencia\u00bb, pero tampoco como \u00abasistencia\u00bb. Esencialmente, estos d\u00edas no se cuentan como d\u00edas de asistencia obligatoria.<\/p>\n\n<h3 class=\"wp-block-heading jinr-heading d--bold\"><strong>Ejemplo para un periodo de 40 d\u00edas con 8 d\u00edas libres<\/strong><\/h3>\n\n<figure class=\"wp-block-table is-style-regular\"><table><tbody><tr><td>Tipo de ausencia<\/td><td>D\u00edas de asistencia posibles<\/td><td>D\u00edas de asistencia<\/td><td>Tasa de asistencia<\/td><\/tr><tr><td>Ausencia injustificada<\/td><td>40 d\u00edas<\/td><td>32 d\u00edas<\/td><td>80%<\/td><\/tr><tr><td>Vacaciones prolongadas<\/td><td>32 d\u00edas (8 d\u00edas no contados de 40 d\u00edas)<\/td><td>32 d\u00edas<\/td><td>100%<\/td><\/tr><tr><td>Vacaciones no prolongadas<\/td><td>32 d\u00edas (8 d\u00edas no contados de 40 d\u00edas)<\/td><td>32 d\u00edas<\/td><td>100%<\/td><\/tr><\/tbody><\/table><figcaption class=\"wp-element-caption\">Si no se presenta ninguna solicitud, los d\u00edas se cuentan entre los posibles d\u00edas de asistencia.<\/figcaption><\/figure>\n\n<h3 class=\"wp-block-heading jinr-heading d--bold\"><strong>Ejemplo para un periodo de 40 d\u00edas con 8 d\u00edas libres m\u00e1s otros 8 d\u00edas de ausencia injustificada<\/strong><\/h3>\n\n<figure class=\"wp-block-table\"><table><tbody><tr><td>Tipo de ausencia<\/td><td>D\u00edas de asistencia posibles<\/td><td>D\u00edas de asistencia<\/td><td>Tasa de asistencia<\/td><\/tr><tr><td>Ausencia injustificada<\/td><td>40 d\u00edas<\/td><td>24 d\u00edas<\/td><td>60%<\/td><\/tr><tr><td>Vacaciones prolongadas<\/td><td>32 d\u00edas (8 d\u00edas no contados de 40 d\u00edas)<\/td><td>24 d\u00edas<\/td><td>75%<\/td><\/tr><tr><td>Vacaciones no prolongadas<\/td><td>32 d\u00edas (8 d\u00edas no contados de 40 d\u00edas)<\/td><td>24 d\u00edas<\/td><td>75%<\/td><\/tr><\/tbody><\/table><figcaption class=\"wp-element-caption\">Tomar vacaciones reduce el n\u00famero de d\u00edas de asistencia posibles (denominador de la tasa de asistencia), por lo que las ausencias posteriores tienen un mayor impacto en la tasa de asistencia.<\/figcaption><\/figure>\n\n<h2 class=\"wp-block-heading jinr-heading d--bold\"><strong>Normas para la expulsi\u00f3n obligatoria<\/strong><\/h2>\n\n<p>Los factores que conducen a la expulsi\u00f3n obligatoria son los siguientes:<\/p>\n\n<p><strong>Factores relacionados con la asistencia<\/strong><\/p>\n\n<p>Ten en cuenta que si te expulsan, debes salir del pa\u00eds o trasladarte a otra escuela y obtener un nuevo I-20 en un plazo de 15 d\u00edas.<\/p>\n\n<h3 class=\"wp-block-heading jinr-heading d--bold\">Factores relacionados con la asistencia<\/h3>\n\n<figure class=\"wp-block-table\"><table><tbody><tr><td>Regla del 80% de asistencia<\/td><td>Si tu asistencia es inferior al 80% durante dos semestres consecutivos, ser\u00e1s expulsado al finalizar el semestre.<\/td><\/tr><tr><td>Regla del 60% de asistencia<\/td><td>Si tu asistencia es inferior al 60%, ser\u00e1s expulsado al finalizar el semestre.<\/td><\/tr><\/tbody><\/table><\/figure>\n\n<p>Recibir un suspenso desencadena una advertencia de la escuela, y si recibes suspensos durante dos semestres consecutivos, ser\u00e1s expulsado.<\/p>\n<section class=\"b--jinr-block b--jinr-blogcard d--blogcard-hover-up d--blogcard-style1 d--blogcard-mysite t--round \"><div class=\"a--blogcard-label ef\">Related Page<\/div><a class=\"o--blogcard-link t--round\" href=\"https:\/\/www.academiaschool.edu\/current-student\/\"><div class=\"c--blogcard-image\"><img loading=\"lazy\" decoding=\"async\" class=\"a--blogcard-img-src\" width=\"128\" height=\"72\" src=\"https:\/\/www.academiaschool.edu\/wp-content\/uploads\/2025\/02\/\u540d\u79f0\u672a\u8a2d\u5b9a\u306e\u30c7\u30b6\u30a4\u30f3-7.png\" alt=\"For Current Students\" \/><\/div><div class=\"a--blogcard-title d--bold\">For Current Students<\/div><\/a><\/section>","protected":false},"excerpt":{"rendered":"<p>Sobre la tasa de asistencia Consulta la siguiente informaci\u00f3n sobre los tipos de vacaciones. Solicitar vacaciones no cuenta como \u00abausencia\u00bb, pero tampoco como \u00abasistencia\u00bb. Esencialmente, estos d\u00edas no se cuentan como d\u00edas de asistencia obligatoria. Ejemplo para un periodo de 40 d\u00edas con 8 d\u00edas libres Tipo de ausencia D\u00edas de asistencia posibles D\u00edas de [&hellip;]<\/p>\n","protected":false},"author":1,"featured_media":0,"parent":5535,"menu_order":0,"comment_status":"closed","ping_status":"closed","template":"","meta":{"_jinr_url_youtube":"","_jinr_pip_youtube":false,"_jinr_time_youtube":"","_jinr_thumb_youtube":"","_jinr_media_youtube":"","_jinr_category_edit":false,"_jinr_category":"","_jinr_title_display":false,"_jinr_snsbutton_display":false,"_jinr_ads_display":false,"_jinr_thumbnail_display":false,"_jinr_profile_display":false,"_jinr_representations_display":false,"_jinr_relatedpost_display":false,"_jinr_sidebar1col_display":false,"_jinr_sidebar2col_display":false,"_jinr_seotitle_display":"","_jinr_description_display":"","_jinr_keyword_display":"","_jinr_hastag_display":"","_jinr_canonical_display":"","_jinr_noindex_display":false,"_jinr_paidpost":false,"_jinr_paidpost_product_id":"","_jinr_headtag_article":"","footnotes":""},"class_list":["post-5539","page","type-page","status-publish","hentry"],"_links":{"self":[{"href":"https:\/\/www.academiaschool.edu\/es\/wp-json\/wp\/v2\/pages\/5539","targetHints":{"allow":["GET"]}}],"collection":[{"href":"https:\/\/www.academiaschool.edu\/es\/wp-json\/wp\/v2\/pages"}],"about":[{"href":"https:\/\/www.academiaschool.edu\/es\/wp-json\/wp\/v2\/types\/page"}],"author":[{"embeddable":true,"href":"https:\/\/www.academiaschool.edu\/es\/wp-json\/wp\/v2\/users\/1"}],"replies":[{"embeddable":true,"href":"https:\/\/www.academiaschool.edu\/es\/wp-json\/wp\/v2\/comments?post=5539"}],"version-history":[{"count":3,"href":"https:\/\/www.academiaschool.edu\/es\/wp-json\/wp\/v2\/pages\/5539\/revisions"}],"predecessor-version":[{"id":5542,"href":"https:\/\/www.academiaschool.edu\/es\/wp-json\/wp\/v2\/pages\/5539\/revisions\/5542"}],"up":[{"embeddable":true,"href":"https:\/\/www.academiaschool.edu\/es\/wp-json\/wp\/v2\/pages\/5535"}],"wp:attachment":[{"href":"https:\/\/www.academiaschool.edu\/es\/wp-json\/wp\/v2\/media?parent=5539"}],"curies":[{"name":"wp","href":"https:\/\/api.w.org\/{rel}","templated":true}]}}